{"id":3035,"date":"2020-12-03T14:04:21","date_gmt":"2020-12-03T13:04:21","guid":{"rendered":"http:\/\/23118.web.zcom.it\/rent\/?page_id=3035"},"modified":"2025-02-21T15:53:25","modified_gmt":"2025-02-21T14:53:25","slug":"betonblock-schalung","status":"publish","type":"page","link":"https:\/\/www.interfama.com\/rent\/betonblock-schalung\/","title":{"rendered":"I-BLOCK"},"content":{"rendered":"<p>[et_pb_section fb_built=&#8220;1&#8243; fullwidth=&#8220;on&#8220; _builder_version=&#8220;4.16&#8243; _module_preset=&#8220;default&#8220; animation_style=&#8220;fade&#8220; global_colors_info=&#8220;{}&#8220;][et_pb_fullwidth_header header_fullscreen=&#8220;on&#8220; _builder_version=&#8220;4.16&#8243; _module_preset=&#8220;default&#8220; background_enable_color=&#8220;off&#8220; background_image=&#8220;https:\/\/www.interfama.com\/rent\/wp-content\/uploads\/2020\/12\/head.jpg&#8220; parallax=&#8220;on&#8220; global_colors_info=&#8220;{}&#8220;][\/et_pb_fullwidth_header][\/et_pb_section][et_pb_section fb_built=&#8220;1&#8243; _builder_version=&#8220;4.16&#8243; background_enable_color=&#8220;off&#8220; use_background_color_gradient=&#8220;on&#8220; background_color_gradient_direction=&#8220;1deg&#8220; background_color_gradient_stops=&#8220;#ffffff 37%|#d6d6d6 100%&#8220; background_color_gradient_start=&#8220;#ffffff&#8220; background_color_gradient_start_position=&#8220;37%&#8220; background_color_gradient_end=&#8220;#d6d6d6&#8243; custom_margin=&#8220;||||false|false&#8220; animation_direction=&#8220;bottom&#8220; global_colors_info=&#8220;{}&#8220;][et_pb_row module_id=&#8220;systeme&#8220; _builder_version=&#8220;4.16&#8243; background_enable_color=&#8220;off&#8220; width=&#8220;75%&#8220; width_tablet=&#8220;100%&#8220; width_phone=&#8220;100%&#8220; width_last_edited=&#8220;on|phone&#8220; custom_margin=&#8220;-75vh||0px||false|false&#8220; custom_padding=&#8220;||0px||false|false&#8220; animation_style=&#8220;fade&#8220; animation_direction=&#8220;bottom&#8220; animation_delay=&#8220;1000ms&#8220; global_colors_info=&#8220;{}&#8220;][et_pb_column type=&#8220;4_4&#8243; _builder_version=&#8220;4.16&#8243; background_color=&#8220;#ffffff&#8220; global_colors_info=&#8220;{}&#8220;][et_pb_text admin_label=&#8220;Einleitungstext&#8220; _builder_version=&#8220;4.17.3&#8243; header_2_line_height=&#8220;2em&#8220; background_enable_color=&#8220;off&#8220; width=&#8220;100%&#8220; custom_margin=&#8220;||||false|false&#8220; custom_padding=&#8220;3em|4em|3em|4em|false|false&#8220; custom_padding_tablet=&#8220;2em|2em|2em|2em|false|false&#8220; custom_padding_phone=&#8220;2em|2em|2em|2em|false|false&#8220; custom_padding_last_edited=&#8220;on|desktop&#8220; animation_style=&#8220;fade&#8220; hover_enabled=&#8220;0&#8243; header_2_font_size_tablet=&#8220;25px&#8220; header_2_font_size_phone=&#8220;24px&#8220; header_2_font_size_last_edited=&#8220;on|phone&#8220; global_colors_info=&#8220;{}&#8220; sticky_enabled=&#8220;0&#8243;]<\/p>\n<h1>Betonblock Schalung I-BLOCK<\/h1>\n<p>Die Schalung I-BLOCK, hergestellt aus lackiertem Stahl, besteht aus zwei Elementen in L-Form mit positiven und negativen Positionierzapfen.<\/p>\n<p>[\/et_pb_text][\/et_pb_column][\/et_pb_row][et_pb_row column_structure=&#8220;1_3,1_3,1_3&#8243; make_equal=&#8220;on&#8220; custom_padding_last_edited=&#8220;on|desktop&#8220; module_id=&#8220;systeme&#8220; _builder_version=&#8220;4.16&#8243; background_color=&#8220;#ffffff&#8220; width=&#8220;75%&#8220; width_tablet=&#8220;100%&#8220; width_phone=&#8220;100%&#8220; width_last_edited=&#8220;on|desktop&#8220; custom_margin=&#8220;0px||0px||false|false&#8220; custom_padding=&#8220;3em|4em|0px|4em|false|false&#8220; custom_padding_tablet=&#8220;2em|2em|0em|2em|false|false&#8220; custom_padding_phone=&#8220;||0em||false|false&#8220; animation_style=&#8220;fade&#8220; animation_direction=&#8220;bottom&#8220; animation_delay=&#8220;1000ms&#8220; global_colors_info=&#8220;{}&#8220;][et_pb_column type=&#8220;1_3&#8243; _builder_version=&#8220;4.16&#8243; background_color=&#8220;#ffffff&#8220; global_colors_info=&#8220;{}&#8220;][et_pb_blurb title=&#8220;Aufstockbar&#8220; use_icon=&#8220;on&#8220; font_icon=&#8220;&#x4e;||divi||400&#8243; icon_color=&#8220;#e02b20&#8243; image_icon_width=&#8220;40px&#8220; title_last_edited=&#8220;off|desktop&#8220; _builder_version=&#8220;4.17.3&#8243; _module_preset=&#8220;default&#8220; header_text_align=&#8220;center&#8220; text_orientation=&#8220;center&#8220; animation=&#8220;off&#8220; hover_enabled=&#8220;0&#8243; icon_font_size=&#8220;40px&#8220; global_colors_info=&#8220;{}&#8220; sticky_enabled=&#8220;0&#8243;][\/et_pb_blurb][\/et_pb_column][et_pb_column type=&#8220;1_3&#8243; _builder_version=&#8220;4.16&#8243; background_color=&#8220;#ffffff&#8220; global_colors_info=&#8220;{}&#8220;][et_pb_blurb title=&#8220;Trennw\u00e4nde (Sch\u00fcttgutboxen)&#8220; use_icon=&#8220;on&#8220; font_icon=&#8220;&#x4e;||divi||400&#8243; icon_color=&#8220;#e02b20&#8243; image_icon_width=&#8220;40px&#8220; title_last_edited=&#8220;off|desktop&#8220; _builder_version=&#8220;4.16&#8243; _module_preset=&#8220;default&#8220; header_text_align=&#8220;center&#8220; text_orientation=&#8220;center&#8220; animation=&#8220;off&#8220; icon_font_size=&#8220;40px&#8220; global_colors_info=&#8220;{}&#8220;][\/et_pb_blurb][\/et_pb_column][et_pb_column type=&#8220;1_3&#8243; _builder_version=&#8220;4.16&#8243; background_color=&#8220;#ffffff&#8220; global_colors_info=&#8220;{}&#8220;][et_pb_blurb title=&#8220;L\u00e4rmschutzw\u00e4nde&#8220; use_icon=&#8220;on&#8220; font_icon=&#8220;&#x4e;||divi||400&#8243; icon_color=&#8220;#e02b20&#8243; image_icon_width=&#8220;40px&#8220; title_last_edited=&#8220;off|desktop&#8220; _builder_version=&#8220;4.16&#8243; _module_preset=&#8220;default&#8220; header_text_align=&#8220;center&#8220; text_orientation=&#8220;center&#8220; animation=&#8220;off&#8220; icon_font_size=&#8220;40px&#8220; global_colors_info=&#8220;{}&#8220;][\/et_pb_blurb][\/et_pb_column][\/et_pb_row][et_pb_row column_structure=&#8220;1_3,1_3,1_3&#8243; make_equal=&#8220;on&#8220; custom_padding_last_edited=&#8220;on|desktop&#8220; module_id=&#8220;systeme&#8220; _builder_version=&#8220;4.16&#8243; background_color=&#8220;#ffffff&#8220; width=&#8220;75%&#8220; width_tablet=&#8220;100%&#8220; width_phone=&#8220;100%&#8220; width_last_edited=&#8220;on|desktop&#8220; custom_margin=&#8220;0px||0px||false|false&#8220; custom_padding=&#8220;3em|4em|0px|4em|false|false&#8220; custom_padding_tablet=&#8220;2em|2em|0em|2em|false|false&#8220; custom_padding_phone=&#8220;||0em||false|false&#8220; animation_style=&#8220;fade&#8220; animation_direction=&#8220;bottom&#8220; animation_delay=&#8220;1000ms&#8220; global_colors_info=&#8220;{}&#8220;][et_pb_column type=&#8220;1_3&#8243; _builder_version=&#8220;4.16&#8243; background_color=&#8220;#ffffff&#8220; global_colors_info=&#8220;{}&#8220;][et_pb_blurb title=&#8220;Feuerschutzw\u00e4nde&#8220; use_icon=&#8220;on&#8220; font_icon=&#8220;&#x4e;||divi||400&#8243; icon_color=&#8220;#e02b20&#8243; image_icon_width=&#8220;40px&#8220; title_last_edited=&#8220;off|desktop&#8220; _builder_version=&#8220;4.16&#8243; _module_preset=&#8220;default&#8220; header_text_align=&#8220;center&#8220; text_orientation=&#8220;center&#8220; animation=&#8220;off&#8220; icon_font_size=&#8220;40px&#8220; global_colors_info=&#8220;{}&#8220;][\/et_pb_blurb][\/et_pb_column][et_pb_column type=&#8220;1_3&#8243; _builder_version=&#8220;4.16&#8243; background_color=&#8220;#ffffff&#8220; global_colors_info=&#8220;{}&#8220;][et_pb_blurb title=&#8220;Schutzgr\u00e4ben&#8220; use_icon=&#8220;on&#8220; font_icon=&#8220;&#x4e;||divi||400&#8243; icon_color=&#8220;#e02b20&#8243; image_icon_width=&#8220;40px&#8220; title_last_edited=&#8220;off|desktop&#8220; _builder_version=&#8220;4.16&#8243; _module_preset=&#8220;default&#8220; header_text_align=&#8220;center&#8220; text_orientation=&#8220;center&#8220; animation=&#8220;off&#8220; icon_font_size=&#8220;40px&#8220; global_colors_info=&#8220;{}&#8220;][\/et_pb_blurb][\/et_pb_column][et_pb_column type=&#8220;1_3&#8243; _builder_version=&#8220;4.16&#8243; background_color=&#8220;#ffffff&#8220; global_colors_info=&#8220;{}&#8220;][\/et_pb_column][\/et_pb_row][et_pb_row use_custom_gutter=&#8220;on&#8220; gutter_width=&#8220;1&#8243; _builder_version=&#8220;4.17.3&#8243; _module_preset=&#8220;default&#8220; background_color=&#8220;#ffffff&#8220; z_index=&#8220;500&#8243; width=&#8220;75%&#8220; module_alignment=&#8220;center&#8220; custom_margin=&#8220;0px|0px|0px|0px|false|false&#8220; custom_padding=&#8220;75px|0px|0px|0px|false|false&#8220; animation_style=&#8220;fade&#8220; animation_delay=&#8220;1000ms&#8220; global_colors_info=&#8220;{}&#8220;][et_pb_column type=&#8220;4_4&#8243; _builder_version=&#8220;4.16&#8243; _module_preset=&#8220;default&#8220; global_colors_info=&#8220;{}&#8220;][et_pb_gallery gallery_ids=&#8220;8415,8407,8423,8411,8403,8399,8395,8419,8391,8375,8387,8383,8379,8371,8367,8363&#8243; posts_number=&#8220;20&#8243; show_title_and_caption=&#8220;off&#8220; show_pagination=&#8220;off&#8220; admin_label=&#8220;Fotogalerie&#8220; _builder_version=&#8220;4.17.3&#8243; _module_preset=&#8220;default&#8220; hover_enabled=&#8220;0&#8243; global_colors_info=&#8220;{}&#8220; sticky_enabled=&#8220;0&#8243;][\/et_pb_gallery][\/et_pb_column][\/et_pb_row][et_pb_row use_custom_gutter=&#8220;on&#8220; gutter_width=&#8220;1&#8243; _builder_version=&#8220;4.17.3&#8243; _module_preset=&#8220;default&#8220; background_color=&#8220;#ffffff&#8220; z_index=&#8220;500&#8243; width=&#8220;75%&#8220; module_alignment=&#8220;center&#8220; custom_margin=&#8220;0px|0px|0px|0px|false|false&#8220; custom_padding=&#8220;75px|0px|0px|0px|false|false&#8220; animation_style=&#8220;fade&#8220; animation_delay=&#8220;1000ms&#8220; global_colors_info=&#8220;{}&#8220;][et_pb_column type=&#8220;4_4&#8243; _builder_version=&#8220;4.16&#8243; _module_preset=&#8220;default&#8220; global_colors_info=&#8220;{}&#8220;][et_pb_text admin_label=&#8220;\u00dcberschriften&#8220; _builder_version=&#8220;4.16&#8243; custom_margin=&#8220;||||false|false&#8220; custom_padding=&#8220;||||false|false&#8220; header_2_font_size_tablet=&#8220;25px&#8220; header_2_font_size_phone=&#8220;24px&#8220; header_2_font_size_last_edited=&#8220;on|phone&#8220; global_colors_info=&#8220;{}&#8220;]<\/p>\n<h2 style=\"text-align: center;\">Weitere Informationen<\/h2>\n<p>[\/et_pb_text][et_pb_divider divider_weight=&#8220;5px&#8220; _builder_version=&#8220;4.16&#8243; _module_preset=&#8220;default&#8220; global_colors_info=&#8220;{}&#8220;][\/et_pb_divider][\/et_pb_column][\/et_pb_row][et_pb_row column_structure=&#8220;1_2,1_2&#8243; use_custom_gutter=&#8220;on&#8220; gutter_width=&#8220;1&#8243; make_equal=&#8220;on&#8220; _builder_version=&#8220;4.17.3&#8243; _module_preset=&#8220;default&#8220; background_color=&#8220;#ffffff&#8220; z_index=&#8220;500&#8243; width=&#8220;75%&#8220; module_alignment=&#8220;center&#8220; custom_margin=&#8220;0px|0px|0px|0px|false|false&#8220; custom_padding=&#8220;75px|0px|75px|0px|false|false&#8220; animation_style=&#8220;fade&#8220; animation_delay=&#8220;1000ms&#8220; global_colors_info=&#8220;{}&#8220;][et_pb_column type=&#8220;1_2&#8243; module_class=&#8220;ds-vertical-align&#8220; _builder_version=&#8220;4.16&#8243; _module_preset=&#8220;default&#8220; global_colors_info=&#8220;{}&#8220;][et_pb_image src=&#8220;https:\/\/www.interfama.com\/rent\/wp-content\/uploads\/2021\/04\/Titelseite-de.jpg&#8220; title_text=&#8220;Titelseite-de&#8220; url=&#8220;https:\/\/www.interfama.com\/rent\/wp-content\/uploads\/2021\/04\/DE.pdf#page=116&#8243; url_new_window=&#8220;on&#8220; align=&#8220;right&#8220; admin_label=&#8220;Bild Hauptkatalog&#8220; _builder_version=&#8220;4.16&#8243; _module_preset=&#8220;default&#8220; custom_margin=&#8220;|60px|||false|false&#8220; global_colors_info=&#8220;{}&#8220;][\/et_pb_image][\/et_pb_column][et_pb_column type=&#8220;1_2&#8243; module_class=&#8220;ds-vertical-align&#8220; _builder_version=&#8220;4.16&#8243; _module_preset=&#8220;default&#8220; global_colors_info=&#8220;{}&#8220;][et_pb_button button_url=&#8220;https:\/\/www.interfama.com\/rent\/wp-content\/uploads\/2021\/04\/DE.pdf#page=116&#8243; url_new_window=&#8220;on&#8220; button_text=&#8220;Download Produktkatalog&#8220; button_alignment=&#8220;left&#8220; button_alignment_tablet=&#8220;left&#8220; button_alignment_phone=&#8220;center&#8220; button_alignment_last_edited=&#8220;on|desktop&#8220; admin_label=&#8220;Download Hauptkatalog&#8220; _builder_version=&#8220;4.16&#8243; _module_preset=&#8220;default&#8220; custom_css_main_element=&#8220;margin: auto;&#8220; global_colors_info=&#8220;{}&#8220;][\/et_pb_button][\/et_pb_column][\/et_pb_row][\/et_pb_section]<\/p>\n","protected":false},"excerpt":{"rendered":"<p>Betonblock Schalung I-BLOCK Die Schalung I-BLOCK, hergestellt aus lackiertem Stahl, besteht aus zwei Elementen in L-Form mit positiven und negativen Positionierzapfen.Weitere Informationen<\/p>\n","protected":false},"author":1,"featured_media":0,"parent":0,"menu_order":0,"comment_status":"closed","ping_status":"closed","template":"","meta":{"_et_pb_use_builder":"on","_et_pb_old_content":"","_et_gb_content_width":""},"yoast_head":"<!-- This site is optimized with the Yoast SEO plugin v19.9 - https:\/\/yoast.com\/wordpress\/plugins\/seo\/ -->\n<title>Betonblock Schalung \u2714\ufe0fBetonsteinschalung aus Stahl | RENT<\/title>\n<meta name=\"description\" content=\"Betonblock Schalung aus Stahl f\u00fcr Legosteine. \u27a1\ufe0fTrennw\u00e4nde, Schutzw\u00e4nde, etc. \u27a1\ufe0fStapelbare Betonbl\u00f6cke \u27a1\ufe0fIn verschiedenen Gr\u00f6\u00dfen erh\u00e4ltlich\" \/>\n<meta name=\"robots\" content=\"index, follow, max-snippet:-1, max-image-preview:large, max-video-preview:-1\" \/>\n<link rel=\"canonical\" href=\"https:\/\/www.interfama.com\/rent\/betonblock-schalung\/\" \/>\n<meta property=\"og:locale\" content=\"de_DE\" \/>\n<meta property=\"og:type\" content=\"article\" \/>\n<meta property=\"og:title\" content=\"Betonblock Schalung \u2714\ufe0fBetonsteinschalung aus Stahl | RENT\" \/>\n<meta property=\"og:description\" content=\"Betonblock Schalung aus Stahl f\u00fcr Legosteine. \u27a1\ufe0fTrennw\u00e4nde, Schutzw\u00e4nde, etc. \u27a1\ufe0fStapelbare Betonbl\u00f6cke \u27a1\ufe0fIn verschiedenen Gr\u00f6\u00dfen erh\u00e4ltlich\" \/>\n<meta property=\"og:url\" content=\"https:\/\/www.interfama.com\/rent\/betonblock-schalung\/\" \/>\n<meta property=\"og:site_name\" content=\"INTERFAMA RENT GmbH\" \/>\n<meta property=\"article:modified_time\" content=\"2025-02-21T14:53:25+00:00\" \/>\n<meta name=\"twitter:card\" content=\"summary_large_image\" \/>\n<meta name=\"twitter:label1\" content=\"Gesch\u00e4tzte Lesezeit\" \/>\n\t<meta name=\"twitter:data1\" content=\"2\u00a0Minuten\" \/>\n<script type=\"application\/ld+json\" class=\"yoast-schema-graph\">{\"@context\":\"https:\/\/schema.org\",\"@graph\":[{\"@type\":\"WebPage\",\"@id\":\"https:\/\/www.interfama.com\/rent\/betonblock-schalung\/\",\"url\":\"https:\/\/www.interfama.com\/rent\/betonblock-schalung\/\",\"name\":\"Betonblock Schalung \u2714\ufe0fBetonsteinschalung aus Stahl | RENT\",\"isPartOf\":{\"@id\":\"https:\/\/www.interfama.com\/rent\/#website\"},\"datePublished\":\"2020-12-03T13:04:21+00:00\",\"dateModified\":\"2025-02-21T14:53:25+00:00\",\"description\":\"Betonblock Schalung aus Stahl f\u00fcr Legosteine. \u27a1\ufe0fTrennw\u00e4nde, Schutzw\u00e4nde, etc. \u27a1\ufe0fStapelbare Betonbl\u00f6cke \u27a1\ufe0fIn verschiedenen Gr\u00f6\u00dfen erh\u00e4ltlich\",\"breadcrumb\":{\"@id\":\"https:\/\/www.interfama.com\/rent\/betonblock-schalung\/#breadcrumb\"},\"inLanguage\":\"de\",\"potentialAction\":[{\"@type\":\"ReadAction\",\"target\":[\"https:\/\/www.interfama.com\/rent\/betonblock-schalung\/\"]}]},{\"@type\":\"BreadcrumbList\",\"@id\":\"https:\/\/www.interfama.com\/rent\/betonblock-schalung\/#breadcrumb\",\"itemListElement\":[{\"@type\":\"ListItem\",\"position\":1,\"name\":\"Startseite\",\"item\":\"https:\/\/www.interfama.com\/rent\/\"},{\"@type\":\"ListItem\",\"position\":2,\"name\":\"I-BLOCK\"}]},{\"@type\":\"WebSite\",\"@id\":\"https:\/\/www.interfama.com\/rent\/#website\",\"url\":\"https:\/\/www.interfama.com\/rent\/\",\"name\":\"INTERFAMA RENT GmbH\",\"description\":\"Einfach Beton gestalten\",\"potentialAction\":[{\"@type\":\"SearchAction\",\"target\":{\"@type\":\"EntryPoint\",\"urlTemplate\":\"https:\/\/www.interfama.com\/rent\/?s={search_term_string}\"},\"query-input\":\"required name=search_term_string\"}],\"inLanguage\":\"de\"}]}<\/script>\n<!-- \/ Yoast SEO plugin. -->","yoast_head_json":{"title":"Betonblock Schalung \u2714\ufe0fBetonsteinschalung aus Stahl | RENT","description":"Betonblock Schalung aus Stahl f\u00fcr Legosteine. \u27a1\ufe0fTrennw\u00e4nde, Schutzw\u00e4nde, etc. \u27a1\ufe0fStapelbare Betonbl\u00f6cke \u27a1\ufe0fIn verschiedenen Gr\u00f6\u00dfen erh\u00e4ltlich","robots":{"index":"index","follow":"follow","max-snippet":"max-snippet:-1","max-image-preview":"max-image-preview:large","max-video-preview":"max-video-preview:-1"},"canonical":"https:\/\/www.interfama.com\/rent\/betonblock-schalung\/","og_locale":"de_DE","og_type":"article","og_title":"Betonblock Schalung \u2714\ufe0fBetonsteinschalung aus Stahl | RENT","og_description":"Betonblock Schalung aus Stahl f\u00fcr Legosteine. \u27a1\ufe0fTrennw\u00e4nde, Schutzw\u00e4nde, etc. \u27a1\ufe0fStapelbare Betonbl\u00f6cke \u27a1\ufe0fIn verschiedenen Gr\u00f6\u00dfen erh\u00e4ltlich","og_url":"https:\/\/www.interfama.com\/rent\/betonblock-schalung\/","og_site_name":"INTERFAMA RENT GmbH","article_modified_time":"2025-02-21T14:53:25+00:00","twitter_card":"summary_large_image","twitter_misc":{"Gesch\u00e4tzte Lesezeit":"2\u00a0Minuten"},"schema":{"@context":"https:\/\/schema.org","@graph":[{"@type":"WebPage","@id":"https:\/\/www.interfama.com\/rent\/betonblock-schalung\/","url":"https:\/\/www.interfama.com\/rent\/betonblock-schalung\/","name":"Betonblock Schalung \u2714\ufe0fBetonsteinschalung aus Stahl | RENT","isPartOf":{"@id":"https:\/\/www.interfama.com\/rent\/#website"},"datePublished":"2020-12-03T13:04:21+00:00","dateModified":"2025-02-21T14:53:25+00:00","description":"Betonblock Schalung aus Stahl f\u00fcr Legosteine. \u27a1\ufe0fTrennw\u00e4nde, Schutzw\u00e4nde, etc. \u27a1\ufe0fStapelbare Betonbl\u00f6cke \u27a1\ufe0fIn verschiedenen Gr\u00f6\u00dfen erh\u00e4ltlich","breadcrumb":{"@id":"https:\/\/www.interfama.com\/rent\/betonblock-schalung\/#breadcrumb"},"inLanguage":"de","potentialAction":[{"@type":"ReadAction","target":["https:\/\/www.interfama.com\/rent\/betonblock-schalung\/"]}]},{"@type":"BreadcrumbList","@id":"https:\/\/www.interfama.com\/rent\/betonblock-schalung\/#breadcrumb","itemListElement":[{"@type":"ListItem","position":1,"name":"Startseite","item":"https:\/\/www.interfama.com\/rent\/"},{"@type":"ListItem","position":2,"name":"I-BLOCK"}]},{"@type":"WebSite","@id":"https:\/\/www.interfama.com\/rent\/#website","url":"https:\/\/www.interfama.com\/rent\/","name":"INTERFAMA RENT GmbH","description":"Einfach Beton gestalten","potentialAction":[{"@type":"SearchAction","target":{"@type":"EntryPoint","urlTemplate":"https:\/\/www.interfama.com\/rent\/?s={search_term_string}"},"query-input":"required name=search_term_string"}],"inLanguage":"de"}]}},"_links":{"self":[{"href":"https:\/\/www.interfama.com\/rent\/wp-json\/wp\/v2\/pages\/3035"}],"collection":[{"href":"https:\/\/www.interfama.com\/rent\/wp-json\/wp\/v2\/pages"}],"about":[{"href":"https:\/\/www.interfama.com\/rent\/wp-json\/wp\/v2\/types\/page"}],"author":[{"embeddable":true,"href":"https:\/\/www.interfama.com\/rent\/wp-json\/wp\/v2\/users\/1"}],"replies":[{"embeddable":true,"href":"https:\/\/www.interfama.com\/rent\/wp-json\/wp\/v2\/comments?post=3035"}],"version-history":[{"count":3,"href":"https:\/\/www.interfama.com\/rent\/wp-json\/wp\/v2\/pages\/3035\/revisions"}],"predecessor-version":[{"id":8429,"href":"https:\/\/www.interfama.com\/rent\/wp-json\/wp\/v2\/pages\/3035\/revisions\/8429"}],"wp:attachment":[{"href":"https:\/\/www.interfama.com\/rent\/wp-json\/wp\/v2\/media?parent=3035"}],"curies":[{"name":"wp","href":"https:\/\/api.w.org\/{rel}","templated":true}]}}