{"id":3004,"date":"2020-12-03T13:49:22","date_gmt":"2020-12-03T12:49:22","guid":{"rendered":"http:\/\/23118.web.zcom.it\/rent\/?page_id=3004"},"modified":"2023-08-04T15:47:30","modified_gmt":"2023-08-04T13:47:30","slug":"schalungszubehoer-schalung","status":"publish","type":"page","link":"https:\/\/www.interfama.com\/rent\/schalungszubehoer-schalung\/","title":{"rendered":"Sonstige Schalungen &#038; Zubeh\u00f6r"},"content":{"rendered":"<p>[et_pb_section fb_built=&#8220;1&#8243; _builder_version=&#8220;4.16&#8243; background_color=&#8220;rgba(0,0,0,0)&#8220; background_color_gradient_direction=&#8220;1deg&#8220; background_enable_image=&#8220;off&#8220; parallax=&#8220;on&#8220; parallax_method=&#8220;off&#8220; global_colors_info=&#8220;{}&#8220;][et_pb_row module_id=&#8220;systeme&#8220; _builder_version=&#8220;4.16&#8243; background_enable_color=&#8220;off&#8220; width=&#8220;75%&#8220; width_tablet=&#8220;100%&#8220; width_phone=&#8220;100%&#8220; width_last_edited=&#8220;on|phone&#8220; custom_margin=&#8220;||||false|false&#8220; custom_padding=&#8220;||||false|false&#8220; animation_style=&#8220;fade&#8220; animation_direction=&#8220;bottom&#8220; global_colors_info=&#8220;{}&#8220;][et_pb_column type=&#8220;4_4&#8243; _builder_version=&#8220;4.16&#8243; background_color=&#8220;#ffffff&#8220; global_colors_info=&#8220;{}&#8220;][et_pb_text admin_label=&#8220;Einleitungstext&#8220; _builder_version=&#8220;4.16&#8243; header_2_line_height=&#8220;2em&#8220; background_enable_color=&#8220;off&#8220; width=&#8220;100%&#8220; custom_margin=&#8220;||||false|false&#8220; custom_padding=&#8220;3em|4em|3em|4em|false|false&#8220; custom_padding_tablet=&#8220;2em|2em|2em|2em|false|false&#8220; custom_padding_phone=&#8220;2em|2em|2em|2em|false|false&#8220; custom_padding_last_edited=&#8220;on|desktop&#8220; animation_style=&#8220;fade&#8220; header_2_font_size_tablet=&#8220;25px&#8220; header_2_font_size_phone=&#8220;24px&#8220; header_2_font_size_last_edited=&#8220;on|phone&#8220; global_colors_info=&#8220;{}&#8220;]<\/p>\n<h1><strong>Sonstige Schalungen &amp; Zubeh\u00f6r \u2013 Vermietung von speziellen Schalungen<\/strong><\/h1>\n<p>Die INTERFAMA RENT vermietet neben Decken- und Wandschalungen auch Schalungszubeh\u00f6r und spezielle Schalungen f\u00fcr ein effizientes Arbeiten auf der Baustelle. Dies w\u00e4ren beispielsweise Schalungen f\u00fcr Betonbl\u00f6cke und Schalsysteme f\u00fcr das Betonieren von Betonkr\u00e4nzen.<\/p>\n<p>[\/et_pb_text][\/et_pb_column][\/et_pb_row][et_pb_row column_structure=&#8220;1_3,1_3,1_3&#8243; make_equal=&#8220;on&#8220; custom_padding_last_edited=&#8220;on|desktop&#8220; module_id=&#8220;systeme&#8220; _builder_version=&#8220;4.16&#8243; background_color=&#8220;#ffffff&#8220; width=&#8220;75%&#8220; width_tablet=&#8220;100%&#8220; width_phone=&#8220;100%&#8220; width_last_edited=&#8220;on|desktop&#8220; custom_margin=&#8220;0px||0px||false|false&#8220; custom_padding=&#8220;3em|4em|3em|4em|false|false&#8220; custom_padding_tablet=&#8220;2em|2em|0em|2em|false|false&#8220; custom_padding_phone=&#8220;||0em||false|false&#8220; animation_style=&#8220;fade&#8220; animation_direction=&#8220;bottom&#8220; global_colors_info=&#8220;{}&#8220;][et_pb_column type=&#8220;1_3&#8243; _builder_version=&#8220;4.16&#8243; background_color=&#8220;#ffffff&#8220; global_colors_info=&#8220;{}&#8220;][et_pb_blurb title=&#8220;I-BLOCK&#8220; image=&#8220;https:\/\/www.interfama.com\/rent\/wp-content\/uploads\/2020\/12\/i-block.jpg&#8220; admin_label=&#8220;I-BLOCK&#8220; _builder_version=&#8220;4.16&#8243; _module_preset=&#8220;default&#8220; header_level=&#8220;h2&#8243; header_font_size=&#8220;17px&#8220; text_orientation=&#8220;center&#8220; animation_style=&#8220;fade&#8220; animation=&#8220;off&#8220; link_option_url=&#8220;https:\/\/www.interfama.com\/rent\/betonblock-schalung\/&#8220; global_colors_info=&#8220;{}&#8220;][\/et_pb_blurb][\/et_pb_column][et_pb_column type=&#8220;1_3&#8243; _builder_version=&#8220;4.16&#8243; background_color=&#8220;#ffffff&#8220; global_colors_info=&#8220;{}&#8220;][et_pb_blurb title=&#8220;BANCHETTONE&#8220; image=&#8220;https:\/\/www.interfama.com\/rent\/wp-content\/uploads\/2020\/12\/banchettone.jpg&#8220; admin_label=&#8220;BANCHETTONE&#8220; _builder_version=&#8220;4.16&#8243; _module_preset=&#8220;default&#8220; header_level=&#8220;h2&#8243; header_font_size=&#8220;17px&#8220; text_orientation=&#8220;center&#8220; animation_style=&#8220;fade&#8220; animation=&#8220;off&#8220; link_option_url=&#8220;https:\/\/www.interfama.com\/rent\/schalung-betonkranz-banchettone\/&#8220; global_colors_info=&#8220;{}&#8220;][\/et_pb_blurb][\/et_pb_column][et_pb_column type=&#8220;1_3&#8243; _builder_version=&#8220;4.16&#8243; background_color=&#8220;#ffffff&#8220; global_colors_info=&#8220;{}&#8220;][et_pb_blurb title=&#8220;FreeFalcon | Mobile Absturzsicherung&#8220; image=&#8220;https:\/\/www.interfama.com\/rent\/wp-content\/uploads\/2023\/08\/FreeFalcon-1000-673.jpg&#8220; alt=&#8220;FreeFalcon protezione anticaduta mobile&#8220; admin_label=&#8220;FreeFalcon&#8220; _builder_version=&#8220;4.17.3&#8243; _module_preset=&#8220;default&#8220; header_level=&#8220;h2&#8243; header_font_size=&#8220;17px&#8220; animation_style=&#8220;fade&#8220; animation=&#8220;off&#8220; link_option_url=&#8220;https:\/\/www.interfama.com\/rent\/freefalcon-vermietung-mobile-absturzsicherung\/&#8220; hover_enabled=&#8220;0&#8243; global_colors_info=&#8220;{}&#8220; text_orientation=&#8220;center&#8220; sticky_enabled=&#8220;0&#8243;][\/et_pb_blurb][\/et_pb_column][\/et_pb_row][et_pb_row column_structure=&#8220;1_3,1_3,1_3&#8243; make_equal=&#8220;on&#8220; custom_padding_last_edited=&#8220;on|desktop&#8220; disabled_on=&#8220;on|on|on&#8220; module_id=&#8220;systeme&#8220; _builder_version=&#8220;4.16&#8243; background_color=&#8220;#ffffff&#8220; width=&#8220;75%&#8220; width_tablet=&#8220;100%&#8220; width_phone=&#8220;100%&#8220; width_last_edited=&#8220;on|desktop&#8220; custom_margin=&#8220;0px||0px||false|false&#8220; custom_padding=&#8220;3em|4em|3em|4em|false|false&#8220; custom_padding_tablet=&#8220;2em|2em|0em|2em|false|false&#8220; custom_padding_phone=&#8220;||0em||false|false&#8220; animation_style=&#8220;fade&#8220; animation_direction=&#8220;bottom&#8220; disabled=&#8220;on&#8220; global_colors_info=&#8220;{}&#8220;][et_pb_column type=&#8220;1_3&#8243; _builder_version=&#8220;4.16&#8243; background_color=&#8220;#ffffff&#8220; global_colors_info=&#8220;{}&#8220;][et_pb_blurb title=&#8220;I-DOOR&#8220; image=&#8220;https:\/\/www.interfama.com\/rent\/wp-content\/uploads\/2020\/12\/i-door.jpg&#8220; disabled_on=&#8220;off|off|off&#8220; admin_label=&#8220;I-DOOR&#8220; _builder_version=&#8220;4.16&#8243; _module_preset=&#8220;default&#8220; header_level=&#8220;h2&#8243; header_font_size=&#8220;17px&#8220; animation_style=&#8220;fade&#8220; animation=&#8220;off&#8220; link_option_url=&#8220;https:\/\/www.interfama.com\/rent\/i-door\/&#8220; global_colors_info=&#8220;{}&#8220;][\/et_pb_blurb][\/et_pb_column][et_pb_column type=&#8220;1_3&#8243; _builder_version=&#8220;4.16&#8243; background_color=&#8220;#ffffff&#8220; global_colors_info=&#8220;{}&#8220;][et_pb_blurb title=&#8220;ZWINGEN &#038; WINKEL&#8220; image=&#8220;https:\/\/www.interfama.com\/rent\/wp-content\/uploads\/2020\/12\/zangen.jpg&#8220; admin_label=&#8220;ZWINGEN &#038; WINKEL&#8220; _builder_version=&#8220;4.16&#8243; _module_preset=&#8220;default&#8220; header_level=&#8220;h2&#8243; header_font_size=&#8220;17px&#8220; animation_style=&#8220;fade&#8220; animation=&#8220;off&#8220; link_option_url=&#8220;https:\/\/www.interfama.com\/rent\/zwingen-winkel\/&#8220; global_colors_info=&#8220;{}&#8220;][\/et_pb_blurb][\/et_pb_column][et_pb_column type=&#8220;1_3&#8243; _builder_version=&#8220;4.16&#8243; background_color=&#8220;#ffffff&#8220; global_colors_info=&#8220;{}&#8220;][et_pb_blurb title=&#8220;STAPELGESTELLE&#8220; image=&#8220;https:\/\/www.interfama.com\/rent\/wp-content\/uploads\/2020\/12\/stapelgestelle.jpg&#8220; admin_label=&#8220;STAPELGESTELLE&#8220; _builder_version=&#8220;4.16&#8243; _module_preset=&#8220;default&#8220; header_level=&#8220;h2&#8243; header_font_size=&#8220;17px&#8220; animation_style=&#8220;fade&#8220; animation=&#8220;off&#8220; link_option_url=&#8220;https:\/\/www.interfama.com\/rent\/stapelgestelle\/&#8220; global_colors_info=&#8220;{}&#8220;][\/et_pb_blurb][\/et_pb_column][\/et_pb_row][\/et_pb_section]<\/p>\n","protected":false},"excerpt":{"rendered":"<p>Sonstige Schalungen &amp; Zubeh\u00f6r \u2013 Vermietung von speziellen Schalungen Die INTERFAMA RENT vermietet neben Decken- und Wandschalungen auch Schalungszubeh\u00f6r und spezielle Schalungen f\u00fcr ein effizientes Arbeiten auf der Baustelle. Dies w\u00e4ren beispielsweise Schalungen f\u00fcr Betonbl\u00f6cke und Schalsysteme f\u00fcr das Betonieren von Betonkr\u00e4nzen.<\/p>\n","protected":false},"author":1,"featured_media":3011,"parent":0,"menu_order":0,"comment_status":"closed","ping_status":"closed","template":"","meta":{"_et_pb_use_builder":"on","_et_pb_old_content":"","_et_gb_content_width":""},"yoast_head":"<!-- This site is optimized with the Yoast SEO plugin v19.9 - https:\/\/yoast.com\/wordpress\/plugins\/seo\/ -->\n<title>Schalungszubeh\u00f6r &amp; Schalungen \u2714\ufe0fVermietung | INTERFAMA RENT<\/title>\n<meta name=\"description\" content=\"Vermietung Schalungszubeh\u00f6r &amp; Schalung \u27a1\ufe0fSchalung f\u00fcr Betonbl\u00f6cke \u27a1\ufe0fBetonkr\u00e4nze \u27a1\ufe0fSchalungszubeh\u00f6r zum Schalen &amp; Betonieren\" \/>\n<meta name=\"robots\" content=\"index, follow, max-snippet:-1, max-image-preview:large, max-video-preview:-1\" \/>\n<link rel=\"canonical\" href=\"https:\/\/www.interfama.com\/rent\/schalungszubehoer-schalung\/\" \/>\n<meta property=\"og:locale\" content=\"de_DE\" \/>\n<meta property=\"og:type\" content=\"article\" \/>\n<meta property=\"og:title\" content=\"Schalungszubeh\u00f6r &amp; Schalungen \u2714\ufe0fVermietung | INTERFAMA RENT\" \/>\n<meta property=\"og:description\" content=\"Vermietung Schalungszubeh\u00f6r &amp; Schalung \u27a1\ufe0fSchalung f\u00fcr Betonbl\u00f6cke \u27a1\ufe0fBetonkr\u00e4nze \u27a1\ufe0fSchalungszubeh\u00f6r zum Schalen &amp; Betonieren\" \/>\n<meta property=\"og:url\" content=\"https:\/\/www.interfama.com\/rent\/schalungszubehoer-schalung\/\" \/>\n<meta property=\"og:site_name\" content=\"INTERFAMA RENT GmbH\" \/>\n<meta property=\"article:modified_time\" content=\"2023-08-04T13:47:30+00:00\" \/>\n<meta property=\"og:image\" content=\"https:\/\/www.interfama.com\/rent\/wp-content\/uploads\/2020\/12\/i-block.jpg\" \/>\n\t<meta property=\"og:image:width\" content=\"600\" \/>\n\t<meta property=\"og:image:height\" content=\"400\" \/>\n\t<meta property=\"og:image:type\" content=\"image\/jpeg\" \/>\n<meta name=\"twitter:card\" content=\"summary_large_image\" \/>\n<meta name=\"twitter:label1\" content=\"Gesch\u00e4tzte Lesezeit\" \/>\n\t<meta name=\"twitter:data1\" content=\"2\u00a0Minuten\" \/>\n<script type=\"application\/ld+json\" class=\"yoast-schema-graph\">{\"@context\":\"https:\/\/schema.org\",\"@graph\":[{\"@type\":\"WebPage\",\"@id\":\"https:\/\/www.interfama.com\/rent\/schalungszubehoer-schalung\/\",\"url\":\"https:\/\/www.interfama.com\/rent\/schalungszubehoer-schalung\/\",\"name\":\"Schalungszubeh\u00f6r & Schalungen \u2714\ufe0fVermietung | INTERFAMA RENT\",\"isPartOf\":{\"@id\":\"https:\/\/www.interfama.com\/rent\/#website\"},\"datePublished\":\"2020-12-03T12:49:22+00:00\",\"dateModified\":\"2023-08-04T13:47:30+00:00\",\"description\":\"Vermietung Schalungszubeh\u00f6r & Schalung \u27a1\ufe0fSchalung f\u00fcr Betonbl\u00f6cke \u27a1\ufe0fBetonkr\u00e4nze \u27a1\ufe0fSchalungszubeh\u00f6r zum Schalen & Betonieren\",\"breadcrumb\":{\"@id\":\"https:\/\/www.interfama.com\/rent\/schalungszubehoer-schalung\/#breadcrumb\"},\"inLanguage\":\"de\",\"potentialAction\":[{\"@type\":\"ReadAction\",\"target\":[\"https:\/\/www.interfama.com\/rent\/schalungszubehoer-schalung\/\"]}]},{\"@type\":\"BreadcrumbList\",\"@id\":\"https:\/\/www.interfama.com\/rent\/schalungszubehoer-schalung\/#breadcrumb\",\"itemListElement\":[{\"@type\":\"ListItem\",\"position\":1,\"name\":\"Startseite\",\"item\":\"https:\/\/www.interfama.com\/rent\/\"},{\"@type\":\"ListItem\",\"position\":2,\"name\":\"Sonstige Schalungen &#038; Zubeh\u00f6r\"}]},{\"@type\":\"WebSite\",\"@id\":\"https:\/\/www.interfama.com\/rent\/#website\",\"url\":\"https:\/\/www.interfama.com\/rent\/\",\"name\":\"INTERFAMA RENT GmbH\",\"description\":\"Einfach Beton gestalten\",\"potentialAction\":[{\"@type\":\"SearchAction\",\"target\":{\"@type\":\"EntryPoint\",\"urlTemplate\":\"https:\/\/www.interfama.com\/rent\/?s={search_term_string}\"},\"query-input\":\"required name=search_term_string\"}],\"inLanguage\":\"de\"}]}<\/script>\n<!-- \/ Yoast SEO plugin. -->","yoast_head_json":{"title":"Schalungszubeh\u00f6r & Schalungen \u2714\ufe0fVermietung | INTERFAMA RENT","description":"Vermietung Schalungszubeh\u00f6r & Schalung \u27a1\ufe0fSchalung f\u00fcr Betonbl\u00f6cke \u27a1\ufe0fBetonkr\u00e4nze \u27a1\ufe0fSchalungszubeh\u00f6r zum Schalen & Betonieren","robots":{"index":"index","follow":"follow","max-snippet":"max-snippet:-1","max-image-preview":"max-image-preview:large","max-video-preview":"max-video-preview:-1"},"canonical":"https:\/\/www.interfama.com\/rent\/schalungszubehoer-schalung\/","og_locale":"de_DE","og_type":"article","og_title":"Schalungszubeh\u00f6r & Schalungen \u2714\ufe0fVermietung | INTERFAMA RENT","og_description":"Vermietung Schalungszubeh\u00f6r & Schalung \u27a1\ufe0fSchalung f\u00fcr Betonbl\u00f6cke \u27a1\ufe0fBetonkr\u00e4nze \u27a1\ufe0fSchalungszubeh\u00f6r zum Schalen & Betonieren","og_url":"https:\/\/www.interfama.com\/rent\/schalungszubehoer-schalung\/","og_site_name":"INTERFAMA RENT GmbH","article_modified_time":"2023-08-04T13:47:30+00:00","og_image":[{"width":600,"height":400,"url":"https:\/\/www.interfama.com\/rent\/wp-content\/uploads\/2020\/12\/i-block.jpg","type":"image\/jpeg"}],"twitter_card":"summary_large_image","twitter_misc":{"Gesch\u00e4tzte Lesezeit":"2\u00a0Minuten"},"schema":{"@context":"https:\/\/schema.org","@graph":[{"@type":"WebPage","@id":"https:\/\/www.interfama.com\/rent\/schalungszubehoer-schalung\/","url":"https:\/\/www.interfama.com\/rent\/schalungszubehoer-schalung\/","name":"Schalungszubeh\u00f6r & Schalungen \u2714\ufe0fVermietung | INTERFAMA RENT","isPartOf":{"@id":"https:\/\/www.interfama.com\/rent\/#website"},"datePublished":"2020-12-03T12:49:22+00:00","dateModified":"2023-08-04T13:47:30+00:00","description":"Vermietung Schalungszubeh\u00f6r & Schalung \u27a1\ufe0fSchalung f\u00fcr Betonbl\u00f6cke \u27a1\ufe0fBetonkr\u00e4nze \u27a1\ufe0fSchalungszubeh\u00f6r zum Schalen & Betonieren","breadcrumb":{"@id":"https:\/\/www.interfama.com\/rent\/schalungszubehoer-schalung\/#breadcrumb"},"inLanguage":"de","potentialAction":[{"@type":"ReadAction","target":["https:\/\/www.interfama.com\/rent\/schalungszubehoer-schalung\/"]}]},{"@type":"BreadcrumbList","@id":"https:\/\/www.interfama.com\/rent\/schalungszubehoer-schalung\/#breadcrumb","itemListElement":[{"@type":"ListItem","position":1,"name":"Startseite","item":"https:\/\/www.interfama.com\/rent\/"},{"@type":"ListItem","position":2,"name":"Sonstige Schalungen &#038; Zubeh\u00f6r"}]},{"@type":"WebSite","@id":"https:\/\/www.interfama.com\/rent\/#website","url":"https:\/\/www.interfama.com\/rent\/","name":"INTERFAMA RENT GmbH","description":"Einfach Beton gestalten","potentialAction":[{"@type":"SearchAction","target":{"@type":"EntryPoint","urlTemplate":"https:\/\/www.interfama.com\/rent\/?s={search_term_string}"},"query-input":"required name=search_term_string"}],"inLanguage":"de"}]}},"_links":{"self":[{"href":"https:\/\/www.interfama.com\/rent\/wp-json\/wp\/v2\/pages\/3004"}],"collection":[{"href":"https:\/\/www.interfama.com\/rent\/wp-json\/wp\/v2\/pages"}],"about":[{"href":"https:\/\/www.interfama.com\/rent\/wp-json\/wp\/v2\/types\/page"}],"author":[{"embeddable":true,"href":"https:\/\/www.interfama.com\/rent\/wp-json\/wp\/v2\/users\/1"}],"replies":[{"embeddable":true,"href":"https:\/\/www.interfama.com\/rent\/wp-json\/wp\/v2\/comments?post=3004"}],"version-history":[{"count":4,"href":"https:\/\/www.interfama.com\/rent\/wp-json\/wp\/v2\/pages\/3004\/revisions"}],"predecessor-version":[{"id":8027,"href":"https:\/\/www.interfama.com\/rent\/wp-json\/wp\/v2\/pages\/3004\/revisions\/8027"}],"wp:featuredmedia":[{"embeddable":true,"href":"https:\/\/www.interfama.com\/rent\/wp-json\/wp\/v2\/media\/3011"}],"wp:attachment":[{"href":"https:\/\/www.interfama.com\/rent\/wp-json\/wp\/v2\/media?parent=3004"}],"curies":[{"name":"wp","href":"https:\/\/api.w.org\/{rel}","templated":true}]}}