{"id":2263,"date":"2020-11-15T09:59:14","date_gmt":"2020-11-15T08:59:14","guid":{"rendered":"http:\/\/23118.web.zcom.it\/rent\/?page_id=2263"},"modified":"2023-08-04T16:02:46","modified_gmt":"2023-08-04T14:02:46","slug":"vermietung-deckenschalung","status":"publish","type":"page","link":"https:\/\/www.interfama.com\/rent\/vermietung-deckenschalung\/","title":{"rendered":"Deckenschalungen"},"content":{"rendered":"<p>[et_pb_section fb_built=&#8220;1&#8243; _builder_version=&#8220;4.16&#8243; background_color=&#8220;rgba(0,0,0,0)&#8220; background_color_gradient_direction=&#8220;1deg&#8220; background_enable_image=&#8220;off&#8220; parallax=&#8220;on&#8220; parallax_method=&#8220;off&#8220; global_colors_info=&#8220;{}&#8220;][et_pb_row module_id=&#8220;systeme&#8220; _builder_version=&#8220;4.16&#8243; background_enable_color=&#8220;off&#8220; width=&#8220;75%&#8220; width_tablet=&#8220;100%&#8220; width_phone=&#8220;100%&#8220; width_last_edited=&#8220;on|phone&#8220; custom_margin=&#8220;||||false|false&#8220; custom_padding=&#8220;||||false|false&#8220; animation_style=&#8220;fade&#8220; animation_direction=&#8220;bottom&#8220; global_colors_info=&#8220;{}&#8220;][et_pb_column type=&#8220;4_4&#8243; _builder_version=&#8220;4.16&#8243; background_color=&#8220;#ffffff&#8220; global_colors_info=&#8220;{}&#8220;][et_pb_text admin_label=&#8220;Einleitungstext&#8220; _builder_version=&#8220;4.16&#8243; header_2_line_height=&#8220;2em&#8220; background_enable_color=&#8220;off&#8220; text_orientation=&#8220;justified&#8220; width=&#8220;100%&#8220; custom_margin=&#8220;||||false|false&#8220; custom_padding=&#8220;3em|4em|3em|4em|false|false&#8220; custom_padding_tablet=&#8220;2em|2em|2em|2em|false|false&#8220; custom_padding_phone=&#8220;2em|2em|2em|2em|false|false&#8220; custom_padding_last_edited=&#8220;on|desktop&#8220; animation_style=&#8220;fade&#8220; header_2_font_size_tablet=&#8220;25px&#8220; header_2_font_size_phone=&#8220;24px&#8220; header_2_font_size_last_edited=&#8220;on|phone&#8220; global_colors_info=&#8220;{}&#8220;]<\/p>\n<h1><strong>Vermietung von Deckenschalungen und St\u00fctzsystemen<\/strong><\/h1>\n<p>&nbsp;<\/p>\n<p>Der<strong> Mietparkservice<\/strong> von INTERFAMA RENT bietet\u00a0 <strong>verschiedene Deckenschalungen<\/strong> an, welche durch Vielf\u00e4ltigkeit und Anpassungsf\u00e4higkeit an die unterschiedlichsten Bauaufgaben begeistern.<\/p>\n<p>Vermietet werden <a href=\"https:\/\/www.interfama.com\/rent\/evodeck-deckenschalung\/\"><strong>Element-Decken-Systeme<\/strong><\/a> aus Aluminium Paneelen, <a href=\"https:\/\/www.interfama.com\/rent\/velox-traeger-deckenschalung\/\"><strong>Tr\u00e4ger-Deckenschalungen<\/strong><\/a>, <strong>Holztr\u00e4ger-Deckenschalsysteme<\/strong>, Tragger\u00fcste, <a href=\"\/rent\/alustern-decken-stuetzsystem\/\"><strong>St\u00fctzsysteme<\/strong> <\/a>und verschiedenen <a href=\"https:\/\/www.interfama.com\/rent\/i-prop-stuetzsystem\/\"><strong>Baust\u00fctzen<\/strong><\/a>, welche zur Absicherung von schweren Decken geeignet sind. Die Systeme erm\u00f6glichen <strong>sicheres Arbeiten<\/strong> auf der Baustelle und <strong>schnelles und wirtschaftliches Schalen<\/strong>.<\/p>\n<p>Ob einfache, komplexe, gro\u00dfe oder hohe Deckenfl\u00e4chen, im Mietpark der INTERFAMA RENT finden Sie die richtige Schalungsl\u00f6sung f\u00fcr Ihre Bauvorhaben.<\/p>\n<p>[\/et_pb_text][\/et_pb_column][\/et_pb_row][et_pb_row column_structure=&#8220;1_3,1_3,1_3&#8243; make_equal=&#8220;on&#8220; custom_padding_last_edited=&#8220;on|desktop&#8220; module_id=&#8220;systeme&#8220; _builder_version=&#8220;4.16&#8243; background_color=&#8220;#ffffff&#8220; width=&#8220;75%&#8220; width_tablet=&#8220;100%&#8220; width_phone=&#8220;100%&#8220; width_last_edited=&#8220;on|desktop&#8220; custom_margin=&#8220;0px||0px||false|false&#8220; custom_padding=&#8220;3em|4em|3em|4em|false|false&#8220; custom_padding_tablet=&#8220;2em|2em|0em|2em|false|false&#8220; custom_padding_phone=&#8220;||0em||false|false&#8220; animation_style=&#8220;fade&#8220; animation_direction=&#8220;bottom&#8220; global_colors_info=&#8220;{}&#8220;][et_pb_column type=&#8220;1_3&#8243; _builder_version=&#8220;4.16&#8243; background_color=&#8220;#ffffff&#8220; global_colors_info=&#8220;{}&#8220;][et_pb_blurb title=&#8220;EVODECK | Element-Deckenschalung aus Aluminium&#8220; image=&#8220;https:\/\/www.interfama.com\/rent\/wp-content\/uploads\/2020\/11\/EVODECK-Menu.jpg&#8220; admin_label=&#8220;EVODECK&#8220; _builder_version=&#8220;4.16&#8243; _module_preset=&#8220;default&#8220; header_level=&#8220;h2&#8243; header_text_align=&#8220;center&#8220; animation_style=&#8220;fade&#8220; animation=&#8220;off&#8220; link_option_url=&#8220;https:\/\/www.interfama.com\/rent\/evodeck-deckenschalung\/&#8220; global_colors_info=&#8220;{}&#8220;][\/et_pb_blurb][\/et_pb_column][et_pb_column type=&#8220;1_3&#8243; _builder_version=&#8220;4.16&#8243; background_color=&#8220;#ffffff&#8220; global_colors_info=&#8220;{}&#8220;][et_pb_blurb title=&#8220;VELOX | Tr\u00e4gerschalung f\u00fcr alle Grundrisse&#8220; image=&#8220;https:\/\/www.interfama.com\/rent\/wp-content\/uploads\/2020\/11\/VELOX-Menu.jpg&#8220; admin_label=&#8220;VELOX&#8220; _builder_version=&#8220;4.16&#8243; _module_preset=&#8220;default&#8220; header_level=&#8220;h2&#8243; header_text_align=&#8220;center&#8220; animation_style=&#8220;fade&#8220; animation=&#8220;off&#8220; link_option_url=&#8220;https:\/\/www.interfama.com\/rent\/velox-traeger-deckenschalung\/&#8220; global_colors_info=&#8220;{}&#8220;][\/et_pb_blurb][\/et_pb_column][et_pb_column type=&#8220;1_3&#8243; _builder_version=&#8220;4.16&#8243; background_color=&#8220;#ffffff&#8220; global_colors_info=&#8220;{}&#8220;][et_pb_blurb title=&#8220;ALUSTERN | Decken-St\u00fctzsystem&#8220; image=&#8220;https:\/\/www.interfama.com\/rent\/wp-content\/uploads\/2020\/11\/AUSTERN-Menu.jpg&#8220; admin_label=&#8220;ALUSTERN&#8220; _builder_version=&#8220;4.16&#8243; _module_preset=&#8220;default&#8220; header_level=&#8220;h2&#8243; header_text_align=&#8220;center&#8220; animation_style=&#8220;fade&#8220; animation=&#8220;off&#8220; link_option_url=&#8220;https:\/\/www.interfama.com\/rent\/alustern-decken-stuetzsystem\/&#8220; global_colors_info=&#8220;{}&#8220;][\/et_pb_blurb][\/et_pb_column][\/et_pb_row][et_pb_row column_structure=&#8220;1_3,1_3,1_3&#8243; make_equal=&#8220;on&#8220; custom_padding_last_edited=&#8220;on|desktop&#8220; module_id=&#8220;systeme&#8220; _builder_version=&#8220;4.16&#8243; background_color=&#8220;#ffffff&#8220; width=&#8220;75%&#8220; width_tablet=&#8220;100%&#8220; width_phone=&#8220;100%&#8220; width_last_edited=&#8220;on|desktop&#8220; custom_margin=&#8220;0px||0px||false|false&#8220; custom_padding=&#8220;3em|4em|3em|4em|false|false&#8220; custom_padding_tablet=&#8220;2em|2em|0em|2em|false|false&#8220; custom_padding_phone=&#8220;||0em||false|false&#8220; animation_style=&#8220;fade&#8220; animation_direction=&#8220;bottom&#8220; global_colors_info=&#8220;{}&#8220;][et_pb_column type=&#8220;1_3&#8243; _builder_version=&#8220;4.16&#8243; background_color=&#8220;#ffffff&#8220; global_colors_info=&#8220;{}&#8220;][et_pb_blurb title=&#8220;I-20 | Holztr\u00e4ger-Deckenschalung&#8220; image=&#8220;https:\/\/www.interfama.com\/rent\/wp-content\/uploads\/2020\/11\/i-20-Menu.jpg&#8220; admin_label=&#8220;I-20&#8243; _builder_version=&#8220;4.16&#8243; _module_preset=&#8220;default&#8220; header_level=&#8220;h2&#8243; header_text_align=&#8220;center&#8220; animation_style=&#8220;fade&#8220; animation=&#8220;off&#8220; link_option_url=&#8220;https:\/\/www.interfama.com\/rent\/i-20\/&#8220; global_colors_info=&#8220;{}&#8220;][\/et_pb_blurb][\/et_pb_column][et_pb_column type=&#8220;1_3&#8243; _builder_version=&#8220;4.16&#8243; background_color=&#8220;#ffffff&#8220; global_colors_info=&#8220;{}&#8220;][et_pb_blurb title=&#8220;I-PROP | Deckenst\u00fctze Tragf\u00e4higkeit (100 kN)&#8220; image=&#8220;https:\/\/www.interfama.com\/rent\/wp-content\/uploads\/2020\/11\/iPROP-Menu.jpg&#8220; admin_label=&#8220;I-PROP&#8220; _builder_version=&#8220;4.16&#8243; _module_preset=&#8220;default&#8220; header_level=&#8220;h2&#8243; header_text_align=&#8220;center&#8220; animation_style=&#8220;fade&#8220; animation=&#8220;off&#8220; link_option_url=&#8220;https:\/\/www.interfama.com\/rent\/i-prop\/&#8220; global_colors_info=&#8220;{}&#8220;][\/et_pb_blurb][\/et_pb_column][et_pb_column type=&#8220;1_3&#8243; _builder_version=&#8220;4.16&#8243; background_color=&#8220;#ffffff&#8220; global_colors_info=&#8220;{}&#8220;][et_pb_blurb title=&#8220;FreeFalcon | Mobile Absturzsicherung&#8220; image=&#8220;https:\/\/www.interfama.com\/rent\/wp-content\/uploads\/2023\/08\/FreeFalcon-1000-673.jpg&#8220; alt=&#8220;FreeFalcon protezione anticaduta mobile&#8220; admin_label=&#8220;FreeFalcon&#8220; _builder_version=&#8220;4.17.3&#8243; _module_preset=&#8220;default&#8220; header_level=&#8220;h2&#8243; header_text_align=&#8220;center&#8220; animation_style=&#8220;fade&#8220; animation=&#8220;off&#8220; link_option_url=&#8220;https:\/\/www.interfama.com\/rent\/freefalcon-vermietung-mobile-absturzsicherung\/&#8220; hover_enabled=&#8220;0&#8243; global_colors_info=&#8220;{}&#8220; text_orientation=&#8220;center&#8220; sticky_enabled=&#8220;0&#8243;][\/et_pb_blurb][\/et_pb_column][\/et_pb_row][\/et_pb_section]<\/p>\n","protected":false},"excerpt":{"rendered":"<p>Vermietung von Deckenschalungen und St\u00fctzsystemen &nbsp; Der Mietparkservice von INTERFAMA RENT bietet\u00a0 verschiedene Deckenschalungen an, welche durch Vielf\u00e4ltigkeit und Anpassungsf\u00e4higkeit an die unterschiedlichsten Bauaufgaben begeistern. Vermietet werden Element-Decken-Systeme aus Aluminium Paneelen, Tr\u00e4ger-Deckenschalungen, Holztr\u00e4ger-Deckenschalsysteme, Tragger\u00fcste, St\u00fctzsysteme und verschiedenen Baust\u00fctzen, welche zur Absicherung von schweren Decken geeignet sind. Die Systeme erm\u00f6glichen sicheres Arbeiten auf der Baustelle und [&hellip;]<\/p>\n","protected":false},"author":1,"featured_media":2738,"parent":0,"menu_order":0,"comment_status":"closed","ping_status":"closed","template":"","meta":{"_et_pb_use_builder":"on","_et_pb_old_content":"","_et_gb_content_width":""},"yoast_head":"<!-- This site is optimized with the Yoast SEO plugin v19.9 - https:\/\/yoast.com\/wordpress\/plugins\/seo\/ -->\n<title>Vermietung Deckenschalung \u2714\ufe0fSchalungen f\u00fcr Decken zur Miete | RENT<\/title>\n<meta name=\"description\" content=\"Vermietung von Element-Deckenschalung, Tr\u00e4ger-Deckensysteme und St\u00fctzsysteme \u2611\ufe0fSicheres &amp; Wirtschaftliches Schalen \u2611\ufe0fFrei w\u00e4hlbare Schalhaut\" \/>\n<meta name=\"robots\" content=\"index, follow, max-snippet:-1, max-image-preview:large, max-video-preview:-1\" \/>\n<link rel=\"canonical\" href=\"https:\/\/www.interfama.com\/rent\/vermietung-deckenschalung\/\" \/>\n<meta property=\"og:locale\" content=\"de_DE\" \/>\n<meta property=\"og:type\" content=\"article\" \/>\n<meta property=\"og:title\" content=\"Vermietung Deckenschalung \u2714\ufe0fSchalungen f\u00fcr Decken zur Miete | RENT\" \/>\n<meta property=\"og:description\" content=\"Vermietung von Element-Deckenschalung, Tr\u00e4ger-Deckensysteme und St\u00fctzsysteme \u2611\ufe0fSicheres &amp; Wirtschaftliches Schalen \u2611\ufe0fFrei w\u00e4hlbare Schalhaut\" \/>\n<meta property=\"og:url\" content=\"https:\/\/www.interfama.com\/rent\/vermietung-deckenschalung\/\" \/>\n<meta property=\"og:site_name\" content=\"INTERFAMA RENT GmbH\" \/>\n<meta property=\"article:modified_time\" content=\"2023-08-04T14:02:46+00:00\" \/>\n<meta property=\"og:image\" content=\"https:\/\/www.interfama.com\/rent\/wp-content\/uploads\/2020\/12\/3-17.jpg\" \/>\n\t<meta property=\"og:image:width\" content=\"1000\" \/>\n\t<meta property=\"og:image:height\" content=\"673\" \/>\n\t<meta property=\"og:image:type\" content=\"image\/jpeg\" \/>\n<meta name=\"twitter:card\" content=\"summary_large_image\" \/>\n<meta name=\"twitter:label1\" content=\"Gesch\u00e4tzte Lesezeit\" \/>\n\t<meta name=\"twitter:data1\" content=\"2\u00a0Minuten\" \/>\n<script type=\"application\/ld+json\" class=\"yoast-schema-graph\">{\"@context\":\"https:\/\/schema.org\",\"@graph\":[{\"@type\":\"WebPage\",\"@id\":\"https:\/\/www.interfama.com\/rent\/vermietung-deckenschalung\/\",\"url\":\"https:\/\/www.interfama.com\/rent\/vermietung-deckenschalung\/\",\"name\":\"Vermietung Deckenschalung \u2714\ufe0fSchalungen f\u00fcr Decken zur Miete | RENT\",\"isPartOf\":{\"@id\":\"https:\/\/www.interfama.com\/rent\/#website\"},\"datePublished\":\"2020-11-15T08:59:14+00:00\",\"dateModified\":\"2023-08-04T14:02:46+00:00\",\"description\":\"Vermietung von Element-Deckenschalung, Tr\u00e4ger-Deckensysteme und St\u00fctzsysteme \u2611\ufe0fSicheres & Wirtschaftliches Schalen \u2611\ufe0fFrei w\u00e4hlbare Schalhaut\",\"breadcrumb\":{\"@id\":\"https:\/\/www.interfama.com\/rent\/vermietung-deckenschalung\/#breadcrumb\"},\"inLanguage\":\"de\",\"potentialAction\":[{\"@type\":\"ReadAction\",\"target\":[\"https:\/\/www.interfama.com\/rent\/vermietung-deckenschalung\/\"]}]},{\"@type\":\"BreadcrumbList\",\"@id\":\"https:\/\/www.interfama.com\/rent\/vermietung-deckenschalung\/#breadcrumb\",\"itemListElement\":[{\"@type\":\"ListItem\",\"position\":1,\"name\":\"Startseite\",\"item\":\"https:\/\/www.interfama.com\/rent\/\"},{\"@type\":\"ListItem\",\"position\":2,\"name\":\"Deckenschalungen\"}]},{\"@type\":\"WebSite\",\"@id\":\"https:\/\/www.interfama.com\/rent\/#website\",\"url\":\"https:\/\/www.interfama.com\/rent\/\",\"name\":\"INTERFAMA RENT GmbH\",\"description\":\"Einfach Beton gestalten\",\"potentialAction\":[{\"@type\":\"SearchAction\",\"target\":{\"@type\":\"EntryPoint\",\"urlTemplate\":\"https:\/\/www.interfama.com\/rent\/?s={search_term_string}\"},\"query-input\":\"required name=search_term_string\"}],\"inLanguage\":\"de\"}]}<\/script>\n<!-- \/ Yoast SEO plugin. -->","yoast_head_json":{"title":"Vermietung Deckenschalung \u2714\ufe0fSchalungen f\u00fcr Decken zur Miete | RENT","description":"Vermietung von Element-Deckenschalung, Tr\u00e4ger-Deckensysteme und St\u00fctzsysteme \u2611\ufe0fSicheres & Wirtschaftliches Schalen \u2611\ufe0fFrei w\u00e4hlbare Schalhaut","robots":{"index":"index","follow":"follow","max-snippet":"max-snippet:-1","max-image-preview":"max-image-preview:large","max-video-preview":"max-video-preview:-1"},"canonical":"https:\/\/www.interfama.com\/rent\/vermietung-deckenschalung\/","og_locale":"de_DE","og_type":"article","og_title":"Vermietung Deckenschalung \u2714\ufe0fSchalungen f\u00fcr Decken zur Miete | RENT","og_description":"Vermietung von Element-Deckenschalung, Tr\u00e4ger-Deckensysteme und St\u00fctzsysteme \u2611\ufe0fSicheres & Wirtschaftliches Schalen \u2611\ufe0fFrei w\u00e4hlbare Schalhaut","og_url":"https:\/\/www.interfama.com\/rent\/vermietung-deckenschalung\/","og_site_name":"INTERFAMA RENT GmbH","article_modified_time":"2023-08-04T14:02:46+00:00","og_image":[{"width":1000,"height":673,"url":"https:\/\/www.interfama.com\/rent\/wp-content\/uploads\/2020\/12\/3-17.jpg","type":"image\/jpeg"}],"twitter_card":"summary_large_image","twitter_misc":{"Gesch\u00e4tzte Lesezeit":"2\u00a0Minuten"},"schema":{"@context":"https:\/\/schema.org","@graph":[{"@type":"WebPage","@id":"https:\/\/www.interfama.com\/rent\/vermietung-deckenschalung\/","url":"https:\/\/www.interfama.com\/rent\/vermietung-deckenschalung\/","name":"Vermietung Deckenschalung \u2714\ufe0fSchalungen f\u00fcr Decken zur Miete | RENT","isPartOf":{"@id":"https:\/\/www.interfama.com\/rent\/#website"},"datePublished":"2020-11-15T08:59:14+00:00","dateModified":"2023-08-04T14:02:46+00:00","description":"Vermietung von Element-Deckenschalung, Tr\u00e4ger-Deckensysteme und St\u00fctzsysteme \u2611\ufe0fSicheres & Wirtschaftliches Schalen \u2611\ufe0fFrei w\u00e4hlbare Schalhaut","breadcrumb":{"@id":"https:\/\/www.interfama.com\/rent\/vermietung-deckenschalung\/#breadcrumb"},"inLanguage":"de","potentialAction":[{"@type":"ReadAction","target":["https:\/\/www.interfama.com\/rent\/vermietung-deckenschalung\/"]}]},{"@type":"BreadcrumbList","@id":"https:\/\/www.interfama.com\/rent\/vermietung-deckenschalung\/#breadcrumb","itemListElement":[{"@type":"ListItem","position":1,"name":"Startseite","item":"https:\/\/www.interfama.com\/rent\/"},{"@type":"ListItem","position":2,"name":"Deckenschalungen"}]},{"@type":"WebSite","@id":"https:\/\/www.interfama.com\/rent\/#website","url":"https:\/\/www.interfama.com\/rent\/","name":"INTERFAMA RENT GmbH","description":"Einfach Beton gestalten","potentialAction":[{"@type":"SearchAction","target":{"@type":"EntryPoint","urlTemplate":"https:\/\/www.interfama.com\/rent\/?s={search_term_string}"},"query-input":"required name=search_term_string"}],"inLanguage":"de"}]}},"_links":{"self":[{"href":"https:\/\/www.interfama.com\/rent\/wp-json\/wp\/v2\/pages\/2263"}],"collection":[{"href":"https:\/\/www.interfama.com\/rent\/wp-json\/wp\/v2\/pages"}],"about":[{"href":"https:\/\/www.interfama.com\/rent\/wp-json\/wp\/v2\/types\/page"}],"author":[{"embeddable":true,"href":"https:\/\/www.interfama.com\/rent\/wp-json\/wp\/v2\/users\/1"}],"replies":[{"embeddable":true,"href":"https:\/\/www.interfama.com\/rent\/wp-json\/wp\/v2\/comments?post=2263"}],"version-history":[{"count":5,"href":"https:\/\/www.interfama.com\/rent\/wp-json\/wp\/v2\/pages\/2263\/revisions"}],"predecessor-version":[{"id":8051,"href":"https:\/\/www.interfama.com\/rent\/wp-json\/wp\/v2\/pages\/2263\/revisions\/8051"}],"wp:featuredmedia":[{"embeddable":true,"href":"https:\/\/www.interfama.com\/rent\/wp-json\/wp\/v2\/media\/2738"}],"wp:attachment":[{"href":"https:\/\/www.interfama.com\/rent\/wp-json\/wp\/v2\/media?parent=2263"}],"curies":[{"name":"wp","href":"https:\/\/api.w.org\/{rel}","templated":true}]}}