{"id":2184,"date":"2020-11-13T16:38:14","date_gmt":"2020-11-13T15:38:14","guid":{"rendered":"http:\/\/23118.web.zcom.it\/rent\/?page_id=2184"},"modified":"2022-03-21T11:30:29","modified_gmt":"2022-03-21T10:30:29","slug":"klettersysteme","status":"publish","type":"page","link":"https:\/\/www.interfama.com\/rent\/klettersysteme\/","title":{"rendered":"Klettersysteme"},"content":{"rendered":"<p>[et_pb_section fb_built=&#8220;1&#8243; _builder_version=&#8220;4.15&#8243; background_color=&#8220;rgba(0,0,0,0)&#8220; background_color_gradient_direction=&#8220;1deg&#8220; background_enable_image=&#8220;off&#8220; parallax=&#8220;on&#8220; parallax_method=&#8220;off&#8220; global_colors_info=&#8220;{}&#8220;][et_pb_row module_id=&#8220;systeme&#8220; _builder_version=&#8220;4.15&#8243; background_enable_color=&#8220;off&#8220; width=&#8220;75%&#8220; width_tablet=&#8220;100%&#8220; width_phone=&#8220;100%&#8220; width_last_edited=&#8220;on|phone&#8220; custom_margin=&#8220;||||false|false&#8220; custom_padding=&#8220;||||false|false&#8220; animation_style=&#8220;fade&#8220; animation_direction=&#8220;bottom&#8220; global_colors_info=&#8220;{}&#8220;][et_pb_column type=&#8220;4_4&#8243; _builder_version=&#8220;4.15&#8243; background_color=&#8220;#ffffff&#8220; global_colors_info=&#8220;{}&#8220;][et_pb_text admin_label=&#8220;Einleitungstext&#8220; _builder_version=&#8220;4.15&#8243; header_2_line_height=&#8220;2em&#8220; background_enable_color=&#8220;off&#8220; text_orientation=&#8220;justified&#8220; width=&#8220;100%&#8220; custom_margin=&#8220;||||false|false&#8220; custom_padding=&#8220;3em|4em|3em|4em|false|false&#8220; custom_padding_tablet=&#8220;2em|2em|2em|2em|false|false&#8220; custom_padding_phone=&#8220;2em|2em|2em|2em|false|false&#8220; custom_padding_last_edited=&#8220;on|desktop&#8220; animation_style=&#8220;fade&#8220; header_2_font_size_tablet=&#8220;25px&#8220; header_2_font_size_phone=&#8220;24px&#8220; header_2_font_size_last_edited=&#8220;on|phone&#8220; global_colors_info=&#8220;{}&#8220;]<\/p>\n<h1><strong>Mietservice &#8211; Klettersysteme &amp; Arbeitsb\u00fchnen<\/strong><\/h1>\n<p>Die INTERFAMA RENT bietet <a href=\"https:\/\/www.interfama.com\/rent\/kletterkonsole-mrm\/\"><strong>Kletterger\u00fcste und Arbeitsb\u00fchnen zur Miete an<\/strong><\/a>, welche <strong>h\u00f6henverstellbar<\/strong> sind und ein <strong>sicheres und effizientes Arbeiten<\/strong> auf der Baustelle, selbst in gro\u00dfen H\u00f6hen, garantieren.<\/p>\n<p>Die Systeme k\u00f6nnen in <a href=\"https:\/\/www.interfama.com\/rent\/kletterhalterung-mrs\/\"><strong>Kombination mit verschiedenen Schalsystemen<\/strong><\/a> verwendet werden und eignen sich auch f\u00fcr Baustellen, wo nur ein begrenzter Arbeitsraum zur Verf\u00fcgung steht. Auch f\u00fcr die<strong> Unterst\u00fctzung von einseitigen und zweiseitigen Wandschalungssystemen<\/strong> k\u00f6nnen die Klettersysteme verwendet werden.<\/p>\n<p>[\/et_pb_text][\/et_pb_column][\/et_pb_row][et_pb_row column_structure=&#8220;1_3,1_3,1_3&#8243; make_equal=&#8220;on&#8220; custom_padding_last_edited=&#8220;on|desktop&#8220; module_id=&#8220;systeme&#8220; _builder_version=&#8220;4.15&#8243; background_color=&#8220;#ffffff&#8220; width=&#8220;75%&#8220; width_tablet=&#8220;100%&#8220; width_phone=&#8220;100%&#8220; width_last_edited=&#8220;on|desktop&#8220; custom_margin=&#8220;0px||0px||false|false&#8220; custom_padding=&#8220;3em|4em|3em|4em|false|false&#8220; custom_padding_tablet=&#8220;2em|2em|0em|2em|false|false&#8220; custom_padding_phone=&#8220;||0em||false|false&#8220; animation_style=&#8220;fade&#8220; animation_direction=&#8220;bottom&#8220; global_colors_info=&#8220;{}&#8220;][et_pb_column type=&#8220;1_3&#8243; _builder_version=&#8220;4.15&#8243; background_color=&#8220;#ffffff&#8220; global_colors_info=&#8220;{}&#8220;][et_pb_blurb title=&#8220;MRM | Kletterkonsole&#8220; image=&#8220;https:\/\/www.interfama.com\/rent\/wp-content\/uploads\/2020\/11\/MRM.jpg&#8220; admin_label=&#8220;KLETTERKONSOLE MRM&#8220; _builder_version=&#8220;4.15&#8243; _module_preset=&#8220;default&#8220; header_level=&#8220;h2&#8243; text_orientation=&#8220;center&#8220; animation_style=&#8220;fade&#8220; animation=&#8220;off&#8220; link_option_url=&#8220;https:\/\/www.interfama.com\/rent\/kletterkonsole-mrm\/&#8220; global_colors_info=&#8220;{}&#8220;][\/et_pb_blurb][\/et_pb_column][et_pb_column type=&#8220;1_3&#8243; _builder_version=&#8220;4.15&#8243; background_color=&#8220;#ffffff&#8220; global_colors_info=&#8220;{}&#8220;][et_pb_blurb title=&#8220;MRS | Kletterhalterung &#8220; image=&#8220;https:\/\/www.interfama.com\/rent\/wp-content\/uploads\/2020\/11\/MAXIM-11.jpg&#8220; admin_label=&#8220;KLETTERHALTERUNG MRS&#8220; _builder_version=&#8220;4.15&#8243; _module_preset=&#8220;default&#8220; header_level=&#8220;h2&#8243; text_orientation=&#8220;center&#8220; animation_style=&#8220;fade&#8220; animation=&#8220;off&#8220; link_option_url=&#8220;https:\/\/www.interfama.com\/rent\/kletterhalterung-mrs\/&#8220; global_colors_info=&#8220;{}&#8220;][\/et_pb_blurb][\/et_pb_column][et_pb_column type=&#8220;1_3&#8243; _builder_version=&#8220;4.15&#8243; background_color=&#8220;#ffffff&#8220; global_colors_info=&#8220;{}&#8220;][\/et_pb_column][\/et_pb_row][et_pb_row column_structure=&#8220;1_3,1_3,1_3&#8243; make_equal=&#8220;on&#8220; custom_padding_last_edited=&#8220;on|desktop&#8220; disabled_on=&#8220;on|on|on&#8220; module_id=&#8220;systeme&#8220; _builder_version=&#8220;4.15&#8243; background_color=&#8220;#ffffff&#8220; width=&#8220;75%&#8220; width_tablet=&#8220;100%&#8220; width_phone=&#8220;100%&#8220; width_last_edited=&#8220;on|desktop&#8220; custom_margin=&#8220;0px||0px||false|false&#8220; custom_padding=&#8220;3em|4em|3em|4em|false|false&#8220; custom_padding_tablet=&#8220;2em|2em|0em|2em|false|false&#8220; custom_padding_phone=&#8220;||0em||false|false&#8220; animation_style=&#8220;fade&#8220; animation_direction=&#8220;bottom&#8220; disabled=&#8220;on&#8220; global_colors_info=&#8220;{}&#8220;][et_pb_column type=&#8220;1_3&#8243; _builder_version=&#8220;4.15&#8243; background_color=&#8220;#ffffff&#8220; global_colors_info=&#8220;{}&#8220;][et_pb_blurb title=&#8220;KLETTERB\u00dcHNE PAT&#8220; image=&#8220;https:\/\/www.interfama.com\/rent\/wp-content\/uploads\/2021\/01\/PAT.jpg&#8220; admin_label=&#8220;KLETTERB\u00dcHNE PAT&#8220; _builder_version=&#8220;4.15&#8243; _module_preset=&#8220;default&#8220; animation_style=&#8220;fade&#8220; animation=&#8220;off&#8220; link_option_url=&#8220;https:\/\/www.interfama.com\/rent\/pat\/&#8220; global_colors_info=&#8220;{}&#8220;][\/et_pb_blurb][\/et_pb_column][et_pb_column type=&#8220;1_3&#8243; _builder_version=&#8220;4.15&#8243; background_color=&#8220;#ffffff&#8220; global_colors_info=&#8220;{}&#8220;][et_pb_blurb title=&#8220;KLETTERB\u00dcHNE KBK&#8220; image=&#8220;https:\/\/www.interfama.com\/rent\/wp-content\/uploads\/2020\/11\/KBK.jpg&#8220; admin_label=&#8220;KLETTERB\u00dcHNE KBK&#8220; _builder_version=&#8220;4.15&#8243; _module_preset=&#8220;default&#8220; animation_style=&#8220;fade&#8220; animation=&#8220;off&#8220; link_option_url=&#8220;https:\/\/www.interfama.com\/rent\/kletterbuehne-kbk\/&#8220; global_colors_info=&#8220;{}&#8220;][\/et_pb_blurb][\/et_pb_column][et_pb_column type=&#8220;1_3&#8243; _builder_version=&#8220;4.15&#8243; background_color=&#8220;#ffffff&#8220; global_colors_info=&#8220;{}&#8220;][\/et_pb_column][\/et_pb_row][\/et_pb_section]<\/p>\n","protected":false},"excerpt":{"rendered":"<p>Mietservice &#8211; Klettersysteme &amp; Arbeitsb\u00fchnen Die INTERFAMA RENT bietet Kletterger\u00fcste und Arbeitsb\u00fchnen zur Miete an, welche h\u00f6henverstellbar sind und ein sicheres und effizientes Arbeiten auf der Baustelle, selbst in gro\u00dfen H\u00f6hen, garantieren. Die Systeme k\u00f6nnen in Kombination mit verschiedenen Schalsystemen verwendet werden und eignen sich auch f\u00fcr Baustellen, wo nur ein begrenzter Arbeitsraum zur Verf\u00fcgung [&hellip;]<\/p>\n","protected":false},"author":1,"featured_media":2208,"parent":0,"menu_order":0,"comment_status":"closed","ping_status":"closed","template":"","meta":{"_et_pb_use_builder":"on","_et_pb_old_content":"","_et_gb_content_width":""},"yoast_head":"<!-- This site is optimized with the Yoast SEO plugin v19.9 - https:\/\/yoast.com\/wordpress\/plugins\/seo\/ -->\n<title>Klettersysteme \u2714\ufe0fVermietung von Kletterkonsolen&amp;Arbeitsb\u00fchnen | RENT<\/title>\n<meta name=\"description\" content=\"Klettersysteme, Kletterkonsolen und Arbeitsb\u00fchnen \u27a1\ufe0fVermietung \u27a1\ufe0fKombinierbar mit jedem Schalsystem \u27a1\ufe0fH\u00f6henverstellbar\" \/>\n<meta name=\"robots\" content=\"index, follow, max-snippet:-1, max-image-preview:large, max-video-preview:-1\" \/>\n<link rel=\"canonical\" href=\"https:\/\/www.interfama.com\/rent\/klettersysteme\/\" \/>\n<meta property=\"og:locale\" content=\"de_DE\" \/>\n<meta property=\"og:type\" content=\"article\" \/>\n<meta property=\"og:title\" content=\"Klettersysteme \u2714\ufe0fVermietung von Kletterkonsolen&amp;Arbeitsb\u00fchnen | RENT\" \/>\n<meta property=\"og:description\" content=\"Klettersysteme, Kletterkonsolen und Arbeitsb\u00fchnen \u27a1\ufe0fVermietung \u27a1\ufe0fKombinierbar mit jedem Schalsystem \u27a1\ufe0fH\u00f6henverstellbar\" \/>\n<meta property=\"og:url\" content=\"https:\/\/www.interfama.com\/rent\/klettersysteme\/\" \/>\n<meta property=\"og:site_name\" content=\"INTERFAMA RENT GmbH\" \/>\n<meta property=\"article:modified_time\" content=\"2022-03-21T10:30:29+00:00\" \/>\n<meta property=\"og:image\" content=\"https:\/\/www.interfama.com\/rent\/wp-content\/uploads\/2020\/11\/MRM-7.jpg\" \/>\n\t<meta property=\"og:image:width\" content=\"1000\" \/>\n\t<meta property=\"og:image:height\" content=\"673\" \/>\n\t<meta property=\"og:image:type\" content=\"image\/jpeg\" \/>\n<meta name=\"twitter:card\" content=\"summary_large_image\" \/>\n<meta name=\"twitter:label1\" content=\"Gesch\u00e4tzte Lesezeit\" \/>\n\t<meta name=\"twitter:data1\" content=\"3\u00a0Minuten\" \/>\n<script type=\"application\/ld+json\" class=\"yoast-schema-graph\">{\"@context\":\"https:\/\/schema.org\",\"@graph\":[{\"@type\":\"WebPage\",\"@id\":\"https:\/\/www.interfama.com\/rent\/klettersysteme\/\",\"url\":\"https:\/\/www.interfama.com\/rent\/klettersysteme\/\",\"name\":\"Klettersysteme \u2714\ufe0fVermietung von Kletterkonsolen&Arbeitsb\u00fchnen | RENT\",\"isPartOf\":{\"@id\":\"https:\/\/www.interfama.com\/rent\/#website\"},\"datePublished\":\"2020-11-13T15:38:14+00:00\",\"dateModified\":\"2022-03-21T10:30:29+00:00\",\"description\":\"Klettersysteme, Kletterkonsolen und Arbeitsb\u00fchnen \u27a1\ufe0fVermietung \u27a1\ufe0fKombinierbar mit jedem Schalsystem \u27a1\ufe0fH\u00f6henverstellbar\",\"breadcrumb\":{\"@id\":\"https:\/\/www.interfama.com\/rent\/klettersysteme\/#breadcrumb\"},\"inLanguage\":\"de\",\"potentialAction\":[{\"@type\":\"ReadAction\",\"target\":[\"https:\/\/www.interfama.com\/rent\/klettersysteme\/\"]}]},{\"@type\":\"BreadcrumbList\",\"@id\":\"https:\/\/www.interfama.com\/rent\/klettersysteme\/#breadcrumb\",\"itemListElement\":[{\"@type\":\"ListItem\",\"position\":1,\"name\":\"Startseite\",\"item\":\"https:\/\/www.interfama.com\/rent\/\"},{\"@type\":\"ListItem\",\"position\":2,\"name\":\"Klettersysteme\"}]},{\"@type\":\"WebSite\",\"@id\":\"https:\/\/www.interfama.com\/rent\/#website\",\"url\":\"https:\/\/www.interfama.com\/rent\/\",\"name\":\"INTERFAMA RENT GmbH\",\"description\":\"Einfach Beton gestalten\",\"potentialAction\":[{\"@type\":\"SearchAction\",\"target\":{\"@type\":\"EntryPoint\",\"urlTemplate\":\"https:\/\/www.interfama.com\/rent\/?s={search_term_string}\"},\"query-input\":\"required name=search_term_string\"}],\"inLanguage\":\"de\"}]}<\/script>\n<!-- \/ Yoast SEO plugin. -->","yoast_head_json":{"title":"Klettersysteme \u2714\ufe0fVermietung von Kletterkonsolen&Arbeitsb\u00fchnen | RENT","description":"Klettersysteme, Kletterkonsolen und Arbeitsb\u00fchnen \u27a1\ufe0fVermietung \u27a1\ufe0fKombinierbar mit jedem Schalsystem \u27a1\ufe0fH\u00f6henverstellbar","robots":{"index":"index","follow":"follow","max-snippet":"max-snippet:-1","max-image-preview":"max-image-preview:large","max-video-preview":"max-video-preview:-1"},"canonical":"https:\/\/www.interfama.com\/rent\/klettersysteme\/","og_locale":"de_DE","og_type":"article","og_title":"Klettersysteme \u2714\ufe0fVermietung von Kletterkonsolen&Arbeitsb\u00fchnen | RENT","og_description":"Klettersysteme, Kletterkonsolen und Arbeitsb\u00fchnen \u27a1\ufe0fVermietung \u27a1\ufe0fKombinierbar mit jedem Schalsystem \u27a1\ufe0fH\u00f6henverstellbar","og_url":"https:\/\/www.interfama.com\/rent\/klettersysteme\/","og_site_name":"INTERFAMA RENT GmbH","article_modified_time":"2022-03-21T10:30:29+00:00","og_image":[{"width":1000,"height":673,"url":"https:\/\/www.interfama.com\/rent\/wp-content\/uploads\/2020\/11\/MRM-7.jpg","type":"image\/jpeg"}],"twitter_card":"summary_large_image","twitter_misc":{"Gesch\u00e4tzte Lesezeit":"3\u00a0Minuten"},"schema":{"@context":"https:\/\/schema.org","@graph":[{"@type":"WebPage","@id":"https:\/\/www.interfama.com\/rent\/klettersysteme\/","url":"https:\/\/www.interfama.com\/rent\/klettersysteme\/","name":"Klettersysteme \u2714\ufe0fVermietung von Kletterkonsolen&Arbeitsb\u00fchnen | RENT","isPartOf":{"@id":"https:\/\/www.interfama.com\/rent\/#website"},"datePublished":"2020-11-13T15:38:14+00:00","dateModified":"2022-03-21T10:30:29+00:00","description":"Klettersysteme, Kletterkonsolen und Arbeitsb\u00fchnen \u27a1\ufe0fVermietung \u27a1\ufe0fKombinierbar mit jedem Schalsystem \u27a1\ufe0fH\u00f6henverstellbar","breadcrumb":{"@id":"https:\/\/www.interfama.com\/rent\/klettersysteme\/#breadcrumb"},"inLanguage":"de","potentialAction":[{"@type":"ReadAction","target":["https:\/\/www.interfama.com\/rent\/klettersysteme\/"]}]},{"@type":"BreadcrumbList","@id":"https:\/\/www.interfama.com\/rent\/klettersysteme\/#breadcrumb","itemListElement":[{"@type":"ListItem","position":1,"name":"Startseite","item":"https:\/\/www.interfama.com\/rent\/"},{"@type":"ListItem","position":2,"name":"Klettersysteme"}]},{"@type":"WebSite","@id":"https:\/\/www.interfama.com\/rent\/#website","url":"https:\/\/www.interfama.com\/rent\/","name":"INTERFAMA RENT GmbH","description":"Einfach Beton gestalten","potentialAction":[{"@type":"SearchAction","target":{"@type":"EntryPoint","urlTemplate":"https:\/\/www.interfama.com\/rent\/?s={search_term_string}"},"query-input":"required name=search_term_string"}],"inLanguage":"de"}]}},"_links":{"self":[{"href":"https:\/\/www.interfama.com\/rent\/wp-json\/wp\/v2\/pages\/2184"}],"collection":[{"href":"https:\/\/www.interfama.com\/rent\/wp-json\/wp\/v2\/pages"}],"about":[{"href":"https:\/\/www.interfama.com\/rent\/wp-json\/wp\/v2\/types\/page"}],"author":[{"embeddable":true,"href":"https:\/\/www.interfama.com\/rent\/wp-json\/wp\/v2\/users\/1"}],"replies":[{"embeddable":true,"href":"https:\/\/www.interfama.com\/rent\/wp-json\/wp\/v2\/comments?post=2184"}],"version-history":[{"count":1,"href":"https:\/\/www.interfama.com\/rent\/wp-json\/wp\/v2\/pages\/2184\/revisions"}],"predecessor-version":[{"id":7325,"href":"https:\/\/www.interfama.com\/rent\/wp-json\/wp\/v2\/pages\/2184\/revisions\/7325"}],"wp:featuredmedia":[{"embeddable":true,"href":"https:\/\/www.interfama.com\/rent\/wp-json\/wp\/v2\/media\/2208"}],"wp:attachment":[{"href":"https:\/\/www.interfama.com\/rent\/wp-json\/wp\/v2\/media?parent=2184"}],"curies":[{"name":"wp","href":"https:\/\/api.w.org\/{rel}","templated":true}]}}