{"id":4484,"date":"2020-11-13T17:01:34","date_gmt":"2020-11-13T16:01:34","guid":{"rendered":"http:\/\/23118.web.zcom.it\/rent\/kletterhalterung-mrs\/"},"modified":"2022-09-01T13:27:14","modified_gmt":"2022-09-01T11:27:14","slug":"console-reglable-mrs","status":"publish","type":"page","link":"https:\/\/www.interfama.com\/rent\/fr\/console-reglable-mrs\/","title":{"rendered":"CONSOLE REGLABLE MRS"},"content":{"rendered":"<p>[et_pb_section fb_built=\u00a0\u00bb1&Prime; fullwidth=\u00a0\u00bbon\u00a0\u00bb _builder_version=\u00a0\u00bb4.16&Prime; _module_preset=\u00a0\u00bbdefault\u00a0\u00bb animation_style=\u00a0\u00bbfade\u00a0\u00bb global_colors_info=\u00a0\u00bb{}\u00a0\u00bb][et_pb_fullwidth_header header_fullscreen=\u00a0\u00bbon\u00a0\u00bb _builder_version=\u00a0\u00bb4.16&Prime; _module_preset=\u00a0\u00bbdefault\u00a0\u00bb background_enable_color=\u00a0\u00bboff\u00a0\u00bb background_image=\u00a0\u00bbhttps:\/\/www.interfama.com\/rent\/wp-content\/uploads\/2020\/11\/head.jpg\u00a0\u00bb parallax=\u00a0\u00bbon\u00a0\u00bb global_colors_info=\u00a0\u00bb{}\u00a0\u00bb][\/et_pb_fullwidth_header][\/et_pb_section][et_pb_section fb_built=\u00a0\u00bb1&Prime; _builder_version=\u00a0\u00bb4.16&Prime; background_enable_color=\u00a0\u00bboff\u00a0\u00bb use_background_color_gradient=\u00a0\u00bbon\u00a0\u00bb background_color_gradient_direction=\u00a0\u00bb1deg\u00a0\u00bb background_color_gradient_stops=\u00a0\u00bb#ffffff 37%|#d6d6d6 100%\u00a0\u00bb background_color_gradient_start=\u00a0\u00bb#ffffff\u00a0\u00bb background_color_gradient_start_position=\u00a0\u00bb37%\u00a0\u00bb background_color_gradient_end=\u00a0\u00bb#d6d6d6&Prime; custom_margin=\u00a0\u00bb||||false|false\u00a0\u00bb animation_direction=\u00a0\u00bbbottom\u00a0\u00bb global_colors_info=\u00a0\u00bb{}\u00a0\u00bb][et_pb_row module_id=\u00a0\u00bbsysteme\u00a0\u00bb _builder_version=\u00a0\u00bb4.16&Prime; background_enable_color=\u00a0\u00bboff\u00a0\u00bb width=\u00a0\u00bb75%\u00a0\u00bb width_tablet=\u00a0\u00bb100%\u00a0\u00bb width_phone=\u00a0\u00bb100%\u00a0\u00bb width_last_edited=\u00a0\u00bbon|phone\u00a0\u00bb custom_margin=\u00a0\u00bb-75vh||0px||false|false\u00a0\u00bb custom_padding=\u00a0\u00bb||0px||false|false\u00a0\u00bb animation_style=\u00a0\u00bbfade\u00a0\u00bb animation_direction=\u00a0\u00bbbottom\u00a0\u00bb animation_delay=\u00a0\u00bb1000ms\u00a0\u00bb global_colors_info=\u00a0\u00bb{}\u00a0\u00bb][et_pb_column type=\u00a0\u00bb4_4&Prime; _builder_version=\u00a0\u00bb4.16&Prime; background_color=\u00a0\u00bb#ffffff\u00a0\u00bb global_colors_info=\u00a0\u00bb{}\u00a0\u00bb][et_pb_text admin_label=\u00a0\u00bbEinleitungstext\u00a0\u00bb _builder_version=\u00a0\u00bb4.16&Prime; header_2_line_height=\u00a0\u00bb2em\u00a0\u00bb background_enable_color=\u00a0\u00bboff\u00a0\u00bb width=\u00a0\u00bb100%\u00a0\u00bb custom_margin=\u00a0\u00bb||||false|false\u00a0\u00bb custom_padding=\u00a0\u00bb3em|4em|3em|4em|false|false\u00a0\u00bb custom_padding_tablet=\u00a0\u00bb2em|2em|2em|2em|false|false\u00a0\u00bb custom_padding_phone=\u00a0\u00bb2em|2em|2em|2em|false|false\u00a0\u00bb custom_padding_last_edited=\u00a0\u00bbon|desktop\u00a0\u00bb animation_style=\u00a0\u00bbfade\u00a0\u00bb header_2_font_size_tablet=\u00a0\u00bb25px\u00a0\u00bb header_2_font_size_phone=\u00a0\u00bb24px\u00a0\u00bb header_2_font_size_last_edited=\u00a0\u00bbon|phone\u00a0\u00bb global_colors_info=\u00a0\u00bb{}\u00a0\u00bb]<\/p>\n<h1>CONSOLE REGLABLE MRS<\/h1>\n<p>Le console r\u00e9glable MRS en acier peut \u00eatre positionn\u00e9e en pr\u00e9sence d&rsquo;\u00e9chafaudages ou d&rsquo;espaces limit\u00e9s. Il peut \u00eatre fix\u00e9 avec un ancrage \u00e0 perdre ou avec une tige. Il peut \u00eatre ajust\u00e9 en hauteur tous les 5 cm jusqu&rsquo;\u00e0 45 cm.<\/p>\n<p>[\/et_pb_text][\/et_pb_column][\/et_pb_row][et_pb_row column_structure=\u00a0\u00bb1_3,1_3,1_3&Prime; make_equal=\u00a0\u00bbon\u00a0\u00bb custom_padding_last_edited=\u00a0\u00bbon|desktop\u00a0\u00bb module_id=\u00a0\u00bbsysteme\u00a0\u00bb _builder_version=\u00a0\u00bb4.16&Prime; background_color=\u00a0\u00bb#ffffff\u00a0\u00bb width=\u00a0\u00bb75%\u00a0\u00bb width_tablet=\u00a0\u00bb100%\u00a0\u00bb width_phone=\u00a0\u00bb100%\u00a0\u00bb width_last_edited=\u00a0\u00bbon|desktop\u00a0\u00bb custom_margin=\u00a0\u00bb0px||0px||false|false\u00a0\u00bb custom_padding=\u00a0\u00bb3em|4em|0px|4em|false|false\u00a0\u00bb custom_padding_tablet=\u00a0\u00bb2em|2em|0em|2em|false|false\u00a0\u00bb custom_padding_phone=\u00a0\u00bb||0em||false|false\u00a0\u00bb animation_style=\u00a0\u00bbfade\u00a0\u00bb animation_direction=\u00a0\u00bbbottom\u00a0\u00bb animation_delay=\u00a0\u00bb1000ms\u00a0\u00bb global_colors_info=\u00a0\u00bb{}\u00a0\u00bb][et_pb_column type=\u00a0\u00bb1_3&Prime; _builder_version=\u00a0\u00bb4.16&Prime; background_color=\u00a0\u00bb#ffffff\u00a0\u00bb global_colors_info=\u00a0\u00bb{}\u00a0\u00bb][et_pb_blurb title=\u00a0\u00bbR\u00e9glable en hauteur (0 &#8211; 45 cm)\u00a0\u00bb use_icon=\u00a0\u00bbon\u00a0\u00bb font_icon=\u00a0\u00bb&#x4e;||divi||400&Prime; icon_color=\u00a0\u00bb#e02b20&Prime; image_icon_width=\u00a0\u00bb40px\u00a0\u00bb title_last_edited=\u00a0\u00bboff|desktop\u00a0\u00bb _builder_version=\u00a0\u00bb4.16&Prime; _module_preset=\u00a0\u00bbdefault\u00a0\u00bb header_text_align=\u00a0\u00bbcenter\u00a0\u00bb text_orientation=\u00a0\u00bbcenter\u00a0\u00bb animation=\u00a0\u00bboff\u00a0\u00bb icon_font_size=\u00a0\u00bb40px\u00a0\u00bb global_colors_info=\u00a0\u00bb{}\u00a0\u00bb][\/et_pb_blurb][\/et_pb_column][et_pb_column type=\u00a0\u00bb1_3&Prime; _builder_version=\u00a0\u00bb4.16&Prime; background_color=\u00a0\u00bb#ffffff\u00a0\u00bb global_colors_info=\u00a0\u00bb{}\u00a0\u00bb][et_pb_blurb title=\u00a0\u00bbL\u00e9g\u00e8re, d\u00e9placement maniable \u00a0\u00bb use_icon=\u00a0\u00bbon\u00a0\u00bb font_icon=\u00a0\u00bb&#x4e;||divi||400&Prime; icon_color=\u00a0\u00bb#e02b20&Prime; image_icon_width=\u00a0\u00bb40px\u00a0\u00bb title_last_edited=\u00a0\u00bboff|desktop\u00a0\u00bb _builder_version=\u00a0\u00bb4.16&Prime; _module_preset=\u00a0\u00bbdefault\u00a0\u00bb header_text_align=\u00a0\u00bbcenter\u00a0\u00bb text_orientation=\u00a0\u00bbcenter\u00a0\u00bb animation=\u00a0\u00bboff\u00a0\u00bb icon_font_size=\u00a0\u00bb40px\u00a0\u00bb global_colors_info=\u00a0\u00bb{}\u00a0\u00bb][\/et_pb_blurb][\/et_pb_column][et_pb_column type=\u00a0\u00bb1_3&Prime; _builder_version=\u00a0\u00bb4.16&Prime; background_color=\u00a0\u00bb#ffffff\u00a0\u00bb global_colors_info=\u00a0\u00bb{}\u00a0\u00bb][et_pb_blurb title=\u00a0\u00bbReprise avantageuse d\u00b4un point de vue \u00e9conomique\u00a0\u00bb use_icon=\u00a0\u00bbon\u00a0\u00bb font_icon=\u00a0\u00bb&#x4e;||divi||400&Prime; icon_color=\u00a0\u00bb#e02b20&Prime; image_icon_width=\u00a0\u00bb40px\u00a0\u00bb title_last_edited=\u00a0\u00bboff|desktop\u00a0\u00bb _builder_version=\u00a0\u00bb4.16&Prime; _module_preset=\u00a0\u00bbdefault\u00a0\u00bb header_text_align=\u00a0\u00bbcenter\u00a0\u00bb text_orientation=\u00a0\u00bbcenter\u00a0\u00bb animation=\u00a0\u00bboff\u00a0\u00bb icon_font_size=\u00a0\u00bb40px\u00a0\u00bb global_colors_info=\u00a0\u00bb{}\u00a0\u00bb][\/et_pb_blurb][\/et_pb_column][\/et_pb_row][et_pb_row column_structure=\u00a0\u00bb1_3,1_3,1_3&Prime; make_equal=\u00a0\u00bbon\u00a0\u00bb custom_padding_last_edited=\u00a0\u00bbon|desktop\u00a0\u00bb module_id=\u00a0\u00bbsysteme\u00a0\u00bb _builder_version=\u00a0\u00bb4.16&Prime; background_color=\u00a0\u00bb#ffffff\u00a0\u00bb width=\u00a0\u00bb75%\u00a0\u00bb width_tablet=\u00a0\u00bb100%\u00a0\u00bb width_phone=\u00a0\u00bb100%\u00a0\u00bb width_last_edited=\u00a0\u00bbon|desktop\u00a0\u00bb custom_margin=\u00a0\u00bb0px||0px||false|false\u00a0\u00bb custom_padding=\u00a0\u00bb3em|4em|0px|4em|false|false\u00a0\u00bb custom_padding_tablet=\u00a0\u00bb2em|2em|0em|2em|false|false\u00a0\u00bb custom_padding_phone=\u00a0\u00bb||0em||false|false\u00a0\u00bb animation_style=\u00a0\u00bbfade\u00a0\u00bb animation_direction=\u00a0\u00bbbottom\u00a0\u00bb animation_delay=\u00a0\u00bb1000ms\u00a0\u00bb global_colors_info=\u00a0\u00bb{}\u00a0\u00bb][et_pb_column type=\u00a0\u00bb1_3&Prime; _builder_version=\u00a0\u00bb4.16&Prime; background_color=\u00a0\u00bb#ffffff\u00a0\u00bb global_colors_info=\u00a0\u00bb{}\u00a0\u00bb][et_pb_blurb title=\u00a0\u00bbDouble choix pour le type d\u2018ancrage\u00a0\u00bb use_icon=\u00a0\u00bbon\u00a0\u00bb font_icon=\u00a0\u00bb&#x4e;||divi||400&Prime; icon_color=\u00a0\u00bb#e02b20&Prime; image_icon_width=\u00a0\u00bb40px\u00a0\u00bb title_last_edited=\u00a0\u00bboff|desktop\u00a0\u00bb _builder_version=\u00a0\u00bb4.16&Prime; _module_preset=\u00a0\u00bbdefault\u00a0\u00bb header_text_align=\u00a0\u00bbcenter\u00a0\u00bb text_orientation=\u00a0\u00bbcenter\u00a0\u00bb animation=\u00a0\u00bboff\u00a0\u00bb icon_font_size=\u00a0\u00bb40px\u00a0\u00bb global_colors_info=\u00a0\u00bb{}\u00a0\u00bb][\/et_pb_blurb][\/et_pb_column][et_pb_column type=\u00a0\u00bb1_3&Prime; _builder_version=\u00a0\u00bb4.16&Prime; background_color=\u00a0\u00bb#ffffff\u00a0\u00bb global_colors_info=\u00a0\u00bb{}\u00a0\u00bb][\/et_pb_column][et_pb_column type=\u00a0\u00bb1_3&Prime; _builder_version=\u00a0\u00bb4.16&Prime; background_color=\u00a0\u00bb#ffffff\u00a0\u00bb global_colors_info=\u00a0\u00bb{}\u00a0\u00bb][\/et_pb_column][\/et_pb_row][et_pb_row use_custom_gutter=\u00a0\u00bbon\u00a0\u00bb gutter_width=\u00a0\u00bb1&Prime; disabled_on=\u00a0\u00bboff|off|off\u00a0\u00bb _builder_version=\u00a0\u00bb4.17.3&Prime; _module_preset=\u00a0\u00bbdefault\u00a0\u00bb background_color=\u00a0\u00bb#ffffff\u00a0\u00bb z_index=\u00a0\u00bb500&Prime; width=\u00a0\u00bb75%\u00a0\u00bb module_alignment=\u00a0\u00bbcenter\u00a0\u00bb custom_margin=\u00a0\u00bb0px|0px|0px|0px|false|false\u00a0\u00bb custom_padding=\u00a0\u00bb75px|0px|0px|0px|false|false\u00a0\u00bb animation_style=\u00a0\u00bbfade\u00a0\u00bb animation_delay=\u00a0\u00bb1000ms\u00a0\u00bb hover_enabled=\u00a0\u00bb0&Prime; global_colors_info=\u00a0\u00bb{}\u00a0\u00bb sticky_enabled=\u00a0\u00bb0&Prime;][et_pb_column type=\u00a0\u00bb4_4&Prime; _builder_version=\u00a0\u00bb4.16&Prime; _module_preset=\u00a0\u00bbdefault\u00a0\u00bb global_colors_info=\u00a0\u00bb{}\u00a0\u00bb][et_pb_gallery gallery_ids=\u00a0\u00bb2204,2210,2211&Prime; posts_number=\u00a0\u00bb20&Prime; show_title_and_caption=\u00a0\u00bboff\u00a0\u00bb show_pagination=\u00a0\u00bboff\u00a0\u00bb admin_label=\u00a0\u00bbFotogalerie\u00a0\u00bb _builder_version=\u00a0\u00bb4.16&Prime; _module_preset=\u00a0\u00bbdefault\u00a0\u00bb global_colors_info=\u00a0\u00bb{}\u00a0\u00bb][\/et_pb_gallery][\/et_pb_column][\/et_pb_row][et_pb_row use_custom_gutter=\u00a0\u00bbon\u00a0\u00bb gutter_width=\u00a0\u00bb1&Prime; _builder_version=\u00a0\u00bb4.17.3&Prime; _module_preset=\u00a0\u00bbdefault\u00a0\u00bb background_color=\u00a0\u00bb#ffffff\u00a0\u00bb z_index=\u00a0\u00bb500&Prime; width=\u00a0\u00bb75%\u00a0\u00bb module_alignment=\u00a0\u00bbcenter\u00a0\u00bb custom_margin=\u00a0\u00bb0px|0px|0px|0px|false|false\u00a0\u00bb custom_padding=\u00a0\u00bb75px|0px|0px|0px|false|false\u00a0\u00bb animation_style=\u00a0\u00bbfade\u00a0\u00bb animation_delay=\u00a0\u00bb1000ms\u00a0\u00bb hover_enabled=\u00a0\u00bb0&Prime; global_colors_info=\u00a0\u00bb{}\u00a0\u00bb sticky_enabled=\u00a0\u00bb0&Prime;][et_pb_column type=\u00a0\u00bb4_4&Prime; _builder_version=\u00a0\u00bb4.16&Prime; _module_preset=\u00a0\u00bbdefault\u00a0\u00bb global_colors_info=\u00a0\u00bb{}\u00a0\u00bb][et_pb_text admin_label=\u00a0\u00bb\u00dcberschriften\u00a0\u00bb _builder_version=\u00a0\u00bb4.16&Prime; custom_margin=\u00a0\u00bb||||false|false\u00a0\u00bb custom_padding=\u00a0\u00bb||||false|false\u00a0\u00bb header_2_font_size_tablet=\u00a0\u00bb25px\u00a0\u00bb header_2_font_size_phone=\u00a0\u00bb24px\u00a0\u00bb header_2_font_size_last_edited=\u00a0\u00bbon|phone\u00a0\u00bb global_colors_info=\u00a0\u00bb{}\u00a0\u00bb]<\/p>\n<h2 style=\"text-align: center;\">Informations compl\u00e9mentaires<\/h2>\n<p>[\/et_pb_text][et_pb_divider divider_weight=\u00a0\u00bb5px\u00a0\u00bb _builder_version=\u00a0\u00bb4.16&Prime; _module_preset=\u00a0\u00bbdefault\u00a0\u00bb global_colors_info=\u00a0\u00bb{}\u00a0\u00bb][\/et_pb_divider][\/et_pb_column][\/et_pb_row][et_pb_row column_structure=\u00a0\u00bb1_2,1_2&Prime; use_custom_gutter=\u00a0\u00bbon\u00a0\u00bb gutter_width=\u00a0\u00bb1&Prime; make_equal=\u00a0\u00bbon\u00a0\u00bb _builder_version=\u00a0\u00bb4.17.3&Prime; _module_preset=\u00a0\u00bbdefault\u00a0\u00bb background_color=\u00a0\u00bb#ffffff\u00a0\u00bb z_index=\u00a0\u00bb500&Prime; width=\u00a0\u00bb75%\u00a0\u00bb module_alignment=\u00a0\u00bbcenter\u00a0\u00bb custom_margin=\u00a0\u00bb0px|0px|0px|0px|false|false\u00a0\u00bb custom_padding=\u00a0\u00bb75px|0px|75px|0px|false|false\u00a0\u00bb animation_style=\u00a0\u00bbfade\u00a0\u00bb animation_delay=\u00a0\u00bb1000ms\u00a0\u00bb hover_enabled=\u00a0\u00bb0&Prime; locked=\u00a0\u00bboff\u00a0\u00bb global_colors_info=\u00a0\u00bb{}\u00a0\u00bb sticky_enabled=\u00a0\u00bb0&Prime;][et_pb_column type=\u00a0\u00bb1_2&Prime; module_class=\u00a0\u00bbds-vertical-align\u00a0\u00bb _builder_version=\u00a0\u00bb4.16&Prime; _module_preset=\u00a0\u00bbdefault\u00a0\u00bb global_colors_info=\u00a0\u00bb{}\u00a0\u00bb][et_pb_image src=\u00a0\u00bbhttps:\/\/www.interfama.com\/rent\/wp-content\/uploads\/2021\/04\/Titelseite-fr.jpg\u00a0\u00bb title_text=\u00a0\u00bbTitelseite-fr\u00a0\u00bb url=\u00a0\u00bbhttps:\/\/www.interfama.com\/rent\/wp-content\/uploads\/2021\/04\/FR.pdf#page=66&Prime; url_new_window=\u00a0\u00bbon\u00a0\u00bb align=\u00a0\u00bbright\u00a0\u00bb admin_label=\u00a0\u00bbBild Hauptkatalog\u00a0\u00bb _builder_version=\u00a0\u00bb4.16&Prime; _module_preset=\u00a0\u00bbdefault\u00a0\u00bb custom_margin=\u00a0\u00bb|60px|||false|false\u00a0\u00bb global_colors_info=\u00a0\u00bb{}\u00a0\u00bb][\/et_pb_image][\/et_pb_column][et_pb_column type=\u00a0\u00bb1_2&Prime; module_class=\u00a0\u00bbds-vertical-align\u00a0\u00bb _builder_version=\u00a0\u00bb4.16&Prime; _module_preset=\u00a0\u00bbdefault\u00a0\u00bb global_colors_info=\u00a0\u00bb{}\u00a0\u00bb][et_pb_button button_url=\u00a0\u00bbhttps:\/\/www.interfama.com\/rent\/wp-content\/uploads\/2021\/04\/FR.pdf#page=66&Prime; url_new_window=\u00a0\u00bbon\u00a0\u00bb button_text=\u00a0\u00bbT\u00e9l\u00e9charger le catalogue de produits\u00a0\u00bb button_alignment=\u00a0\u00bbleft\u00a0\u00bb button_alignment_tablet=\u00a0\u00bbleft\u00a0\u00bb button_alignment_phone=\u00a0\u00bbcenter\u00a0\u00bb button_alignment_last_edited=\u00a0\u00bbon|desktop\u00a0\u00bb admin_label=\u00a0\u00bbDownload Hauptkatalog\u00a0\u00bb _builder_version=\u00a0\u00bb4.16&Prime; _module_preset=\u00a0\u00bbdefault\u00a0\u00bb custom_css_main_element=\u00a0\u00bbmargin: auto;\u00a0\u00bb global_colors_info=\u00a0\u00bb{}\u00a0\u00bb][\/et_pb_button][\/et_pb_column][\/et_pb_row][\/et_pb_section]<\/p>\n","protected":false},"excerpt":{"rendered":"<p>CONSOLE REGLABLE MRS Le console r\u00e9glable MRS en acier peut \u00eatre positionn\u00e9e en pr\u00e9sence d&rsquo;\u00e9chafaudages ou d&rsquo;espaces limit\u00e9s. Il peut \u00eatre fix\u00e9 avec un ancrage \u00e0 perdre ou avec une tige. Il peut \u00eatre ajust\u00e9 en hauteur tous les 5 cm jusqu&rsquo;\u00e0 45 cm.Informations compl\u00e9mentaires<\/p>\n","protected":false},"author":1,"featured_media":4485,"parent":0,"menu_order":0,"comment_status":"closed","ping_status":"closed","template":"","meta":{"_et_pb_use_builder":"on","_et_pb_old_content":"","_et_gb_content_width":""},"yoast_head":"<!-- This site is optimized with the Yoast SEO plugin v19.9 - https:\/\/yoast.com\/wordpress\/plugins\/seo\/ -->\n<title>CONSOLE REGLABLE MRS - INTERFAMA RENT GmbH<\/title>\n<meta name=\"robots\" content=\"index, follow, max-snippet:-1, max-image-preview:large, max-video-preview:-1\" \/>\n<link rel=\"canonical\" href=\"https:\/\/www.interfama.com\/rent\/fr\/console-reglable-mrs\/\" \/>\n<meta property=\"og:locale\" content=\"fr_FR\" \/>\n<meta property=\"og:type\" content=\"article\" \/>\n<meta property=\"og:title\" content=\"CONSOLE REGLABLE MRS - INTERFAMA RENT GmbH\" \/>\n<meta property=\"og:description\" content=\"CONSOLE REGLABLE MRS Le console r\u00e9glable MRS en acier peut \u00eatre positionn\u00e9e en pr\u00e9sence d&#039;\u00e9chafaudages ou d&#039;espaces limit\u00e9s. Il peut \u00eatre fix\u00e9 avec un ancrage \u00e0 perdre ou avec une tige. Il peut \u00eatre ajust\u00e9 en hauteur tous les 5 cm jusqu&#039;\u00e0 45 cm.Informations compl\u00e9mentaires\" \/>\n<meta property=\"og:url\" content=\"https:\/\/www.interfama.com\/rent\/fr\/console-reglable-mrs\/\" \/>\n<meta property=\"og:site_name\" content=\"INTERFAMA RENT GmbH\" \/>\n<meta property=\"article:modified_time\" content=\"2022-09-01T11:27:14+00:00\" \/>\n<meta property=\"og:image\" content=\"https:\/\/www.interfama.com\/rent\/wp-content\/uploads\/2020\/11\/head.jpg\" \/>\n\t<meta property=\"og:image:width\" content=\"1170\" \/>\n\t<meta property=\"og:image:height\" content=\"504\" \/>\n\t<meta property=\"og:image:type\" content=\"image\/jpeg\" \/>\n<meta name=\"twitter:card\" content=\"summary_large_image\" \/>\n<meta name=\"twitter:label1\" content=\"Dur\u00e9e de lecture estim\u00e9e\" \/>\n\t<meta name=\"twitter:data1\" content=\"6 minutes\" \/>\n<script type=\"application\/ld+json\" class=\"yoast-schema-graph\">{\"@context\":\"https:\/\/schema.org\",\"@graph\":[{\"@type\":\"WebPage\",\"@id\":\"https:\/\/www.interfama.com\/rent\/fr\/console-reglable-mrs\/\",\"url\":\"https:\/\/www.interfama.com\/rent\/fr\/console-reglable-mrs\/\",\"name\":\"CONSOLE REGLABLE MRS - INTERFAMA RENT GmbH\",\"isPartOf\":{\"@id\":\"https:\/\/www.interfama.com\/rent\/#website\"},\"datePublished\":\"2020-11-13T16:01:34+00:00\",\"dateModified\":\"2022-09-01T11:27:14+00:00\",\"breadcrumb\":{\"@id\":\"https:\/\/www.interfama.com\/rent\/fr\/console-reglable-mrs\/#breadcrumb\"},\"inLanguage\":\"fr-FR\",\"potentialAction\":[{\"@type\":\"ReadAction\",\"target\":[\"https:\/\/www.interfama.com\/rent\/fr\/console-reglable-mrs\/\"]}]},{\"@type\":\"BreadcrumbList\",\"@id\":\"https:\/\/www.interfama.com\/rent\/fr\/console-reglable-mrs\/#breadcrumb\",\"itemListElement\":[{\"@type\":\"ListItem\",\"position\":1,\"name\":\"Startseite\",\"item\":\"https:\/\/www.interfama.com\/rent\/fr\/\"},{\"@type\":\"ListItem\",\"position\":2,\"name\":\"CONSOLE REGLABLE MRS\"}]},{\"@type\":\"WebSite\",\"@id\":\"https:\/\/www.interfama.com\/rent\/#website\",\"url\":\"https:\/\/www.interfama.com\/rent\/\",\"name\":\"INTERFAMA RENT GmbH\",\"description\":\"Einfach Beton gestalten\",\"potentialAction\":[{\"@type\":\"SearchAction\",\"target\":{\"@type\":\"EntryPoint\",\"urlTemplate\":\"https:\/\/www.interfama.com\/rent\/?s={search_term_string}\"},\"query-input\":\"required name=search_term_string\"}],\"inLanguage\":\"fr-FR\"}]}<\/script>\n<!-- \/ Yoast SEO plugin. -->","yoast_head_json":{"title":"CONSOLE REGLABLE MRS - INTERFAMA RENT GmbH","robots":{"index":"index","follow":"follow","max-snippet":"max-snippet:-1","max-image-preview":"max-image-preview:large","max-video-preview":"max-video-preview:-1"},"canonical":"https:\/\/www.interfama.com\/rent\/fr\/console-reglable-mrs\/","og_locale":"fr_FR","og_type":"article","og_title":"CONSOLE REGLABLE MRS - INTERFAMA RENT GmbH","og_description":"CONSOLE REGLABLE MRS Le console r\u00e9glable MRS en acier peut \u00eatre positionn\u00e9e en pr\u00e9sence d'\u00e9chafaudages ou d'espaces limit\u00e9s. Il peut \u00eatre fix\u00e9 avec un ancrage \u00e0 perdre ou avec une tige. Il peut \u00eatre ajust\u00e9 en hauteur tous les 5 cm jusqu'\u00e0 45 cm.Informations compl\u00e9mentaires","og_url":"https:\/\/www.interfama.com\/rent\/fr\/console-reglable-mrs\/","og_site_name":"INTERFAMA RENT GmbH","article_modified_time":"2022-09-01T11:27:14+00:00","og_image":[{"width":1170,"height":504,"url":"https:\/\/www.interfama.com\/rent\/wp-content\/uploads\/2020\/11\/head.jpg","type":"image\/jpeg"}],"twitter_card":"summary_large_image","twitter_misc":{"Dur\u00e9e de lecture estim\u00e9e":"6 minutes"},"schema":{"@context":"https:\/\/schema.org","@graph":[{"@type":"WebPage","@id":"https:\/\/www.interfama.com\/rent\/fr\/console-reglable-mrs\/","url":"https:\/\/www.interfama.com\/rent\/fr\/console-reglable-mrs\/","name":"CONSOLE REGLABLE MRS - INTERFAMA RENT GmbH","isPartOf":{"@id":"https:\/\/www.interfama.com\/rent\/#website"},"datePublished":"2020-11-13T16:01:34+00:00","dateModified":"2022-09-01T11:27:14+00:00","breadcrumb":{"@id":"https:\/\/www.interfama.com\/rent\/fr\/console-reglable-mrs\/#breadcrumb"},"inLanguage":"fr-FR","potentialAction":[{"@type":"ReadAction","target":["https:\/\/www.interfama.com\/rent\/fr\/console-reglable-mrs\/"]}]},{"@type":"BreadcrumbList","@id":"https:\/\/www.interfama.com\/rent\/fr\/console-reglable-mrs\/#breadcrumb","itemListElement":[{"@type":"ListItem","position":1,"name":"Startseite","item":"https:\/\/www.interfama.com\/rent\/fr\/"},{"@type":"ListItem","position":2,"name":"CONSOLE REGLABLE MRS"}]},{"@type":"WebSite","@id":"https:\/\/www.interfama.com\/rent\/#website","url":"https:\/\/www.interfama.com\/rent\/","name":"INTERFAMA RENT GmbH","description":"Einfach Beton gestalten","potentialAction":[{"@type":"SearchAction","target":{"@type":"EntryPoint","urlTemplate":"https:\/\/www.interfama.com\/rent\/?s={search_term_string}"},"query-input":"required name=search_term_string"}],"inLanguage":"fr-FR"}]}},"_links":{"self":[{"href":"https:\/\/www.interfama.com\/rent\/fr\/wp-json\/wp\/v2\/pages\/4484"}],"collection":[{"href":"https:\/\/www.interfama.com\/rent\/fr\/wp-json\/wp\/v2\/pages"}],"about":[{"href":"https:\/\/www.interfama.com\/rent\/fr\/wp-json\/wp\/v2\/types\/page"}],"author":[{"embeddable":true,"href":"https:\/\/www.interfama.com\/rent\/fr\/wp-json\/wp\/v2\/users\/1"}],"replies":[{"embeddable":true,"href":"https:\/\/www.interfama.com\/rent\/fr\/wp-json\/wp\/v2\/comments?post=4484"}],"version-history":[{"count":2,"href":"https:\/\/www.interfama.com\/rent\/fr\/wp-json\/wp\/v2\/pages\/4484\/revisions"}],"predecessor-version":[{"id":7811,"href":"https:\/\/www.interfama.com\/rent\/fr\/wp-json\/wp\/v2\/pages\/4484\/revisions\/7811"}],"wp:featuredmedia":[{"embeddable":true,"href":"https:\/\/www.interfama.com\/rent\/fr\/wp-json\/wp\/v2\/media\/4485"}],"wp:attachment":[{"href":"https:\/\/www.interfama.com\/rent\/fr\/wp-json\/wp\/v2\/media?parent=4484"}],"curies":[{"name":"wp","href":"https:\/\/api.w.org\/{rel}","templated":true}]}}