{"id":4354,"date":"2020-12-03T14:13:42","date_gmt":"2020-12-03T13:13:42","guid":{"rendered":"http:\/\/23118.web.zcom.it\/rent\/kellerschacht-schalung-kss\/"},"modified":"2022-05-03T11:28:58","modified_gmt":"2022-05-03T09:28:58","slug":"coffrage-bouche-de-loup-kss","status":"publish","type":"page","link":"https:\/\/www.interfama.com\/rent\/fr\/coffrage-bouche-de-loup-kss\/","title":{"rendered":"COFFRAGE BOUCHE DE LOUP KSS"},"content":{"rendered":"<p>[et_pb_section fb_built=\u00a0\u00bb1&Prime; fullwidth=\u00a0\u00bbon\u00a0\u00bb _builder_version=\u00a0\u00bb4.16&Prime; _module_preset=\u00a0\u00bbdefault\u00a0\u00bb animation_style=\u00a0\u00bbfade\u00a0\u00bb global_colors_info=\u00a0\u00bb{}\u00a0\u00bb][et_pb_fullwidth_header header_fullscreen=\u00a0\u00bbon\u00a0\u00bb _builder_version=\u00a0\u00bb4.16&Prime; _module_preset=\u00a0\u00bbdefault\u00a0\u00bb background_enable_color=\u00a0\u00bboff\u00a0\u00bb background_image=\u00a0\u00bbhttps:\/\/www.interfama.com\/rent\/wp-content\/uploads\/2020\/12\/head-2.jpg\u00a0\u00bb parallax=\u00a0\u00bbon\u00a0\u00bb global_colors_info=\u00a0\u00bb{}\u00a0\u00bb][\/et_pb_fullwidth_header][\/et_pb_section][et_pb_section fb_built=\u00a0\u00bb1&Prime; _builder_version=\u00a0\u00bb4.16&Prime; background_enable_color=\u00a0\u00bboff\u00a0\u00bb use_background_color_gradient=\u00a0\u00bbon\u00a0\u00bb background_color_gradient_direction=\u00a0\u00bb1deg\u00a0\u00bb background_color_gradient_stops=\u00a0\u00bb#ffffff 37%|#d6d6d6 100%\u00a0\u00bb background_color_gradient_start=\u00a0\u00bb#ffffff\u00a0\u00bb background_color_gradient_start_position=\u00a0\u00bb37%\u00a0\u00bb background_color_gradient_end=\u00a0\u00bb#d6d6d6&Prime; custom_margin=\u00a0\u00bb||||false|false\u00a0\u00bb animation_direction=\u00a0\u00bbbottom\u00a0\u00bb global_colors_info=\u00a0\u00bb{}\u00a0\u00bb][et_pb_row module_id=\u00a0\u00bbsysteme\u00a0\u00bb _builder_version=\u00a0\u00bb4.16&Prime; background_enable_color=\u00a0\u00bboff\u00a0\u00bb width=\u00a0\u00bb75%\u00a0\u00bb width_tablet=\u00a0\u00bb100%\u00a0\u00bb width_phone=\u00a0\u00bb100%\u00a0\u00bb width_last_edited=\u00a0\u00bbon|phone\u00a0\u00bb custom_margin=\u00a0\u00bb-75vh||0px||false|false\u00a0\u00bb custom_padding=\u00a0\u00bb||0px||false|false\u00a0\u00bb animation_style=\u00a0\u00bbfade\u00a0\u00bb animation_direction=\u00a0\u00bbbottom\u00a0\u00bb animation_delay=\u00a0\u00bb1000ms\u00a0\u00bb global_colors_info=\u00a0\u00bb{}\u00a0\u00bb][et_pb_column type=\u00a0\u00bb4_4&Prime; _builder_version=\u00a0\u00bb4.16&Prime; background_color=\u00a0\u00bb#ffffff\u00a0\u00bb global_colors_info=\u00a0\u00bb{}\u00a0\u00bb][et_pb_text admin_label=\u00a0\u00bbEinleitungstext\u00a0\u00bb _builder_version=\u00a0\u00bb4.16&Prime; header_2_line_height=\u00a0\u00bb2em\u00a0\u00bb background_enable_color=\u00a0\u00bboff\u00a0\u00bb width=\u00a0\u00bb100%\u00a0\u00bb custom_margin=\u00a0\u00bb||||false|false\u00a0\u00bb custom_padding=\u00a0\u00bb3em|4em|3em|4em|false|false\u00a0\u00bb custom_padding_tablet=\u00a0\u00bb2em|2em|2em|2em|false|false\u00a0\u00bb custom_padding_phone=\u00a0\u00bb2em|2em|2em|2em|false|false\u00a0\u00bb custom_padding_last_edited=\u00a0\u00bbon|desktop\u00a0\u00bb animation_style=\u00a0\u00bbfade\u00a0\u00bb header_2_font_size_tablet=\u00a0\u00bb25px\u00a0\u00bb header_2_font_size_phone=\u00a0\u00bb24px\u00a0\u00bb header_2_font_size_last_edited=\u00a0\u00bbon|phone\u00a0\u00bb global_colors_info=\u00a0\u00bb{}\u00a0\u00bb]<\/p>\n<h1>Coffrage bouche de loup &#8211; \u00a0KSS<\/h1>\n<p>Ce coffrage sp\u00e9cial permet la r\u00e9alisation de la fameuse <a href=\"https:\/\/www.interfama.com\/gmbh\/wp-content\/uploads\/2021\/04\/FR.pdf#page=118\"><strong>\u201eBouche de loup<\/strong><\/a><strong>\u201c<\/strong> directement en chantier. Son <strong>emploi \u00e8 simple<\/strong> et permet au chantier d\u00b4\u00eatre ind\u00e9pendant et d\u00b4utiliser le b\u00e9ton r\u00e9siduel.<\/p>\n<p>[\/et_pb_text][\/et_pb_column][\/et_pb_row][et_pb_row column_structure=\u00a0\u00bb1_3,1_3,1_3&Prime; make_equal=\u00a0\u00bbon\u00a0\u00bb custom_padding_last_edited=\u00a0\u00bbon|desktop\u00a0\u00bb module_id=\u00a0\u00bbsysteme\u00a0\u00bb _builder_version=\u00a0\u00bb4.16&Prime; background_color=\u00a0\u00bb#ffffff\u00a0\u00bb width=\u00a0\u00bb75%\u00a0\u00bb width_tablet=\u00a0\u00bb100%\u00a0\u00bb width_phone=\u00a0\u00bb100%\u00a0\u00bb width_last_edited=\u00a0\u00bbon|desktop\u00a0\u00bb custom_margin=\u00a0\u00bb0px||0px||false|false\u00a0\u00bb custom_padding=\u00a0\u00bb3em|4em|0px|4em|false|false\u00a0\u00bb custom_padding_tablet=\u00a0\u00bb2em|2em|0em|2em|false|false\u00a0\u00bb custom_padding_phone=\u00a0\u00bb||0em||false|false\u00a0\u00bb animation_style=\u00a0\u00bbfade\u00a0\u00bb animation_direction=\u00a0\u00bbbottom\u00a0\u00bb animation_delay=\u00a0\u00bb1000ms\u00a0\u00bb global_colors_info=\u00a0\u00bb{}\u00a0\u00bb][et_pb_column type=\u00a0\u00bb1_3&Prime; _builder_version=\u00a0\u00bb4.16&Prime; background_color=\u00a0\u00bb#ffffff\u00a0\u00bb global_colors_info=\u00a0\u00bb{}\u00a0\u00bb][et_pb_blurb title=\u00a0\u00bbConnexion \u00e0 double verrouillage \u00e0 \u00e9pine et coin\u00a0\u00bb use_icon=\u00a0\u00bbon\u00a0\u00bb font_icon=\u00a0\u00bb&#x4e;||divi||400&Prime; icon_color=\u00a0\u00bb#e02b20&Prime; image_icon_width=\u00a0\u00bb40px\u00a0\u00bb title_last_edited=\u00a0\u00bboff|desktop\u00a0\u00bb _builder_version=\u00a0\u00bb4.16&Prime; _module_preset=\u00a0\u00bbdefault\u00a0\u00bb header_level=\u00a0\u00bbh2&Prime; header_text_align=\u00a0\u00bbcenter\u00a0\u00bb text_orientation=\u00a0\u00bbcenter\u00a0\u00bb animation=\u00a0\u00bboff\u00a0\u00bb icon_font_size=\u00a0\u00bb40px\u00a0\u00bb global_colors_info=\u00a0\u00bb{}\u00a0\u00bb][\/et_pb_blurb][\/et_pb_column][et_pb_column type=\u00a0\u00bb1_3&Prime; _builder_version=\u00a0\u00bb4.16&Prime; background_color=\u00a0\u00bb#ffffff\u00a0\u00bb global_colors_info=\u00a0\u00bb{}\u00a0\u00bb][et_pb_blurb title=\u00a0\u00bbMontage et d\u00e9montage rapides \u00a0\u00bb use_icon=\u00a0\u00bbon\u00a0\u00bb font_icon=\u00a0\u00bb&#x4e;||divi||400&Prime; icon_color=\u00a0\u00bb#e02b20&Prime; image_icon_width=\u00a0\u00bb40px\u00a0\u00bb title_last_edited=\u00a0\u00bboff|desktop\u00a0\u00bb _builder_version=\u00a0\u00bb4.16&Prime; _module_preset=\u00a0\u00bbdefault\u00a0\u00bb header_level=\u00a0\u00bbh2&Prime; header_text_align=\u00a0\u00bbcenter\u00a0\u00bb text_orientation=\u00a0\u00bbcenter\u00a0\u00bb animation=\u00a0\u00bboff\u00a0\u00bb icon_font_size=\u00a0\u00bb40px\u00a0\u00bb global_colors_info=\u00a0\u00bb{}\u00a0\u00bb][\/et_pb_blurb][\/et_pb_column][et_pb_column type=\u00a0\u00bb1_3&Prime; _builder_version=\u00a0\u00bb4.16&Prime; background_color=\u00a0\u00bb#ffffff\u00a0\u00bb global_colors_info=\u00a0\u00bb{}\u00a0\u00bb][et_pb_blurb title=\u00a0\u00bbMesure externe 200 x 144 x 70 cm\u00a0\u00bb use_icon=\u00a0\u00bbon\u00a0\u00bb font_icon=\u00a0\u00bb&#x4e;||divi||400&Prime; icon_color=\u00a0\u00bb#e02b20&Prime; image_icon_width=\u00a0\u00bb40px\u00a0\u00bb title_last_edited=\u00a0\u00bboff|desktop\u00a0\u00bb _builder_version=\u00a0\u00bb4.16&Prime; _module_preset=\u00a0\u00bbdefault\u00a0\u00bb header_level=\u00a0\u00bbh2&Prime; header_text_align=\u00a0\u00bbcenter\u00a0\u00bb text_orientation=\u00a0\u00bbcenter\u00a0\u00bb animation=\u00a0\u00bboff\u00a0\u00bb icon_font_size=\u00a0\u00bb40px\u00a0\u00bb global_colors_info=\u00a0\u00bb{}\u00a0\u00bb][\/et_pb_blurb][\/et_pb_column][\/et_pb_row][et_pb_row column_structure=\u00a0\u00bb1_3,1_3,1_3&Prime; make_equal=\u00a0\u00bbon\u00a0\u00bb custom_padding_last_edited=\u00a0\u00bbon|desktop\u00a0\u00bb module_id=\u00a0\u00bbsysteme\u00a0\u00bb _builder_version=\u00a0\u00bb4.16&Prime; background_color=\u00a0\u00bb#ffffff\u00a0\u00bb width=\u00a0\u00bb75%\u00a0\u00bb width_tablet=\u00a0\u00bb100%\u00a0\u00bb width_phone=\u00a0\u00bb100%\u00a0\u00bb width_last_edited=\u00a0\u00bbon|desktop\u00a0\u00bb custom_margin=\u00a0\u00bb0px||0px||false|false\u00a0\u00bb custom_padding=\u00a0\u00bb3em|4em|0px|4em|false|false\u00a0\u00bb custom_padding_tablet=\u00a0\u00bb2em|2em|0em|2em|false|false\u00a0\u00bb custom_padding_phone=\u00a0\u00bb||0em||false|false\u00a0\u00bb animation_style=\u00a0\u00bbfade\u00a0\u00bb animation_direction=\u00a0\u00bbbottom\u00a0\u00bb animation_delay=\u00a0\u00bb1000ms\u00a0\u00bb global_colors_info=\u00a0\u00bb{}\u00a0\u00bb][et_pb_column type=\u00a0\u00bb1_3&Prime; _builder_version=\u00a0\u00bb4.16&Prime; background_color=\u00a0\u00bb#ffffff\u00a0\u00bb global_colors_info=\u00a0\u00bb{}\u00a0\u00bb][et_pb_blurb title=\u00a0\u00bbMesure interne 200 x 128 x 60 cm\u00a0\u00bb use_icon=\u00a0\u00bbon\u00a0\u00bb font_icon=\u00a0\u00bb&#x4e;||divi||400&Prime; icon_color=\u00a0\u00bb#e02b20&Prime; image_icon_width=\u00a0\u00bb40px\u00a0\u00bb title_last_edited=\u00a0\u00bboff|desktop\u00a0\u00bb _builder_version=\u00a0\u00bb4.16&Prime; _module_preset=\u00a0\u00bbdefault\u00a0\u00bb header_level=\u00a0\u00bbh2&Prime; header_text_align=\u00a0\u00bbcenter\u00a0\u00bb text_orientation=\u00a0\u00bbcenter\u00a0\u00bb animation=\u00a0\u00bboff\u00a0\u00bb icon_font_size=\u00a0\u00bb40px\u00a0\u00bb global_colors_info=\u00a0\u00bb{}\u00a0\u00bb][\/et_pb_blurb][\/et_pb_column][et_pb_column type=\u00a0\u00bb1_3&Prime; _builder_version=\u00a0\u00bb4.16&Prime; background_color=\u00a0\u00bb#ffffff\u00a0\u00bb global_colors_info=\u00a0\u00bb{}\u00a0\u00bb][et_pb_blurb title=\u00a0\u00bbQuantit\u00e9 de b\u00e9ton env. 0,5 cm\u00b3\u00a0\u00bb use_icon=\u00a0\u00bbon\u00a0\u00bb font_icon=\u00a0\u00bb&#x4e;||divi||400&Prime; icon_color=\u00a0\u00bb#e02b20&Prime; image_icon_width=\u00a0\u00bb40px\u00a0\u00bb title_last_edited=\u00a0\u00bboff|desktop\u00a0\u00bb _builder_version=\u00a0\u00bb4.16&Prime; _module_preset=\u00a0\u00bbdefault\u00a0\u00bb header_level=\u00a0\u00bbh2&Prime; header_text_align=\u00a0\u00bbcenter\u00a0\u00bb text_orientation=\u00a0\u00bbcenter\u00a0\u00bb animation=\u00a0\u00bboff\u00a0\u00bb icon_font_size=\u00a0\u00bb40px\u00a0\u00bb global_colors_info=\u00a0\u00bb{}\u00a0\u00bb][\/et_pb_blurb][\/et_pb_column][et_pb_column type=\u00a0\u00bb1_3&Prime; _builder_version=\u00a0\u00bb4.16&Prime; background_color=\u00a0\u00bb#ffffff\u00a0\u00bb global_colors_info=\u00a0\u00bb{}\u00a0\u00bb][et_pb_blurb title=\u00a0\u00bbHauteur manufacture variable de 10 \u00e0 200 cm\u00a0\u00bb use_icon=\u00a0\u00bbon\u00a0\u00bb font_icon=\u00a0\u00bb&#x4e;||divi||400&Prime; icon_color=\u00a0\u00bb#e02b20&Prime; image_icon_width=\u00a0\u00bb40px\u00a0\u00bb title_last_edited=\u00a0\u00bboff|desktop\u00a0\u00bb _builder_version=\u00a0\u00bb4.16&Prime; _module_preset=\u00a0\u00bbdefault\u00a0\u00bb header_level=\u00a0\u00bbh2&Prime; header_text_align=\u00a0\u00bbcenter\u00a0\u00bb text_orientation=\u00a0\u00bbcenter\u00a0\u00bb animation=\u00a0\u00bboff\u00a0\u00bb icon_font_size=\u00a0\u00bb40px\u00a0\u00bb global_colors_info=\u00a0\u00bb{}\u00a0\u00bb][\/et_pb_blurb][\/et_pb_column][\/et_pb_row][et_pb_row use_custom_gutter=\u00a0\u00bbon\u00a0\u00bb gutter_width=\u00a0\u00bb1&Prime; _builder_version=\u00a0\u00bb4.16&Prime; _module_preset=\u00a0\u00bbdefault\u00a0\u00bb background_color=\u00a0\u00bb#ffffff\u00a0\u00bb z_index=\u00a0\u00bb500&Prime; width=\u00a0\u00bb75%\u00a0\u00bb max_width=\u00a0\u00bb2560px\u00a0\u00bb module_alignment=\u00a0\u00bbcenter\u00a0\u00bb custom_margin=\u00a0\u00bb0px|0px|0px|0px|false|false\u00a0\u00bb custom_padding=\u00a0\u00bb75px|0px|0px|0px|false|false\u00a0\u00bb animation_style=\u00a0\u00bbfade\u00a0\u00bb animation_delay=\u00a0\u00bb1000ms\u00a0\u00bb global_colors_info=\u00a0\u00bb{}\u00a0\u00bb][et_pb_column type=\u00a0\u00bb4_4&Prime; _builder_version=\u00a0\u00bb4.16&Prime; _module_preset=\u00a0\u00bbdefault\u00a0\u00bb global_colors_info=\u00a0\u00bb{}\u00a0\u00bb][et_pb_gallery gallery_ids=\u00a0\u00bb3089,3090,3091,3092,3093&Prime; posts_number=\u00a0\u00bb20&Prime; show_title_and_caption=\u00a0\u00bboff\u00a0\u00bb show_pagination=\u00a0\u00bboff\u00a0\u00bb admin_label=\u00a0\u00bbFotogalerie\u00a0\u00bb _builder_version=\u00a0\u00bb4.16&Prime; _module_preset=\u00a0\u00bbdefault\u00a0\u00bb global_colors_info=\u00a0\u00bb{}\u00a0\u00bb][\/et_pb_gallery][\/et_pb_column][\/et_pb_row][et_pb_row use_custom_gutter=\u00a0\u00bbon\u00a0\u00bb gutter_width=\u00a0\u00bb1&Prime; _builder_version=\u00a0\u00bb4.16&Prime; _module_preset=\u00a0\u00bbdefault\u00a0\u00bb background_color=\u00a0\u00bb#ffffff\u00a0\u00bb z_index=\u00a0\u00bb500&Prime; width=\u00a0\u00bb75%\u00a0\u00bb max_width=\u00a0\u00bb2560px\u00a0\u00bb module_alignment=\u00a0\u00bbcenter\u00a0\u00bb custom_margin=\u00a0\u00bb0px|0px|0px|0px|false|false\u00a0\u00bb custom_padding=\u00a0\u00bb75px|0px|0px|0px|false|false\u00a0\u00bb animation_style=\u00a0\u00bbfade\u00a0\u00bb animation_delay=\u00a0\u00bb1000ms\u00a0\u00bb global_colors_info=\u00a0\u00bb{}\u00a0\u00bb][et_pb_column type=\u00a0\u00bb4_4&Prime; _builder_version=\u00a0\u00bb4.16&Prime; _module_preset=\u00a0\u00bbdefault\u00a0\u00bb global_colors_info=\u00a0\u00bb{}\u00a0\u00bb][et_pb_text admin_label=\u00a0\u00bb\u00dcberschriften\u00a0\u00bb _builder_version=\u00a0\u00bb4.16&Prime; custom_margin=\u00a0\u00bb||||false|false\u00a0\u00bb custom_padding=\u00a0\u00bb||||false|false\u00a0\u00bb header_2_font_size_tablet=\u00a0\u00bb25px\u00a0\u00bb header_2_font_size_phone=\u00a0\u00bb24px\u00a0\u00bb header_2_font_size_last_edited=\u00a0\u00bbon|phone\u00a0\u00bb global_colors_info=\u00a0\u00bb{}\u00a0\u00bb]<\/p>\n<h2 style=\"text-align: center;\">Informations compl\u00e9mentaires<\/h2>\n<p>[\/et_pb_text][et_pb_divider divider_weight=\u00a0\u00bb5px\u00a0\u00bb _builder_version=\u00a0\u00bb4.16&Prime; _module_preset=\u00a0\u00bbdefault\u00a0\u00bb global_colors_info=\u00a0\u00bb{}\u00a0\u00bb][\/et_pb_divider][\/et_pb_column][\/et_pb_row][et_pb_row column_structure=\u00a0\u00bb1_2,1_2&Prime; use_custom_gutter=\u00a0\u00bbon\u00a0\u00bb gutter_width=\u00a0\u00bb1&Prime; make_equal=\u00a0\u00bbon\u00a0\u00bb _builder_version=\u00a0\u00bb4.6.3&Prime; _module_preset=\u00a0\u00bbdefault\u00a0\u00bb background_color=\u00a0\u00bb#ffffff\u00a0\u00bb z_index=\u00a0\u00bb500&Prime; width=\u00a0\u00bb75%\u00a0\u00bb max_width=\u00a0\u00bb2560px\u00a0\u00bb module_alignment=\u00a0\u00bbcenter\u00a0\u00bb custom_margin=\u00a0\u00bb0px|0px|49px|0px|false|false\u00a0\u00bb custom_padding=\u00a0\u00bb75px|0px|0px|0px|false|false\u00a0\u00bb animation_style=\u00a0\u00bbfade\u00a0\u00bb animation_delay=\u00a0\u00bb1000ms\u00a0\u00bb global_module=\u00a0\u00bb4334&Prime; locked=\u00a0\u00bboff\u00a0\u00bb global_colors_info=\u00a0\u00bb{}\u00a0\u00bb][et_pb_column type=\u00a0\u00bb1_2&Prime; module_class=\u00a0\u00bbds-vertical-align\u00a0\u00bb _builder_version=\u00a0\u00bb4.16&Prime; _module_preset=\u00a0\u00bbdefault\u00a0\u00bb global_colors_info=\u00a0\u00bb{}\u00a0\u00bb][et_pb_image src=\u00a0\u00bbhttps:\/\/www.interfama.com\/rent\/wp-content\/uploads\/2021\/04\/Titelseite-fr.jpg\u00a0\u00bb title_text=\u00a0\u00bbTitelseite-fr\u00a0\u00bb url=\u00a0\u00bbhttps:\/\/www.interfama.com\/rent\/wp-content\/uploads\/2021\/04\/FR.pdf\u00a0\u00bb url_new_window=\u00a0\u00bbon\u00a0\u00bb align=\u00a0\u00bbright\u00a0\u00bb admin_label=\u00a0\u00bbBild Hauptkatalog\u00a0\u00bb _builder_version=\u00a0\u00bb4.16&Prime; _module_preset=\u00a0\u00bbdefault\u00a0\u00bb custom_margin=\u00a0\u00bb|60px|||false|false\u00a0\u00bb global_colors_info=\u00a0\u00bb{}\u00a0\u00bb][\/et_pb_image][\/et_pb_column][et_pb_column type=\u00a0\u00bb1_2&Prime; module_class=\u00a0\u00bbds-vertical-align\u00a0\u00bb _builder_version=\u00a0\u00bb4.16&Prime; _module_preset=\u00a0\u00bbdefault\u00a0\u00bb global_colors_info=\u00a0\u00bb{}\u00a0\u00bb][et_pb_button button_url=\u00a0\u00bbhttps:\/\/www.interfama.com\/rent\/wp-content\/uploads\/2021\/04\/FR.pdf\u00a0\u00bb url_new_window=\u00a0\u00bbon\u00a0\u00bb button_text=\u00a0\u00bbT\u00e9l\u00e9charger le catalogue de produits\u00a0\u00bb button_alignment=\u00a0\u00bbleft\u00a0\u00bb button_alignment_tablet=\u00a0\u00bbleft\u00a0\u00bb button_alignment_phone=\u00a0\u00bbcenter\u00a0\u00bb button_alignment_last_edited=\u00a0\u00bbon|desktop\u00a0\u00bb admin_label=\u00a0\u00bbDownload Hauptkatalog\u00a0\u00bb _builder_version=\u00a0\u00bb4.16&Prime; _module_preset=\u00a0\u00bbdefault\u00a0\u00bb custom_css_main_element=\u00a0\u00bbmargin: auto;\u00a0\u00bb global_colors_info=\u00a0\u00bb{}\u00a0\u00bb][\/et_pb_button][\/et_pb_column][\/et_pb_row][\/et_pb_section]<\/p>\n","protected":false},"excerpt":{"rendered":"<p>Coffrage bouche de loup &#8211; \u00a0KSS Ce coffrage sp\u00e9cial permet la r\u00e9alisation de la fameuse \u201eBouche de loup\u201c directement en chantier. Son emploi \u00e8 simple et permet au chantier d\u00b4\u00eatre ind\u00e9pendant et d\u00b4utiliser le b\u00e9ton r\u00e9siduel.Informations compl\u00e9mentaires<\/p>\n","protected":false},"author":1,"featured_media":4356,"parent":0,"menu_order":0,"comment_status":"closed","ping_status":"closed","template":"","meta":{"_et_pb_use_builder":"on","_et_pb_old_content":"","_et_gb_content_width":""},"yoast_head":"<!-- This site is optimized with the Yoast SEO plugin v19.9 - https:\/\/yoast.com\/wordpress\/plugins\/seo\/ -->\n<title>COFFRAGE BOUCHE DE LOUP\u2714\ufe0fLocation | Interfama<\/title>\n<meta name=\"description\" content=\"Permet la r\u00e9alisation de la fameuse \u201eBouche de loup\u201c directement en chantier. Son emploi \u00e8 simple et permet au chantier d\u00b4\u00eatre ind\u00e9pendant et d\u00b4utiliser le b\u00e9ton r\u00e9siduel.\" \/>\n<meta name=\"robots\" content=\"index, follow, max-snippet:-1, max-image-preview:large, max-video-preview:-1\" \/>\n<link rel=\"canonical\" href=\"https:\/\/www.interfama.com\/rent\/fr\/coffrage-bouche-de-loup-kss\/\" \/>\n<meta property=\"og:locale\" content=\"fr_FR\" \/>\n<meta property=\"og:type\" content=\"article\" \/>\n<meta property=\"og:title\" content=\"COFFRAGE BOUCHE DE LOUP\u2714\ufe0fLocation | Interfama\" \/>\n<meta property=\"og:description\" content=\"Permet la r\u00e9alisation de la fameuse \u201eBouche de loup\u201c directement en chantier. Son emploi \u00e8 simple et permet au chantier d\u00b4\u00eatre ind\u00e9pendant et d\u00b4utiliser le b\u00e9ton r\u00e9siduel.\" \/>\n<meta property=\"og:url\" content=\"https:\/\/www.interfama.com\/rent\/fr\/coffrage-bouche-de-loup-kss\/\" \/>\n<meta property=\"og:site_name\" content=\"INTERFAMA RENT GmbH\" \/>\n<meta property=\"article:modified_time\" content=\"2022-05-03T09:28:58+00:00\" \/>\n<meta property=\"og:image\" content=\"https:\/\/www.interfama.com\/rent\/wp-content\/uploads\/2020\/12\/KSS.jpg\" \/>\n\t<meta property=\"og:image:width\" content=\"600\" \/>\n\t<meta property=\"og:image:height\" content=\"400\" \/>\n\t<meta property=\"og:image:type\" content=\"image\/jpeg\" \/>\n<meta name=\"twitter:card\" content=\"summary_large_image\" \/>\n<meta name=\"twitter:label1\" content=\"Dur\u00e9e de lecture estim\u00e9e\" \/>\n\t<meta name=\"twitter:data1\" content=\"7 minutes\" \/>\n<script type=\"application\/ld+json\" class=\"yoast-schema-graph\">{\"@context\":\"https:\/\/schema.org\",\"@graph\":[{\"@type\":\"WebPage\",\"@id\":\"https:\/\/www.interfama.com\/rent\/fr\/coffrage-bouche-de-loup-kss\/\",\"url\":\"https:\/\/www.interfama.com\/rent\/fr\/coffrage-bouche-de-loup-kss\/\",\"name\":\"COFFRAGE BOUCHE DE LOUP\u2714\ufe0fLocation | Interfama\",\"isPartOf\":{\"@id\":\"https:\/\/www.interfama.com\/rent\/#website\"},\"datePublished\":\"2020-12-03T13:13:42+00:00\",\"dateModified\":\"2022-05-03T09:28:58+00:00\",\"description\":\"Permet la r\u00e9alisation de la fameuse \u201eBouche de loup\u201c directement en chantier. Son emploi \u00e8 simple et permet au chantier d\u00b4\u00eatre ind\u00e9pendant et d\u00b4utiliser le b\u00e9ton r\u00e9siduel.\",\"breadcrumb\":{\"@id\":\"https:\/\/www.interfama.com\/rent\/fr\/coffrage-bouche-de-loup-kss\/#breadcrumb\"},\"inLanguage\":\"fr-FR\",\"potentialAction\":[{\"@type\":\"ReadAction\",\"target\":[\"https:\/\/www.interfama.com\/rent\/fr\/coffrage-bouche-de-loup-kss\/\"]}]},{\"@type\":\"BreadcrumbList\",\"@id\":\"https:\/\/www.interfama.com\/rent\/fr\/coffrage-bouche-de-loup-kss\/#breadcrumb\",\"itemListElement\":[{\"@type\":\"ListItem\",\"position\":1,\"name\":\"Startseite\",\"item\":\"https:\/\/www.interfama.com\/rent\/fr\/\"},{\"@type\":\"ListItem\",\"position\":2,\"name\":\"COFFRAGE BOUCHE DE LOUP KSS\"}]},{\"@type\":\"WebSite\",\"@id\":\"https:\/\/www.interfama.com\/rent\/#website\",\"url\":\"https:\/\/www.interfama.com\/rent\/\",\"name\":\"INTERFAMA RENT GmbH\",\"description\":\"Einfach Beton gestalten\",\"potentialAction\":[{\"@type\":\"SearchAction\",\"target\":{\"@type\":\"EntryPoint\",\"urlTemplate\":\"https:\/\/www.interfama.com\/rent\/?s={search_term_string}\"},\"query-input\":\"required name=search_term_string\"}],\"inLanguage\":\"fr-FR\"}]}<\/script>\n<!-- \/ Yoast SEO plugin. -->","yoast_head_json":{"title":"COFFRAGE BOUCHE DE LOUP\u2714\ufe0fLocation | Interfama","description":"Permet la r\u00e9alisation de la fameuse \u201eBouche de loup\u201c directement en chantier. Son emploi \u00e8 simple et permet au chantier d\u00b4\u00eatre ind\u00e9pendant et d\u00b4utiliser le b\u00e9ton r\u00e9siduel.","robots":{"index":"index","follow":"follow","max-snippet":"max-snippet:-1","max-image-preview":"max-image-preview:large","max-video-preview":"max-video-preview:-1"},"canonical":"https:\/\/www.interfama.com\/rent\/fr\/coffrage-bouche-de-loup-kss\/","og_locale":"fr_FR","og_type":"article","og_title":"COFFRAGE BOUCHE DE LOUP\u2714\ufe0fLocation | Interfama","og_description":"Permet la r\u00e9alisation de la fameuse \u201eBouche de loup\u201c directement en chantier. Son emploi \u00e8 simple et permet au chantier d\u00b4\u00eatre ind\u00e9pendant et d\u00b4utiliser le b\u00e9ton r\u00e9siduel.","og_url":"https:\/\/www.interfama.com\/rent\/fr\/coffrage-bouche-de-loup-kss\/","og_site_name":"INTERFAMA RENT GmbH","article_modified_time":"2022-05-03T09:28:58+00:00","og_image":[{"width":600,"height":400,"url":"https:\/\/www.interfama.com\/rent\/wp-content\/uploads\/2020\/12\/KSS.jpg","type":"image\/jpeg"}],"twitter_card":"summary_large_image","twitter_misc":{"Dur\u00e9e de lecture estim\u00e9e":"7 minutes"},"schema":{"@context":"https:\/\/schema.org","@graph":[{"@type":"WebPage","@id":"https:\/\/www.interfama.com\/rent\/fr\/coffrage-bouche-de-loup-kss\/","url":"https:\/\/www.interfama.com\/rent\/fr\/coffrage-bouche-de-loup-kss\/","name":"COFFRAGE BOUCHE DE LOUP\u2714\ufe0fLocation | Interfama","isPartOf":{"@id":"https:\/\/www.interfama.com\/rent\/#website"},"datePublished":"2020-12-03T13:13:42+00:00","dateModified":"2022-05-03T09:28:58+00:00","description":"Permet la r\u00e9alisation de la fameuse \u201eBouche de loup\u201c directement en chantier. Son emploi \u00e8 simple et permet au chantier d\u00b4\u00eatre ind\u00e9pendant et d\u00b4utiliser le b\u00e9ton r\u00e9siduel.","breadcrumb":{"@id":"https:\/\/www.interfama.com\/rent\/fr\/coffrage-bouche-de-loup-kss\/#breadcrumb"},"inLanguage":"fr-FR","potentialAction":[{"@type":"ReadAction","target":["https:\/\/www.interfama.com\/rent\/fr\/coffrage-bouche-de-loup-kss\/"]}]},{"@type":"BreadcrumbList","@id":"https:\/\/www.interfama.com\/rent\/fr\/coffrage-bouche-de-loup-kss\/#breadcrumb","itemListElement":[{"@type":"ListItem","position":1,"name":"Startseite","item":"https:\/\/www.interfama.com\/rent\/fr\/"},{"@type":"ListItem","position":2,"name":"COFFRAGE BOUCHE DE LOUP KSS"}]},{"@type":"WebSite","@id":"https:\/\/www.interfama.com\/rent\/#website","url":"https:\/\/www.interfama.com\/rent\/","name":"INTERFAMA RENT GmbH","description":"Einfach Beton gestalten","potentialAction":[{"@type":"SearchAction","target":{"@type":"EntryPoint","urlTemplate":"https:\/\/www.interfama.com\/rent\/?s={search_term_string}"},"query-input":"required name=search_term_string"}],"inLanguage":"fr-FR"}]}},"_links":{"self":[{"href":"https:\/\/www.interfama.com\/rent\/fr\/wp-json\/wp\/v2\/pages\/4354"}],"collection":[{"href":"https:\/\/www.interfama.com\/rent\/fr\/wp-json\/wp\/v2\/pages"}],"about":[{"href":"https:\/\/www.interfama.com\/rent\/fr\/wp-json\/wp\/v2\/types\/page"}],"author":[{"embeddable":true,"href":"https:\/\/www.interfama.com\/rent\/fr\/wp-json\/wp\/v2\/users\/1"}],"replies":[{"embeddable":true,"href":"https:\/\/www.interfama.com\/rent\/fr\/wp-json\/wp\/v2\/comments?post=4354"}],"version-history":[{"count":1,"href":"https:\/\/www.interfama.com\/rent\/fr\/wp-json\/wp\/v2\/pages\/4354\/revisions"}],"predecessor-version":[{"id":7567,"href":"https:\/\/www.interfama.com\/rent\/fr\/wp-json\/wp\/v2\/pages\/4354\/revisions\/7567"}],"wp:featuredmedia":[{"embeddable":true,"href":"https:\/\/www.interfama.com\/rent\/fr\/wp-json\/wp\/v2\/media\/4356"}],"wp:attachment":[{"href":"https:\/\/www.interfama.com\/rent\/fr\/wp-json\/wp\/v2\/media?parent=4354"}],"curies":[{"name":"wp","href":"https:\/\/api.w.org\/{rel}","templated":true}]}}