{"id":3100,"date":"2020-12-03T14:17:29","date_gmt":"2020-12-03T13:17:29","guid":{"rendered":"http:\/\/23118.web.zcom.it\/gmbh\/?page_id=3100"},"modified":"2024-09-11T14:18:18","modified_gmt":"2024-09-11T12:18:18","slug":"zwingen-winkel","status":"publish","type":"page","link":"https:\/\/www.interfama.com\/gmbh\/zwingen-winkel\/","title":{"rendered":"ZWINGEN &#038; WINKEL"},"content":{"rendered":"<p>[et_pb_section fb_built=&#8220;1&#8243; fullwidth=&#8220;on&#8220; _builder_version=&#8220;4.16&#8243; _module_preset=&#8220;default&#8220; animation_style=&#8220;fade&#8220; global_colors_info=&#8220;{}&#8220;][et_pb_fullwidth_header header_fullscreen=&#8220;on&#8220; _builder_version=&#8220;4.16&#8243; _module_preset=&#8220;default&#8220; background_enable_color=&#8220;off&#8220; background_image=&#8220;https:\/\/www.interfama.com\/gmbh\/wp-content\/uploads\/2020\/12\/head-2.jpg&#8220; parallax=&#8220;on&#8220; global_colors_info=&#8220;{}&#8220;][\/et_pb_fullwidth_header][\/et_pb_section][et_pb_section fb_built=&#8220;1&#8243; _builder_version=&#8220;4.16&#8243; background_enable_color=&#8220;off&#8220; use_background_color_gradient=&#8220;on&#8220; background_color_gradient_direction=&#8220;1deg&#8220; background_color_gradient_stops=&#8220;#ffffff 37%|#d6d6d6 100%&#8220; background_color_gradient_start=&#8220;#ffffff&#8220; background_color_gradient_start_position=&#8220;37%&#8220; background_color_gradient_end=&#8220;#d6d6d6&#8243; custom_margin=&#8220;||||false|false&#8220; animation_direction=&#8220;bottom&#8220; global_colors_info=&#8220;{}&#8220;][et_pb_row module_id=&#8220;systeme&#8220; _builder_version=&#8220;4.16&#8243; background_enable_color=&#8220;off&#8220; width=&#8220;75%&#8220; width_tablet=&#8220;100%&#8220; width_phone=&#8220;100%&#8220; width_last_edited=&#8220;on|phone&#8220; custom_margin=&#8220;-75vh||0px||false|false&#8220; custom_padding=&#8220;||0px||false|false&#8220; animation_style=&#8220;fade&#8220; animation_direction=&#8220;bottom&#8220; animation_delay=&#8220;1000ms&#8220; global_colors_info=&#8220;{}&#8220;][et_pb_column type=&#8220;4_4&#8243; _builder_version=&#8220;4.16&#8243; background_color=&#8220;#ffffff&#8220; global_colors_info=&#8220;{}&#8220;][et_pb_text admin_label=&#8220;Einleitungstext&#8220; _builder_version=&#8220;4.16&#8243; header_2_line_height=&#8220;2em&#8220; background_enable_color=&#8220;off&#8220; width=&#8220;100%&#8220; custom_margin=&#8220;||||false|false&#8220; custom_padding=&#8220;3em|4em|3em|4em|false|false&#8220; custom_padding_tablet=&#8220;2em|2em|2em|2em|false|false&#8220; custom_padding_phone=&#8220;2em|2em|2em|2em|false|false&#8220; custom_padding_last_edited=&#8220;on|desktop&#8220; animation_style=&#8220;fade&#8220; header_2_font_size_tablet=&#8220;25px&#8220; header_2_font_size_phone=&#8220;24px&#8220; header_2_font_size_last_edited=&#8220;on|phone&#8220; global_colors_info=&#8220;{}&#8220;]<\/p>\n<h1>ZWINGEN &amp; WINKEL<\/h1>\n<p>[\/et_pb_text][\/et_pb_column][\/et_pb_row][et_pb_row column_structure=&#8220;1_3,1_3,1_3&#8243; make_equal=&#8220;on&#8220; custom_padding_last_edited=&#8220;on|desktop&#8220; module_id=&#8220;systeme&#8220; _builder_version=&#8220;4.16&#8243; background_color=&#8220;#ffffff&#8220; width=&#8220;75%&#8220; width_tablet=&#8220;100%&#8220; width_phone=&#8220;100%&#8220; width_last_edited=&#8220;on|desktop&#8220; custom_margin=&#8220;0px||0px||false|false&#8220; custom_padding=&#8220;3em|4em|0px|4em|false|false&#8220; custom_padding_tablet=&#8220;2em|2em|0em|2em|false|false&#8220; custom_padding_phone=&#8220;||0em||false|false&#8220; animation_style=&#8220;fade&#8220; animation_direction=&#8220;bottom&#8220; animation_delay=&#8220;1000ms&#8220; global_colors_info=&#8220;{}&#8220;][et_pb_column type=&#8220;1_3&#8243; _builder_version=&#8220;4.16&#8243; background_color=&#8220;#ffffff&#8220; global_colors_info=&#8220;{}&#8220;][et_pb_image src=&#8220;https:\/\/www.interfama.com\/gmbh\/wp-content\/uploads\/2020\/12\/1-48.jpg&#8220; title_text=&#8220;1&#8243; _builder_version=&#8220;4.16&#8243; _module_preset=&#8220;default&#8220; global_colors_info=&#8220;{}&#8220;][\/et_pb_image][et_pb_text _builder_version=&#8220;4.16&#8243; _module_preset=&#8220;default&#8220; global_colors_info=&#8220;{}&#8220;]<\/p>\n<h2><strong>Fundamentzwingen<\/strong><\/h2>\n<p>Die INTERFAMA Fundamentzwingen erleichtern das traditionelle Schalen von Fundamenten. Sie sind alle 2,5 cm verstellbar (20 bis 130 cm) und mit dem Verl\u00e4ngerungsst\u00fcck kann eine L\u00e4nge bis 300 cm erreicht werden (z.B.: S\u00e4ulenfundamente).<\/p>\n<p>[\/et_pb_text][\/et_pb_column][et_pb_column type=&#8220;1_3&#8243; _builder_version=&#8220;4.16&#8243; background_color=&#8220;#ffffff&#8220; global_colors_info=&#8220;{}&#8220;][et_pb_image src=&#8220;https:\/\/www.interfama.com\/gmbh\/wp-content\/uploads\/2020\/12\/2-49.jpg&#8220; title_text=&#8220;2&#8243; _builder_version=&#8220;4.16&#8243; _module_preset=&#8220;default&#8220; global_colors_info=&#8220;{}&#8220;][\/et_pb_image][et_pb_text _builder_version=&#8220;4.16&#8243; _module_preset=&#8220;default&#8220; global_colors_info=&#8220;{}&#8220;]<\/p>\n<h2><strong>Abschalwinkel<\/strong><\/h2>\n<p>Der Abschalwinkel zum rationellen Abschalen von Decken, dient zugeleich als Arbeitsger\u00fcst mit Gel\u00e4nder f\u00fcr ein sicheres Arbeiten auf Geb\u00e4uden \u2010 siehe Abb. 1 (max. Belastung 200 kg\/m\u00b2).<\/p>\n<p>[\/et_pb_text][\/et_pb_column][et_pb_column type=&#8220;1_3&#8243; _builder_version=&#8220;4.16&#8243; background_color=&#8220;#ffffff&#8220; global_colors_info=&#8220;{}&#8220;][et_pb_image src=&#8220;https:\/\/www.interfama.com\/gmbh\/wp-content\/uploads\/2020\/12\/3-49.jpg&#8220; title_text=&#8220;3&#8243; _builder_version=&#8220;4.16&#8243; _module_preset=&#8220;default&#8220; global_colors_info=&#8220;{}&#8220;][\/et_pb_image][et_pb_text _builder_version=&#8220;4.16&#8243; _module_preset=&#8220;default&#8220; global_colors_info=&#8220;{}&#8220;]<\/p>\n<h2><strong>Gel\u00e4nderzwinge 1,10 m<\/strong><\/h2>\n<p>Die Schutz\u2010Gel\u00e4nderzwinge \u2010 H.1,10 m, f\u00fcr die Absicherung an Deckenr\u00e4ndern und Decken\u00f6ffnungen, gem\u00e4ss Norm EN 13374.<\/p>\n<p>[\/et_pb_text][\/et_pb_column][\/et_pb_row][et_pb_row use_custom_gutter=&#8220;on&#8220; gutter_width=&#8220;1&#8243; disabled_on=&#8220;on|on|on&#8220; _builder_version=&#8220;4.17.3&#8243; _module_preset=&#8220;default&#8220; background_color=&#8220;#ffffff&#8220; z_index=&#8220;500&#8243; width=&#8220;75%&#8220; module_alignment=&#8220;center&#8220; custom_margin=&#8220;0px|0px|0px|0px|false|false&#8220; custom_padding=&#8220;75px|0px|0px|0px|false|false&#8220; animation_style=&#8220;fade&#8220; animation_delay=&#8220;1000ms&#8220; disabled=&#8220;on&#8220; global_colors_info=&#8220;{}&#8220;][et_pb_column type=&#8220;4_4&#8243; _builder_version=&#8220;4.16&#8243; _module_preset=&#8220;default&#8220; global_colors_info=&#8220;{}&#8220;][et_pb_gallery gallery_ids=&#8220;3043,3044,3045,3046,3047,3048,3049,3050,3051,3052,3053,3054,3055,3056,3057&#8243; posts_number=&#8220;20&#8243; show_title_and_caption=&#8220;off&#8220; show_pagination=&#8220;off&#8220; admin_label=&#8220;Fotogalerie&#8220; _builder_version=&#8220;4.16&#8243; _module_preset=&#8220;default&#8220; global_colors_info=&#8220;{}&#8220;][\/et_pb_gallery][\/et_pb_column][\/et_pb_row][et_pb_row use_custom_gutter=&#8220;on&#8220; gutter_width=&#8220;1&#8243; _builder_version=&#8220;4.17.3&#8243; _module_preset=&#8220;default&#8220; background_color=&#8220;#ffffff&#8220; z_index=&#8220;500&#8243; width=&#8220;75%&#8220; module_alignment=&#8220;center&#8220; custom_margin=&#8220;0px|0px|0px|0px|false|false&#8220; custom_padding=&#8220;75px|0px|0px|0px|false|false&#8220; animation_style=&#8220;fade&#8220; animation_delay=&#8220;1000ms&#8220; global_colors_info=&#8220;{}&#8220;][et_pb_column type=&#8220;4_4&#8243; _builder_version=&#8220;4.16&#8243; _module_preset=&#8220;default&#8220; global_colors_info=&#8220;{}&#8220;][et_pb_text admin_label=&#8220;\u00dcberschriften&#8220; _builder_version=&#8220;4.16&#8243; custom_margin=&#8220;||||false|false&#8220; custom_padding=&#8220;||||false|false&#8220; header_2_font_size_tablet=&#8220;25px&#8220; header_2_font_size_phone=&#8220;24px&#8220; header_2_font_size_last_edited=&#8220;on|phone&#8220; global_colors_info=&#8220;{}&#8220;]<\/p>\n<h2 style=\"text-align: center;\">Weitere Informationen<\/h2>\n<p>[\/et_pb_text][et_pb_divider divider_weight=&#8220;5px&#8220; _builder_version=&#8220;4.16&#8243; _module_preset=&#8220;default&#8220; global_colors_info=&#8220;{}&#8220;][\/et_pb_divider][\/et_pb_column][\/et_pb_row][et_pb_row column_structure=&#8220;1_2,1_2&#8243; use_custom_gutter=&#8220;on&#8220; gutter_width=&#8220;1&#8243; make_equal=&#8220;on&#8220; _builder_version=&#8220;4.17.3&#8243; _module_preset=&#8220;default&#8220; background_color=&#8220;#ffffff&#8220; z_index=&#8220;500&#8243; width=&#8220;75%&#8220; module_alignment=&#8220;center&#8220; custom_margin=&#8220;0px|0px|0px|0px|false|false&#8220; custom_padding=&#8220;75px|0px|0px|0px|false|false&#8220; animation_style=&#8220;fade&#8220; animation_delay=&#8220;1000ms&#8220; global_colors_info=&#8220;{}&#8220;][et_pb_column type=&#8220;1_2&#8243; module_class=&#8220;ds-vertical-align&#8220; _builder_version=&#8220;4.16&#8243; _module_preset=&#8220;default&#8220; global_colors_info=&#8220;{}&#8220;][et_pb_image src=&#8220;https:\/\/www.interfama.com\/gmbh\/wp-content\/uploads\/2021\/04\/Titelseite-de-2.jpg&#8220; title_text=&#8220;Titelseite-de&#8220; url=&#8220;https:\/\/www.interfama.com\/gmbh\/document\/Produktkatalog.pdf#page=123&#8243; url_new_window=&#8220;on&#8220; align=&#8220;right&#8220; admin_label=&#8220;Bild Hauptkatalog&#8220; _builder_version=&#8220;4.17.3&#8243; _module_preset=&#8220;default&#8220; custom_margin=&#8220;|60px|||false|false&#8220; hover_enabled=&#8220;0&#8243; global_colors_info=&#8220;{}&#8220; sticky_enabled=&#8220;0&#8243;][\/et_pb_image][\/et_pb_column][et_pb_column type=&#8220;1_2&#8243; module_class=&#8220;ds-vertical-align&#8220; _builder_version=&#8220;4.16&#8243; _module_preset=&#8220;default&#8220; global_colors_info=&#8220;{}&#8220;][et_pb_button button_url=&#8220;https:\/\/www.interfama.com\/gmbh\/document\/Produktkatalog.pdf#page=123&#8243; url_new_window=&#8220;on&#8220; button_text=&#8220;Download Produktkatalog&#8220; button_alignment=&#8220;left&#8220; button_alignment_tablet=&#8220;left&#8220; button_alignment_phone=&#8220;center&#8220; button_alignment_last_edited=&#8220;on|desktop&#8220; admin_label=&#8220;Download Hauptkatalog&#8220; _builder_version=&#8220;4.17.3&#8243; _module_preset=&#8220;default&#8220; hover_enabled=&#8220;0&#8243; custom_css_main_element=&#8220;margin: auto;&#8220; global_colors_info=&#8220;{}&#8220; sticky_enabled=&#8220;0&#8243;][\/et_pb_button][\/et_pb_column][\/et_pb_row][\/et_pb_section][et_pb_section fb_built=&#8220;1&#8243; fullwidth=&#8220;on&#8220; _builder_version=&#8220;4.9.10&#8243; _module_preset=&#8220;default&#8220; custom_css_main_element=&#8220;display: none;&#8220; global_module=&#8220;1558&#8243; saved_tabs=&#8220;all&#8220; global_colors_info=&#8220;{}&#8220;][et_pb_fullwidth_map _builder_version=&#8220;4.16&#8243; _module_preset=&#8220;default&#8220; global_colors_info=&#8220;{}&#8220;][\/et_pb_fullwidth_map][\/et_pb_section]<\/p>\n","protected":false},"excerpt":{"rendered":"<p>ZWINGEN &amp; WINKELFundamentzwingen Die INTERFAMA Fundamentzwingen erleichtern das traditionelle Schalen von Fundamenten. Sie sind alle 2,5 cm verstellbar (20 bis 130 cm) und mit dem Verl\u00e4ngerungsst\u00fcck kann eine L\u00e4nge bis 300 cm erreicht werden (z.B.: S\u00e4ulenfundamente).Abschalwinkel Der Abschalwinkel zum rationellen Abschalen von Decken, dient zugeleich als Arbeitsger\u00fcst mit Gel\u00e4nder f\u00fcr ein sicheres Arbeiten auf Geb\u00e4uden [&hellip;]<\/p>\n","protected":false},"author":1,"featured_media":3103,"parent":0,"menu_order":0,"comment_status":"closed","ping_status":"closed","template":"","meta":{"_et_pb_use_builder":"on","_et_pb_old_content":"","_et_gb_content_width":""},"yoast_head":"<!-- This site is optimized with the Yoast SEO plugin v21.7 - https:\/\/yoast.com\/wordpress\/plugins\/seo\/ -->\n<title>Zwingen &amp; Winkel \u2611\ufe0fSchalungszubeh\u00f6r und Betonzwingen |VERKAUF<\/title>\n<meta name=\"description\" content=\"Zwingen &amp; Winkel f\u00fcr Betonschalungen \u27a1\ufe0fFundamentzwingen, Abschalwinkel, Schutz\u2010Gel\u00e4nderzwingen \u27a1\ufe0fGem\u00e4ss Norm EN 13374 \u27a1\ufe0fSicheres Arbeiten\" \/>\n<meta name=\"robots\" content=\"index, follow, max-snippet:-1, max-image-preview:large, max-video-preview:-1\" \/>\n<link rel=\"canonical\" href=\"https:\/\/www.interfama.com\/gmbh\/zwingen-winkel\/\" \/>\n<meta property=\"og:locale\" content=\"de_DE\" \/>\n<meta property=\"og:type\" content=\"article\" \/>\n<meta property=\"og:title\" content=\"Zwingen &amp; Winkel \u2611\ufe0fSchalungszubeh\u00f6r und Betonzwingen |VERKAUF\" \/>\n<meta property=\"og:description\" content=\"Zwingen &amp; Winkel f\u00fcr Betonschalungen \u27a1\ufe0fFundamentzwingen, Abschalwinkel, Schutz\u2010Gel\u00e4nderzwingen \u27a1\ufe0fGem\u00e4ss Norm EN 13374 \u27a1\ufe0fSicheres Arbeiten\" \/>\n<meta property=\"og:url\" content=\"https:\/\/www.interfama.com\/gmbh\/zwingen-winkel\/\" \/>\n<meta property=\"og:site_name\" content=\"INTERFAMA GmbH\" \/>\n<meta property=\"article:publisher\" content=\"https:\/\/www.facebook.com\/INTERFAMA\/\" \/>\n<meta property=\"article:modified_time\" content=\"2024-09-11T12:18:18+00:00\" \/>\n<meta property=\"og:image\" content=\"https:\/\/www.interfama.com\/gmbh\/wp-content\/uploads\/2020\/12\/1-48.jpg\" \/>\n\t<meta property=\"og:image:width\" content=\"1000\" \/>\n\t<meta property=\"og:image:height\" content=\"673\" \/>\n\t<meta property=\"og:image:type\" content=\"image\/jpeg\" \/>\n<meta name=\"twitter:card\" content=\"summary_large_image\" \/>\n<meta name=\"twitter:label1\" content=\"Gesch\u00e4tzte Lesezeit\" \/>\n\t<meta name=\"twitter:data1\" content=\"5\u00a0Minuten\" \/>\n<script type=\"application\/ld+json\" class=\"yoast-schema-graph\">{\"@context\":\"https:\/\/schema.org\",\"@graph\":[{\"@type\":\"WebPage\",\"@id\":\"https:\/\/www.interfama.com\/gmbh\/zwingen-winkel\/\",\"url\":\"https:\/\/www.interfama.com\/gmbh\/zwingen-winkel\/\",\"name\":\"Zwingen & Winkel \u2611\ufe0fSchalungszubeh\u00f6r und Betonzwingen |VERKAUF\",\"isPartOf\":{\"@id\":\"https:\/\/www.interfama.com\/gmbh\/it\/#website\"},\"datePublished\":\"2020-12-03T13:17:29+00:00\",\"dateModified\":\"2024-09-11T12:18:18+00:00\",\"description\":\"Zwingen & Winkel f\u00fcr Betonschalungen \u27a1\ufe0fFundamentzwingen, Abschalwinkel, Schutz\u2010Gel\u00e4nderzwingen \u27a1\ufe0fGem\u00e4ss Norm EN 13374 \u27a1\ufe0fSicheres Arbeiten\",\"breadcrumb\":{\"@id\":\"https:\/\/www.interfama.com\/gmbh\/zwingen-winkel\/#breadcrumb\"},\"inLanguage\":\"de\",\"potentialAction\":[{\"@type\":\"ReadAction\",\"target\":[\"https:\/\/www.interfama.com\/gmbh\/zwingen-winkel\/\"]}]},{\"@type\":\"BreadcrumbList\",\"@id\":\"https:\/\/www.interfama.com\/gmbh\/zwingen-winkel\/#breadcrumb\",\"itemListElement\":[{\"@type\":\"ListItem\",\"position\":1,\"name\":\"Startseite\",\"item\":\"https:\/\/www.interfama.com\/gmbh\/\"},{\"@type\":\"ListItem\",\"position\":2,\"name\":\"ZWINGEN &#038; WINKEL\"}]},{\"@type\":\"WebSite\",\"@id\":\"https:\/\/www.interfama.com\/gmbh\/it\/#website\",\"url\":\"https:\/\/www.interfama.com\/gmbh\/it\/\",\"name\":\"INTERFAMA GmbH\",\"description\":\"Einfach Beton gestalten\",\"potentialAction\":[{\"@type\":\"SearchAction\",\"target\":{\"@type\":\"EntryPoint\",\"urlTemplate\":\"https:\/\/www.interfama.com\/gmbh\/it\/?s={search_term_string}\"},\"query-input\":\"required name=search_term_string\"}],\"inLanguage\":\"de\"}]}<\/script>\n<!-- \/ Yoast SEO plugin. -->","yoast_head_json":{"title":"Zwingen & Winkel \u2611\ufe0fSchalungszubeh\u00f6r und Betonzwingen |VERKAUF","description":"Zwingen & Winkel f\u00fcr Betonschalungen \u27a1\ufe0fFundamentzwingen, Abschalwinkel, Schutz\u2010Gel\u00e4nderzwingen \u27a1\ufe0fGem\u00e4ss Norm EN 13374 \u27a1\ufe0fSicheres Arbeiten","robots":{"index":"index","follow":"follow","max-snippet":"max-snippet:-1","max-image-preview":"max-image-preview:large","max-video-preview":"max-video-preview:-1"},"canonical":"https:\/\/www.interfama.com\/gmbh\/zwingen-winkel\/","og_locale":"de_DE","og_type":"article","og_title":"Zwingen & Winkel \u2611\ufe0fSchalungszubeh\u00f6r und Betonzwingen |VERKAUF","og_description":"Zwingen & Winkel f\u00fcr Betonschalungen \u27a1\ufe0fFundamentzwingen, Abschalwinkel, Schutz\u2010Gel\u00e4nderzwingen \u27a1\ufe0fGem\u00e4ss Norm EN 13374 \u27a1\ufe0fSicheres Arbeiten","og_url":"https:\/\/www.interfama.com\/gmbh\/zwingen-winkel\/","og_site_name":"INTERFAMA GmbH","article_publisher":"https:\/\/www.facebook.com\/INTERFAMA\/","article_modified_time":"2024-09-11T12:18:18+00:00","og_image":[{"width":1000,"height":673,"url":"https:\/\/www.interfama.com\/gmbh\/wp-content\/uploads\/2020\/12\/1-48.jpg","type":"image\/jpeg"}],"twitter_card":"summary_large_image","twitter_misc":{"Gesch\u00e4tzte Lesezeit":"5\u00a0Minuten"},"schema":{"@context":"https:\/\/schema.org","@graph":[{"@type":"WebPage","@id":"https:\/\/www.interfama.com\/gmbh\/zwingen-winkel\/","url":"https:\/\/www.interfama.com\/gmbh\/zwingen-winkel\/","name":"Zwingen & Winkel \u2611\ufe0fSchalungszubeh\u00f6r und Betonzwingen |VERKAUF","isPartOf":{"@id":"https:\/\/www.interfama.com\/gmbh\/it\/#website"},"datePublished":"2020-12-03T13:17:29+00:00","dateModified":"2024-09-11T12:18:18+00:00","description":"Zwingen & Winkel f\u00fcr Betonschalungen \u27a1\ufe0fFundamentzwingen, Abschalwinkel, Schutz\u2010Gel\u00e4nderzwingen \u27a1\ufe0fGem\u00e4ss Norm EN 13374 \u27a1\ufe0fSicheres Arbeiten","breadcrumb":{"@id":"https:\/\/www.interfama.com\/gmbh\/zwingen-winkel\/#breadcrumb"},"inLanguage":"de","potentialAction":[{"@type":"ReadAction","target":["https:\/\/www.interfama.com\/gmbh\/zwingen-winkel\/"]}]},{"@type":"BreadcrumbList","@id":"https:\/\/www.interfama.com\/gmbh\/zwingen-winkel\/#breadcrumb","itemListElement":[{"@type":"ListItem","position":1,"name":"Startseite","item":"https:\/\/www.interfama.com\/gmbh\/"},{"@type":"ListItem","position":2,"name":"ZWINGEN &#038; WINKEL"}]},{"@type":"WebSite","@id":"https:\/\/www.interfama.com\/gmbh\/it\/#website","url":"https:\/\/www.interfama.com\/gmbh\/it\/","name":"INTERFAMA GmbH","description":"Einfach Beton gestalten","potentialAction":[{"@type":"SearchAction","target":{"@type":"EntryPoint","urlTemplate":"https:\/\/www.interfama.com\/gmbh\/it\/?s={search_term_string}"},"query-input":"required name=search_term_string"}],"inLanguage":"de"}]}},"_links":{"self":[{"href":"https:\/\/www.interfama.com\/gmbh\/wp-json\/wp\/v2\/pages\/3100"}],"collection":[{"href":"https:\/\/www.interfama.com\/gmbh\/wp-json\/wp\/v2\/pages"}],"about":[{"href":"https:\/\/www.interfama.com\/gmbh\/wp-json\/wp\/v2\/types\/page"}],"author":[{"embeddable":true,"href":"https:\/\/www.interfama.com\/gmbh\/wp-json\/wp\/v2\/users\/1"}],"replies":[{"embeddable":true,"href":"https:\/\/www.interfama.com\/gmbh\/wp-json\/wp\/v2\/comments?post=3100"}],"version-history":[{"count":1,"href":"https:\/\/www.interfama.com\/gmbh\/wp-json\/wp\/v2\/pages\/3100\/revisions"}],"predecessor-version":[{"id":12257,"href":"https:\/\/www.interfama.com\/gmbh\/wp-json\/wp\/v2\/pages\/3100\/revisions\/12257"}],"wp:featuredmedia":[{"embeddable":true,"href":"https:\/\/www.interfama.com\/gmbh\/wp-json\/wp\/v2\/media\/3103"}],"wp:attachment":[{"href":"https:\/\/www.interfama.com\/gmbh\/wp-json\/wp\/v2\/media?parent=3100"}],"curies":[{"name":"wp","href":"https:\/\/api.w.org\/{rel}","templated":true}]}}