{"id":3060,"date":"2020-12-03T14:07:52","date_gmt":"2020-12-03T13:07:52","guid":{"rendered":"http:\/\/23118.web.zcom.it\/gmbh\/?page_id=3060"},"modified":"2024-09-10T13:39:56","modified_gmt":"2024-09-10T11:39:56","slug":"schalung-betonkranz","status":"publish","type":"page","link":"https:\/\/www.interfama.com\/gmbh\/schalung-betonkranz\/","title":{"rendered":"BANCHETTONE"},"content":{"rendered":"<p>[et_pb_section fb_built=&#8220;1&#8243; fullwidth=&#8220;on&#8220; _builder_version=&#8220;4.16&#8243; _module_preset=&#8220;default&#8220; animation_style=&#8220;fade&#8220; global_colors_info=&#8220;{}&#8220;][et_pb_fullwidth_header header_fullscreen=&#8220;on&#8220; _builder_version=&#8220;4.16&#8243; _module_preset=&#8220;default&#8220; background_enable_color=&#8220;off&#8220; background_image=&#8220;https:\/\/www.interfama.com\/gmbh\/wp-content\/uploads\/2020\/12\/head-1.jpg&#8220; parallax=&#8220;on&#8220; global_colors_info=&#8220;{}&#8220;][\/et_pb_fullwidth_header][\/et_pb_section][et_pb_section fb_built=&#8220;1&#8243; _builder_version=&#8220;4.16&#8243; background_enable_color=&#8220;off&#8220; use_background_color_gradient=&#8220;on&#8220; background_color_gradient_direction=&#8220;1deg&#8220; background_color_gradient_stops=&#8220;#ffffff 37%|#d6d6d6 100%&#8220; background_color_gradient_start=&#8220;#ffffff&#8220; background_color_gradient_start_position=&#8220;37%&#8220; background_color_gradient_end=&#8220;#d6d6d6&#8243; custom_margin=&#8220;||||false|false&#8220; animation_direction=&#8220;bottom&#8220; global_colors_info=&#8220;{}&#8220;][et_pb_row module_id=&#8220;systeme&#8220; _builder_version=&#8220;4.16&#8243; background_enable_color=&#8220;off&#8220; width=&#8220;75%&#8220; width_tablet=&#8220;100%&#8220; width_phone=&#8220;100%&#8220; width_last_edited=&#8220;on|phone&#8220; custom_margin=&#8220;-75vh||0px||false|false&#8220; custom_padding=&#8220;||0px||false|false&#8220; animation_style=&#8220;fade&#8220; animation_direction=&#8220;bottom&#8220; animation_delay=&#8220;1000ms&#8220; global_colors_info=&#8220;{}&#8220;][et_pb_column type=&#8220;4_4&#8243; _builder_version=&#8220;4.16&#8243; background_color=&#8220;#ffffff&#8220; global_colors_info=&#8220;{}&#8220;][et_pb_text admin_label=&#8220;Einleitungstext&#8220; _builder_version=&#8220;4.17.3&#8243; header_2_line_height=&#8220;2em&#8220; background_enable_color=&#8220;off&#8220; text_orientation=&#8220;justified&#8220; width=&#8220;100%&#8220; custom_margin=&#8220;||||false|false&#8220; custom_padding=&#8220;3em|4em|3em|4em|false|false&#8220; custom_padding_tablet=&#8220;2em|2em|2em|2em|false|false&#8220; custom_padding_phone=&#8220;2em|2em|2em|2em|false|false&#8220; custom_padding_last_edited=&#8220;on|desktop&#8220; animation_style=&#8220;fade&#8220; hover_enabled=&#8220;0&#8243; header_2_font_size_tablet=&#8220;25px&#8220; header_2_font_size_phone=&#8220;24px&#8220; header_2_font_size_last_edited=&#8220;on|phone&#8220; global_colors_info=&#8220;{}&#8220; sticky_enabled=&#8220;0&#8243;]<\/p>\n<h1>Verkauf &amp; Produktion Schalung f\u00fcr Betonkranz &#8211; BANCHETTONE<\/h1>\n<p>Die verstellbare <a href=\"https:\/\/www.interfama.com\/gmbh\/document\/Produktkatalog.pdf#page=110\"><strong>BANCHETTONE-Schalung<\/strong><\/a> erm\u00f6glicht eine einfache und pr\u00e4zise Ausf\u00fchrung der Betonkr\u00e4nze, <strong>mit oder ohne Aufsatz<\/strong>. Verschiedenen Betonkr\u00e4nze k\u00f6nnen mit oder ohne Leitplanken geschalt werden. Die Stahlelemente werden mittels Bolzen und Keil verbunden und garantieren somit eine<strong> schnelle Montage<\/strong>.<\/p>\n<p>Durch die <strong>verschiedenen L\u00e4ngen der Schalungselemente<\/strong>, ein oder zwei Meter, k\u00f6nnen die Betonkr\u00e4nze ohne Probleme der Linienf\u00fchrung der Stra\u00dfe folgen.<\/p>\n<p>[\/et_pb_text][\/et_pb_column][\/et_pb_row][et_pb_row column_structure=&#8220;1_3,1_3,1_3&#8243; make_equal=&#8220;on&#8220; custom_padding_last_edited=&#8220;on|desktop&#8220; module_id=&#8220;systeme&#8220; _builder_version=&#8220;4.16&#8243; background_color=&#8220;#ffffff&#8220; width=&#8220;75%&#8220; width_tablet=&#8220;100%&#8220; width_phone=&#8220;100%&#8220; width_last_edited=&#8220;on|desktop&#8220; custom_margin=&#8220;0px||0px||false|false&#8220; custom_padding=&#8220;3em|4em|0px|4em|false|false&#8220; custom_padding_tablet=&#8220;2em|2em|0em|2em|false|false&#8220; custom_padding_phone=&#8220;||0em||false|false&#8220; animation_style=&#8220;fade&#8220; animation_direction=&#8220;bottom&#8220; animation_delay=&#8220;1000ms&#8220; global_colors_info=&#8220;{}&#8220;][et_pb_column type=&#8220;1_3&#8243; _builder_version=&#8220;4.16&#8243; background_color=&#8220;#ffffff&#8220; global_colors_info=&#8220;{}&#8220;][et_pb_blurb title=&#8220;Schnelle Montage&#8220; use_icon=&#8220;on&#8220; font_icon=&#8220;&#x4e;||divi||400&#8243; icon_color=&#8220;#e02b20&#8243; image_icon_width=&#8220;40px&#8220; title_last_edited=&#8220;off|desktop&#8220; _builder_version=&#8220;4.16&#8243; _module_preset=&#8220;default&#8220; header_level=&#8220;h2&#8243; header_text_align=&#8220;center&#8220; text_orientation=&#8220;center&#8220; animation=&#8220;off&#8220; icon_font_size=&#8220;40px&#8220; global_colors_info=&#8220;{}&#8220;][\/et_pb_blurb][\/et_pb_column][et_pb_column type=&#8220;1_3&#8243; _builder_version=&#8220;4.16&#8243; background_color=&#8220;#ffffff&#8220; global_colors_info=&#8220;{}&#8220;][et_pb_blurb title=&#8220;Leitplanke dient beim Betonieren als Absturzsicherung&#8220; use_icon=&#8220;on&#8220; font_icon=&#8220;&#x4e;||divi||400&#8243; icon_color=&#8220;#e02b20&#8243; image_icon_width=&#8220;40px&#8220; title_last_edited=&#8220;off|desktop&#8220; _builder_version=&#8220;4.16&#8243; _module_preset=&#8220;default&#8220; header_level=&#8220;h2&#8243; header_text_align=&#8220;center&#8220; text_orientation=&#8220;center&#8220; animation=&#8220;off&#8220; icon_font_size=&#8220;40px&#8220; global_colors_info=&#8220;{}&#8220;][\/et_pb_blurb][\/et_pb_column][et_pb_column type=&#8220;1_3&#8243; _builder_version=&#8220;4.16&#8243; background_color=&#8220;#ffffff&#8220; global_colors_info=&#8220;{}&#8220;][et_pb_blurb title=&#8220;Leichte Anpassung der Stra\u00dfenlinie&#8220; use_icon=&#8220;on&#8220; font_icon=&#8220;&#x4e;||divi||400&#8243; icon_color=&#8220;#e02b20&#8243; image_icon_width=&#8220;40px&#8220; title_last_edited=&#8220;off|desktop&#8220; _builder_version=&#8220;4.16&#8243; _module_preset=&#8220;default&#8220; header_level=&#8220;h2&#8243; header_text_align=&#8220;center&#8220; text_orientation=&#8220;center&#8220; animation=&#8220;off&#8220; icon_font_size=&#8220;40px&#8220; global_colors_info=&#8220;{}&#8220;][\/et_pb_blurb][\/et_pb_column][\/et_pb_row][et_pb_row column_structure=&#8220;1_3,1_3,1_3&#8243; make_equal=&#8220;on&#8220; custom_padding_last_edited=&#8220;on|desktop&#8220; module_id=&#8220;systeme&#8220; _builder_version=&#8220;4.16&#8243; background_color=&#8220;#ffffff&#8220; width=&#8220;75%&#8220; width_tablet=&#8220;100%&#8220; width_phone=&#8220;100%&#8220; width_last_edited=&#8220;on|desktop&#8220; custom_margin=&#8220;0px||0px||false|false&#8220; custom_padding=&#8220;3em|4em|0px|4em|false|false&#8220; custom_padding_tablet=&#8220;2em|2em|0em|2em|false|false&#8220; custom_padding_phone=&#8220;||0em||false|false&#8220; animation_style=&#8220;fade&#8220; animation_direction=&#8220;bottom&#8220; animation_delay=&#8220;1000ms&#8220; global_colors_info=&#8220;{}&#8220;][et_pb_column type=&#8220;1_3&#8243; _builder_version=&#8220;4.16&#8243; background_color=&#8220;#ffffff&#8220; global_colors_info=&#8220;{}&#8220;][et_pb_blurb title=&#8220;Perfekte Betonoberfl\u00e4che&#8220; use_icon=&#8220;on&#8220; font_icon=&#8220;&#x4e;||divi||400&#8243; icon_color=&#8220;#e02b20&#8243; image_icon_width=&#8220;40px&#8220; title_last_edited=&#8220;off|desktop&#8220; _builder_version=&#8220;4.16&#8243; _module_preset=&#8220;default&#8220; header_level=&#8220;h2&#8243; header_text_align=&#8220;center&#8220; text_orientation=&#8220;center&#8220; animation=&#8220;off&#8220; icon_font_size=&#8220;40px&#8220; global_colors_info=&#8220;{}&#8220;][\/et_pb_blurb][\/et_pb_column][et_pb_column type=&#8220;1_3&#8243; _builder_version=&#8220;4.16&#8243; background_color=&#8220;#ffffff&#8220; global_colors_info=&#8220;{}&#8220;][et_pb_blurb title=&#8220;Mit oder ohne Aufsatz&#8220; use_icon=&#8220;on&#8220; font_icon=&#8220;&#x4e;||divi||400&#8243; icon_color=&#8220;#e02b20&#8243; image_icon_width=&#8220;40px&#8220; title_last_edited=&#8220;off|desktop&#8220; _builder_version=&#8220;4.16&#8243; _module_preset=&#8220;default&#8220; header_level=&#8220;h2&#8243; header_text_align=&#8220;center&#8220; text_orientation=&#8220;center&#8220; animation=&#8220;off&#8220; icon_font_size=&#8220;40px&#8220; global_colors_info=&#8220;{}&#8220;][\/et_pb_blurb][\/et_pb_column][et_pb_column type=&#8220;1_3&#8243; _builder_version=&#8220;4.16&#8243; background_color=&#8220;#ffffff&#8220; global_colors_info=&#8220;{}&#8220;][et_pb_blurb title=&#8220;Konstruktion aus Stahl &#8220; use_icon=&#8220;on&#8220; font_icon=&#8220;&#x4e;||divi||400&#8243; icon_color=&#8220;#e02b20&#8243; image_icon_width=&#8220;40px&#8220; title_last_edited=&#8220;off|desktop&#8220; _builder_version=&#8220;4.16&#8243; _module_preset=&#8220;default&#8220; header_level=&#8220;h2&#8243; header_text_align=&#8220;center&#8220; text_orientation=&#8220;center&#8220; animation=&#8220;off&#8220; icon_font_size=&#8220;40px&#8220; global_colors_info=&#8220;{}&#8220;][\/et_pb_blurb][\/et_pb_column][\/et_pb_row][et_pb_row use_custom_gutter=&#8220;on&#8220; gutter_width=&#8220;1&#8243; _builder_version=&#8220;4.17.3&#8243; _module_preset=&#8220;default&#8220; background_color=&#8220;#ffffff&#8220; z_index=&#8220;500&#8243; width=&#8220;75%&#8220; module_alignment=&#8220;center&#8220; custom_margin=&#8220;0px|0px|0px|0px|false|false&#8220; custom_padding=&#8220;75px|0px|0px|0px|false|false&#8220; animation_style=&#8220;fade&#8220; animation_delay=&#8220;1000ms&#8220; global_colors_info=&#8220;{}&#8220;][et_pb_column type=&#8220;4_4&#8243; _builder_version=&#8220;4.16&#8243; _module_preset=&#8220;default&#8220; global_colors_info=&#8220;{}&#8220;][et_pb_gallery gallery_ids=&#8220;3067,3068,3069,3070,3071,3072,3073,3074,3075&#8243; posts_number=&#8220;20&#8243; show_title_and_caption=&#8220;off&#8220; show_pagination=&#8220;off&#8220; admin_label=&#8220;Fotogalerie&#8220; _builder_version=&#8220;4.16&#8243; _module_preset=&#8220;default&#8220; global_colors_info=&#8220;{}&#8220;][\/et_pb_gallery][\/et_pb_column][\/et_pb_row][et_pb_row use_custom_gutter=&#8220;on&#8220; gutter_width=&#8220;1&#8243; _builder_version=&#8220;4.17.3&#8243; _module_preset=&#8220;default&#8220; background_color=&#8220;#ffffff&#8220; z_index=&#8220;500&#8243; width=&#8220;75%&#8220; module_alignment=&#8220;center&#8220; custom_margin=&#8220;0px|0px|0px|0px|false|false&#8220; custom_padding=&#8220;75px|0px|0px|0px|false|false&#8220; animation_style=&#8220;fade&#8220; animation_delay=&#8220;1000ms&#8220; global_colors_info=&#8220;{}&#8220;][et_pb_column type=&#8220;4_4&#8243; _builder_version=&#8220;4.16&#8243; _module_preset=&#8220;default&#8220; global_colors_info=&#8220;{}&#8220;][et_pb_text admin_label=&#8220;\u00dcberschriften&#8220; _builder_version=&#8220;4.16&#8243; custom_margin=&#8220;||||false|false&#8220; custom_padding=&#8220;||||false|false&#8220; header_2_font_size_tablet=&#8220;25px&#8220; header_2_font_size_phone=&#8220;24px&#8220; header_2_font_size_last_edited=&#8220;on|phone&#8220; global_colors_info=&#8220;{}&#8220;]<\/p>\n<h2 style=\"text-align: center;\">Weitere Informationen<\/h2>\n<p>[\/et_pb_text][et_pb_divider divider_weight=&#8220;5px&#8220; _builder_version=&#8220;4.16&#8243; _module_preset=&#8220;default&#8220; global_colors_info=&#8220;{}&#8220;][\/et_pb_divider][\/et_pb_column][\/et_pb_row][et_pb_row column_structure=&#8220;1_2,1_2&#8243; use_custom_gutter=&#8220;on&#8220; gutter_width=&#8220;1&#8243; make_equal=&#8220;on&#8220; _builder_version=&#8220;4.17.3&#8243; _module_preset=&#8220;default&#8220; background_color=&#8220;#ffffff&#8220; z_index=&#8220;500&#8243; width=&#8220;75%&#8220; module_alignment=&#8220;center&#8220; custom_margin=&#8220;0px|0px|0px|0px|false|false&#8220; custom_padding=&#8220;75px|0px|0px|0px|false|false&#8220; animation_style=&#8220;fade&#8220; animation_delay=&#8220;1000ms&#8220; global_colors_info=&#8220;{}&#8220;][et_pb_column type=&#8220;1_2&#8243; module_class=&#8220;ds-vertical-align&#8220; _builder_version=&#8220;4.16&#8243; _module_preset=&#8220;default&#8220; global_colors_info=&#8220;{}&#8220;][et_pb_image src=&#8220;https:\/\/www.interfama.com\/gmbh\/wp-content\/uploads\/2021\/04\/Titelseite-de-2.jpg&#8220; title_text=&#8220;Titelseite-de&#8220; url=&#8220;https:\/\/www.interfama.com\/gmbh\/document\/Produktkatalog.pdf#page=110&#8243; url_new_window=&#8220;on&#8220; align=&#8220;right&#8220; admin_label=&#8220;Bild Hauptkatalog&#8220; _builder_version=&#8220;4.17.3&#8243; _module_preset=&#8220;default&#8220; custom_margin=&#8220;|60px|||false|false&#8220; hover_enabled=&#8220;0&#8243; global_colors_info=&#8220;{}&#8220; sticky_enabled=&#8220;0&#8243;][\/et_pb_image][\/et_pb_column][et_pb_column type=&#8220;1_2&#8243; module_class=&#8220;ds-vertical-align&#8220; _builder_version=&#8220;4.16&#8243; _module_preset=&#8220;default&#8220; global_colors_info=&#8220;{}&#8220;][et_pb_button button_url=&#8220;https:\/\/www.interfama.com\/gmbh\/document\/Produktkatalog.pdf#page=110&#8243; url_new_window=&#8220;on&#8220; button_text=&#8220;Download Produktkatalog&#8220; button_alignment=&#8220;left&#8220; button_alignment_tablet=&#8220;left&#8220; button_alignment_phone=&#8220;center&#8220; button_alignment_last_edited=&#8220;on|desktop&#8220; admin_label=&#8220;Download Hauptkatalog&#8220; _builder_version=&#8220;4.17.3&#8243; _module_preset=&#8220;default&#8220; hover_enabled=&#8220;0&#8243; custom_css_main_element=&#8220;margin: auto;&#8220; global_colors_info=&#8220;{}&#8220; sticky_enabled=&#8220;0&#8243;][\/et_pb_button][\/et_pb_column][\/et_pb_row][\/et_pb_section][et_pb_section fb_built=&#8220;1&#8243; fullwidth=&#8220;on&#8220; _builder_version=&#8220;4.9.10&#8243; _module_preset=&#8220;default&#8220; custom_css_main_element=&#8220;display: none;&#8220; global_module=&#8220;1558&#8243; saved_tabs=&#8220;all&#8220; global_colors_info=&#8220;{}&#8220;][et_pb_fullwidth_map _builder_version=&#8220;4.16&#8243; _module_preset=&#8220;default&#8220; global_colors_info=&#8220;{}&#8220;][\/et_pb_fullwidth_map][\/et_pb_section]<\/p>\n","protected":false},"excerpt":{"rendered":"<p>Verkauf &amp; Produktion Schalung f\u00fcr Betonkranz &#8211; BANCHETTONE Die verstellbare BANCHETTONE-Schalung erm\u00f6glicht eine einfache und pr\u00e4zise Ausf\u00fchrung der Betonkr\u00e4nze, mit oder ohne Aufsatz. Verschiedenen Betonkr\u00e4nze k\u00f6nnen mit oder ohne Leitplanken geschalt werden. Die Stahlelemente werden mittels Bolzen und Keil verbunden und garantieren somit eine schnelle Montage. Durch die verschiedenen L\u00e4ngen der Schalungselemente, ein oder zwei [&hellip;]<\/p>\n","protected":false},"author":1,"featured_media":3012,"parent":0,"menu_order":0,"comment_status":"closed","ping_status":"closed","template":"","meta":{"_et_pb_use_builder":"on","_et_pb_old_content":"","_et_gb_content_width":""},"yoast_head":"<!-- This site is optimized with the Yoast SEO plugin v21.7 - https:\/\/yoast.com\/wordpress\/plugins\/seo\/ -->\n<title>Schalung Betonkranz - BANCHETTONE \u2714\ufe0f Verkauf &amp; Produktion auf Ma\u00df<\/title>\n<meta name=\"description\" content=\"Schalung f\u00fcr Betonkr\u00e4nze \ud83d\udd37Konstruktion aus Stahl \ud83d\udd37Leichte Anpassung an die Stra\u00dfenlinie \ud83d\udd37Schnelle Montage \ud83d\udd37Produktion auf Ma\u00df\" \/>\n<meta name=\"robots\" content=\"index, follow, max-snippet:-1, max-image-preview:large, max-video-preview:-1\" \/>\n<link rel=\"canonical\" href=\"https:\/\/www.interfama.com\/gmbh\/schalung-betonkranz\/\" \/>\n<meta property=\"og:locale\" content=\"de_DE\" \/>\n<meta property=\"og:type\" content=\"article\" \/>\n<meta property=\"og:title\" content=\"Schalung Betonkranz - BANCHETTONE \u2714\ufe0f Verkauf &amp; Produktion auf Ma\u00df\" \/>\n<meta property=\"og:description\" content=\"Schalung f\u00fcr Betonkr\u00e4nze \ud83d\udd37Konstruktion aus Stahl \ud83d\udd37Leichte Anpassung an die Stra\u00dfenlinie \ud83d\udd37Schnelle Montage \ud83d\udd37Produktion auf Ma\u00df\" \/>\n<meta property=\"og:url\" content=\"https:\/\/www.interfama.com\/gmbh\/schalung-betonkranz\/\" \/>\n<meta property=\"og:site_name\" content=\"INTERFAMA GmbH\" \/>\n<meta property=\"article:publisher\" content=\"https:\/\/www.facebook.com\/INTERFAMA\/\" \/>\n<meta property=\"article:modified_time\" content=\"2024-09-10T11:39:56+00:00\" \/>\n<meta property=\"og:image\" content=\"https:\/\/www.interfama.com\/gmbh\/wp-content\/uploads\/2020\/12\/banchettone.jpg\" \/>\n\t<meta property=\"og:image:width\" content=\"600\" \/>\n\t<meta property=\"og:image:height\" content=\"400\" \/>\n\t<meta property=\"og:image:type\" content=\"image\/jpeg\" \/>\n<meta name=\"twitter:card\" content=\"summary_large_image\" \/>\n<meta name=\"twitter:label1\" content=\"Gesch\u00e4tzte Lesezeit\" \/>\n\t<meta name=\"twitter:data1\" content=\"7\u00a0Minuten\" \/>\n<script type=\"application\/ld+json\" class=\"yoast-schema-graph\">{\"@context\":\"https:\/\/schema.org\",\"@graph\":[{\"@type\":\"WebPage\",\"@id\":\"https:\/\/www.interfama.com\/gmbh\/schalung-betonkranz\/\",\"url\":\"https:\/\/www.interfama.com\/gmbh\/schalung-betonkranz\/\",\"name\":\"Schalung Betonkranz - BANCHETTONE \u2714\ufe0f Verkauf & Produktion auf Ma\u00df\",\"isPartOf\":{\"@id\":\"https:\/\/www.interfama.com\/gmbh\/it\/#website\"},\"datePublished\":\"2020-12-03T13:07:52+00:00\",\"dateModified\":\"2024-09-10T11:39:56+00:00\",\"description\":\"Schalung f\u00fcr Betonkr\u00e4nze \ud83d\udd37Konstruktion aus Stahl \ud83d\udd37Leichte Anpassung an die Stra\u00dfenlinie \ud83d\udd37Schnelle Montage \ud83d\udd37Produktion auf Ma\u00df\",\"breadcrumb\":{\"@id\":\"https:\/\/www.interfama.com\/gmbh\/schalung-betonkranz\/#breadcrumb\"},\"inLanguage\":\"de\",\"potentialAction\":[{\"@type\":\"ReadAction\",\"target\":[\"https:\/\/www.interfama.com\/gmbh\/schalung-betonkranz\/\"]}]},{\"@type\":\"BreadcrumbList\",\"@id\":\"https:\/\/www.interfama.com\/gmbh\/schalung-betonkranz\/#breadcrumb\",\"itemListElement\":[{\"@type\":\"ListItem\",\"position\":1,\"name\":\"Startseite\",\"item\":\"https:\/\/www.interfama.com\/gmbh\/\"},{\"@type\":\"ListItem\",\"position\":2,\"name\":\"BANCHETTONE\"}]},{\"@type\":\"WebSite\",\"@id\":\"https:\/\/www.interfama.com\/gmbh\/it\/#website\",\"url\":\"https:\/\/www.interfama.com\/gmbh\/it\/\",\"name\":\"INTERFAMA GmbH\",\"description\":\"Einfach Beton gestalten\",\"potentialAction\":[{\"@type\":\"SearchAction\",\"target\":{\"@type\":\"EntryPoint\",\"urlTemplate\":\"https:\/\/www.interfama.com\/gmbh\/it\/?s={search_term_string}\"},\"query-input\":\"required name=search_term_string\"}],\"inLanguage\":\"de\"}]}<\/script>\n<!-- \/ Yoast SEO plugin. -->","yoast_head_json":{"title":"Schalung Betonkranz - BANCHETTONE \u2714\ufe0f Verkauf & Produktion auf Ma\u00df","description":"Schalung f\u00fcr Betonkr\u00e4nze \ud83d\udd37Konstruktion aus Stahl \ud83d\udd37Leichte Anpassung an die Stra\u00dfenlinie \ud83d\udd37Schnelle Montage \ud83d\udd37Produktion auf Ma\u00df","robots":{"index":"index","follow":"follow","max-snippet":"max-snippet:-1","max-image-preview":"max-image-preview:large","max-video-preview":"max-video-preview:-1"},"canonical":"https:\/\/www.interfama.com\/gmbh\/schalung-betonkranz\/","og_locale":"de_DE","og_type":"article","og_title":"Schalung Betonkranz - BANCHETTONE \u2714\ufe0f Verkauf & Produktion auf Ma\u00df","og_description":"Schalung f\u00fcr Betonkr\u00e4nze \ud83d\udd37Konstruktion aus Stahl \ud83d\udd37Leichte Anpassung an die Stra\u00dfenlinie \ud83d\udd37Schnelle Montage \ud83d\udd37Produktion auf Ma\u00df","og_url":"https:\/\/www.interfama.com\/gmbh\/schalung-betonkranz\/","og_site_name":"INTERFAMA GmbH","article_publisher":"https:\/\/www.facebook.com\/INTERFAMA\/","article_modified_time":"2024-09-10T11:39:56+00:00","og_image":[{"width":600,"height":400,"url":"https:\/\/www.interfama.com\/gmbh\/wp-content\/uploads\/2020\/12\/banchettone.jpg","type":"image\/jpeg"}],"twitter_card":"summary_large_image","twitter_misc":{"Gesch\u00e4tzte Lesezeit":"7\u00a0Minuten"},"schema":{"@context":"https:\/\/schema.org","@graph":[{"@type":"WebPage","@id":"https:\/\/www.interfama.com\/gmbh\/schalung-betonkranz\/","url":"https:\/\/www.interfama.com\/gmbh\/schalung-betonkranz\/","name":"Schalung Betonkranz - BANCHETTONE \u2714\ufe0f Verkauf & Produktion auf Ma\u00df","isPartOf":{"@id":"https:\/\/www.interfama.com\/gmbh\/it\/#website"},"datePublished":"2020-12-03T13:07:52+00:00","dateModified":"2024-09-10T11:39:56+00:00","description":"Schalung f\u00fcr Betonkr\u00e4nze \ud83d\udd37Konstruktion aus Stahl \ud83d\udd37Leichte Anpassung an die Stra\u00dfenlinie \ud83d\udd37Schnelle Montage \ud83d\udd37Produktion auf Ma\u00df","breadcrumb":{"@id":"https:\/\/www.interfama.com\/gmbh\/schalung-betonkranz\/#breadcrumb"},"inLanguage":"de","potentialAction":[{"@type":"ReadAction","target":["https:\/\/www.interfama.com\/gmbh\/schalung-betonkranz\/"]}]},{"@type":"BreadcrumbList","@id":"https:\/\/www.interfama.com\/gmbh\/schalung-betonkranz\/#breadcrumb","itemListElement":[{"@type":"ListItem","position":1,"name":"Startseite","item":"https:\/\/www.interfama.com\/gmbh\/"},{"@type":"ListItem","position":2,"name":"BANCHETTONE"}]},{"@type":"WebSite","@id":"https:\/\/www.interfama.com\/gmbh\/it\/#website","url":"https:\/\/www.interfama.com\/gmbh\/it\/","name":"INTERFAMA GmbH","description":"Einfach Beton gestalten","potentialAction":[{"@type":"SearchAction","target":{"@type":"EntryPoint","urlTemplate":"https:\/\/www.interfama.com\/gmbh\/it\/?s={search_term_string}"},"query-input":"required name=search_term_string"}],"inLanguage":"de"}]}},"_links":{"self":[{"href":"https:\/\/www.interfama.com\/gmbh\/wp-json\/wp\/v2\/pages\/3060"}],"collection":[{"href":"https:\/\/www.interfama.com\/gmbh\/wp-json\/wp\/v2\/pages"}],"about":[{"href":"https:\/\/www.interfama.com\/gmbh\/wp-json\/wp\/v2\/types\/page"}],"author":[{"embeddable":true,"href":"https:\/\/www.interfama.com\/gmbh\/wp-json\/wp\/v2\/users\/1"}],"replies":[{"embeddable":true,"href":"https:\/\/www.interfama.com\/gmbh\/wp-json\/wp\/v2\/comments?post=3060"}],"version-history":[{"count":1,"href":"https:\/\/www.interfama.com\/gmbh\/wp-json\/wp\/v2\/pages\/3060\/revisions"}],"predecessor-version":[{"id":12219,"href":"https:\/\/www.interfama.com\/gmbh\/wp-json\/wp\/v2\/pages\/3060\/revisions\/12219"}],"wp:featuredmedia":[{"embeddable":true,"href":"https:\/\/www.interfama.com\/gmbh\/wp-json\/wp\/v2\/media\/3012"}],"wp:attachment":[{"href":"https:\/\/www.interfama.com\/gmbh\/wp-json\/wp\/v2\/media?parent=3060"}],"curies":[{"name":"wp","href":"https:\/\/api.w.org\/{rel}","templated":true}]}}