{"id":3004,"date":"2020-12-03T13:49:22","date_gmt":"2020-12-03T12:49:22","guid":{"rendered":"http:\/\/23118.web.zcom.it\/gmbh\/?page_id=3004"},"modified":"2024-09-11T14:06:53","modified_gmt":"2024-09-11T12:06:53","slug":"schalungszubehoer-sonstige-schalung","status":"publish","type":"page","link":"https:\/\/www.interfama.com\/gmbh\/schalungszubehoer-sonstige-schalung\/","title":{"rendered":"Sonstige Schalungen &#038; Zubeh\u00f6r"},"content":{"rendered":"<p>[et_pb_section fb_built=&#8220;1&#8243; _builder_version=&#8220;4.16&#8243; background_color=&#8220;rgba(0,0,0,0)&#8220; background_color_gradient_direction=&#8220;1deg&#8220; background_enable_image=&#8220;off&#8220; parallax=&#8220;on&#8220; parallax_method=&#8220;off&#8220; custom_margin=&#8220;0px||0px||false|false&#8220; custom_padding=&#8220;0px||0px||false|false&#8220; animation_style=&#8220;fade&#8220; global_colors_info=&#8220;{}&#8220;][et_pb_row module_id=&#8220;systeme&#8220; _builder_version=&#8220;4.16&#8243; background_enable_color=&#8220;off&#8220; width=&#8220;75%&#8220; width_tablet=&#8220;100%&#8220; width_phone=&#8220;100%&#8220; width_last_edited=&#8220;on|phone&#8220; custom_margin=&#8220;||||false|false&#8220; custom_padding=&#8220;||||false|false&#8220; animation_style=&#8220;fade&#8220; animation_direction=&#8220;bottom&#8220; global_colors_info=&#8220;{}&#8220;][et_pb_column type=&#8220;4_4&#8243; _builder_version=&#8220;4.16&#8243; background_color=&#8220;#ffffff&#8220; global_colors_info=&#8220;{}&#8220;][et_pb_text admin_label=&#8220;Einleitungstext&#8220; _builder_version=&#8220;4.17.3&#8243; header_2_line_height=&#8220;2em&#8220; background_enable_color=&#8220;off&#8220; text_orientation=&#8220;justified&#8220; width=&#8220;100%&#8220; custom_margin=&#8220;||||false|false&#8220; custom_padding=&#8220;3em|4em|3em|4em|false|false&#8220; custom_padding_tablet=&#8220;2em|2em|2em|2em|false|false&#8220; custom_padding_phone=&#8220;2em|2em|2em|2em|false|false&#8220; custom_padding_last_edited=&#8220;on|desktop&#8220; animation_style=&#8220;fade&#8220; hover_enabled=&#8220;0&#8243; header_2_font_size_tablet=&#8220;25px&#8220; header_2_font_size_phone=&#8220;24px&#8220; header_2_font_size_last_edited=&#8220;on|phone&#8220; global_colors_info=&#8220;{}&#8220; sticky_enabled=&#8220;0&#8243;]<\/p>\n<h1><strong>Sonstige Schalungen &amp; Zubeh\u00f6r \u2013 Fertigung von speziellen Schalungen<\/strong><\/h1>\n<p>&nbsp;<\/p>\n<p>INTERFAMA fertigt neben den bew\u00e4hrten Schalsystemen auch <strong>Schalungszubeh\u00f6r und spezielle Schalungen<\/strong> f\u00fcr ein effizientes Arbeiten auf der Baustelle. Dies w\u00e4ren beispielsweise Schalungen f\u00fcr <strong><a href=\"https:\/\/www.interfama.com\/gmbh\/i-door-aussparschalung\/\">Aussparungen und T\u00fcren<\/a><\/strong>, Schalsysteme f\u00fcr<strong><a href=\"https:\/\/www.interfama.com\/gmbh\/i-block-betonbloecke\/\"> Betonbl\u00f6cke<\/a><\/strong> und das Betonieren von <a href=\"https:\/\/www.interfama.com\/gmbh\/schalung-betonkranz\/\"><strong>Betonkr\u00e4nzen<\/strong>.<\/a><\/p>\n<p>Zudem f\u00fchrt INTERFAMA verschiedene Stapelgestelle f\u00fcr Systembauteile, Schalelemente, und St\u00fctzen im Sortiment. Diese erm\u00f6glichen eine <strong>bessere Logistik<\/strong> auf der Baustelle, im Lager und beim Transport.<\/p>\n<p>[\/et_pb_text][\/et_pb_column][\/et_pb_row][et_pb_row column_structure=&#8220;1_3,1_3,1_3&#8243; make_equal=&#8220;on&#8220; custom_padding_last_edited=&#8220;on|desktop&#8220; module_id=&#8220;systeme&#8220; _builder_version=&#8220;4.16&#8243; background_color=&#8220;#ffffff&#8220; width=&#8220;75%&#8220; width_tablet=&#8220;100%&#8220; width_phone=&#8220;100%&#8220; width_last_edited=&#8220;on|desktop&#8220; custom_margin=&#8220;0px||0px||false|false&#8220; custom_padding=&#8220;3em|4em|3em|4em|false|false&#8220; custom_padding_tablet=&#8220;2em|2em|0em|2em|false|false&#8220; custom_padding_phone=&#8220;||0em||false|false&#8220; animation_style=&#8220;fade&#8220; animation_direction=&#8220;bottom&#8220; global_colors_info=&#8220;{}&#8220;][et_pb_column type=&#8220;1_3&#8243; _builder_version=&#8220;4.16&#8243; background_color=&#8220;#ffffff&#8220; global_colors_info=&#8220;{}&#8220;][et_pb_blurb title=&#8220;FreeFalcon | Mobile Absturzsicherung&#8220; image=&#8220;https:\/\/www.interfama.com\/gmbh\/wp-content\/uploads\/2023\/07\/FreeFalcon-1000-673.jpg&#8220; alt=&#8220;FreeFalcon protezione anticaduta mobile&#8220; admin_label=&#8220;FREEFALCON&#8220; _builder_version=&#8220;4.17.3&#8243; _module_preset=&#8220;default&#8220; header_level=&#8220;h2&#8243; text_orientation=&#8220;center&#8220; animation_style=&#8220;fade&#8220; animation=&#8220;off&#8220; link_option_url=&#8220;https:\/\/www.interfama.com\/gmbh\/freefalcon-mobile-absturzsicherung\/&#8220; global_colors_info=&#8220;{}&#8220;][\/et_pb_blurb][\/et_pb_column][et_pb_column type=&#8220;1_3&#8243; _builder_version=&#8220;4.16&#8243; background_color=&#8220;#ffffff&#8220; global_colors_info=&#8220;{}&#8220;][et_pb_blurb title=&#8220;I-BLOCK | Betonblock Schalung&#8220; image=&#8220;https:\/\/www.interfama.com\/gmbh\/wp-content\/uploads\/2020\/12\/i-block.jpg&#8220; admin_label=&#8220;I-BLOCK&#8220; _builder_version=&#8220;4.16&#8243; _module_preset=&#8220;default&#8220; header_level=&#8220;h2&#8243; text_orientation=&#8220;center&#8220; animation_style=&#8220;fade&#8220; animation=&#8220;off&#8220; link_option_url=&#8220;https:\/\/www.interfama.com\/gmbh\/i-block-betonbloecke\/&#8220; global_colors_info=&#8220;{}&#8220;][\/et_pb_blurb][\/et_pb_column][et_pb_column type=&#8220;1_3&#8243; _builder_version=&#8220;4.16&#8243; background_color=&#8220;#ffffff&#8220; global_colors_info=&#8220;{}&#8220;][et_pb_blurb title=&#8220;BANCHETTONE | Schalung f\u00fcr Betonkranz &#8220; image=&#8220;https:\/\/www.interfama.com\/gmbh\/wp-content\/uploads\/2020\/12\/banchettone.jpg&#8220; admin_label=&#8220;BANCHETTONE&#8220; _builder_version=&#8220;4.16&#8243; _module_preset=&#8220;default&#8220; header_level=&#8220;h2&#8243; text_orientation=&#8220;center&#8220; animation_style=&#8220;fade&#8220; animation=&#8220;off&#8220; link_option_url=&#8220;https:\/\/www.interfama.com\/gmbh\/schalung-betonkranz\/&#8220; global_colors_info=&#8220;{}&#8220;][\/et_pb_blurb][\/et_pb_column][\/et_pb_row][et_pb_row column_structure=&#8220;1_3,1_3,1_3&#8243; make_equal=&#8220;on&#8220; custom_padding_last_edited=&#8220;on|desktop&#8220; module_id=&#8220;systeme&#8220; _builder_version=&#8220;4.16&#8243; background_color=&#8220;#ffffff&#8220; width=&#8220;75%&#8220; width_tablet=&#8220;100%&#8220; width_phone=&#8220;100%&#8220; width_last_edited=&#8220;on|desktop&#8220; custom_margin=&#8220;0px||0px||false|false&#8220; custom_padding=&#8220;3em|4em|3em|4em|false|false&#8220; custom_padding_tablet=&#8220;2em|2em|0em|2em|false|false&#8220; custom_padding_phone=&#8220;||0em||false|false&#8220; animation_style=&#8220;fade&#8220; animation_direction=&#8220;bottom&#8220; global_colors_info=&#8220;{}&#8220;][et_pb_column type=&#8220;1_3&#8243; _builder_version=&#8220;4.16&#8243; background_color=&#8220;#ffffff&#8220; global_colors_info=&#8220;{}&#8220;][et_pb_blurb title=&#8220;I-DOOR | Aussparschalung&#8220; image=&#8220;https:\/\/www.interfama.com\/gmbh\/wp-content\/uploads\/2020\/12\/i-door.jpg&#8220; admin_label=&#8220;I-DOOR&#8220; _builder_version=&#8220;4.16&#8243; _module_preset=&#8220;default&#8220; header_level=&#8220;h2&#8243; text_orientation=&#8220;center&#8220; animation_style=&#8220;fade&#8220; animation=&#8220;off&#8220; link_option_url=&#8220;https:\/\/www.interfama.com\/gmbh\/i-door-aussparschalung\/&#8220; global_colors_info=&#8220;{}&#8220;][\/et_pb_blurb][\/et_pb_column][et_pb_column type=&#8220;1_3&#8243; _builder_version=&#8220;4.16&#8243; background_color=&#8220;#ffffff&#8220; global_colors_info=&#8220;{}&#8220;][et_pb_blurb title=&#8220;ZWINGEN &#038; WINKEL&#8220; image=&#8220;https:\/\/www.interfama.com\/gmbh\/wp-content\/uploads\/2020\/12\/zangen.jpg&#8220; admin_label=&#8220;ZWINGEN &#038; WINKEL&#8220; _builder_version=&#8220;4.16&#8243; _module_preset=&#8220;default&#8220; header_level=&#8220;h2&#8243; text_orientation=&#8220;center&#8220; animation_style=&#8220;fade&#8220; animation=&#8220;off&#8220; link_option_url=&#8220;https:\/\/www.interfama.com\/gmbh\/zwingen-winkel\/&#8220; global_colors_info=&#8220;{}&#8220;][\/et_pb_blurb][\/et_pb_column][et_pb_column type=&#8220;1_3&#8243; _builder_version=&#8220;4.16&#8243; background_color=&#8220;#ffffff&#8220; global_colors_info=&#8220;{}&#8220;][et_pb_blurb title=&#8220;STAPELGESTELLE&#8220; image=&#8220;https:\/\/www.interfama.com\/gmbh\/wp-content\/uploads\/2020\/12\/stapelgestelle.jpg&#8220; admin_label=&#8220;STAPELGESTELLE&#8220; _builder_version=&#8220;4.16&#8243; _module_preset=&#8220;default&#8220; header_level=&#8220;h2&#8243; text_orientation=&#8220;center&#8220; animation_style=&#8220;fade&#8220; animation=&#8220;off&#8220; link_option_url=&#8220;https:\/\/www.interfama.com\/gmbh\/stapelgestelle\/&#8220; global_colors_info=&#8220;{}&#8220;][\/et_pb_blurb][\/et_pb_column][\/et_pb_row][\/et_pb_section][et_pb_section fb_built=&#8220;1&#8243; fullwidth=&#8220;on&#8220; _builder_version=&#8220;4.9.10&#8243; _module_preset=&#8220;default&#8220; custom_css_main_element=&#8220;display: none;&#8220; global_module=&#8220;1558&#8243; saved_tabs=&#8220;all&#8220; global_colors_info=&#8220;{}&#8220;][et_pb_fullwidth_map _builder_version=&#8220;4.16&#8243; _module_preset=&#8220;default&#8220; global_colors_info=&#8220;{}&#8220;][\/et_pb_fullwidth_map][\/et_pb_section]<\/p>\n","protected":false},"excerpt":{"rendered":"<p>Sonstige Schalungen &amp; Zubeh\u00f6r \u2013 Fertigung von speziellen Schalungen &nbsp; INTERFAMA fertigt neben den bew\u00e4hrten Schalsystemen auch Schalungszubeh\u00f6r und spezielle Schalungen f\u00fcr ein effizientes Arbeiten auf der Baustelle. Dies w\u00e4ren beispielsweise Schalungen f\u00fcr Aussparungen und T\u00fcren, Schalsysteme f\u00fcr Betonbl\u00f6cke und das Betonieren von Betonkr\u00e4nzen. Zudem f\u00fchrt INTERFAMA verschiedene Stapelgestelle f\u00fcr Systembauteile, Schalelemente, und St\u00fctzen im [&hellip;]<\/p>\n","protected":false},"author":1,"featured_media":3011,"parent":0,"menu_order":0,"comment_status":"closed","ping_status":"closed","template":"","meta":{"_et_pb_use_builder":"on","_et_pb_old_content":"","_et_gb_content_width":""},"yoast_head":"<!-- This site is optimized with the Yoast SEO plugin v21.7 - https:\/\/yoast.com\/wordpress\/plugins\/seo\/ -->\n<title>Schalungszubeh\u00f6r &amp; Schalungen \u2714\ufe0fVerkauf Schalsysteme<\/title>\n<meta name=\"description\" content=\"Verkauf \u27a1\ufe0fSchalungszubeh\u00f6r \u27a1\ufe0fSonstige Schalungen wie Aussparungsschalungen, Schalung f\u00fcr Betonbl\u00f6cke &amp; Betonkranz \u27a1\ufe0fStapelgestelle\" \/>\n<meta name=\"robots\" content=\"index, follow, max-snippet:-1, max-image-preview:large, max-video-preview:-1\" \/>\n<link rel=\"canonical\" href=\"https:\/\/www.interfama.com\/gmbh\/schalungszubehoer-sonstige-schalung\/\" \/>\n<meta property=\"og:locale\" content=\"de_DE\" \/>\n<meta property=\"og:type\" content=\"article\" \/>\n<meta property=\"og:title\" content=\"Schalungszubeh\u00f6r &amp; Schalungen \u2714\ufe0fVerkauf Schalsysteme\" \/>\n<meta property=\"og:description\" content=\"Verkauf \u27a1\ufe0fSchalungszubeh\u00f6r \u27a1\ufe0fSonstige Schalungen wie Aussparungsschalungen, Schalung f\u00fcr Betonbl\u00f6cke &amp; Betonkranz \u27a1\ufe0fStapelgestelle\" \/>\n<meta property=\"og:url\" content=\"https:\/\/www.interfama.com\/gmbh\/schalungszubehoer-sonstige-schalung\/\" \/>\n<meta property=\"og:site_name\" content=\"INTERFAMA GmbH\" \/>\n<meta property=\"article:publisher\" content=\"https:\/\/www.facebook.com\/INTERFAMA\/\" \/>\n<meta property=\"article:modified_time\" content=\"2024-09-11T12:06:53+00:00\" \/>\n<meta property=\"og:image\" content=\"https:\/\/www.interfama.com\/gmbh\/wp-content\/uploads\/2020\/12\/i-block.jpg\" \/>\n\t<meta property=\"og:image:width\" content=\"600\" \/>\n\t<meta property=\"og:image:height\" content=\"400\" \/>\n\t<meta property=\"og:image:type\" content=\"image\/jpeg\" \/>\n<meta name=\"twitter:card\" content=\"summary_large_image\" \/>\n<meta name=\"twitter:label1\" content=\"Gesch\u00e4tzte Lesezeit\" \/>\n\t<meta name=\"twitter:data1\" content=\"4\u00a0Minuten\" \/>\n<script type=\"application\/ld+json\" class=\"yoast-schema-graph\">{\"@context\":\"https:\/\/schema.org\",\"@graph\":[{\"@type\":\"WebPage\",\"@id\":\"https:\/\/www.interfama.com\/gmbh\/schalungszubehoer-sonstige-schalung\/\",\"url\":\"https:\/\/www.interfama.com\/gmbh\/schalungszubehoer-sonstige-schalung\/\",\"name\":\"Schalungszubeh\u00f6r & Schalungen \u2714\ufe0fVerkauf Schalsysteme\",\"isPartOf\":{\"@id\":\"https:\/\/www.interfama.com\/gmbh\/it\/#website\"},\"datePublished\":\"2020-12-03T12:49:22+00:00\",\"dateModified\":\"2024-09-11T12:06:53+00:00\",\"description\":\"Verkauf \u27a1\ufe0fSchalungszubeh\u00f6r \u27a1\ufe0fSonstige Schalungen wie Aussparungsschalungen, Schalung f\u00fcr Betonbl\u00f6cke & Betonkranz \u27a1\ufe0fStapelgestelle\",\"breadcrumb\":{\"@id\":\"https:\/\/www.interfama.com\/gmbh\/schalungszubehoer-sonstige-schalung\/#breadcrumb\"},\"inLanguage\":\"de\",\"potentialAction\":[{\"@type\":\"ReadAction\",\"target\":[\"https:\/\/www.interfama.com\/gmbh\/schalungszubehoer-sonstige-schalung\/\"]}]},{\"@type\":\"BreadcrumbList\",\"@id\":\"https:\/\/www.interfama.com\/gmbh\/schalungszubehoer-sonstige-schalung\/#breadcrumb\",\"itemListElement\":[{\"@type\":\"ListItem\",\"position\":1,\"name\":\"Startseite\",\"item\":\"https:\/\/www.interfama.com\/gmbh\/\"},{\"@type\":\"ListItem\",\"position\":2,\"name\":\"Sonstige Schalungen &#038; Zubeh\u00f6r\"}]},{\"@type\":\"WebSite\",\"@id\":\"https:\/\/www.interfama.com\/gmbh\/it\/#website\",\"url\":\"https:\/\/www.interfama.com\/gmbh\/it\/\",\"name\":\"INTERFAMA GmbH\",\"description\":\"Einfach Beton gestalten\",\"potentialAction\":[{\"@type\":\"SearchAction\",\"target\":{\"@type\":\"EntryPoint\",\"urlTemplate\":\"https:\/\/www.interfama.com\/gmbh\/it\/?s={search_term_string}\"},\"query-input\":\"required name=search_term_string\"}],\"inLanguage\":\"de\"}]}<\/script>\n<!-- \/ Yoast SEO plugin. -->","yoast_head_json":{"title":"Schalungszubeh\u00f6r & Schalungen \u2714\ufe0fVerkauf Schalsysteme","description":"Verkauf \u27a1\ufe0fSchalungszubeh\u00f6r \u27a1\ufe0fSonstige Schalungen wie Aussparungsschalungen, Schalung f\u00fcr Betonbl\u00f6cke & Betonkranz \u27a1\ufe0fStapelgestelle","robots":{"index":"index","follow":"follow","max-snippet":"max-snippet:-1","max-image-preview":"max-image-preview:large","max-video-preview":"max-video-preview:-1"},"canonical":"https:\/\/www.interfama.com\/gmbh\/schalungszubehoer-sonstige-schalung\/","og_locale":"de_DE","og_type":"article","og_title":"Schalungszubeh\u00f6r & Schalungen \u2714\ufe0fVerkauf Schalsysteme","og_description":"Verkauf \u27a1\ufe0fSchalungszubeh\u00f6r \u27a1\ufe0fSonstige Schalungen wie Aussparungsschalungen, Schalung f\u00fcr Betonbl\u00f6cke & Betonkranz \u27a1\ufe0fStapelgestelle","og_url":"https:\/\/www.interfama.com\/gmbh\/schalungszubehoer-sonstige-schalung\/","og_site_name":"INTERFAMA GmbH","article_publisher":"https:\/\/www.facebook.com\/INTERFAMA\/","article_modified_time":"2024-09-11T12:06:53+00:00","og_image":[{"width":600,"height":400,"url":"https:\/\/www.interfama.com\/gmbh\/wp-content\/uploads\/2020\/12\/i-block.jpg","type":"image\/jpeg"}],"twitter_card":"summary_large_image","twitter_misc":{"Gesch\u00e4tzte Lesezeit":"4\u00a0Minuten"},"schema":{"@context":"https:\/\/schema.org","@graph":[{"@type":"WebPage","@id":"https:\/\/www.interfama.com\/gmbh\/schalungszubehoer-sonstige-schalung\/","url":"https:\/\/www.interfama.com\/gmbh\/schalungszubehoer-sonstige-schalung\/","name":"Schalungszubeh\u00f6r & Schalungen \u2714\ufe0fVerkauf Schalsysteme","isPartOf":{"@id":"https:\/\/www.interfama.com\/gmbh\/it\/#website"},"datePublished":"2020-12-03T12:49:22+00:00","dateModified":"2024-09-11T12:06:53+00:00","description":"Verkauf \u27a1\ufe0fSchalungszubeh\u00f6r \u27a1\ufe0fSonstige Schalungen wie Aussparungsschalungen, Schalung f\u00fcr Betonbl\u00f6cke & Betonkranz \u27a1\ufe0fStapelgestelle","breadcrumb":{"@id":"https:\/\/www.interfama.com\/gmbh\/schalungszubehoer-sonstige-schalung\/#breadcrumb"},"inLanguage":"de","potentialAction":[{"@type":"ReadAction","target":["https:\/\/www.interfama.com\/gmbh\/schalungszubehoer-sonstige-schalung\/"]}]},{"@type":"BreadcrumbList","@id":"https:\/\/www.interfama.com\/gmbh\/schalungszubehoer-sonstige-schalung\/#breadcrumb","itemListElement":[{"@type":"ListItem","position":1,"name":"Startseite","item":"https:\/\/www.interfama.com\/gmbh\/"},{"@type":"ListItem","position":2,"name":"Sonstige Schalungen &#038; Zubeh\u00f6r"}]},{"@type":"WebSite","@id":"https:\/\/www.interfama.com\/gmbh\/it\/#website","url":"https:\/\/www.interfama.com\/gmbh\/it\/","name":"INTERFAMA GmbH","description":"Einfach Beton gestalten","potentialAction":[{"@type":"SearchAction","target":{"@type":"EntryPoint","urlTemplate":"https:\/\/www.interfama.com\/gmbh\/it\/?s={search_term_string}"},"query-input":"required name=search_term_string"}],"inLanguage":"de"}]}},"_links":{"self":[{"href":"https:\/\/www.interfama.com\/gmbh\/wp-json\/wp\/v2\/pages\/3004"}],"collection":[{"href":"https:\/\/www.interfama.com\/gmbh\/wp-json\/wp\/v2\/pages"}],"about":[{"href":"https:\/\/www.interfama.com\/gmbh\/wp-json\/wp\/v2\/types\/page"}],"author":[{"embeddable":true,"href":"https:\/\/www.interfama.com\/gmbh\/wp-json\/wp\/v2\/users\/1"}],"replies":[{"embeddable":true,"href":"https:\/\/www.interfama.com\/gmbh\/wp-json\/wp\/v2\/comments?post=3004"}],"version-history":[{"count":2,"href":"https:\/\/www.interfama.com\/gmbh\/wp-json\/wp\/v2\/pages\/3004\/revisions"}],"predecessor-version":[{"id":12252,"href":"https:\/\/www.interfama.com\/gmbh\/wp-json\/wp\/v2\/pages\/3004\/revisions\/12252"}],"wp:featuredmedia":[{"embeddable":true,"href":"https:\/\/www.interfama.com\/gmbh\/wp-json\/wp\/v2\/media\/3011"}],"wp:attachment":[{"href":"https:\/\/www.interfama.com\/gmbh\/wp-json\/wp\/v2\/media?parent=3004"}],"curies":[{"name":"wp","href":"https:\/\/api.w.org\/{rel}","templated":true}]}}