{"id":2060,"date":"2020-11-13T16:01:32","date_gmt":"2020-11-13T15:01:32","guid":{"rendered":"http:\/\/23118.web.zcom.it\/gmbh\/?page_id=2060"},"modified":"2025-03-17T13:24:17","modified_gmt":"2025-03-17T12:24:17","slug":"saeulenschalungen","status":"publish","type":"page","link":"https:\/\/www.interfama.com\/gmbh\/saeulenschalungen\/","title":{"rendered":"S\u00e4ulenschalungen"},"content":{"rendered":"<p>[et_pb_section fb_built=&#8220;1&#8243; _builder_version=&#8220;4.16&#8243; background_color=&#8220;rgba(0,0,0,0)&#8220; background_color_gradient_direction=&#8220;1deg&#8220; background_enable_image=&#8220;off&#8220; parallax=&#8220;on&#8220; parallax_method=&#8220;off&#8220; custom_margin=&#8220;0px||0px||false|false&#8220; custom_padding=&#8220;0px||0px||false|false&#8220; animation_style=&#8220;fade&#8220; global_colors_info=&#8220;{}&#8220;][et_pb_row module_id=&#8220;systeme&#8220; _builder_version=&#8220;4.16&#8243; background_enable_color=&#8220;off&#8220; width=&#8220;75%&#8220; width_tablet=&#8220;100%&#8220; width_phone=&#8220;100%&#8220; width_last_edited=&#8220;on|phone&#8220; custom_margin=&#8220;||||false|false&#8220; custom_padding=&#8220;||||false|false&#8220; animation_style=&#8220;fade&#8220; animation_direction=&#8220;bottom&#8220; global_colors_info=&#8220;{}&#8220;][et_pb_column type=&#8220;4_4&#8243; _builder_version=&#8220;4.16&#8243; background_color=&#8220;#ffffff&#8220; global_colors_info=&#8220;{}&#8220;][et_pb_text admin_label=&#8220;Einleitungstext&#8220; _builder_version=&#8220;4.16&#8243; text_font=&#8220;||||||||&#8220; header_2_line_height=&#8220;2em&#8220; background_enable_color=&#8220;off&#8220; text_orientation=&#8220;justified&#8220; width=&#8220;100%&#8220; custom_margin=&#8220;||||false|false&#8220; custom_padding=&#8220;3em|4em|3em|4em|false|false&#8220; custom_padding_tablet=&#8220;2em|2em|2em|2em|false|false&#8220; custom_padding_phone=&#8220;2em|2em|2em|2em|false|false&#8220; custom_padding_last_edited=&#8220;on|desktop&#8220; animation_style=&#8220;fade&#8220; header_2_font_size_tablet=&#8220;25px&#8220; header_2_font_size_phone=&#8220;24px&#8220; header_2_font_size_last_edited=&#8220;on|phone&#8220; global_colors_info=&#8220;{}&#8220;]<\/p>\n<h1><strong>S\u00e4ulenschalungs- Produktion auf Ma\u00df &amp; Verkauf von S\u00e4ulenschalungen<\/strong><\/h1>\n<p>Die kranbaren St\u00fctzen- und <strong>S\u00e4ulenschalungen<\/strong> von INTERFAMA werden<strong> aus Aluminium oder Stahl<\/strong> gefertigt. Das Produktportfolio bietet Systeme f\u00fcr das Betonieren von quadratischen, rechteckigen, polygonalen, runden und ovalen Querschnitten. Die S\u00e4ulenschalungs- Systeme bringen den Vorteil mit sich, dass mit geringem Aufwand und nur wenigen Systembauteilen verschiedene Querschnitte und H\u00f6hen einfach und schnell geschalt werden k\u00f6nnen.<\/p>\n<p>Die <strong><a href=\"https:\/\/www.interfama.com\/gmbh\/rundsaeulenschalung-rss\/\">Runds\u00e4ulenschalung<\/a> <\/strong>von INTERFAMA wird auf Ma\u00df in verschiedenen Gr\u00f6\u00dfen (\u00d8 ab 25 cm) und H\u00f6hen (150\u2013 300 cm) angeboten. F\u00fcr rechteckige und quadratische Pfeiler k\u00f6nnen die Elemente der<strong> <a href=\"https:\/\/www.interfama.com\/gmbh\/maxim-saeulenschalung\/\">Wandschalungssysteme<\/a> <\/strong>in Kombination mit nur wenigen Zubeh\u00f6rteilen verwendet werden.<\/p>\n<p>Mit den S\u00e4ulenschalungen lassen sich Pfeiler oder St\u00fctzen auch in <strong><a href=\"https:\/\/www.interfama.com\/gmbh\/variablo-saeulenschalung\/\">Sichtbetonqualit\u00e4t<\/a> <\/strong>in unterschiedlichsten Formen realisieren.<\/p>\n<p>[\/et_pb_text][\/et_pb_column][\/et_pb_row][et_pb_row column_structure=&#8220;1_4,1_4,1_4,1_4&#8243; make_equal=&#8220;on&#8220; custom_padding_last_edited=&#8220;on|desktop&#8220; module_id=&#8220;systeme&#8220; _builder_version=&#8220;4.16&#8243; background_color=&#8220;#ffffff&#8220; width=&#8220;75%&#8220; width_tablet=&#8220;100%&#8220; width_phone=&#8220;100%&#8220; width_last_edited=&#8220;on|desktop&#8220; custom_margin=&#8220;0px||0px||false|false&#8220; custom_padding=&#8220;3em|4em|3em|4em|false|false&#8220; custom_padding_tablet=&#8220;2em|2em|0em|2em|false|false&#8220; custom_padding_phone=&#8220;||0em||false|false&#8220; animation_style=&#8220;fade&#8220; animation_direction=&#8220;bottom&#8220; global_colors_info=&#8220;{}&#8220;][et_pb_column type=&#8220;1_4&#8243; _builder_version=&#8220;4.16&#8243; background_color=&#8220;#ffffff&#8220; global_colors_info=&#8220;{}&#8220;][et_pb_blurb title=&#8220;MAXIM | S\u00e4ulenschalung &#8220; image=&#8220;https:\/\/www.interfama.com\/gmbh\/wp-content\/uploads\/2020\/11\/MAXIM-1.jpg&#8220; admin_label=&#8220;MAXIM&#8220; _builder_version=&#8220;4.16&#8243; _module_preset=&#8220;default&#8220; header_level=&#8220;h2&#8243; text_orientation=&#8220;center&#8220; animation_style=&#8220;fade&#8220; animation=&#8220;off&#8220; link_option_url=&#8220;https:\/\/www.interfama.com\/gmbh\/maxim-saeulenschalung\/&#8220; global_colors_info=&#8220;{}&#8220;][\/et_pb_blurb][\/et_pb_column][et_pb_column type=&#8220;1_4&#8243; _builder_version=&#8220;4.16&#8243; background_color=&#8220;#ffffff&#8220; global_colors_info=&#8220;{}&#8220;][et_pb_blurb title=&#8220;X-FORM | S\u00e4ulenschalung&#8220; image=&#8220;https:\/\/www.interfama.com\/gmbh\/wp-content\/uploads\/2020\/11\/G7000-11.jpg&#8220; admin_label=&#8220;X-FORM&#8220; _builder_version=&#8220;4.17.3&#8243; _module_preset=&#8220;default&#8220; header_level=&#8220;h2&#8243; text_orientation=&#8220;center&#8220; animation_style=&#8220;fade&#8220; animation=&#8220;off&#8220; link_option_url=&#8220;https:\/\/www.interfama.com\/gmbh\/xform-saeulenschalung\/&#8220; hover_enabled=&#8220;0&#8243; global_colors_info=&#8220;{}&#8220; sticky_enabled=&#8220;0&#8243;][\/et_pb_blurb][\/et_pb_column][et_pb_column type=&#8220;1_4&#8243; _builder_version=&#8220;4.16&#8243; background_color=&#8220;#ffffff&#8220; global_colors_info=&#8220;{}&#8220;][et_pb_blurb title=&#8220;RSS | Runds\u00e4ulenschalung&#8220; image=&#8220;https:\/\/www.interfama.com\/gmbh\/wp-content\/uploads\/2020\/11\/RSS-1.jpg&#8220; admin_label=&#8220;RUNDS\u00c4ULENSCHALUNG RSS&#8220; _builder_version=&#8220;4.16&#8243; _module_preset=&#8220;default&#8220; header_level=&#8220;h2&#8243; text_orientation=&#8220;center&#8220; animation_style=&#8220;fade&#8220; animation=&#8220;off&#8220; link_option_url=&#8220;https:\/\/www.interfama.com\/gmbh\/rundsaeulenschalung-rss\/&#8220; global_colors_info=&#8220;{}&#8220;][\/et_pb_blurb][\/et_pb_column][et_pb_column type=&#8220;1_4&#8243; _builder_version=&#8220;4.16&#8243; background_color=&#8220;#ffffff&#8220; global_colors_info=&#8220;{}&#8220;][et_pb_blurb title=&#8220;VARIABLO | S\u00e4ulenschalung&#8220; image=&#8220;https:\/\/www.interfama.com\/gmbh\/wp-content\/uploads\/2020\/11\/VARIABLO-1.jpg&#8220; admin_label=&#8220;VARIABLO&#8220; _builder_version=&#8220;4.16&#8243; _module_preset=&#8220;default&#8220; header_level=&#8220;h2&#8243; text_orientation=&#8220;center&#8220; animation_style=&#8220;fade&#8220; animation=&#8220;off&#8220; link_option_url=&#8220;https:\/\/www.interfama.com\/gmbh\/variablo-saeulenschalung\/&#8220; global_colors_info=&#8220;{}&#8220;][\/et_pb_blurb][\/et_pb_column][\/et_pb_row][et_pb_row column_structure=&#8220;1_4,1_4,1_4,1_4&#8243; make_equal=&#8220;on&#8220; custom_padding_last_edited=&#8220;on|desktop&#8220; module_id=&#8220;systeme&#8220; _builder_version=&#8220;4.16&#8243; background_color=&#8220;#ffffff&#8220; width=&#8220;75%&#8220; width_tablet=&#8220;100%&#8220; width_phone=&#8220;100%&#8220; width_last_edited=&#8220;on|desktop&#8220; custom_margin=&#8220;0px||0px||false|false&#8220; custom_padding=&#8220;3em|4em|3em|4em|false|false&#8220; custom_padding_tablet=&#8220;2em|2em|0em|2em|false|false&#8220; custom_padding_phone=&#8220;||0em||false|false&#8220; animation_style=&#8220;fade&#8220; animation_direction=&#8220;bottom&#8220; global_colors_info=&#8220;{}&#8220;][et_pb_column type=&#8220;1_4&#8243; _builder_version=&#8220;4.16&#8243; background_color=&#8220;#ffffff&#8220; global_colors_info=&#8220;{}&#8220;][et_pb_blurb title=&#8220;I-FORM | S\u00e4ulenschalung&#8220; image=&#8220;https:\/\/www.interfama.com\/gmbh\/wp-content\/uploads\/2022\/07\/Saeulenschalung-I-FORM.jpg&#8220; admin_label=&#8220;I-FORM&#8220; _builder_version=&#8220;4.17.3&#8243; _module_preset=&#8220;default&#8220; header_level=&#8220;h2&#8243; text_orientation=&#8220;center&#8220; animation_style=&#8220;fade&#8220; animation=&#8220;off&#8220; link_option_url=&#8220;https:\/\/www.interfama.com\/gmbh\/i-form-saeulenschalung\/&#8220; global_colors_info=&#8220;{}&#8220;][\/et_pb_blurb][\/et_pb_column][et_pb_column type=&#8220;1_4&#8243; _builder_version=&#8220;4.16&#8243; background_color=&#8220;#ffffff&#8220; global_colors_info=&#8220;{}&#8220;][\/et_pb_column][et_pb_column type=&#8220;1_4&#8243; _builder_version=&#8220;4.16&#8243; background_color=&#8220;#ffffff&#8220; global_colors_info=&#8220;{}&#8220;][\/et_pb_column][et_pb_column type=&#8220;1_4&#8243; _builder_version=&#8220;4.16&#8243; background_color=&#8220;#ffffff&#8220; global_colors_info=&#8220;{}&#8220;][\/et_pb_column][\/et_pb_row][\/et_pb_section][et_pb_section fb_built=&#8220;1&#8243; fullwidth=&#8220;on&#8220; _builder_version=&#8220;4.9.10&#8243; _module_preset=&#8220;default&#8220; custom_css_main_element=&#8220;display: none;&#8220; global_module=&#8220;1558&#8243; saved_tabs=&#8220;all&#8220; global_colors_info=&#8220;{}&#8220;][et_pb_fullwidth_map _builder_version=&#8220;4.16&#8243; _module_preset=&#8220;default&#8220; global_colors_info=&#8220;{}&#8220;][\/et_pb_fullwidth_map][\/et_pb_section]<\/p>\n","protected":false},"excerpt":{"rendered":"<p>S\u00e4ulenschalungs- Produktion auf Ma\u00df &amp; Verkauf von S\u00e4ulenschalungen Die kranbaren St\u00fctzen- und S\u00e4ulenschalungen von INTERFAMA werden aus Aluminium oder Stahl gefertigt. Das Produktportfolio bietet Systeme f\u00fcr das Betonieren von quadratischen, rechteckigen, polygonalen, runden und ovalen Querschnitten. Die S\u00e4ulenschalungs- Systeme bringen den Vorteil mit sich, dass mit geringem Aufwand und nur wenigen Systembauteilen verschiedene Querschnitte und [&hellip;]<\/p>\n","protected":false},"author":1,"featured_media":2077,"parent":0,"menu_order":0,"comment_status":"closed","ping_status":"closed","template":"","meta":{"_et_pb_use_builder":"on","_et_pb_old_content":"","_et_gb_content_width":""},"yoast_head":"<!-- This site is optimized with the Yoast SEO plugin v21.7 - https:\/\/yoast.com\/wordpress\/plugins\/seo\/ -->\n<title>S\u00e4ulenschalungen \u27a1\ufe0fSchalungssysteme f\u00fcr St\u00fctzen &amp; S\u00e4ulen<\/title>\n<meta name=\"description\" content=\"\u2714\ufe0fS\u00e4ulenschalungen f\u00fcr quadratische, rechteckige &amp; runde Betons\u00e4ulen \u2714\ufe0fSchalung f\u00fcr hochwertige Betong\u00fcsse \u2714\ufe0fS\u00e4lenschalungs- Produktion auf Ma\u00df\" \/>\n<meta name=\"robots\" content=\"index, follow, max-snippet:-1, max-image-preview:large, max-video-preview:-1\" \/>\n<link rel=\"canonical\" href=\"https:\/\/www.interfama.com\/gmbh\/saeulenschalungen\/\" \/>\n<meta property=\"og:locale\" content=\"de_DE\" \/>\n<meta property=\"og:type\" content=\"article\" \/>\n<meta property=\"og:title\" content=\"S\u00e4ulenschalungen \u27a1\ufe0fSchalungssysteme f\u00fcr St\u00fctzen &amp; S\u00e4ulen\" \/>\n<meta property=\"og:description\" content=\"\u2714\ufe0fS\u00e4ulenschalungen f\u00fcr quadratische, rechteckige &amp; runde Betons\u00e4ulen \u2714\ufe0fSchalung f\u00fcr hochwertige Betong\u00fcsse \u2714\ufe0fS\u00e4lenschalungs- Produktion auf Ma\u00df\" \/>\n<meta property=\"og:url\" content=\"https:\/\/www.interfama.com\/gmbh\/saeulenschalungen\/\" \/>\n<meta property=\"og:site_name\" content=\"INTERFAMA GmbH\" \/>\n<meta property=\"article:publisher\" content=\"https:\/\/www.facebook.com\/INTERFAMA\/\" \/>\n<meta property=\"article:modified_time\" content=\"2025-03-17T12:24:17+00:00\" \/>\n<meta property=\"og:image\" content=\"https:\/\/www.interfama.com\/gmbh\/wp-content\/uploads\/2020\/11\/MAXIM-1.jpg\" \/>\n\t<meta property=\"og:image:width\" content=\"600\" \/>\n\t<meta property=\"og:image:height\" content=\"400\" \/>\n\t<meta property=\"og:image:type\" content=\"image\/jpeg\" \/>\n<meta name=\"twitter:card\" content=\"summary_large_image\" \/>\n<meta name=\"twitter:label1\" content=\"Gesch\u00e4tzte Lesezeit\" \/>\n\t<meta name=\"twitter:data1\" content=\"2\u00a0Minuten\" \/>\n<script type=\"application\/ld+json\" class=\"yoast-schema-graph\">{\"@context\":\"https:\/\/schema.org\",\"@graph\":[{\"@type\":\"WebPage\",\"@id\":\"https:\/\/www.interfama.com\/gmbh\/saeulenschalungen\/\",\"url\":\"https:\/\/www.interfama.com\/gmbh\/saeulenschalungen\/\",\"name\":\"S\u00e4ulenschalungen \u27a1\ufe0fSchalungssysteme f\u00fcr St\u00fctzen & S\u00e4ulen\",\"isPartOf\":{\"@id\":\"https:\/\/www.interfama.com\/gmbh\/it\/#website\"},\"datePublished\":\"2020-11-13T15:01:32+00:00\",\"dateModified\":\"2025-03-17T12:24:17+00:00\",\"description\":\"\u2714\ufe0fS\u00e4ulenschalungen f\u00fcr quadratische, rechteckige & runde Betons\u00e4ulen \u2714\ufe0fSchalung f\u00fcr hochwertige Betong\u00fcsse \u2714\ufe0fS\u00e4lenschalungs- Produktion auf Ma\u00df\",\"breadcrumb\":{\"@id\":\"https:\/\/www.interfama.com\/gmbh\/saeulenschalungen\/#breadcrumb\"},\"inLanguage\":\"de\",\"potentialAction\":[{\"@type\":\"ReadAction\",\"target\":[\"https:\/\/www.interfama.com\/gmbh\/saeulenschalungen\/\"]}]},{\"@type\":\"BreadcrumbList\",\"@id\":\"https:\/\/www.interfama.com\/gmbh\/saeulenschalungen\/#breadcrumb\",\"itemListElement\":[{\"@type\":\"ListItem\",\"position\":1,\"name\":\"Startseite\",\"item\":\"https:\/\/www.interfama.com\/gmbh\/\"},{\"@type\":\"ListItem\",\"position\":2,\"name\":\"S\u00e4ulenschalungen\"}]},{\"@type\":\"WebSite\",\"@id\":\"https:\/\/www.interfama.com\/gmbh\/it\/#website\",\"url\":\"https:\/\/www.interfama.com\/gmbh\/it\/\",\"name\":\"INTERFAMA GmbH\",\"description\":\"Einfach Beton gestalten\",\"potentialAction\":[{\"@type\":\"SearchAction\",\"target\":{\"@type\":\"EntryPoint\",\"urlTemplate\":\"https:\/\/www.interfama.com\/gmbh\/it\/?s={search_term_string}\"},\"query-input\":\"required name=search_term_string\"}],\"inLanguage\":\"de\"}]}<\/script>\n<!-- \/ Yoast SEO plugin. -->","yoast_head_json":{"title":"S\u00e4ulenschalungen \u27a1\ufe0fSchalungssysteme f\u00fcr St\u00fctzen & S\u00e4ulen","description":"\u2714\ufe0fS\u00e4ulenschalungen f\u00fcr quadratische, rechteckige & runde Betons\u00e4ulen \u2714\ufe0fSchalung f\u00fcr hochwertige Betong\u00fcsse \u2714\ufe0fS\u00e4lenschalungs- Produktion auf Ma\u00df","robots":{"index":"index","follow":"follow","max-snippet":"max-snippet:-1","max-image-preview":"max-image-preview:large","max-video-preview":"max-video-preview:-1"},"canonical":"https:\/\/www.interfama.com\/gmbh\/saeulenschalungen\/","og_locale":"de_DE","og_type":"article","og_title":"S\u00e4ulenschalungen \u27a1\ufe0fSchalungssysteme f\u00fcr St\u00fctzen & S\u00e4ulen","og_description":"\u2714\ufe0fS\u00e4ulenschalungen f\u00fcr quadratische, rechteckige & runde Betons\u00e4ulen \u2714\ufe0fSchalung f\u00fcr hochwertige Betong\u00fcsse \u2714\ufe0fS\u00e4lenschalungs- Produktion auf Ma\u00df","og_url":"https:\/\/www.interfama.com\/gmbh\/saeulenschalungen\/","og_site_name":"INTERFAMA GmbH","article_publisher":"https:\/\/www.facebook.com\/INTERFAMA\/","article_modified_time":"2025-03-17T12:24:17+00:00","og_image":[{"width":600,"height":400,"url":"https:\/\/www.interfama.com\/gmbh\/wp-content\/uploads\/2020\/11\/MAXIM-1.jpg","type":"image\/jpeg"}],"twitter_card":"summary_large_image","twitter_misc":{"Gesch\u00e4tzte Lesezeit":"2\u00a0Minuten"},"schema":{"@context":"https:\/\/schema.org","@graph":[{"@type":"WebPage","@id":"https:\/\/www.interfama.com\/gmbh\/saeulenschalungen\/","url":"https:\/\/www.interfama.com\/gmbh\/saeulenschalungen\/","name":"S\u00e4ulenschalungen \u27a1\ufe0fSchalungssysteme f\u00fcr St\u00fctzen & S\u00e4ulen","isPartOf":{"@id":"https:\/\/www.interfama.com\/gmbh\/it\/#website"},"datePublished":"2020-11-13T15:01:32+00:00","dateModified":"2025-03-17T12:24:17+00:00","description":"\u2714\ufe0fS\u00e4ulenschalungen f\u00fcr quadratische, rechteckige & runde Betons\u00e4ulen \u2714\ufe0fSchalung f\u00fcr hochwertige Betong\u00fcsse \u2714\ufe0fS\u00e4lenschalungs- Produktion auf Ma\u00df","breadcrumb":{"@id":"https:\/\/www.interfama.com\/gmbh\/saeulenschalungen\/#breadcrumb"},"inLanguage":"de","potentialAction":[{"@type":"ReadAction","target":["https:\/\/www.interfama.com\/gmbh\/saeulenschalungen\/"]}]},{"@type":"BreadcrumbList","@id":"https:\/\/www.interfama.com\/gmbh\/saeulenschalungen\/#breadcrumb","itemListElement":[{"@type":"ListItem","position":1,"name":"Startseite","item":"https:\/\/www.interfama.com\/gmbh\/"},{"@type":"ListItem","position":2,"name":"S\u00e4ulenschalungen"}]},{"@type":"WebSite","@id":"https:\/\/www.interfama.com\/gmbh\/it\/#website","url":"https:\/\/www.interfama.com\/gmbh\/it\/","name":"INTERFAMA GmbH","description":"Einfach Beton gestalten","potentialAction":[{"@type":"SearchAction","target":{"@type":"EntryPoint","urlTemplate":"https:\/\/www.interfama.com\/gmbh\/it\/?s={search_term_string}"},"query-input":"required name=search_term_string"}],"inLanguage":"de"}]}},"_links":{"self":[{"href":"https:\/\/www.interfama.com\/gmbh\/wp-json\/wp\/v2\/pages\/2060"}],"collection":[{"href":"https:\/\/www.interfama.com\/gmbh\/wp-json\/wp\/v2\/pages"}],"about":[{"href":"https:\/\/www.interfama.com\/gmbh\/wp-json\/wp\/v2\/types\/page"}],"author":[{"embeddable":true,"href":"https:\/\/www.interfama.com\/gmbh\/wp-json\/wp\/v2\/users\/1"}],"replies":[{"embeddable":true,"href":"https:\/\/www.interfama.com\/gmbh\/wp-json\/wp\/v2\/comments?post=2060"}],"version-history":[{"count":1,"href":"https:\/\/www.interfama.com\/gmbh\/wp-json\/wp\/v2\/pages\/2060\/revisions"}],"predecessor-version":[{"id":12644,"href":"https:\/\/www.interfama.com\/gmbh\/wp-json\/wp\/v2\/pages\/2060\/revisions\/12644"}],"wp:featuredmedia":[{"embeddable":true,"href":"https:\/\/www.interfama.com\/gmbh\/wp-json\/wp\/v2\/media\/2077"}],"wp:attachment":[{"href":"https:\/\/www.interfama.com\/gmbh\/wp-json\/wp\/v2\/media?parent=2060"}],"curies":[{"name":"wp","href":"https:\/\/api.w.org\/{rel}","templated":true}]}}