{"id":1544,"date":"2020-10-04T11:56:18","date_gmt":"2020-10-04T09:56:18","guid":{"rendered":"http:\/\/23118.web.zcom.it\/gmbh\/?page_id=1544"},"modified":"2023-07-27T16:57:50","modified_gmt":"2023-07-27T14:57:50","slug":"wandschalungen-uebersicht","status":"publish","type":"page","link":"https:\/\/www.interfama.com\/gmbh\/wandschalungen-uebersicht\/","title":{"rendered":"Wandschalungen"},"content":{"rendered":"<p>[et_pb_section fb_built=&#8220;1&#8243; _builder_version=&#8220;4.16&#8243; background_color=&#8220;rgba(0,0,0,0)&#8220; background_color_gradient_direction=&#8220;1deg&#8220; background_enable_image=&#8220;off&#8220; parallax=&#8220;on&#8220; parallax_method=&#8220;off&#8220; custom_margin=&#8220;0px||0px||false|false&#8220; custom_padding=&#8220;0px||0px||false|false&#8220; animation_style=&#8220;fade&#8220; global_colors_info=&#8220;{}&#8220;][et_pb_row module_id=&#8220;systeme&#8220; _builder_version=&#8220;4.16&#8243; background_enable_color=&#8220;off&#8220; width=&#8220;75%&#8220; width_tablet=&#8220;100%&#8220; width_phone=&#8220;100%&#8220; width_last_edited=&#8220;on|phone&#8220; custom_margin=&#8220;||||false|false&#8220; custom_padding=&#8220;||||false|false&#8220; animation_style=&#8220;fade&#8220; animation_direction=&#8220;bottom&#8220; global_colors_info=&#8220;{}&#8220;][et_pb_column type=&#8220;4_4&#8243; _builder_version=&#8220;4.16&#8243; background_color=&#8220;#ffffff&#8220; global_colors_info=&#8220;{}&#8220;][et_pb_text admin_label=&#8220;Einleitungstext&#8220; _builder_version=&#8220;4.17.3&#8243; header_2_line_height=&#8220;2em&#8220; background_enable_color=&#8220;off&#8220; text_orientation=&#8220;justified&#8220; width=&#8220;100%&#8220; custom_margin=&#8220;||||false|false&#8220; custom_padding=&#8220;3em|4em|3em|4em|false|false&#8220; custom_padding_tablet=&#8220;2em|2em|2em|2em|false|false&#8220; custom_padding_phone=&#8220;2em|2em|2em|2em|false|false&#8220; custom_padding_last_edited=&#8220;on|desktop&#8220; animation_style=&#8220;fade&#8220; hover_enabled=&#8220;0&#8243; header_2_font_size_tablet=&#8220;25px&#8220; header_2_font_size_phone=&#8220;24px&#8220; header_2_font_size_last_edited=&#8220;on|phone&#8220; global_colors_info=&#8220;{}&#8220; sticky_enabled=&#8220;0&#8243;]<\/p>\n<h1>Produktion und Verkauf von Wandschalungen<\/h1>\n<p>&nbsp;<\/p>\n<p>INTERFAMA bietet Wandschalungssysteme aus<strong> <a href=\"https:\/\/www.interfama.com\/gmbh\/maxim-alu-stahl-wandschalung\/\">Aluminium<\/a><\/strong> oder <strong><a href=\"https:\/\/www.interfama.com\/gmbh\/stahl-wandschalung-xform\/\">Stahl<\/a><\/strong> zum Kauf an. Diese Rahmenschalungen zeichnen sich durch ihre <strong>vielf\u00e4ltigen Einsatzbereiche<\/strong>, <strong>hohe Frischbetondruckaufnahme<\/strong>, ihre <strong>lange Nutzungsdauer<\/strong> und die Anpassungsf\u00e4higkeit an die unterschiedlichsten Bauvorhaben aus. Diese Betonschalungen erm\u00f6glichen die Realisierung von geraden W\u00e4nden in Kombination mit <strong><a href=\"https:\/\/www.interfama.com\/gmbh\/klettersysteme\/\">Klettersystemen<\/a><\/strong>, von S\u00e4ulen, von <strong><a href=\"https:\/\/www.interfama.com\/gmbh\/einseitige-schalung-pat\/\">einseitigen W\u00e4nden<\/a><\/strong> und von runden Betonw\u00e4nden. Auch <strong><a href=\"https:\/\/www.interfama.com\/gmbh\/i-form-alu-sichtbetonschalung\/\">Sichtbetonoberfl\u00e4chen<\/a><\/strong> lassen sich mit diesen Schalungsl\u00f6sungen problemlos verwirklichen.<\/p>\n<p>[\/et_pb_text][\/et_pb_column][\/et_pb_row][et_pb_row column_structure=&#8220;1_3,1_3,1_3&#8243; make_equal=&#8220;on&#8220; custom_padding_last_edited=&#8220;on|desktop&#8220; module_id=&#8220;systeme&#8220; _builder_version=&#8220;4.16&#8243; background_color=&#8220;#ffffff&#8220; width=&#8220;75%&#8220; width_tablet=&#8220;100%&#8220; width_phone=&#8220;100%&#8220; width_last_edited=&#8220;on|desktop&#8220; custom_margin=&#8220;0px||0px||false|false&#8220; custom_padding=&#8220;3em|4em|3em|4em|false|false&#8220; custom_padding_tablet=&#8220;2em|2em|0em|2em|false|false&#8220; custom_padding_phone=&#8220;||0em||false|false&#8220; animation_style=&#8220;fade&#8220; animation_direction=&#8220;bottom&#8220; global_colors_info=&#8220;{}&#8220;][et_pb_column type=&#8220;1_3&#8243; _builder_version=&#8220;4.16&#8243; background_color=&#8220;#ffffff&#8220; global_colors_info=&#8220;{}&#8220;][et_pb_blurb title=&#8220;MAXIM ALU\/STAHL |  Wandschalung&#8220; image=&#8220;https:\/\/www.interfama.com\/gmbh\/wp-content\/uploads\/2020\/10\/MAXIM-Menu.jpg&#8220; admin_label=&#8220;MAXIM&#8220; _builder_version=&#8220;4.16&#8243; _module_preset=&#8220;default&#8220; header_level=&#8220;h2&#8243; body_text_color=&#8220;#E02B20&#8243; text_orientation=&#8220;center&#8220; animation_style=&#8220;fade&#8220; animation=&#8220;off&#8220; link_option_url=&#8220;https:\/\/www.interfama.com\/gmbh\/maxim-alu-stahl\/&#8220; global_colors_info=&#8220;{}&#8220;]<\/p>\n<h2>60 kN\/m\u00b2<\/h2>\n<p>[\/et_pb_blurb][\/et_pb_column][et_pb_column type=&#8220;1_3&#8243; _builder_version=&#8220;4.16&#8243; background_color=&#8220;#ffffff&#8220; global_colors_info=&#8220;{}&#8220;][et_pb_blurb title=&#8220;X-FORM STAHL | Wandschalung\u00a0&#8220; image=&#8220;https:\/\/www.interfama.com\/gmbh\/wp-content\/uploads\/2023\/07\/X-FORM-1000-673-px-1.jpg&#8220; admin_label=&#8220;XFORM Stahl&#8220; _builder_version=&#8220;4.17.3&#8243; _module_preset=&#8220;default&#8220; header_level=&#8220;h2&#8243; text_orientation=&#8220;center&#8220; animation_style=&#8220;fade&#8220; animation=&#8220;off&#8220; link_option_url=&#8220;https:\/\/www.interfama.com\/gmbh\/stahl-wandschalung-xform\/&#8220; global_colors_info=&#8220;{}&#8220;]<\/p>\n<h2>70 kN\/m\u00b2<\/h2>\n<p>[\/et_pb_blurb][\/et_pb_column][et_pb_column type=&#8220;1_3&#8243; _builder_version=&#8220;4.16&#8243; background_color=&#8220;#ffffff&#8220; global_colors_info=&#8220;{}&#8220;][et_pb_blurb title=&#8220; I-FORM ALU | Wandschalung&#8220; image=&#8220;https:\/\/www.interfama.com\/gmbh\/wp-content\/uploads\/2021\/10\/I-Form_03-klein.jpg&#8220; alt=&#8220;I-FORM&#8220; admin_label=&#8220;i-FORM&#8220; _builder_version=&#8220;4.16&#8243; _module_preset=&#8220;default&#8220; header_level=&#8220;h2&#8243; text_orientation=&#8220;center&#8220; animation_style=&#8220;fade&#8220; animation=&#8220;off&#8220; link_option_url=&#8220;https:\/\/www.interfama.com\/gmbh\/i-form-alu\/&#8220; global_colors_info=&#8220;{}&#8220;]<\/p>\n<h2>100 kN\/m\u00b2<\/h2>\n<p>[\/et_pb_blurb][\/et_pb_column][\/et_pb_row][\/et_pb_section][et_pb_section fb_built=&#8220;1&#8243; fullwidth=&#8220;on&#8220; _builder_version=&#8220;4.9.10&#8243; _module_preset=&#8220;default&#8220; custom_css_main_element=&#8220;display: none;&#8220; global_module=&#8220;1558&#8243; saved_tabs=&#8220;all&#8220; global_colors_info=&#8220;{}&#8220;][et_pb_fullwidth_map _builder_version=&#8220;4.16&#8243; _module_preset=&#8220;default&#8220; global_colors_info=&#8220;{}&#8220;][\/et_pb_fullwidth_map][\/et_pb_section]<\/p>\n","protected":false},"excerpt":{"rendered":"<p>Produktion und Verkauf von Wandschalungen &nbsp; INTERFAMA bietet Wandschalungssysteme aus Aluminium oder Stahl zum Kauf an. Diese Rahmenschalungen zeichnen sich durch ihre vielf\u00e4ltigen Einsatzbereiche, hohe Frischbetondruckaufnahme, ihre lange Nutzungsdauer und die Anpassungsf\u00e4higkeit an die unterschiedlichsten Bauvorhaben aus. Diese Betonschalungen erm\u00f6glichen die Realisierung von geraden W\u00e4nden in Kombination mit Klettersystemen, von S\u00e4ulen, von einseitigen W\u00e4nden und [&hellip;]<\/p>\n","protected":false},"author":1,"featured_media":7668,"parent":0,"menu_order":0,"comment_status":"closed","ping_status":"closed","template":"","meta":{"_et_pb_use_builder":"on","_et_pb_old_content":"","_et_gb_content_width":""},"yoast_head":"<!-- This site is optimized with the Yoast SEO plugin v21.7 - https:\/\/yoast.com\/wordpress\/plugins\/seo\/ -->\n<title>Wandschalungen \u2611\ufe0f Verkauf von Betonschalungen<\/title>\n<meta name=\"description\" content=\"Wandschalungen - Rahmenschalungen aus\u00a0Stahl\u00a0oder Aluminium f\u00fcr vielf\u00e4ltige Einsatzbereiche an. \u27a1\ufe0fSchalung f\u00fcr Sichtbeton \u27a1\ufe0fLange Nutzungsdauer\" \/>\n<meta name=\"robots\" content=\"index, follow, max-snippet:-1, max-image-preview:large, max-video-preview:-1\" \/>\n<link rel=\"canonical\" href=\"https:\/\/www.interfama.com\/gmbh\/wandschalungen-uebersicht\/\" \/>\n<meta property=\"og:locale\" content=\"de_DE\" \/>\n<meta property=\"og:type\" content=\"article\" \/>\n<meta property=\"og:title\" content=\"Wandschalungen \u2611\ufe0f Verkauf von Betonschalungen\" \/>\n<meta property=\"og:description\" content=\"Wandschalungen - Rahmenschalungen aus\u00a0Stahl\u00a0oder Aluminium f\u00fcr vielf\u00e4ltige Einsatzbereiche an. \u27a1\ufe0fSchalung f\u00fcr Sichtbeton \u27a1\ufe0fLange Nutzungsdauer\" \/>\n<meta property=\"og:url\" content=\"https:\/\/www.interfama.com\/gmbh\/wandschalungen-uebersicht\/\" \/>\n<meta property=\"og:site_name\" content=\"INTERFAMA GmbH\" \/>\n<meta property=\"article:publisher\" content=\"https:\/\/www.facebook.com\/INTERFAMA\/\" \/>\n<meta property=\"article:modified_time\" content=\"2023-07-27T14:57:50+00:00\" \/>\n<meta property=\"og:image\" content=\"https:\/\/www.interfama.com\/gmbh\/wp-content\/uploads\/2021\/10\/I-Form_03-scaled.jpg\" \/>\n\t<meta property=\"og:image:width\" content=\"2560\" \/>\n\t<meta property=\"og:image:height\" content=\"1491\" \/>\n\t<meta property=\"og:image:type\" content=\"image\/jpeg\" \/>\n<meta name=\"twitter:card\" content=\"summary_large_image\" \/>\n<meta name=\"twitter:label1\" content=\"Gesch\u00e4tzte Lesezeit\" \/>\n\t<meta name=\"twitter:data1\" content=\"3\u00a0Minuten\" \/>\n<script type=\"application\/ld+json\" class=\"yoast-schema-graph\">{\"@context\":\"https:\/\/schema.org\",\"@graph\":[{\"@type\":\"WebPage\",\"@id\":\"https:\/\/www.interfama.com\/gmbh\/wandschalungen-uebersicht\/\",\"url\":\"https:\/\/www.interfama.com\/gmbh\/wandschalungen-uebersicht\/\",\"name\":\"Wandschalungen \u2611\ufe0f Verkauf von Betonschalungen\",\"isPartOf\":{\"@id\":\"https:\/\/www.interfama.com\/gmbh\/it\/#website\"},\"datePublished\":\"2020-10-04T09:56:18+00:00\",\"dateModified\":\"2023-07-27T14:57:50+00:00\",\"description\":\"Wandschalungen - Rahmenschalungen aus\u00a0Stahl\u00a0oder Aluminium f\u00fcr vielf\u00e4ltige Einsatzbereiche an. \u27a1\ufe0fSchalung f\u00fcr Sichtbeton \u27a1\ufe0fLange Nutzungsdauer\",\"breadcrumb\":{\"@id\":\"https:\/\/www.interfama.com\/gmbh\/wandschalungen-uebersicht\/#breadcrumb\"},\"inLanguage\":\"de\",\"potentialAction\":[{\"@type\":\"ReadAction\",\"target\":[\"https:\/\/www.interfama.com\/gmbh\/wandschalungen-uebersicht\/\"]}]},{\"@type\":\"BreadcrumbList\",\"@id\":\"https:\/\/www.interfama.com\/gmbh\/wandschalungen-uebersicht\/#breadcrumb\",\"itemListElement\":[{\"@type\":\"ListItem\",\"position\":1,\"name\":\"Startseite\",\"item\":\"https:\/\/www.interfama.com\/gmbh\/\"},{\"@type\":\"ListItem\",\"position\":2,\"name\":\"Wandschalungen\"}]},{\"@type\":\"WebSite\",\"@id\":\"https:\/\/www.interfama.com\/gmbh\/it\/#website\",\"url\":\"https:\/\/www.interfama.com\/gmbh\/it\/\",\"name\":\"INTERFAMA GmbH\",\"description\":\"Einfach Beton gestalten\",\"potentialAction\":[{\"@type\":\"SearchAction\",\"target\":{\"@type\":\"EntryPoint\",\"urlTemplate\":\"https:\/\/www.interfama.com\/gmbh\/it\/?s={search_term_string}\"},\"query-input\":\"required name=search_term_string\"}],\"inLanguage\":\"de\"}]}<\/script>\n<!-- \/ Yoast SEO plugin. -->","yoast_head_json":{"title":"Wandschalungen \u2611\ufe0f Verkauf von Betonschalungen","description":"Wandschalungen - Rahmenschalungen aus\u00a0Stahl\u00a0oder Aluminium f\u00fcr vielf\u00e4ltige Einsatzbereiche an. \u27a1\ufe0fSchalung f\u00fcr Sichtbeton \u27a1\ufe0fLange Nutzungsdauer","robots":{"index":"index","follow":"follow","max-snippet":"max-snippet:-1","max-image-preview":"max-image-preview:large","max-video-preview":"max-video-preview:-1"},"canonical":"https:\/\/www.interfama.com\/gmbh\/wandschalungen-uebersicht\/","og_locale":"de_DE","og_type":"article","og_title":"Wandschalungen \u2611\ufe0f Verkauf von Betonschalungen","og_description":"Wandschalungen - Rahmenschalungen aus\u00a0Stahl\u00a0oder Aluminium f\u00fcr vielf\u00e4ltige Einsatzbereiche an. \u27a1\ufe0fSchalung f\u00fcr Sichtbeton \u27a1\ufe0fLange Nutzungsdauer","og_url":"https:\/\/www.interfama.com\/gmbh\/wandschalungen-uebersicht\/","og_site_name":"INTERFAMA GmbH","article_publisher":"https:\/\/www.facebook.com\/INTERFAMA\/","article_modified_time":"2023-07-27T14:57:50+00:00","og_image":[{"width":2560,"height":1491,"url":"https:\/\/www.interfama.com\/gmbh\/wp-content\/uploads\/2021\/10\/I-Form_03-scaled.jpg","type":"image\/jpeg"}],"twitter_card":"summary_large_image","twitter_misc":{"Gesch\u00e4tzte Lesezeit":"3\u00a0Minuten"},"schema":{"@context":"https:\/\/schema.org","@graph":[{"@type":"WebPage","@id":"https:\/\/www.interfama.com\/gmbh\/wandschalungen-uebersicht\/","url":"https:\/\/www.interfama.com\/gmbh\/wandschalungen-uebersicht\/","name":"Wandschalungen \u2611\ufe0f Verkauf von Betonschalungen","isPartOf":{"@id":"https:\/\/www.interfama.com\/gmbh\/it\/#website"},"datePublished":"2020-10-04T09:56:18+00:00","dateModified":"2023-07-27T14:57:50+00:00","description":"Wandschalungen - Rahmenschalungen aus\u00a0Stahl\u00a0oder Aluminium f\u00fcr vielf\u00e4ltige Einsatzbereiche an. \u27a1\ufe0fSchalung f\u00fcr Sichtbeton \u27a1\ufe0fLange Nutzungsdauer","breadcrumb":{"@id":"https:\/\/www.interfama.com\/gmbh\/wandschalungen-uebersicht\/#breadcrumb"},"inLanguage":"de","potentialAction":[{"@type":"ReadAction","target":["https:\/\/www.interfama.com\/gmbh\/wandschalungen-uebersicht\/"]}]},{"@type":"BreadcrumbList","@id":"https:\/\/www.interfama.com\/gmbh\/wandschalungen-uebersicht\/#breadcrumb","itemListElement":[{"@type":"ListItem","position":1,"name":"Startseite","item":"https:\/\/www.interfama.com\/gmbh\/"},{"@type":"ListItem","position":2,"name":"Wandschalungen"}]},{"@type":"WebSite","@id":"https:\/\/www.interfama.com\/gmbh\/it\/#website","url":"https:\/\/www.interfama.com\/gmbh\/it\/","name":"INTERFAMA GmbH","description":"Einfach Beton gestalten","potentialAction":[{"@type":"SearchAction","target":{"@type":"EntryPoint","urlTemplate":"https:\/\/www.interfama.com\/gmbh\/it\/?s={search_term_string}"},"query-input":"required name=search_term_string"}],"inLanguage":"de"}]}},"_links":{"self":[{"href":"https:\/\/www.interfama.com\/gmbh\/wp-json\/wp\/v2\/pages\/1544"}],"collection":[{"href":"https:\/\/www.interfama.com\/gmbh\/wp-json\/wp\/v2\/pages"}],"about":[{"href":"https:\/\/www.interfama.com\/gmbh\/wp-json\/wp\/v2\/types\/page"}],"author":[{"embeddable":true,"href":"https:\/\/www.interfama.com\/gmbh\/wp-json\/wp\/v2\/users\/1"}],"replies":[{"embeddable":true,"href":"https:\/\/www.interfama.com\/gmbh\/wp-json\/wp\/v2\/comments?post=1544"}],"version-history":[{"count":3,"href":"https:\/\/www.interfama.com\/gmbh\/wp-json\/wp\/v2\/pages\/1544\/revisions"}],"predecessor-version":[{"id":11225,"href":"https:\/\/www.interfama.com\/gmbh\/wp-json\/wp\/v2\/pages\/1544\/revisions\/11225"}],"wp:featuredmedia":[{"embeddable":true,"href":"https:\/\/www.interfama.com\/gmbh\/wp-json\/wp\/v2\/media\/7668"}],"wp:attachment":[{"href":"https:\/\/www.interfama.com\/gmbh\/wp-json\/wp\/v2\/media?parent=1544"}],"curies":[{"name":"wp","href":"https:\/\/api.w.org\/{rel}","templated":true}]}}