{"id":11294,"date":"2023-08-03T13:14:59","date_gmt":"2023-08-03T11:14:59","guid":{"rendered":"https:\/\/www.interfama.com\/gmbh\/?page_id=11294"},"modified":"2024-12-17T07:59:36","modified_gmt":"2024-12-17T06:59:36","slug":"danke-bewerbung","status":"publish","type":"page","link":"https:\/\/www.interfama.com\/gmbh\/danke-bewerbung\/","title":{"rendered":"Danke Bewerbung"},"content":{"rendered":"<p>[et_pb_section fb_built=&#8220;1&#8243; custom_padding_last_edited=&#8220;on|phone&#8220; _builder_version=&#8220;4.17.3&#8243; background_enable_color=&#8220;off&#8220; use_background_color_gradient=&#8220;on&#8220; background_color_gradient_direction=&#8220;1deg&#8220; background_color_gradient_stops=&#8220;#ffffff 37%|#d6d6d6 100%&#8220; background_color_gradient_start=&#8220;#ffffff&#8220; background_color_gradient_start_position=&#8220;37%&#8220; background_color_gradient_end=&#8220;#d6d6d6&#8243; background_image=&#8220;https:\/\/www.interfama.com\/gmbh\/wp-content\/uploads\/2023\/09\/Interfama_Firmengelaende.jpg&#8220; min_height=&#8220;70vh&#8220; custom_margin=&#8220;||||false|false&#8220; custom_padding=&#8220;|40px||40px|false|false&#8220; custom_padding_tablet=&#8220;|40px||40px|false|false&#8220; custom_padding_phone=&#8220;|20px||20px|false|false&#8220; global_colors_info=&#8220;{}&#8220;][et_pb_row module_id=&#8220;systeme&#8220; _builder_version=&#8220;4.17.3&#8243; background_color=&#8220;#ffffff&#8220; width=&#8220;75%&#8220; width_tablet=&#8220;100%&#8220; width_phone=&#8220;100%&#8220; width_last_edited=&#8220;on|phone&#8220; custom_margin=&#8220;||||false|false&#8220; custom_padding=&#8220;40px|25px|40px|25px|false|false&#8220; animation_style=&#8220;fade&#8220; animation_direction=&#8220;bottom&#8220; animation_delay=&#8220;1000ms&#8220; hover_enabled=&#8220;0&#8243; global_colors_info=&#8220;{}&#8220; sticky_enabled=&#8220;0&#8243;][et_pb_column type=&#8220;4_4&#8243; _builder_version=&#8220;4.16&#8243; background_color=&#8220;#ffffff&#8220; global_colors_info=&#8220;{}&#8220;][et_pb_text admin_label=&#8220;Einleitungstext&#8220; _builder_version=&#8220;4.17.3&#8243; header_2_line_height=&#8220;2em&#8220; background_enable_color=&#8220;off&#8220; text_orientation=&#8220;center&#8220; width=&#8220;100%&#8220; custom_margin=&#8220;||||false|false&#8220; custom_padding=&#8220;||0px||false|false&#8220; custom_padding_tablet=&#8220;||||false|false&#8220; custom_padding_phone=&#8220;||||false|false&#8220; custom_padding_last_edited=&#8220;on|phone&#8220; animation_style=&#8220;fade&#8220; hover_enabled=&#8220;0&#8243; header_2_font_size_tablet=&#8220;25px&#8220; header_2_font_size_phone=&#8220;24px&#8220; header_2_font_size_last_edited=&#8220;on|phone&#8220; global_colors_info=&#8220;{}&#8220; sticky_enabled=&#8220;0&#8243;]<\/p>\n<h1>Vielen Dank f\u00fcr Ihre Bewerbung!<\/h1>\n<h4>Wir freuen uns \u00fcber Ihr Interesse. Ihre Bewerbung wurde erfolgreich \u00fcbermittelt und wird nun gepr\u00fcft. Wir melden uns zeitnah bei Ihnen.<\/h4>\n<h4>Mit besten Gr\u00fc\u00dfen,<br \/>Interfama<\/h4>\n<p>[\/et_pb_text][et_pb_video src=&#8220;https:\/\/www.youtube.com\/watch?v=e3Y7FYKCges&#8220; _builder_version=&#8220;4.17.3&#8243; _module_preset=&#8220;default&#8220; max_width=&#8220;1024px&#8220; custom_margin=&#8220;|auto||auto|false|false&#8220; global_colors_info=&#8220;{}&#8220;][\/et_pb_video][et_pb_button button_url=&#8220;@ET-DC@eyJkeW5hbWljIjp0cnVlLCJjb250ZW50IjoiaG9tZV91cmwiLCJzZXR0aW5ncyI6e319@&#8220; button_text=&#8220;Zur Startseite&#8220; button_alignment=&#8220;center&#8220; _builder_version=&#8220;4.17.3&#8243; _dynamic_attributes=&#8220;button_url&#8220; _module_preset=&#8220;default&#8220; global_colors_info=&#8220;{}&#8220;][\/et_pb_button][\/et_pb_column][\/et_pb_row][et_pb_row column_structure=&#8220;1_4,1_4,1_4,1_4&#8243; _builder_version=&#8220;4.17.3&#8243; _module_preset=&#8220;default&#8220; hover_enabled=&#8220;0&#8243; global_colors_info=&#8220;{}&#8220; sticky_enabled=&#8220;0&#8243; background_color=&#8220;#FFFFFF&#8220; module_alignment=&#8220;center&#8220;][et_pb_column type=&#8220;1_4&#8243; _builder_version=&#8220;4.17.3&#8243; _module_preset=&#8220;default&#8220; global_colors_info=&#8220;{}&#8220;][et_pb_social_media_follow icon_color=&#8220;#FFFFFF&#8220; _builder_version=&#8220;4.17.3&#8243; _module_preset=&#8220;default&#8220; hover_enabled=&#8220;0&#8243; global_colors_info=&#8220;{}&#8220; sticky_enabled=&#8220;0&#8243; custom_padding=&#8220;||||false|false&#8220; max_width=&#8220;100%&#8220; custom_margin=&#8220;|auto||auto|false|false&#8220; text_orientation=&#8220;center&#8220; use_icon_font_size=&#8220;on&#8220; icon_font_size=&#8220;50px&#8220;][et_pb_social_media_follow_network _builder_version=&#8220;4.17.3&#8243; _module_preset=&#8220;default&#8220; follow_button=&#8220;off&#8220; url_new_window=&#8220;on&#8220; social_network=&#8220;facebook&#8220; background_color=&#8220;#3b5998&#8243; url=&#8220;https:\/\/www.facebook.com\/INTERFAMA\/&#8220; hover_enabled=&#8220;0&#8243; sticky_enabled=&#8220;0&#8243;]facebook[\/et_pb_social_media_follow_network][\/et_pb_social_media_follow][\/et_pb_column][et_pb_column _builder_version=&#8220;4.17.3&#8243; _module_preset=&#8220;default&#8220; type=&#8220;1_4&#8243;][et_pb_social_media_follow icon_color=&#8220;#FFFFFF&#8220; _builder_version=&#8220;4.17.3&#8243; _module_preset=&#8220;default&#8220; hover_enabled=&#8220;0&#8243; global_colors_info=&#8220;{}&#8220; sticky_enabled=&#8220;0&#8243; custom_padding=&#8220;||||false|false&#8220; max_width=&#8220;100%&#8220; custom_margin=&#8220;|auto||auto|false|false&#8220; text_orientation=&#8220;center&#8220; use_icon_font_size=&#8220;on&#8220; icon_font_size=&#8220;50px&#8220;][et_pb_social_media_follow_network _builder_version=&#8220;4.17.3&#8243; _module_preset=&#8220;default&#8220; follow_button=&#8220;off&#8220; url_new_window=&#8220;on&#8220; social_network=&#8220;instagram&#8220; background_color=&#8220;#ea2c59&#8243; url=&#8220;https:\/\/www.instagram.com\/interfama_formwork\/&#8220; hover_enabled=&#8220;0&#8243; sticky_enabled=&#8220;0&#8243;]instagram[\/et_pb_social_media_follow_network][\/et_pb_social_media_follow][\/et_pb_column][et_pb_column type=&#8220;1_4&#8243; _builder_version=&#8220;4.17.3&#8243; _module_preset=&#8220;default&#8220; global_colors_info=&#8220;{}&#8220;][et_pb_social_media_follow icon_color=&#8220;#FFFFFF&#8220; _builder_version=&#8220;4.17.3&#8243; _module_preset=&#8220;default&#8220; hover_enabled=&#8220;0&#8243; global_colors_info=&#8220;{}&#8220; sticky_enabled=&#8220;0&#8243; custom_padding=&#8220;||||false|false&#8220; max_width=&#8220;100%&#8220; custom_margin=&#8220;|auto||auto|false|false&#8220; text_orientation=&#8220;center&#8220; use_icon_font_size=&#8220;on&#8220; icon_font_size=&#8220;50px&#8220;][et_pb_social_media_follow_network _builder_version=&#8220;4.17.3&#8243; _module_preset=&#8220;default&#8220; follow_button=&#8220;off&#8220; url_new_window=&#8220;on&#8220; social_network=&#8220;linkedin&#8220; background_color=&#8220;#007bb6&#8243; url=&#8220;https:\/\/www.linkedin.com\/company\/interfama\/&#8220; hover_enabled=&#8220;0&#8243; sticky_enabled=&#8220;0&#8243;]linkedin[\/et_pb_social_media_follow_network][\/et_pb_social_media_follow][\/et_pb_column][et_pb_column type=&#8220;1_4&#8243; _builder_version=&#8220;4.17.3&#8243; _module_preset=&#8220;default&#8220; global_colors_info=&#8220;{}&#8220;][et_pb_social_media_follow icon_color=&#8220;#FFFFFF&#8220; _builder_version=&#8220;4.17.3&#8243; _module_preset=&#8220;default&#8220; hover_enabled=&#8220;0&#8243; global_colors_info=&#8220;{}&#8220; sticky_enabled=&#8220;0&#8243; custom_padding=&#8220;||||false|false&#8220; max_width=&#8220;100%&#8220; custom_margin=&#8220;|auto||auto|false|false&#8220; text_orientation=&#8220;center&#8220; use_icon_font_size=&#8220;on&#8220; icon_font_size=&#8220;50px&#8220;][et_pb_social_media_follow_network _builder_version=&#8220;4.17.3&#8243; _module_preset=&#8220;default&#8220; follow_button=&#8220;off&#8220; url_new_window=&#8220;on&#8220; social_network=&#8220;youtube&#8220; background_color=&#8220;#a82400&#8243; url=&#8220;https:\/\/www.youtube.com\/c\/INTERFAMAGMBHSRL &#8220; hover_enabled=&#8220;0&#8243; sticky_enabled=&#8220;0&#8243;]youtube[\/et_pb_social_media_follow_network][\/et_pb_social_media_follow][\/et_pb_column][\/et_pb_row][\/et_pb_section]<\/p>\n","protected":false},"excerpt":{"rendered":"<p>Vielen Dank f\u00fcr Ihre Bewerbung! Wir freuen uns \u00fcber Ihr Interesse. Ihre Bewerbung wurde erfolgreich \u00fcbermittelt und wird nun gepr\u00fcft. Wir melden uns zeitnah bei Ihnen. Mit besten Gr\u00fc\u00dfen,Interfamafacebookinstagramlinkedinyoutube<\/p>\n","protected":false},"author":3,"featured_media":0,"parent":0,"menu_order":0,"comment_status":"closed","ping_status":"closed","template":"","meta":{"_et_pb_use_builder":"on","_et_pb_old_content":"","_et_gb_content_width":""},"yoast_head":"<!-- This site is optimized with the Yoast SEO plugin v21.7 - https:\/\/yoast.com\/wordpress\/plugins\/seo\/ -->\n<title>Danke Bewerbung - INTERFAMA GmbH<\/title>\n<meta name=\"robots\" content=\"noindex, nofollow\" \/>\n<meta property=\"og:locale\" content=\"de_DE\" \/>\n<meta property=\"og:type\" content=\"article\" \/>\n<meta property=\"og:title\" content=\"Danke Bewerbung - INTERFAMA GmbH\" \/>\n<meta property=\"og:description\" content=\"Vielen Dank f\u00fcr Ihre Bewerbung! Wir freuen uns \u00fcber Ihr Interesse. Ihre Bewerbung wurde erfolgreich \u00fcbermittelt und wird nun gepr\u00fcft. Wir melden uns zeitnah bei Ihnen. Mit besten Gr\u00fc\u00dfen,Interfamafacebookinstagramlinkedinyoutube\" \/>\n<meta property=\"og:url\" content=\"https:\/\/www.interfama.com\/gmbh\/danke-bewerbung\/\" \/>\n<meta property=\"og:site_name\" content=\"INTERFAMA GmbH\" \/>\n<meta property=\"article:publisher\" content=\"https:\/\/www.facebook.com\/INTERFAMA\/\" \/>\n<meta property=\"article:modified_time\" content=\"2024-12-17T06:59:36+00:00\" \/>\n<meta name=\"twitter:card\" content=\"summary_large_image\" \/>\n<meta name=\"twitter:label1\" content=\"Gesch\u00e4tzte Lesezeit\" \/>\n\t<meta name=\"twitter:data1\" content=\"4\u00a0Minuten\" \/>\n<script type=\"application\/ld+json\" class=\"yoast-schema-graph\">{\"@context\":\"https:\/\/schema.org\",\"@graph\":[{\"@type\":\"WebPage\",\"@id\":\"https:\/\/www.interfama.com\/gmbh\/danke-bewerbung\/\",\"url\":\"https:\/\/www.interfama.com\/gmbh\/danke-bewerbung\/\",\"name\":\"Danke Bewerbung - INTERFAMA GmbH\",\"isPartOf\":{\"@id\":\"https:\/\/www.interfama.com\/gmbh\/it\/#website\"},\"datePublished\":\"2023-08-03T11:14:59+00:00\",\"dateModified\":\"2024-12-17T06:59:36+00:00\",\"breadcrumb\":{\"@id\":\"https:\/\/www.interfama.com\/gmbh\/danke-bewerbung\/#breadcrumb\"},\"inLanguage\":\"de\",\"potentialAction\":[{\"@type\":\"ReadAction\",\"target\":[\"https:\/\/www.interfama.com\/gmbh\/danke-bewerbung\/\"]}]},{\"@type\":\"BreadcrumbList\",\"@id\":\"https:\/\/www.interfama.com\/gmbh\/danke-bewerbung\/#breadcrumb\",\"itemListElement\":[{\"@type\":\"ListItem\",\"position\":1,\"name\":\"Startseite\",\"item\":\"https:\/\/www.interfama.com\/gmbh\/\"},{\"@type\":\"ListItem\",\"position\":2,\"name\":\"Danke Bewerbung\"}]},{\"@type\":\"WebSite\",\"@id\":\"https:\/\/www.interfama.com\/gmbh\/it\/#website\",\"url\":\"https:\/\/www.interfama.com\/gmbh\/it\/\",\"name\":\"INTERFAMA GmbH\",\"description\":\"Einfach Beton gestalten\",\"potentialAction\":[{\"@type\":\"SearchAction\",\"target\":{\"@type\":\"EntryPoint\",\"urlTemplate\":\"https:\/\/www.interfama.com\/gmbh\/it\/?s={search_term_string}\"},\"query-input\":\"required name=search_term_string\"}],\"inLanguage\":\"de\"}]}<\/script>\n<!-- \/ Yoast SEO plugin. -->","yoast_head_json":{"title":"Danke Bewerbung - INTERFAMA GmbH","robots":{"index":"noindex","follow":"nofollow"},"og_locale":"de_DE","og_type":"article","og_title":"Danke Bewerbung - INTERFAMA GmbH","og_description":"Vielen Dank f\u00fcr Ihre Bewerbung! Wir freuen uns \u00fcber Ihr Interesse. Ihre Bewerbung wurde erfolgreich \u00fcbermittelt und wird nun gepr\u00fcft. Wir melden uns zeitnah bei Ihnen. Mit besten Gr\u00fc\u00dfen,Interfamafacebookinstagramlinkedinyoutube","og_url":"https:\/\/www.interfama.com\/gmbh\/danke-bewerbung\/","og_site_name":"INTERFAMA GmbH","article_publisher":"https:\/\/www.facebook.com\/INTERFAMA\/","article_modified_time":"2024-12-17T06:59:36+00:00","twitter_card":"summary_large_image","twitter_misc":{"Gesch\u00e4tzte Lesezeit":"4\u00a0Minuten"},"schema":{"@context":"https:\/\/schema.org","@graph":[{"@type":"WebPage","@id":"https:\/\/www.interfama.com\/gmbh\/danke-bewerbung\/","url":"https:\/\/www.interfama.com\/gmbh\/danke-bewerbung\/","name":"Danke Bewerbung - INTERFAMA GmbH","isPartOf":{"@id":"https:\/\/www.interfama.com\/gmbh\/it\/#website"},"datePublished":"2023-08-03T11:14:59+00:00","dateModified":"2024-12-17T06:59:36+00:00","breadcrumb":{"@id":"https:\/\/www.interfama.com\/gmbh\/danke-bewerbung\/#breadcrumb"},"inLanguage":"de","potentialAction":[{"@type":"ReadAction","target":["https:\/\/www.interfama.com\/gmbh\/danke-bewerbung\/"]}]},{"@type":"BreadcrumbList","@id":"https:\/\/www.interfama.com\/gmbh\/danke-bewerbung\/#breadcrumb","itemListElement":[{"@type":"ListItem","position":1,"name":"Startseite","item":"https:\/\/www.interfama.com\/gmbh\/"},{"@type":"ListItem","position":2,"name":"Danke Bewerbung"}]},{"@type":"WebSite","@id":"https:\/\/www.interfama.com\/gmbh\/it\/#website","url":"https:\/\/www.interfama.com\/gmbh\/it\/","name":"INTERFAMA GmbH","description":"Einfach Beton gestalten","potentialAction":[{"@type":"SearchAction","target":{"@type":"EntryPoint","urlTemplate":"https:\/\/www.interfama.com\/gmbh\/it\/?s={search_term_string}"},"query-input":"required name=search_term_string"}],"inLanguage":"de"}]}},"_links":{"self":[{"href":"https:\/\/www.interfama.com\/gmbh\/wp-json\/wp\/v2\/pages\/11294"}],"collection":[{"href":"https:\/\/www.interfama.com\/gmbh\/wp-json\/wp\/v2\/pages"}],"about":[{"href":"https:\/\/www.interfama.com\/gmbh\/wp-json\/wp\/v2\/types\/page"}],"author":[{"embeddable":true,"href":"https:\/\/www.interfama.com\/gmbh\/wp-json\/wp\/v2\/users\/3"}],"replies":[{"embeddable":true,"href":"https:\/\/www.interfama.com\/gmbh\/wp-json\/wp\/v2\/comments?post=11294"}],"version-history":[{"count":13,"href":"https:\/\/www.interfama.com\/gmbh\/wp-json\/wp\/v2\/pages\/11294\/revisions"}],"predecessor-version":[{"id":12483,"href":"https:\/\/www.interfama.com\/gmbh\/wp-json\/wp\/v2\/pages\/11294\/revisions\/12483"}],"wp:attachment":[{"href":"https:\/\/www.interfama.com\/gmbh\/wp-json\/wp\/v2\/media?parent=11294"}],"curies":[{"name":"wp","href":"https:\/\/api.w.org\/{rel}","templated":true}]}}