{"id":11232,"date":"2023-07-28T14:21:20","date_gmt":"2023-07-28T12:21:20","guid":{"rendered":"https:\/\/www.interfama.com\/gmbh\/?page_id=11232"},"modified":"2023-09-20T16:43:23","modified_gmt":"2023-09-20T14:43:23","slug":"karriere","status":"publish","type":"page","link":"https:\/\/www.interfama.com\/gmbh\/karriere\/","title":{"rendered":"Karriere bei Interfama"},"content":{"rendered":"<p>[et_pb_section fb_built=&#8220;1&#8243; custom_padding_last_edited=&#8220;on|phone&#8220; _builder_version=&#8220;4.17.3&#8243; use_background_color_gradient=&#8220;on&#8220; background_color_gradient_stops=&#8220;#d6d6d6 0%|#ffffff 100%&#8220; custom_margin=&#8220;||||false|false&#8220; custom_padding_tablet=&#8220;&#8220; custom_padding_phone=&#8220;&#8220; animation_style=&#8220;fade&#8220; locked=&#8220;off&#8220; global_colors_info=&#8220;{}&#8220;][et_pb_row custom_padding_last_edited=&#8220;on|phone&#8220; _builder_version=&#8220;4.17.3&#8243; _module_preset=&#8220;default&#8220; background_color=&#8220;#ffffff&#8220; width_tablet=&#8220;&#8220; width_phone=&#8220;90%&#8220; width_last_edited=&#8220;on|phone&#8220; max_width=&#8220;1200px&#8220; custom_padding=&#8220;115px|80px|120px|80px|false|false&#8220; custom_padding_tablet=&#8220;80px|40px|80px|40px|false|false&#8220; custom_padding_phone=&#8220;40px|20px|40px|20px|false|false&#8220; global_colors_info=&#8220;{}&#8220;][et_pb_column type=&#8220;4_4&#8243; _builder_version=&#8220;4.16&#8243; _module_preset=&#8220;default&#8220; global_colors_info=&#8220;{}&#8220;][et_pb_text admin_label=&#8220;Einleitungstext&#8220; _builder_version=&#8220;4.17.3&#8243; header_2_text_align=&#8220;center&#8220; header_2_line_height=&#8220;2em&#8220; background_enable_color=&#8220;off&#8220; text_orientation=&#8220;center&#8220; width=&#8220;100%&#8220; custom_margin=&#8220;||20px||false|false&#8220; custom_padding=&#8220;||||false|false&#8220; custom_padding_tablet=&#8220;||||false|false&#8220; custom_padding_phone=&#8220;0px|0px|0px|0px|false|false&#8220; custom_padding_last_edited=&#8220;on|tablet&#8220; animation_style=&#8220;fade&#8220; header_2_font_size_tablet=&#8220;25px&#8220; header_2_font_size_phone=&#8220;24px&#8220; header_2_font_size_last_edited=&#8220;on|phone&#8220; locked=&#8220;off&#8220; global_colors_info=&#8220;{}&#8220;]<\/p>\n<h1 style=\"text-align: left;\"><strong>Karriere bei INTERFAMA<\/strong><\/h1>\n<p>[\/et_pb_text][et_pb_text admin_label=&#8220;Einleitungstext&#8220; _builder_version=&#8220;4.17.3&#8243; header_2_text_align=&#8220;center&#8220; header_2_line_height=&#8220;2em&#8220; background_enable_color=&#8220;off&#8220; text_orientation=&#8220;center&#8220; width=&#8220;100%&#8220; custom_margin=&#8220;||30px||false|false&#8220; custom_padding=&#8220;||0px||false|false&#8220; custom_padding_tablet=&#8220;||||false|false&#8220; custom_padding_phone=&#8220;||||false|false&#8220; custom_padding_last_edited=&#8220;on|phone&#8220; animation_style=&#8220;fade&#8220; header_2_font_size_tablet=&#8220;25px&#8220; header_2_font_size_phone=&#8220;24px&#8220; header_2_font_size_last_edited=&#8220;on|phone&#8220; locked=&#8220;off&#8220; global_colors_info=&#8220;{}&#8220;]<\/p>\n<p style=\"text-align: justify;\">Mit \u00fcber 40 Jahren Erfahrung sind wir ein wahrer Experte auf dem Gebiet der Schalungssysteme. Mit Stolz unterst\u00fctzen wir Bauvorhaben <strong>jeglicher Gr\u00f6\u00dfenordnung in ganz Europa und Nordafrika<\/strong>, indem wir gemeinsam mit unseren Kunden vielf\u00e4ltige Bauprojekte realisieren und das bestm\u00f6gliche Endergebnis auf der Baustelle erzielen.<\/p>\n<p style=\"text-align: justify;\">Seit unserer Gr\u00fcndung im Jahr 1984 sind wir kontinuierlich gewachsen und haben uns als Familienunternehmen erfolgreich in der <strong>dritten Generation etabliert<\/strong>. Unser <strong>Hauptsitz und Produktionsstandort in Prad<\/strong> ist das Herzst\u00fcck unseres Unternehmens, wo t\u00e4glich rund <strong>500 m\u00b2 Schalung<\/strong> hergestellt werden. Doch wir sind mehr als nur ein Standort &#8211; Interfama w\u00e4chst weiter und z\u00e4hlt nun auch die<strong> Interfama RENT mit Sitz in Verona und Rom<\/strong> sowie die<strong> Interfama SERVICE zur Interfama-Familie<\/strong>.<\/p>\n<p style=\"text-align: justify;\"><strong>Altbew\u00e4hrte Erfahrungen, kompetente Mitarbeiter, Innovation, Weitblick<\/strong> und <strong>Entwicklung<\/strong> bilden das Fundament unseres Unternehmensbilds und tragen t\u00e4glich zur erfolgreiche Umsetzung der Ideen und Projekte bei.<\/p>\n<p>[\/et_pb_text][et_pb_image src=&#8220;https:\/\/www.interfama.com\/gmbh\/wp-content\/uploads\/2023\/09\/Interfama_Firmengelaende.jpg&#8220; title_text=&#8220;Interfama_Firmengel\u00e4nde&#8220; _builder_version=&#8220;4.17.3&#8243; _module_preset=&#8220;default&#8220; width=&#8220;80%&#8220; max_width=&#8220;1024px&#8220; custom_margin=&#8220;|auto||auto|false|false&#8220; locked=&#8220;off&#8220; global_colors_info=&#8220;{}&#8220;][\/et_pb_image][et_pb_text admin_label=&#8220;Einleitungstext&#8220; _builder_version=&#8220;4.17.3&#8243; header_2_text_align=&#8220;center&#8220; header_2_line_height=&#8220;2em&#8220; background_enable_color=&#8220;off&#8220; text_orientation=&#8220;center&#8220; width=&#8220;100%&#8220; custom_margin=&#8220;||30px||false|false&#8220; custom_padding=&#8220;||||false|false&#8220; custom_padding_tablet=&#8220;||||false|false&#8220; custom_padding_phone=&#8220;||||false|false&#8220; custom_padding_last_edited=&#8220;on|phone&#8220; animation_style=&#8220;fade&#8220; header_2_font_size_tablet=&#8220;25px&#8220; header_2_font_size_phone=&#8220;24px&#8220; header_2_font_size_last_edited=&#8220;on|phone&#8220; locked=&#8220;off&#8220; global_colors_info=&#8220;{}&#8220;]<\/p>\n<h3 style=\"text-align: center;\"><span style=\"color: #000000;\"><strong>INTERFAMA &#8211; Prad am Stj.<\/strong><\/span><\/h3>\n<p>[\/et_pb_text][et_pb_image src=&#8220;https:\/\/www.interfama.com\/gmbh\/wp-content\/uploads\/2023\/09\/28.jpg&#8220; title_text=&#8220;Interfama Rent Verona&#8220; _builder_version=&#8220;4.17.3&#8243; _module_preset=&#8220;default&#8220; width=&#8220;80%&#8220; max_width=&#8220;1024px&#8220; custom_margin=&#8220;|auto||auto|false|false&#8220; locked=&#8220;off&#8220; global_colors_info=&#8220;{}&#8220;][\/et_pb_image][et_pb_text admin_label=&#8220;Einleitungstext&#8220; _builder_version=&#8220;4.17.3&#8243; header_2_text_align=&#8220;center&#8220; header_2_line_height=&#8220;2em&#8220; background_enable_color=&#8220;off&#8220; text_orientation=&#8220;center&#8220; width=&#8220;100%&#8220; custom_margin=&#8220;||30px||false|false&#8220; custom_padding=&#8220;||||false|false&#8220; custom_padding_tablet=&#8220;||||false|false&#8220; custom_padding_phone=&#8220;||||false|false&#8220; custom_padding_last_edited=&#8220;on|phone&#8220; animation_style=&#8220;fade&#8220; header_2_font_size_tablet=&#8220;25px&#8220; header_2_font_size_phone=&#8220;24px&#8220; header_2_font_size_last_edited=&#8220;on|phone&#8220; locked=&#8220;off&#8220; global_colors_info=&#8220;{}&#8220;]<\/p>\n<h3 style=\"text-align: center;\"><span style=\"color: #000000;\"><strong>INTERFAMA RENT und INTERFAMA SERVICE &#8211; Verona<\/strong><\/span><\/h3>\n<p>[\/et_pb_text][et_pb_text admin_label=&#8220;Einleitungstext&#8220; _builder_version=&#8220;4.17.3&#8243; header_2_text_align=&#8220;center&#8220; header_2_line_height=&#8220;2em&#8220; background_enable_color=&#8220;off&#8220; text_orientation=&#8220;center&#8220; width=&#8220;100%&#8220; custom_margin=&#8220;||30px||false|false&#8220; custom_padding=&#8220;||||false|false&#8220; custom_padding_tablet=&#8220;||||false|false&#8220; custom_padding_phone=&#8220;||||false|false&#8220; custom_padding_last_edited=&#8220;on|phone&#8220; animation_style=&#8220;fade&#8220; header_2_font_size_tablet=&#8220;25px&#8220; header_2_font_size_phone=&#8220;24px&#8220; header_2_font_size_last_edited=&#8220;on|phone&#8220; locked=&#8220;off&#8220; global_colors_info=&#8220;{}&#8220;]<\/p>\n<h3 style=\"text-align: left;\"><span style=\"color: #ff0000;\"><strong>Wonach wir streben: Unsere Vision<\/strong><\/span><\/h3>\n<p style=\"text-align: justify;\">Wir streben nach qualitativem Wachstum und der langfristigen Sicherung unserer Wettbewerbsf\u00e4higkeit. Dabei legen wir besonderen Wert auf die Schaffung einer hohen Lebensqualit\u00e4t, Stabilit\u00e4t sowie Karriere- und Entwicklungsm\u00f6glichkeiten f\u00fcr unsere Mitarbeiterinnen und Mitarbeiter.<\/p>\n<h3 style=\"text-align: left;\"><span style=\"color: #ff0000;\"><strong><\/strong><\/span><\/h3>\n<h3 style=\"text-align: left;\"><span style=\"color: #ff0000;\"><strong>Wof\u00fcr wir stehen: Unsere Mission<\/strong><\/span><\/h3>\n<p style=\"text-align: justify;\">Wirtschaftliches, schnelles und sicheres Arbeiten am Bau. Bester Service f\u00fcr unsere Kunden und eine rationelle Verarbeitung von Beton. Neue Technologien sollen dabei entscheidende Wettbewerbsvorteile f\u00fcr unsere Kunden zu schaffen.<\/p>\n<h2 style=\"text-align: left;\"><span style=\"color: #ff0000;\"><strong><\/strong><\/span><\/h2>\n<h3 style=\"text-align: left;\"><span style=\"color: #ff0000;\"><strong>Der Schl\u00fcssel zu unserem Erfolg<\/strong><\/span><\/h3>\n<ul style=\"text-align: left;\">\n<li><em><strong>Kundenn\u00e4he <\/strong><\/em>und<em><strong>\u00a0Kundenorientierung<\/strong><\/em><\/li>\n<li><strong><em>Innovationskraft<\/em> &#8211;<\/strong> Verst\u00e4ndnis f\u00fcr Kundenbed\u00fcrfnisse und Fokus auf Innovation und kontinuierliche Entwicklung neuer Technologien<\/li>\n<li><strong><em>Familienunternehmen<\/em><\/strong> &#8211; Langfristige Orientierung und nachhaltiges Wachstum<\/li>\n<li><em><strong>Hohe Qualit\u00e4t<\/strong><\/em> &#8211; Teamgeist, effiziente Prozesse und exzellente Produkte<\/li>\n<\/ul>\n<p style=\"text-align: justify;\">Die Zukunft sehen wir mit gro\u00dfem Ehrgeiz und Begeisterung entgegen, denn wir sind immer auf der Suche nach <strong>neuen Herausforderungen<\/strong> und <strong>motivierten MitarbeiternInnen,<\/strong> die sich in unserem Unternehmen einbringen und so sich selbst und Interfama weiterentwickeln.<\/p>\n<p style=\"text-align: justify;\">Wenn Sie Teil unseres engagierten und dynamischen Teams werden m\u00f6chten, laden wir Sie ein, sich \u00fcber unsere aktuellen Karrierem\u00f6glichkeiten zu informieren. Bei Interfama bieten wir Ihnen nicht nur einen Arbeitsplatz, sondern die M\u00f6glichkeit, Ihre F\u00e4higkeiten zu entfalten, Ihr Potenzial zu entdecken und gemeinsam Gro\u00dfes zu erreichen.<\/p>\n<p style=\"text-align: justify;\"><strong>Wir freuen uns darauf, Sie in unserer Erfolgsgeschichte willkommen zu hei\u00dfen!<\/strong><\/p>\n<p>[\/et_pb_text][et_pb_text admin_label=&#8220;Einleitungstext&#8220; _builder_version=&#8220;4.17.3&#8243; header_2_text_align=&#8220;center&#8220; header_2_line_height=&#8220;2em&#8220; background_enable_color=&#8220;off&#8220; text_orientation=&#8220;center&#8220; width=&#8220;100%&#8220; custom_margin=&#8220;50px||30px||false|false&#8220; custom_margin_tablet=&#8220;30px||||false|false&#8220; custom_margin_phone=&#8220;30px||||false|false&#8220; custom_margin_last_edited=&#8220;on|tablet&#8220; custom_padding=&#8220;||||false|false&#8220; custom_padding_tablet=&#8220;||||false|false&#8220; custom_padding_phone=&#8220;||||false|false&#8220; custom_padding_last_edited=&#8220;on|phone&#8220; animation_style=&#8220;fade&#8220; header_2_font_size_tablet=&#8220;25px&#8220; header_2_font_size_phone=&#8220;24px&#8220; header_2_font_size_last_edited=&#8220;on|phone&#8220; locked=&#8220;off&#8220; global_colors_info=&#8220;{}&#8220;]<\/p>\n<h2 style=\"text-align: left;\"><span style=\"font-size: xx-large;\">Unsere Werte:<\/span><\/h2>\n<p><span><\/span><\/p>\n<p>[\/et_pb_text][et_pb_accordion _builder_version=&#8220;4.17.3&#8243; _module_preset=&#8220;default&#8220; toggle_level=&#8220;h1&#8243; toggle_text_align=&#8220;center&#8220; text_orientation=&#8220;center&#8220; toggle_text_align_tablet=&#8220;center&#8220; toggle_text_align_phone=&#8220;left&#8220; toggle_text_align_last_edited=&#8220;on|phone&#8220; toggle_font_size_tablet=&#8220;&#8220; toggle_font_size_phone=&#8220;20px&#8220; toggle_font_size_last_edited=&#8220;on|phone&#8220; global_colors_info=&#8220;{}&#8220;][et_pb_accordion_item title=&#8220;Verantwortung, Einsatzbereitschaft und Selbstreflektion &#8220; _builder_version=&#8220;4.17.3&#8243; _module_preset=&#8220;default&#8220; text_orientation=&#8220;center&#8220; global_colors_info=&#8220;{}&#8220; toggle_level=&#8220;h2&#8243; open=&#8220;on&#8220;]<\/p>\n<p>Wir handeln in Eigeninitiative und \u00fcben Selbstreflektion.<\/p>\n<p>Wir \u00fcbernehmen aktiv Verantwortung und zeigen Einsatzbereitschaft.<\/p>\n<p>Wir halten uns an vereinbarte Termine und Zusagen.<\/p>\n<p>Wir lernen aus unseren Fehlern.<\/p>\n<p>[\/et_pb_accordion_item][et_pb_accordion_item title=&#8220;Akzeptanz, Zufriedenheit und Respekt&#8220; _builder_version=&#8220;4.17.3&#8243; _module_preset=&#8220;default&#8220; text_orientation=&#8220;center&#8220; global_colors_info=&#8220;{}&#8220; toggle_level=&#8220;h2&#8243; open=&#8220;off&#8220;]<\/p>\n<p>Wir f\u00fchlen uns als Teil der Interfama-Familie.<\/p>\n<p>Wir bringen eine positive Einstellung mit und sind selbstmotiviert.<\/p>\n<p>Wir gehen respektvoll miteinander um und kommunizieren miteinander auf Augenh\u00f6he.<\/p>\n<p>Wir k\u00f6nnen uns immer aufeinander verlassen.<\/p>\n<p>Wir leben und fordern gegenseitige R\u00fccksichtnahme und Hilfsbereitschaft.<\/p>\n<p><span><\/span><\/p>\n<p>[\/et_pb_accordion_item][et_pb_accordion_item title=&#8220;Offene Kommunikation und Feedback&#8220; _builder_version=&#8220;4.17.3&#8243; _module_preset=&#8220;default&#8220; text_orientation=&#8220;center&#8220; global_colors_info=&#8220;{}&#8220; toggle_level=&#8220;h2&#8243; open=&#8220;off&#8220;]<\/p>\n<p>Wir kommunizieren offen und teilen relevante Informationen mit.<\/p>\n<p>Wir handeln sachlich.<\/p>\n<p>Wir sind offen f\u00fcr konstruktives Feedback, Kritik und Neues.<\/p>\n<p><span><\/span><\/p>\n<p>[\/et_pb_accordion_item][et_pb_accordion_item title=&#8220;L\u00f6sungsorientiertes Denken, F\u00f6rderung und Motivation&#8220; open=&#8220;off&#8220; _builder_version=&#8220;4.17.3&#8243; _module_preset=&#8220;default&#8220; text_orientation=&#8220;center&#8220; global_colors_info=&#8220;{}&#8220; toggle_level=&#8220;h2&#8243;]<\/p>\n<p>Wir denken l\u00f6sungsorientiert und arbeiten zusammen.<\/p>\n<p>Wir sind offen f\u00fcr neue Ideen.<\/p>\n<p>Wir motivieren uns gegenseitig.<\/p>\n<p>Wir sind kompetent und f\u00f6rdern unsere Kollegen.<\/p>\n<p>Wir glauben an unseren gemeinsamen Erfolg.<\/p>\n<p><span><\/span><\/p>\n<p>[\/et_pb_accordion_item][\/et_pb_accordion][et_pb_text admin_label=&#8220;Einleitungstext&#8220; _builder_version=&#8220;4.17.3&#8243; header_2_text_align=&#8220;center&#8220; header_2_line_height=&#8220;2em&#8220; background_enable_color=&#8220;off&#8220; text_orientation=&#8220;center&#8220; width=&#8220;100%&#8220; custom_margin=&#8220;80px||30px||false|false&#8220; custom_margin_tablet=&#8220;50px||0px||false|false&#8220; custom_margin_phone=&#8220;50px||0px||false|false&#8220; custom_margin_last_edited=&#8220;on|phone&#8220; custom_padding=&#8220;||||false|false&#8220; custom_padding_tablet=&#8220;||||false|false&#8220; custom_padding_phone=&#8220;||2em||false|false&#8220; custom_padding_last_edited=&#8220;on|phone&#8220; animation_style=&#8220;fade&#8220; header_2_font_size_tablet=&#8220;25px&#8220; header_2_font_size_phone=&#8220;24px&#8220; header_2_font_size_last_edited=&#8220;on|phone&#8220; locked=&#8220;off&#8220; global_colors_info=&#8220;{}&#8220;]<\/p>\n<h2 style=\"text-align: left;\"><span style=\"font-size: xx-large;\">Unsere T\u00e4tigkeitsbereiche<\/span><\/h2>\n<p><span><\/span><\/p>\n<p>[\/et_pb_text][et_pb_text admin_label=&#8220;Einleitungstext&#8220; _builder_version=&#8220;4.17.3&#8243; header_2_text_align=&#8220;center&#8220; header_2_line_height=&#8220;2em&#8220; background_enable_color=&#8220;off&#8220; text_orientation=&#8220;center&#8220; width=&#8220;100%&#8220; custom_margin=&#8220;0px||30px||false|false&#8220; custom_padding=&#8220;||||false|false&#8220; custom_padding_tablet=&#8220;||||false|false&#8220; custom_padding_phone=&#8220;||||false|false&#8220; custom_padding_last_edited=&#8220;on|phone&#8220; animation_style=&#8220;fade&#8220; header_2_font_size_tablet=&#8220;25px&#8220; header_2_font_size_phone=&#8220;24px&#8220; header_2_font_size_last_edited=&#8220;on|phone&#8220; locked=&#8220;off&#8220; global_colors_info=&#8220;{}&#8220;]<\/p>\n<h2 style=\"text-align: left;\"><span style=\"font-size: xx-large;\"><section class=\"jobs-categories\"><a class=\"jobs-category\" href=\"https:\/\/www.interfama.com\/gmbh\/jobs-category\/ausbildung-praktikum\/\"><div class=\"jobs-category__image_wrapper\"><img decoding=\"async\" class=\"jobs-category__image\" src=\"https:\/\/www.interfama.com\/gmbh\/wp-content\/uploads\/2023\/08\/29.jpg\" \/><\/div><h3 class=\"jobs-category__title\">Ausbildung\/Praktikum<\/h3><p class=\"jobs-category__p\">Lehrlinge, PraktikantenInnen und StudentenInnen sind unsere kommende Erfolgsgeneration und bringen neue Perspektiven und frische Impulse in unser Unternehmen mit ein. Dad...<\/p><\/a><a class=\"jobs-category\" href=\"https:\/\/www.interfama.com\/gmbh\/jobs-category\/lagerverwaltung\/\"><div class=\"jobs-category__image_wrapper\"><img decoding=\"async\" class=\"jobs-category__image\" src=\"https:\/\/www.interfama.com\/gmbh\/wp-content\/uploads\/2023\/08\/Noleggio-casseri-INTERFAMA.jpg\" \/><\/div><h3 class=\"jobs-category__title\">Lagerverwaltung<\/h3><p class=\"jobs-category__p\">Die Lagerverwaltung spielt an unseren beiden Standorten in \ud83d\udccdPrad am Stj. und \ud83d\udccdVerona eine gro\u00dfe Rolle. Unser kompetentes Team sorgt daf\u00fcr, dass alle Materialien f...<\/p><\/a><a class=\"jobs-category\" href=\"https:\/\/www.interfama.com\/gmbh\/jobs-category\/produktion\/\"><div class=\"jobs-category__image_wrapper\"><img decoding=\"async\" class=\"jobs-category__image\" src=\"https:\/\/www.interfama.com\/gmbh\/wp-content\/uploads\/2023\/09\/Interfama-Produktion-1-scaled.jpg\" \/><\/div><h3 class=\"jobs-category__title\">Produktion<\/h3><p class=\"jobs-category__p\">Wir sind stets auf der Suche nach kompetenten und verl\u00e4sslichen MitarbeiterInnen f\u00fcr unsere Produktionsst\u00e4tte in \ud83d\udccd Prad am Stilfserjoch, unabh\u00e4ngig davon, ob du be...<\/p><\/a><a class=\"jobs-category\" href=\"https:\/\/www.interfama.com\/gmbh\/jobs-category\/technisches-buero\/\"><div class=\"jobs-category__image_wrapper\"><img decoding=\"async\" class=\"jobs-category__image\" src=\"https:\/\/www.interfama.com\/gmbh\/wp-content\/uploads\/2023\/08\/2.jpg\" \/><\/div><h3 class=\"jobs-category__title\">Technisches B\u00fcro<\/h3><p class=\"jobs-category__p\">Unser dynamisches Team aus TechnikernInnen und IngenieurenInnen entwickelt t\u00e4glich ma\u00dfgeschneiderte Schalungsl\u00f6sungen f\u00fcr Bauprojekte jeglicher Gr\u00f6\u00dfenordnung. In er...<\/p><\/a><a class=\"jobs-category\" href=\"https:\/\/www.interfama.com\/gmbh\/jobs-category\/vertrieb\/\"><div class=\"jobs-category__image_wrapper\"><img decoding=\"async\" class=\"jobs-category__image\" src=\"https:\/\/www.interfama.com\/gmbh\/wp-content\/uploads\/2023\/08\/03.jpg\" \/><\/div><h3 class=\"jobs-category__title\">Vertrieb<\/h3><p class=\"jobs-category__p\">\r\nUnser Team aus Verk\u00e4ufernInnen im Innen- und Au\u00dfendienst bringt unsere Schalungssysteme an den Mann, denn sie sind das Bindeglied zwischen unseren Kunden und unserem ...<\/p><\/a><a class=\"jobs-category\" href=\"https:\/\/www.interfama.com\/gmbh\/jobs-category\/verwaltung\/\"><div class=\"jobs-category__image_wrapper\"><img decoding=\"async\" class=\"jobs-category__image\" src=\"https:\/\/www.interfama.com\/gmbh\/wp-content\/uploads\/2023\/08\/31.jpg\" \/><\/div><h3 class=\"jobs-category__title\">Verwaltung<\/h3><p class=\"jobs-category__p\">Als VerwaltungsmitarbeiterIn an unseren Standorten in \ud83d\udccd\u00a0Prad am Stj.\u00a0und \ud83d\udccd\u00a0Verona erwartet dich ein vielseitiges und abwechslungsreiches Aufgabengebiet. Von der ...<\/p><\/a><\/section><\/span><\/h2>\n<p><span><\/span><\/p>\n<p>[\/et_pb_text][\/et_pb_column][\/et_pb_row][\/et_pb_section]<\/p>\n","protected":false},"excerpt":{"rendered":"<p>Karriere bei INTERFAMAMit \u00fcber 40 Jahren Erfahrung sind wir ein wahrer Experte auf dem Gebiet der Schalungssysteme. Mit Stolz unterst\u00fctzen wir Bauvorhaben jeglicher Gr\u00f6\u00dfenordnung in ganz Europa und Nordafrika, indem wir gemeinsam mit unseren Kunden vielf\u00e4ltige Bauprojekte realisieren und das bestm\u00f6gliche Endergebnis auf der Baustelle erzielen. Seit unserer Gr\u00fcndung im Jahr 1984 sind wir kontinuierlich [&hellip;]<\/p>\n","protected":false},"author":3,"featured_media":0,"parent":0,"menu_order":0,"comment_status":"closed","ping_status":"closed","template":"","meta":{"_et_pb_use_builder":"on","_et_pb_old_content":"","_et_gb_content_width":""},"yoast_head":"<!-- This site is optimized with the Yoast SEO plugin v21.7 - https:\/\/yoast.com\/wordpress\/plugins\/seo\/ -->\n<title>Karriere Interfama \ud83d\udd37 F\u00e4higkeiten entfalten &amp; Potenzial entdecken<\/title>\n<meta name=\"description\" content=\"Karriere bei Interfama \u27a1 Praktikum, Ausbildung, Berufseinsteiger oder bereits mit Berufserfahrung - wir bieten vielseitige Karrierechancen !\" \/>\n<meta name=\"robots\" content=\"index, follow, max-snippet:-1, max-image-preview:large, max-video-preview:-1\" \/>\n<link rel=\"canonical\" href=\"https:\/\/www.interfama.com\/gmbh\/karriere\/\" \/>\n<meta property=\"og:locale\" content=\"de_DE\" \/>\n<meta property=\"og:type\" content=\"article\" \/>\n<meta property=\"og:title\" content=\"Karriere Interfama \ud83d\udd37 F\u00e4higkeiten entfalten &amp; Potenzial entdecken\" \/>\n<meta property=\"og:description\" content=\"Karriere bei Interfama \u27a1 Praktikum, Ausbildung, Berufseinsteiger oder bereits mit Berufserfahrung - wir bieten vielseitige Karrierechancen !\" \/>\n<meta property=\"og:url\" content=\"https:\/\/www.interfama.com\/gmbh\/karriere\/\" \/>\n<meta property=\"og:site_name\" content=\"INTERFAMA GmbH\" \/>\n<meta property=\"article:publisher\" content=\"https:\/\/www.facebook.com\/INTERFAMA\/\" \/>\n<meta property=\"article:modified_time\" content=\"2023-09-20T14:43:23+00:00\" \/>\n<meta name=\"twitter:card\" content=\"summary_large_image\" \/>\n<meta name=\"twitter:label1\" content=\"Gesch\u00e4tzte Lesezeit\" \/>\n\t<meta name=\"twitter:data1\" content=\"5\u00a0Minuten\" \/>\n<script type=\"application\/ld+json\" class=\"yoast-schema-graph\">{\"@context\":\"https:\/\/schema.org\",\"@graph\":[{\"@type\":\"WebPage\",\"@id\":\"https:\/\/www.interfama.com\/gmbh\/karriere\/\",\"url\":\"https:\/\/www.interfama.com\/gmbh\/karriere\/\",\"name\":\"Karriere Interfama \ud83d\udd37 F\u00e4higkeiten entfalten & Potenzial entdecken\",\"isPartOf\":{\"@id\":\"https:\/\/www.interfama.com\/gmbh\/it\/#website\"},\"datePublished\":\"2023-07-28T12:21:20+00:00\",\"dateModified\":\"2023-09-20T14:43:23+00:00\",\"description\":\"Karriere bei Interfama \u27a1 Praktikum, Ausbildung, Berufseinsteiger oder bereits mit Berufserfahrung - wir bieten vielseitige Karrierechancen !\",\"breadcrumb\":{\"@id\":\"https:\/\/www.interfama.com\/gmbh\/karriere\/#breadcrumb\"},\"inLanguage\":\"de\",\"potentialAction\":[{\"@type\":\"ReadAction\",\"target\":[\"https:\/\/www.interfama.com\/gmbh\/karriere\/\"]}]},{\"@type\":\"BreadcrumbList\",\"@id\":\"https:\/\/www.interfama.com\/gmbh\/karriere\/#breadcrumb\",\"itemListElement\":[{\"@type\":\"ListItem\",\"position\":1,\"name\":\"Startseite\",\"item\":\"https:\/\/www.interfama.com\/gmbh\/\"},{\"@type\":\"ListItem\",\"position\":2,\"name\":\"Karriere bei Interfama\"}]},{\"@type\":\"WebSite\",\"@id\":\"https:\/\/www.interfama.com\/gmbh\/it\/#website\",\"url\":\"https:\/\/www.interfama.com\/gmbh\/it\/\",\"name\":\"INTERFAMA GmbH\",\"description\":\"Einfach Beton gestalten\",\"potentialAction\":[{\"@type\":\"SearchAction\",\"target\":{\"@type\":\"EntryPoint\",\"urlTemplate\":\"https:\/\/www.interfama.com\/gmbh\/it\/?s={search_term_string}\"},\"query-input\":\"required name=search_term_string\"}],\"inLanguage\":\"de\"}]}<\/script>\n<!-- \/ Yoast SEO plugin. -->","yoast_head_json":{"title":"Karriere Interfama \ud83d\udd37 F\u00e4higkeiten entfalten & Potenzial entdecken","description":"Karriere bei Interfama \u27a1 Praktikum, Ausbildung, Berufseinsteiger oder bereits mit Berufserfahrung - wir bieten vielseitige Karrierechancen !","robots":{"index":"index","follow":"follow","max-snippet":"max-snippet:-1","max-image-preview":"max-image-preview:large","max-video-preview":"max-video-preview:-1"},"canonical":"https:\/\/www.interfama.com\/gmbh\/karriere\/","og_locale":"de_DE","og_type":"article","og_title":"Karriere Interfama \ud83d\udd37 F\u00e4higkeiten entfalten & Potenzial entdecken","og_description":"Karriere bei Interfama \u27a1 Praktikum, Ausbildung, Berufseinsteiger oder bereits mit Berufserfahrung - wir bieten vielseitige Karrierechancen !","og_url":"https:\/\/www.interfama.com\/gmbh\/karriere\/","og_site_name":"INTERFAMA GmbH","article_publisher":"https:\/\/www.facebook.com\/INTERFAMA\/","article_modified_time":"2023-09-20T14:43:23+00:00","twitter_card":"summary_large_image","twitter_misc":{"Gesch\u00e4tzte Lesezeit":"5\u00a0Minuten"},"schema":{"@context":"https:\/\/schema.org","@graph":[{"@type":"WebPage","@id":"https:\/\/www.interfama.com\/gmbh\/karriere\/","url":"https:\/\/www.interfama.com\/gmbh\/karriere\/","name":"Karriere Interfama \ud83d\udd37 F\u00e4higkeiten entfalten & Potenzial entdecken","isPartOf":{"@id":"https:\/\/www.interfama.com\/gmbh\/it\/#website"},"datePublished":"2023-07-28T12:21:20+00:00","dateModified":"2023-09-20T14:43:23+00:00","description":"Karriere bei Interfama \u27a1 Praktikum, Ausbildung, Berufseinsteiger oder bereits mit Berufserfahrung - wir bieten vielseitige Karrierechancen !","breadcrumb":{"@id":"https:\/\/www.interfama.com\/gmbh\/karriere\/#breadcrumb"},"inLanguage":"de","potentialAction":[{"@type":"ReadAction","target":["https:\/\/www.interfama.com\/gmbh\/karriere\/"]}]},{"@type":"BreadcrumbList","@id":"https:\/\/www.interfama.com\/gmbh\/karriere\/#breadcrumb","itemListElement":[{"@type":"ListItem","position":1,"name":"Startseite","item":"https:\/\/www.interfama.com\/gmbh\/"},{"@type":"ListItem","position":2,"name":"Karriere bei Interfama"}]},{"@type":"WebSite","@id":"https:\/\/www.interfama.com\/gmbh\/it\/#website","url":"https:\/\/www.interfama.com\/gmbh\/it\/","name":"INTERFAMA GmbH","description":"Einfach Beton gestalten","potentialAction":[{"@type":"SearchAction","target":{"@type":"EntryPoint","urlTemplate":"https:\/\/www.interfama.com\/gmbh\/it\/?s={search_term_string}"},"query-input":"required name=search_term_string"}],"inLanguage":"de"}]}},"_links":{"self":[{"href":"https:\/\/www.interfama.com\/gmbh\/wp-json\/wp\/v2\/pages\/11232"}],"collection":[{"href":"https:\/\/www.interfama.com\/gmbh\/wp-json\/wp\/v2\/pages"}],"about":[{"href":"https:\/\/www.interfama.com\/gmbh\/wp-json\/wp\/v2\/types\/page"}],"author":[{"embeddable":true,"href":"https:\/\/www.interfama.com\/gmbh\/wp-json\/wp\/v2\/users\/3"}],"replies":[{"embeddable":true,"href":"https:\/\/www.interfama.com\/gmbh\/wp-json\/wp\/v2\/comments?post=11232"}],"version-history":[{"count":50,"href":"https:\/\/www.interfama.com\/gmbh\/wp-json\/wp\/v2\/pages\/11232\/revisions"}],"predecessor-version":[{"id":11779,"href":"https:\/\/www.interfama.com\/gmbh\/wp-json\/wp\/v2\/pages\/11232\/revisions\/11779"}],"wp:attachment":[{"href":"https:\/\/www.interfama.com\/gmbh\/wp-json\/wp\/v2\/media?parent=11232"}],"curies":[{"name":"wp","href":"https:\/\/api.w.org\/{rel}","templated":true}]}}