{"id":3646,"date":"2020-12-03T14:07:52","date_gmt":"2020-12-03T13:07:52","guid":{"rendered":"http:\/\/23118.web.zcom.it\/gmbh\/banchettone\/"},"modified":"2024-09-11T14:30:58","modified_gmt":"2024-09-11T12:30:58","slug":"casseri-banchettone","status":"publish","type":"page","link":"https:\/\/www.interfama.com\/gmbh\/it\/casseri-banchettone\/","title":{"rendered":"BANCHETTONE"},"content":{"rendered":"<p>[et_pb_section fb_built=&#8221;1&#8243; fullwidth=&#8221;on&#8221; _builder_version=&#8221;4.16&#8243; _module_preset=&#8221;default&#8221; animation_style=&#8221;fade&#8221; global_colors_info=&#8221;{}&#8221;][et_pb_fullwidth_header header_fullscreen=&#8221;on&#8221; _builder_version=&#8221;4.16&#8243; _module_preset=&#8221;default&#8221; background_enable_color=&#8221;off&#8221; background_image=&#8221;https:\/\/www.interfama.com\/gmbh\/wp-content\/uploads\/2020\/12\/head-1.jpg&#8221; parallax=&#8221;on&#8221; global_colors_info=&#8221;{}&#8221;][\/et_pb_fullwidth_header][\/et_pb_section][et_pb_section fb_built=&#8221;1&#8243; _builder_version=&#8221;4.16&#8243; background_enable_color=&#8221;off&#8221; use_background_color_gradient=&#8221;on&#8221; background_color_gradient_direction=&#8221;1deg&#8221; background_color_gradient_stops=&#8221;#ffffff 37%|#d6d6d6 100%&#8221; background_color_gradient_start=&#8221;#ffffff&#8221; background_color_gradient_start_position=&#8221;37%&#8221; background_color_gradient_end=&#8221;#d6d6d6&#8243; custom_margin=&#8221;||||false|false&#8221; animation_direction=&#8221;bottom&#8221; global_colors_info=&#8221;{}&#8221;][et_pb_row module_id=&#8221;systeme&#8221; _builder_version=&#8221;4.16&#8243; background_enable_color=&#8221;off&#8221; width=&#8221;75%&#8221; width_tablet=&#8221;100%&#8221; width_phone=&#8221;100%&#8221; width_last_edited=&#8221;on|phone&#8221; custom_margin=&#8221;-75vh||0px||false|false&#8221; custom_padding=&#8221;||0px||false|false&#8221; animation_style=&#8221;fade&#8221; animation_direction=&#8221;bottom&#8221; animation_delay=&#8221;1000ms&#8221; global_colors_info=&#8221;{}&#8221;][et_pb_column type=&#8221;4_4&#8243; _builder_version=&#8221;4.16&#8243; background_color=&#8221;#ffffff&#8221; global_colors_info=&#8221;{}&#8221;][et_pb_text admin_label=&#8221;Einleitungstext&#8221; _builder_version=&#8221;4.16&#8243; header_2_line_height=&#8221;2em&#8221; background_enable_color=&#8221;off&#8221; width=&#8221;100%&#8221; custom_margin=&#8221;||||false|false&#8221; custom_padding=&#8221;3em|4em|3em|4em|false|false&#8221; custom_padding_tablet=&#8221;2em|2em|2em|2em|false|false&#8221; custom_padding_phone=&#8221;2em|2em|2em|2em|false|false&#8221; custom_padding_last_edited=&#8221;on|desktop&#8221; animation_style=&#8221;fade&#8221; header_2_font_size_tablet=&#8221;25px&#8221; header_2_font_size_phone=&#8221;24px&#8221; header_2_font_size_last_edited=&#8221;on|phone&#8221; global_colors_info=&#8221;{}&#8221;]<\/p>\n<h1>Casseri per l\u2018edilizia stradale &#8211; BANCHETTONE<\/h1>\n<p>La cassaforma regolabile Banchettone costruita in acciaio, permette la realizzazione di cordoli stradali con o senza guardrail.<\/p>\n<p>Mediante il sistema di regolazione, il guardrail completo di supporto, pu\u00f2 essere posizionato sul modulo BANCHETTONE, permettendo cos\u00ec di gettare il cordolo con velocit\u00e0 e precisione, riducendo le operazioni di misurazione e adattamento.<\/p>\n<p>Con la doppia lunghezza di un metro o due metri i moduli del BANCHETTONE possone essere adattati agevolmente al percorso stradale.<\/p>\n<p>[\/et_pb_text][\/et_pb_column][\/et_pb_row][et_pb_row column_structure=&#8221;1_3,1_3,1_3&#8243; make_equal=&#8221;on&#8221; custom_padding_last_edited=&#8221;on|desktop&#8221; module_id=&#8221;systeme&#8221; _builder_version=&#8221;4.16&#8243; background_color=&#8221;#ffffff&#8221; width=&#8221;75%&#8221; width_tablet=&#8221;100%&#8221; width_phone=&#8221;100%&#8221; width_last_edited=&#8221;on|desktop&#8221; custom_margin=&#8221;0px||0px||false|false&#8221; custom_padding=&#8221;3em|4em|0px|4em|false|false&#8221; custom_padding_tablet=&#8221;2em|2em|0em|2em|false|false&#8221; custom_padding_phone=&#8221;||0em||false|false&#8221; animation_style=&#8221;fade&#8221; animation_direction=&#8221;bottom&#8221; animation_delay=&#8221;1000ms&#8221; global_colors_info=&#8221;{}&#8221;][et_pb_column type=&#8221;1_3&#8243; _builder_version=&#8221;4.16&#8243; background_color=&#8221;#ffffff&#8221; global_colors_info=&#8221;{}&#8221;][et_pb_blurb title=&#8221;Tempi ridotti di assemblaggio&#8221; use_icon=&#8221;on&#8221; font_icon=&#8221;&#x4e;||divi||400&#8243; icon_color=&#8221;#e02b20&#8243; image_icon_width=&#8221;40px&#8221; title_last_edited=&#8221;off|desktop&#8221; _builder_version=&#8221;4.16&#8243; _module_preset=&#8221;default&#8221; header_text_align=&#8221;center&#8221; text_orientation=&#8221;center&#8221; animation=&#8221;off&#8221; icon_font_size=&#8221;40px&#8221; global_colors_info=&#8221;{}&#8221;][\/et_pb_blurb][\/et_pb_column][et_pb_column type=&#8221;1_3&#8243; _builder_version=&#8221;4.16&#8243; background_color=&#8221;#ffffff&#8221; global_colors_info=&#8221;{}&#8221;][et_pb_blurb title=&#8221;Facilit\u00e0 di regolazione&#8221; use_icon=&#8221;on&#8221; font_icon=&#8221;&#x4e;||divi||400&#8243; icon_color=&#8221;#e02b20&#8243; image_icon_width=&#8221;40px&#8221; title_last_edited=&#8221;off|desktop&#8221; _builder_version=&#8221;4.16&#8243; _module_preset=&#8221;default&#8221; header_text_align=&#8221;center&#8221; text_orientation=&#8221;center&#8221; animation=&#8221;off&#8221; icon_font_size=&#8221;40px&#8221; global_colors_info=&#8221;{}&#8221;][\/et_pb_blurb][\/et_pb_column][et_pb_column type=&#8221;1_3&#8243; _builder_version=&#8221;4.16&#8243; background_color=&#8221;#ffffff&#8221; global_colors_info=&#8221;{}&#8221;][et_pb_blurb title=&#8221;Adattamento facile e veloce al percorso stradale&#8221; use_icon=&#8221;on&#8221; font_icon=&#8221;&#x4e;||divi||400&#8243; icon_color=&#8221;#e02b20&#8243; image_icon_width=&#8221;40px&#8221; title_last_edited=&#8221;off|desktop&#8221; _builder_version=&#8221;4.16&#8243; _module_preset=&#8221;default&#8221; header_text_align=&#8221;center&#8221; text_orientation=&#8221;center&#8221; animation=&#8221;off&#8221; icon_font_size=&#8221;40px&#8221; global_colors_info=&#8221;{}&#8221;][\/et_pb_blurb][\/et_pb_column][\/et_pb_row][et_pb_row column_structure=&#8221;1_3,1_3,1_3&#8243; make_equal=&#8221;on&#8221; custom_padding_last_edited=&#8221;on|desktop&#8221; module_id=&#8221;systeme&#8221; _builder_version=&#8221;4.16&#8243; background_color=&#8221;#ffffff&#8221; width=&#8221;75%&#8221; width_tablet=&#8221;100%&#8221; width_phone=&#8221;100%&#8221; width_last_edited=&#8221;on|desktop&#8221; custom_margin=&#8221;0px||0px||false|false&#8221; custom_padding=&#8221;3em|4em|0px|4em|false|false&#8221; custom_padding_tablet=&#8221;2em|2em|0em|2em|false|false&#8221; custom_padding_phone=&#8221;||0em||false|false&#8221; animation_style=&#8221;fade&#8221; animation_direction=&#8221;bottom&#8221; animation_delay=&#8221;1000ms&#8221; global_colors_info=&#8221;{}&#8221;][et_pb_column type=&#8221;1_3&#8243; _builder_version=&#8221;4.16&#8243; background_color=&#8221;#ffffff&#8221; global_colors_info=&#8221;{}&#8221;][et_pb_blurb title=&#8221;Finitura perfetta&#8221; use_icon=&#8221;on&#8221; font_icon=&#8221;&#x4e;||divi||400&#8243; icon_color=&#8221;#e02b20&#8243; image_icon_width=&#8221;40px&#8221; title_last_edited=&#8221;off|desktop&#8221; _builder_version=&#8221;4.16&#8243; _module_preset=&#8221;default&#8221; header_text_align=&#8221;center&#8221; text_orientation=&#8221;center&#8221; animation=&#8221;off&#8221; icon_font_size=&#8221;40px&#8221; global_colors_info=&#8221;{}&#8221;][\/et_pb_blurb][\/et_pb_column][et_pb_column type=&#8221;1_3&#8243; _builder_version=&#8221;4.16&#8243; background_color=&#8221;#ffffff&#8221; global_colors_info=&#8221;{}&#8221;][et_pb_blurb title=&#8221;Doppia modularit\u00e0&#8221; use_icon=&#8221;on&#8221; font_icon=&#8221;&#x4e;||divi||400&#8243; icon_color=&#8221;#e02b20&#8243; image_icon_width=&#8221;40px&#8221; title_last_edited=&#8221;off|desktop&#8221; _builder_version=&#8221;4.16&#8243; _module_preset=&#8221;default&#8221; header_text_align=&#8221;center&#8221; text_orientation=&#8221;center&#8221; animation=&#8221;off&#8221; icon_font_size=&#8221;40px&#8221; global_colors_info=&#8221;{}&#8221;][\/et_pb_blurb][\/et_pb_column][et_pb_column type=&#8221;1_3&#8243; _builder_version=&#8221;4.16&#8243; background_color=&#8221;#ffffff&#8221; global_colors_info=&#8221;{}&#8221;][et_pb_blurb title=&#8221;Costruzione in acciaio&#8221; use_icon=&#8221;on&#8221; font_icon=&#8221;&#x4e;||divi||400&#8243; icon_color=&#8221;#e02b20&#8243; image_icon_width=&#8221;40px&#8221; title_last_edited=&#8221;off|desktop&#8221; _builder_version=&#8221;4.16&#8243; _module_preset=&#8221;default&#8221; header_text_align=&#8221;center&#8221; text_orientation=&#8221;center&#8221; animation=&#8221;off&#8221; icon_font_size=&#8221;40px&#8221; global_colors_info=&#8221;{}&#8221;][\/et_pb_blurb][\/et_pb_column][\/et_pb_row][et_pb_row use_custom_gutter=&#8221;on&#8221; gutter_width=&#8221;1&#8243; _builder_version=&#8221;4.17.3&#8243; _module_preset=&#8221;default&#8221; background_color=&#8221;#ffffff&#8221; z_index=&#8221;500&#8243; width=&#8221;75%&#8221; module_alignment=&#8221;center&#8221; custom_margin=&#8221;0px|0px|0px|0px|false|false&#8221; custom_padding=&#8221;75px|0px|0px|0px|false|false&#8221; animation_style=&#8221;fade&#8221; animation_delay=&#8221;1000ms&#8221; global_colors_info=&#8221;{}&#8221;][et_pb_column type=&#8221;4_4&#8243; _builder_version=&#8221;4.16&#8243; _module_preset=&#8221;default&#8221; global_colors_info=&#8221;{}&#8221;][et_pb_gallery gallery_ids=&#8221;3067,3068,3069,3070,3071,3072,3073,3074,3075&#8243; posts_number=&#8221;20&#8243; show_title_and_caption=&#8221;off&#8221; show_pagination=&#8221;off&#8221; admin_label=&#8221;Fotogalerie&#8221; _builder_version=&#8221;4.16&#8243; _module_preset=&#8221;default&#8221; global_colors_info=&#8221;{}&#8221;][\/et_pb_gallery][\/et_pb_column][\/et_pb_row][et_pb_row use_custom_gutter=&#8221;on&#8221; gutter_width=&#8221;1&#8243; _builder_version=&#8221;4.17.3&#8243; _module_preset=&#8221;default&#8221; background_color=&#8221;#ffffff&#8221; z_index=&#8221;500&#8243; width=&#8221;75%&#8221; module_alignment=&#8221;center&#8221; custom_margin=&#8221;0px|0px|0px|0px|false|false&#8221; custom_padding=&#8221;75px|0px|0px|0px|false|false&#8221; animation_style=&#8221;fade&#8221; animation_delay=&#8221;1000ms&#8221; global_colors_info=&#8221;{}&#8221;][et_pb_column type=&#8221;4_4&#8243; _builder_version=&#8221;4.16&#8243; _module_preset=&#8221;default&#8221; global_colors_info=&#8221;{}&#8221;][et_pb_text admin_label=&#8221;\u00dcberschriften&#8221; _builder_version=&#8221;4.16&#8243; custom_margin=&#8221;||||false|false&#8221; custom_padding=&#8221;||||false|false&#8221; header_2_font_size_tablet=&#8221;25px&#8221; header_2_font_size_phone=&#8221;24px&#8221; header_2_font_size_last_edited=&#8221;on|phone&#8221; global_colors_info=&#8221;{}&#8221;]<\/p>\n<h2 style=\"text-align: center;\">Ulteriori informazioni<\/h2>\n<p>[\/et_pb_text][et_pb_divider divider_weight=&#8221;5px&#8221; _builder_version=&#8221;4.16&#8243; _module_preset=&#8221;default&#8221; global_colors_info=&#8221;{}&#8221;][\/et_pb_divider][\/et_pb_column][\/et_pb_row][et_pb_row column_structure=&#8221;1_2,1_2&#8243; use_custom_gutter=&#8221;on&#8221; gutter_width=&#8221;1&#8243; make_equal=&#8221;on&#8221; _builder_version=&#8221;4.17.3&#8243; _module_preset=&#8221;default&#8221; background_color=&#8221;#ffffff&#8221; z_index=&#8221;500&#8243; width=&#8221;75%&#8221; module_alignment=&#8221;center&#8221; custom_margin=&#8221;0px|0px|0px|0px|false|false&#8221; custom_padding=&#8221;75px|0px|0px|0px|false|false&#8221; animation_style=&#8221;fade&#8221; animation_delay=&#8221;1000ms&#8221; saved_tabs=&#8221;all&#8221; global_colors_info=&#8221;{}&#8221;][et_pb_column type=&#8221;1_2&#8243; module_class=&#8221;ds-vertical-align&#8221; _builder_version=&#8221;4.16&#8243; _module_preset=&#8221;default&#8221; global_colors_info=&#8221;{}&#8221;][et_pb_image src=&#8221;https:\/\/www.interfama.com\/gmbh\/wp-content\/uploads\/2021\/04\/Titelseite-it.jpg&#8221; title_text=&#8221;Titelseite-it&#8221; url=&#8221;https:\/\/www.interfama.com\/gmbh\/document\/Catalogoprodotti.pdf#page=110&#8243; url_new_window=&#8221;on&#8221; align=&#8221;right&#8221; admin_label=&#8221;Bild Hauptkatalog&#8221; _builder_version=&#8221;4.17.3&#8243; _module_preset=&#8221;default&#8221; custom_margin=&#8221;|60px|||false|false&#8221; hover_enabled=&#8221;0&#8243; global_colors_info=&#8221;{}&#8221; sticky_enabled=&#8221;0&#8243;][\/et_pb_image][\/et_pb_column][et_pb_column type=&#8221;1_2&#8243; module_class=&#8221;ds-vertical-align&#8221; _builder_version=&#8221;4.16&#8243; _module_preset=&#8221;default&#8221; global_colors_info=&#8221;{}&#8221;][et_pb_button button_url=&#8221;https:\/\/www.interfama.com\/gmbh\/document\/Catalogoprodotti.pdf#page=110&#8243; url_new_window=&#8221;on&#8221; button_text=&#8221;Download catalogo&#8221; button_alignment=&#8221;left&#8221; button_alignment_tablet=&#8221;left&#8221; button_alignment_phone=&#8221;center&#8221; button_alignment_last_edited=&#8221;on|desktop&#8221; admin_label=&#8221;Download Hauptkatalog&#8221; _builder_version=&#8221;4.17.3&#8243; _module_preset=&#8221;default&#8221; hover_enabled=&#8221;0&#8243; custom_css_main_element=&#8221;margin: auto;&#8221; global_colors_info=&#8221;{}&#8221; sticky_enabled=&#8221;0&#8243;][\/et_pb_button][\/et_pb_column][\/et_pb_row][\/et_pb_section]<\/p>\n","protected":false},"excerpt":{"rendered":"<p>Casseri per l\u2018edilizia stradale &#8211; BANCHETTONE La cassaforma regolabile Banchettone costruita in acciaio, permette la realizzazione di cordoli stradali con o senza guardrail. Mediante il sistema di regolazione, il guardrail completo di supporto, pu\u00f2 essere posizionato sul modulo BANCHETTONE, permettendo cos\u00ec di gettare il cordolo con velocit\u00e0 e precisione, riducendo le operazioni di misurazione e [&hellip;]<\/p>\n","protected":false},"author":1,"featured_media":3648,"parent":0,"menu_order":0,"comment_status":"closed","ping_status":"closed","template":"","meta":{"_et_pb_use_builder":"on","_et_pb_old_content":"","_et_gb_content_width":""},"yoast_head":"<!-- This site is optimized with the Yoast SEO plugin v21.7 - https:\/\/yoast.com\/wordpress\/plugins\/seo\/ -->\n<title>Casseri Banchettone \u2714\ufe0fCassaforma per l\u2018edilizia stradale | INTERFAMA<\/title>\n<meta name=\"description\" content=\"Cassaforma regolabile BANCHETTONE \u27a1\ufe0fCasseri per l\u2018edilizia stradale su misura \u27a1\ufe0fAdattamento facile al percorso stradale \u27a1\ufe0fFacile assemblaggio\" \/>\n<meta name=\"robots\" content=\"index, follow, max-snippet:-1, max-image-preview:large, max-video-preview:-1\" \/>\n<link rel=\"canonical\" href=\"https:\/\/www.interfama.com\/gmbh\/it\/casseri-banchettone\/\" \/>\n<meta property=\"og:locale\" content=\"it_IT\" \/>\n<meta property=\"og:type\" content=\"article\" \/>\n<meta property=\"og:title\" content=\"Casseri Banchettone \u2714\ufe0fCassaforma per l\u2018edilizia stradale | INTERFAMA\" \/>\n<meta property=\"og:description\" content=\"Cassaforma regolabile BANCHETTONE \u27a1\ufe0fCasseri per l\u2018edilizia stradale su misura \u27a1\ufe0fAdattamento facile al percorso stradale \u27a1\ufe0fFacile assemblaggio\" \/>\n<meta property=\"og:url\" content=\"https:\/\/www.interfama.com\/gmbh\/it\/casseri-banchettone\/\" \/>\n<meta property=\"og:site_name\" content=\"INTERFAMA GmbH\" \/>\n<meta property=\"article:publisher\" content=\"https:\/\/www.facebook.com\/INTERFAMA\/\" \/>\n<meta property=\"article:modified_time\" content=\"2024-09-11T12:30:58+00:00\" \/>\n<meta property=\"og:image\" content=\"https:\/\/www.interfama.com\/gmbh\/wp-content\/uploads\/2020\/12\/banchettone.jpg\" \/>\n\t<meta property=\"og:image:width\" content=\"600\" \/>\n\t<meta property=\"og:image:height\" content=\"400\" \/>\n\t<meta property=\"og:image:type\" content=\"image\/jpeg\" \/>\n<meta name=\"twitter:card\" content=\"summary_large_image\" \/>\n<meta name=\"twitter:label1\" content=\"Tempo di lettura stimato\" \/>\n\t<meta name=\"twitter:data1\" content=\"7 minuti\" \/>\n<script type=\"application\/ld+json\" class=\"yoast-schema-graph\">{\"@context\":\"https:\/\/schema.org\",\"@graph\":[{\"@type\":\"WebPage\",\"@id\":\"https:\/\/www.interfama.com\/gmbh\/it\/casseri-banchettone\/\",\"url\":\"https:\/\/www.interfama.com\/gmbh\/it\/casseri-banchettone\/\",\"name\":\"Casseri Banchettone \u2714\ufe0fCassaforma per l\u2018edilizia stradale | INTERFAMA\",\"isPartOf\":{\"@id\":\"https:\/\/www.interfama.com\/gmbh\/it\/#website\"},\"datePublished\":\"2020-12-03T13:07:52+00:00\",\"dateModified\":\"2024-09-11T12:30:58+00:00\",\"description\":\"Cassaforma regolabile BANCHETTONE \u27a1\ufe0fCasseri per l\u2018edilizia stradale su misura \u27a1\ufe0fAdattamento facile al percorso stradale \u27a1\ufe0fFacile assemblaggio\",\"breadcrumb\":{\"@id\":\"https:\/\/www.interfama.com\/gmbh\/it\/casseri-banchettone\/#breadcrumb\"},\"inLanguage\":\"it-IT\",\"potentialAction\":[{\"@type\":\"ReadAction\",\"target\":[\"https:\/\/www.interfama.com\/gmbh\/it\/casseri-banchettone\/\"]}]},{\"@type\":\"BreadcrumbList\",\"@id\":\"https:\/\/www.interfama.com\/gmbh\/it\/casseri-banchettone\/#breadcrumb\",\"itemListElement\":[{\"@type\":\"ListItem\",\"position\":1,\"name\":\"Startseite\",\"item\":\"https:\/\/www.interfama.com\/gmbh\/\"},{\"@type\":\"ListItem\",\"position\":2,\"name\":\"BANCHETTONE\"}]},{\"@type\":\"WebSite\",\"@id\":\"https:\/\/www.interfama.com\/gmbh\/it\/#website\",\"url\":\"https:\/\/www.interfama.com\/gmbh\/it\/\",\"name\":\"INTERFAMA GmbH\",\"description\":\"Einfach Beton gestalten\",\"potentialAction\":[{\"@type\":\"SearchAction\",\"target\":{\"@type\":\"EntryPoint\",\"urlTemplate\":\"https:\/\/www.interfama.com\/gmbh\/it\/?s={search_term_string}\"},\"query-input\":\"required name=search_term_string\"}],\"inLanguage\":\"it-IT\"}]}<\/script>\n<!-- \/ Yoast SEO plugin. -->","yoast_head_json":{"title":"Casseri Banchettone \u2714\ufe0fCassaforma per l\u2018edilizia stradale | INTERFAMA","description":"Cassaforma regolabile BANCHETTONE \u27a1\ufe0fCasseri per l\u2018edilizia stradale su misura \u27a1\ufe0fAdattamento facile al percorso stradale \u27a1\ufe0fFacile assemblaggio","robots":{"index":"index","follow":"follow","max-snippet":"max-snippet:-1","max-image-preview":"max-image-preview:large","max-video-preview":"max-video-preview:-1"},"canonical":"https:\/\/www.interfama.com\/gmbh\/it\/casseri-banchettone\/","og_locale":"it_IT","og_type":"article","og_title":"Casseri Banchettone \u2714\ufe0fCassaforma per l\u2018edilizia stradale | INTERFAMA","og_description":"Cassaforma regolabile BANCHETTONE \u27a1\ufe0fCasseri per l\u2018edilizia stradale su misura \u27a1\ufe0fAdattamento facile al percorso stradale \u27a1\ufe0fFacile assemblaggio","og_url":"https:\/\/www.interfama.com\/gmbh\/it\/casseri-banchettone\/","og_site_name":"INTERFAMA GmbH","article_publisher":"https:\/\/www.facebook.com\/INTERFAMA\/","article_modified_time":"2024-09-11T12:30:58+00:00","og_image":[{"width":600,"height":400,"url":"https:\/\/www.interfama.com\/gmbh\/wp-content\/uploads\/2020\/12\/banchettone.jpg","type":"image\/jpeg"}],"twitter_card":"summary_large_image","twitter_misc":{"Tempo di lettura stimato":"7 minuti"},"schema":{"@context":"https:\/\/schema.org","@graph":[{"@type":"WebPage","@id":"https:\/\/www.interfama.com\/gmbh\/it\/casseri-banchettone\/","url":"https:\/\/www.interfama.com\/gmbh\/it\/casseri-banchettone\/","name":"Casseri Banchettone \u2714\ufe0fCassaforma per l\u2018edilizia stradale | INTERFAMA","isPartOf":{"@id":"https:\/\/www.interfama.com\/gmbh\/it\/#website"},"datePublished":"2020-12-03T13:07:52+00:00","dateModified":"2024-09-11T12:30:58+00:00","description":"Cassaforma regolabile BANCHETTONE \u27a1\ufe0fCasseri per l\u2018edilizia stradale su misura \u27a1\ufe0fAdattamento facile al percorso stradale \u27a1\ufe0fFacile assemblaggio","breadcrumb":{"@id":"https:\/\/www.interfama.com\/gmbh\/it\/casseri-banchettone\/#breadcrumb"},"inLanguage":"it-IT","potentialAction":[{"@type":"ReadAction","target":["https:\/\/www.interfama.com\/gmbh\/it\/casseri-banchettone\/"]}]},{"@type":"BreadcrumbList","@id":"https:\/\/www.interfama.com\/gmbh\/it\/casseri-banchettone\/#breadcrumb","itemListElement":[{"@type":"ListItem","position":1,"name":"Startseite","item":"https:\/\/www.interfama.com\/gmbh\/"},{"@type":"ListItem","position":2,"name":"BANCHETTONE"}]},{"@type":"WebSite","@id":"https:\/\/www.interfama.com\/gmbh\/it\/#website","url":"https:\/\/www.interfama.com\/gmbh\/it\/","name":"INTERFAMA GmbH","description":"Einfach Beton gestalten","potentialAction":[{"@type":"SearchAction","target":{"@type":"EntryPoint","urlTemplate":"https:\/\/www.interfama.com\/gmbh\/it\/?s={search_term_string}"},"query-input":"required name=search_term_string"}],"inLanguage":"it-IT"}]}},"_links":{"self":[{"href":"https:\/\/www.interfama.com\/gmbh\/it\/wp-json\/wp\/v2\/pages\/3646"}],"collection":[{"href":"https:\/\/www.interfama.com\/gmbh\/it\/wp-json\/wp\/v2\/pages"}],"about":[{"href":"https:\/\/www.interfama.com\/gmbh\/it\/wp-json\/wp\/v2\/types\/page"}],"author":[{"embeddable":true,"href":"https:\/\/www.interfama.com\/gmbh\/it\/wp-json\/wp\/v2\/users\/1"}],"replies":[{"embeddable":true,"href":"https:\/\/www.interfama.com\/gmbh\/it\/wp-json\/wp\/v2\/comments?post=3646"}],"version-history":[{"count":1,"href":"https:\/\/www.interfama.com\/gmbh\/it\/wp-json\/wp\/v2\/pages\/3646\/revisions"}],"predecessor-version":[{"id":12259,"href":"https:\/\/www.interfama.com\/gmbh\/it\/wp-json\/wp\/v2\/pages\/3646\/revisions\/12259"}],"wp:featuredmedia":[{"embeddable":true,"href":"https:\/\/www.interfama.com\/gmbh\/it\/wp-json\/wp\/v2\/media\/3648"}],"wp:attachment":[{"href":"https:\/\/www.interfama.com\/gmbh\/it\/wp-json\/wp\/v2\/media?parent=3646"}],"curies":[{"name":"wp","href":"https:\/\/api.w.org\/{rel}","templated":true}]}}