{"id":4615,"date":"2020-10-04T11:56:18","date_gmt":"2020-10-04T09:56:18","guid":{"rendered":"http:\/\/23118.web.zcom.it\/gmbh\/wandschalungen-uebersicht\/"},"modified":"2024-08-19T16:10:42","modified_gmt":"2024-08-19T14:10:42","slug":"coffrages-de-voiles","status":"publish","type":"page","link":"https:\/\/www.interfama.com\/gmbh\/fr\/coffrages-de-voiles\/","title":{"rendered":"Coffrages de voiles"},"content":{"rendered":"<p>[et_pb_section fb_built=\u00a0\u00bb1&Prime; _builder_version=\u00a0\u00bb4.16&Prime; background_color=\u00a0\u00bbrgba(0,0,0,0)\u00a0\u00bb background_color_gradient_direction=\u00a0\u00bb1deg\u00a0\u00bb background_enable_image=\u00a0\u00bboff\u00a0\u00bb parallax=\u00a0\u00bbon\u00a0\u00bb parallax_method=\u00a0\u00bboff\u00a0\u00bb custom_margin=\u00a0\u00bb0px||0px||false|false\u00a0\u00bb custom_padding=\u00a0\u00bb0px||0px||false|false\u00a0\u00bb animation_style=\u00a0\u00bbfade\u00a0\u00bb global_colors_info=\u00a0\u00bb{}\u00a0\u00bb][et_pb_row module_id=\u00a0\u00bbsysteme\u00a0\u00bb _builder_version=\u00a0\u00bb4.16&Prime; background_enable_color=\u00a0\u00bboff\u00a0\u00bb width=\u00a0\u00bb75%\u00a0\u00bb width_tablet=\u00a0\u00bb100%\u00a0\u00bb width_phone=\u00a0\u00bb100%\u00a0\u00bb width_last_edited=\u00a0\u00bbon|phone\u00a0\u00bb custom_margin=\u00a0\u00bb||||false|false\u00a0\u00bb custom_padding=\u00a0\u00bb||||false|false\u00a0\u00bb animation_style=\u00a0\u00bbfade\u00a0\u00bb animation_direction=\u00a0\u00bbbottom\u00a0\u00bb global_colors_info=\u00a0\u00bb{}\u00a0\u00bb][et_pb_column type=\u00a0\u00bb4_4&Prime; _builder_version=\u00a0\u00bb4.16&Prime; background_color=\u00a0\u00bb#ffffff\u00a0\u00bb global_colors_info=\u00a0\u00bb{}\u00a0\u00bb][et_pb_text admin_label=\u00a0\u00bbEinleitungstext\u00a0\u00bb _builder_version=\u00a0\u00bb4.16&Prime; header_2_line_height=\u00a0\u00bb2em\u00a0\u00bb background_enable_color=\u00a0\u00bboff\u00a0\u00bb text_orientation=\u00a0\u00bbjustified\u00a0\u00bb width=\u00a0\u00bb100%\u00a0\u00bb custom_margin=\u00a0\u00bb||||false|false\u00a0\u00bb custom_padding=\u00a0\u00bb3em|4em|3em|4em|false|false\u00a0\u00bb custom_padding_tablet=\u00a0\u00bb2em|2em|2em|2em|false|false\u00a0\u00bb custom_padding_phone=\u00a0\u00bb2em|2em|2em|2em|false|false\u00a0\u00bb custom_padding_last_edited=\u00a0\u00bbon|desktop\u00a0\u00bb animation_style=\u00a0\u00bbfade\u00a0\u00bb header_2_font_size_tablet=\u00a0\u00bb25px\u00a0\u00bb header_2_font_size_phone=\u00a0\u00bb24px\u00a0\u00bb header_2_font_size_last_edited=\u00a0\u00bbon|phone\u00a0\u00bb global_colors_info=\u00a0\u00bb{}\u00a0\u00bb]<\/p>\n<h1>Production &amp; vente \u2013\u00a0Coffrages de voiles<\/h1>\n<p>INTERFAMA propose \u00e0 la vente des syst\u00e8mes de coffrage de voiles en <strong>aluminium ou en\u00a0<\/strong><a href=\"https:\/\/www.interfama.com\/gmbh\/wp-content\/uploads\/2021\/04\/FR.pdf#page=26\"><strong>acier<\/strong>. <\/a>Ces coffrages \u00e0 cadre se caract\u00e9risent par la diversit\u00e9 de leurs<strong> domaines d\u2019application<\/strong>, une haute <strong>absorption de la pression du b\u00e9ton frai<\/strong>s, leur <strong>longue dur\u00e9e<\/strong> de vie et leur adaptabilit\u00e9 aux projets de construction les plus vari\u00e9s. Ce\u00a0<strong><a href=\"https:\/\/www.interfama.com\/gmbh\/wp-content\/uploads\/2021\/04\/FR.pdf#page=36\">coffrage<\/a>\u00a0pour b\u00e9tonnage<\/strong> permet de cr\u00e9er des <strong>murs droits<\/strong> en combinaison avec des syst\u00e8mes grimpants, <strong>des colonnes<\/strong>, des <strong>voiles monofaces<\/strong> et des <strong>voiles cirucularaires<\/strong>. Les surfaces en b\u00e9ton apparentes peuvent \u00e9galement \u00eatre facilement r\u00e9alis\u00e9es avec ces solutions de coffrage.<\/p>\n<p>[\/et_pb_text][\/et_pb_column][\/et_pb_row][et_pb_row column_structure=\u00a0\u00bb1_3,1_3,1_3&Prime; make_equal=\u00a0\u00bbon\u00a0\u00bb custom_padding_last_edited=\u00a0\u00bbon|desktop\u00a0\u00bb module_id=\u00a0\u00bbsysteme\u00a0\u00bb _builder_version=\u00a0\u00bb4.16&Prime; background_color=\u00a0\u00bb#ffffff\u00a0\u00bb width=\u00a0\u00bb75%\u00a0\u00bb width_tablet=\u00a0\u00bb100%\u00a0\u00bb width_phone=\u00a0\u00bb100%\u00a0\u00bb width_last_edited=\u00a0\u00bbon|desktop\u00a0\u00bb custom_margin=\u00a0\u00bb0px||0px||false|false\u00a0\u00bb custom_padding=\u00a0\u00bb3em|4em|3em|4em|false|false\u00a0\u00bb custom_padding_tablet=\u00a0\u00bb2em|2em|0em|2em|false|false\u00a0\u00bb custom_padding_phone=\u00a0\u00bb||0em||false|false\u00a0\u00bb animation_style=\u00a0\u00bbfade\u00a0\u00bb animation_direction=\u00a0\u00bbbottom\u00a0\u00bb global_colors_info=\u00a0\u00bb{}\u00a0\u00bb][et_pb_column type=\u00a0\u00bb1_3&Prime; _builder_version=\u00a0\u00bb4.16&Prime; background_color=\u00a0\u00bb#ffffff\u00a0\u00bb global_colors_info=\u00a0\u00bb{}\u00a0\u00bb][et_pb_blurb title=\u00a0\u00bbMAXIM ALUMINIUM\/ACIER | Coffrage de Voile\u00a0\u00bb image=\u00a0\u00bbhttps:\/\/www.interfama.com\/gmbh\/wp-content\/uploads\/2020\/10\/MAXIM-Menu.jpg\u00a0\u00bb admin_label=\u00a0\u00bbMAXIM\u00a0\u00bb _builder_version=\u00a0\u00bb4.16&Prime; _module_preset=\u00a0\u00bbdefault\u00a0\u00bb header_level=\u00a0\u00bbh2&Prime; header_text_align=\u00a0\u00bbcenter\u00a0\u00bb text_orientation=\u00a0\u00bbcenter\u00a0\u00bb animation_style=\u00a0\u00bbfade\u00a0\u00bb animation=\u00a0\u00bboff\u00a0\u00bb link_option_url=\u00a0\u00bbhttps:\/\/www.interfama.com\/gmbh\/fr\/coffrages-de-voile-maxim\/\u00a0\u00bb global_colors_info=\u00a0\u00bb{}\u00a0\u00bb]<\/p>\n<h2 style=\"text-align: center;\">60 kN\/m\u00b2<\/h2>\n<p>[\/et_pb_blurb][\/et_pb_column][et_pb_column type=\u00a0\u00bb1_3&Prime; _builder_version=\u00a0\u00bb4.16&Prime; background_color=\u00a0\u00bb#ffffff\u00a0\u00bb global_colors_info=\u00a0\u00bb{}\u00a0\u00bb][et_pb_blurb title=\u00a0\u00bbX-FORM ACIER | Coffrage de Voile\u00a0\u00bb image=\u00a0\u00bbhttps:\/\/www.interfama.com\/gmbh\/wp-content\/uploads\/2023\/07\/X-FORM-1000-673-px-1.jpg\u00a0\u00bb alt=\u00a0\u00bbCoffrage de mur Interfama Formworks\u00a0\u00bb admin_label=\u00a0\u00bbX-FORM\u00a0\u00bb _builder_version=\u00a0\u00bb4.17.3&Prime; _module_preset=\u00a0\u00bbdefault\u00a0\u00bb header_level=\u00a0\u00bbh2&Prime; header_text_align=\u00a0\u00bbcenter\u00a0\u00bb text_orientation=\u00a0\u00bbcenter\u00a0\u00bb animation_style=\u00a0\u00bbfade\u00a0\u00bb animation=\u00a0\u00bboff\u00a0\u00bb link_option_url=\u00a0\u00bbhttps:\/\/www.interfama.com\/gmbh\/fr\/x-form-coffrage-de-mur\/\u00a0\u00bb hover_enabled=\u00a0\u00bb0&Prime; global_colors_info=\u00a0\u00bb{}\u00a0\u00bb sticky_enabled=\u00a0\u00bb0&Prime;]<\/p>\n<h2 style=\"text-align: center;\">70 kN\/m\u00b2<\/h2>\n<p>[\/et_pb_blurb][\/et_pb_column][et_pb_column type=\u00a0\u00bb1_3&Prime; _builder_version=\u00a0\u00bb4.16&Prime; background_color=\u00a0\u00bb#ffffff\u00a0\u00bb global_colors_info=\u00a0\u00bb{}\u00a0\u00bb][et_pb_blurb title=\u00a0\u00bbI-FORM ALUMINIUM | Coffrage de Voile\u00a0\u00bb image=\u00a0\u00bbhttps:\/\/www.interfama.com\/gmbh\/wp-content\/uploads\/2021\/10\/I-Form_03-klein.jpg\u00a0\u00bb alt=\u00a0\u00bbI-FORM WANDSCHALUNG INTERFAMA\u00a0\u00bb admin_label=\u00a0\u00bbi-FORM\u00a0\u00bb _builder_version=\u00a0\u00bb4.16&Prime; _module_preset=\u00a0\u00bbdefault\u00a0\u00bb header_level=\u00a0\u00bbh2&Prime; header_text_align=\u00a0\u00bbcenter\u00a0\u00bb text_orientation=\u00a0\u00bbcenter\u00a0\u00bb animation_style=\u00a0\u00bbfade\u00a0\u00bb animation=\u00a0\u00bboff\u00a0\u00bb link_option_url=\u00a0\u00bbhttps:\/\/www.interfama.com\/gmbh\/fr\/i-form-coffrage-de-voile\/\u00a0\u00bb global_colors_info=\u00a0\u00bb{}\u00a0\u00bb]<\/p>\n<h2 style=\"text-align: center;\">100 kN\/m\u00b2<\/h2>\n<p>[\/et_pb_blurb][\/et_pb_column][\/et_pb_row][\/et_pb_section]<\/p>\n","protected":false},"excerpt":{"rendered":"<p>Production &amp; vente \u2013\u00a0Coffrages de voiles INTERFAMA propose \u00e0 la vente des syst\u00e8mes de coffrage de voiles en aluminium ou en\u00a0acier. Ces coffrages \u00e0 cadre se caract\u00e9risent par la diversit\u00e9 de leurs domaines d\u2019application, une haute absorption de la pression du b\u00e9ton frais, leur longue dur\u00e9e de vie et leur adaptabilit\u00e9 aux projets de construction [&hellip;]<\/p>\n","protected":false},"author":1,"featured_media":7681,"parent":0,"menu_order":0,"comment_status":"closed","ping_status":"closed","template":"","meta":{"_et_pb_use_builder":"on","_et_pb_old_content":"","_et_gb_content_width":""},"yoast_head":"<!-- This site is optimized with the Yoast SEO plugin v21.7 - https:\/\/yoast.com\/wordpress\/plugins\/seo\/ -->\n<title>Coffrage de voiles \u2611\ufe0fVENTE Syst\u00e8me de coffrage de mur<\/title>\n<meta name=\"description\" content=\"Syst\u00e8me de coffrage \u27a1\ufe0fAvec une structure en acier ou avec une structure en aluminium \u27a1\ufe0fAccessoires simples et fonctionnelles\" \/>\n<meta name=\"robots\" content=\"index, follow, max-snippet:-1, max-image-preview:large, max-video-preview:-1\" \/>\n<link rel=\"canonical\" href=\"https:\/\/www.interfama.com\/gmbh\/fr\/coffrages-de-voiles\/\" \/>\n<meta property=\"og:locale\" content=\"fr_FR\" \/>\n<meta property=\"og:type\" content=\"article\" \/>\n<meta property=\"og:title\" content=\"Coffrage de voiles \u2611\ufe0fVENTE Syst\u00e8me de coffrage de mur\" \/>\n<meta property=\"og:description\" content=\"Syst\u00e8me de coffrage \u27a1\ufe0fAvec une structure en acier ou avec une structure en aluminium \u27a1\ufe0fAccessoires simples et fonctionnelles\" \/>\n<meta property=\"og:url\" content=\"https:\/\/www.interfama.com\/gmbh\/fr\/coffrages-de-voiles\/\" \/>\n<meta property=\"og:site_name\" content=\"INTERFAMA GmbH\" \/>\n<meta property=\"article:publisher\" content=\"https:\/\/www.facebook.com\/INTERFAMA\/\" \/>\n<meta property=\"article:modified_time\" content=\"2024-08-19T14:10:42+00:00\" \/>\n<meta property=\"og:image\" content=\"https:\/\/www.interfama.com\/gmbh\/wp-content\/uploads\/2021\/10\/I-Form_03-klein.jpg\" \/>\n\t<meta property=\"og:image:width\" content=\"600\" \/>\n\t<meta property=\"og:image:height\" content=\"400\" \/>\n\t<meta property=\"og:image:type\" content=\"image\/jpeg\" \/>\n<meta name=\"twitter:card\" content=\"summary_large_image\" \/>\n<meta name=\"twitter:label1\" content=\"Dur\u00e9e de lecture estim\u00e9e\" \/>\n\t<meta name=\"twitter:data1\" content=\"3 minutes\" \/>\n<script type=\"application\/ld+json\" class=\"yoast-schema-graph\">{\"@context\":\"https:\/\/schema.org\",\"@graph\":[{\"@type\":\"WebPage\",\"@id\":\"https:\/\/www.interfama.com\/gmbh\/fr\/coffrages-de-voiles\/\",\"url\":\"https:\/\/www.interfama.com\/gmbh\/fr\/coffrages-de-voiles\/\",\"name\":\"Coffrage de voiles \u2611\ufe0fVENTE Syst\u00e8me de coffrage de mur\",\"isPartOf\":{\"@id\":\"https:\/\/www.interfama.com\/gmbh\/it\/#website\"},\"datePublished\":\"2020-10-04T09:56:18+00:00\",\"dateModified\":\"2024-08-19T14:10:42+00:00\",\"description\":\"Syst\u00e8me de coffrage \u27a1\ufe0fAvec une structure en acier ou avec une structure en aluminium \u27a1\ufe0fAccessoires simples et fonctionnelles\",\"breadcrumb\":{\"@id\":\"https:\/\/www.interfama.com\/gmbh\/fr\/coffrages-de-voiles\/#breadcrumb\"},\"inLanguage\":\"fr-FR\",\"potentialAction\":[{\"@type\":\"ReadAction\",\"target\":[\"https:\/\/www.interfama.com\/gmbh\/fr\/coffrages-de-voiles\/\"]}]},{\"@type\":\"BreadcrumbList\",\"@id\":\"https:\/\/www.interfama.com\/gmbh\/fr\/coffrages-de-voiles\/#breadcrumb\",\"itemListElement\":[{\"@type\":\"ListItem\",\"position\":1,\"name\":\"Startseite\",\"item\":\"https:\/\/www.interfama.com\/gmbh\/\"},{\"@type\":\"ListItem\",\"position\":2,\"name\":\"Coffrages de voiles\"}]},{\"@type\":\"WebSite\",\"@id\":\"https:\/\/www.interfama.com\/gmbh\/it\/#website\",\"url\":\"https:\/\/www.interfama.com\/gmbh\/it\/\",\"name\":\"INTERFAMA GmbH\",\"description\":\"Einfach Beton gestalten\",\"potentialAction\":[{\"@type\":\"SearchAction\",\"target\":{\"@type\":\"EntryPoint\",\"urlTemplate\":\"https:\/\/www.interfama.com\/gmbh\/it\/?s={search_term_string}\"},\"query-input\":\"required name=search_term_string\"}],\"inLanguage\":\"fr-FR\"}]}<\/script>\n<!-- \/ Yoast SEO plugin. -->","yoast_head_json":{"title":"Coffrage de voiles \u2611\ufe0fVENTE Syst\u00e8me de coffrage de mur","description":"Syst\u00e8me de coffrage \u27a1\ufe0fAvec une structure en acier ou avec une structure en aluminium \u27a1\ufe0fAccessoires simples et fonctionnelles","robots":{"index":"index","follow":"follow","max-snippet":"max-snippet:-1","max-image-preview":"max-image-preview:large","max-video-preview":"max-video-preview:-1"},"canonical":"https:\/\/www.interfama.com\/gmbh\/fr\/coffrages-de-voiles\/","og_locale":"fr_FR","og_type":"article","og_title":"Coffrage de voiles \u2611\ufe0fVENTE Syst\u00e8me de coffrage de mur","og_description":"Syst\u00e8me de coffrage \u27a1\ufe0fAvec une structure en acier ou avec une structure en aluminium \u27a1\ufe0fAccessoires simples et fonctionnelles","og_url":"https:\/\/www.interfama.com\/gmbh\/fr\/coffrages-de-voiles\/","og_site_name":"INTERFAMA GmbH","article_publisher":"https:\/\/www.facebook.com\/INTERFAMA\/","article_modified_time":"2024-08-19T14:10:42+00:00","og_image":[{"width":600,"height":400,"url":"https:\/\/www.interfama.com\/gmbh\/wp-content\/uploads\/2021\/10\/I-Form_03-klein.jpg","type":"image\/jpeg"}],"twitter_card":"summary_large_image","twitter_misc":{"Dur\u00e9e de lecture estim\u00e9e":"3 minutes"},"schema":{"@context":"https:\/\/schema.org","@graph":[{"@type":"WebPage","@id":"https:\/\/www.interfama.com\/gmbh\/fr\/coffrages-de-voiles\/","url":"https:\/\/www.interfama.com\/gmbh\/fr\/coffrages-de-voiles\/","name":"Coffrage de voiles \u2611\ufe0fVENTE Syst\u00e8me de coffrage de mur","isPartOf":{"@id":"https:\/\/www.interfama.com\/gmbh\/it\/#website"},"datePublished":"2020-10-04T09:56:18+00:00","dateModified":"2024-08-19T14:10:42+00:00","description":"Syst\u00e8me de coffrage \u27a1\ufe0fAvec une structure en acier ou avec une structure en aluminium \u27a1\ufe0fAccessoires simples et fonctionnelles","breadcrumb":{"@id":"https:\/\/www.interfama.com\/gmbh\/fr\/coffrages-de-voiles\/#breadcrumb"},"inLanguage":"fr-FR","potentialAction":[{"@type":"ReadAction","target":["https:\/\/www.interfama.com\/gmbh\/fr\/coffrages-de-voiles\/"]}]},{"@type":"BreadcrumbList","@id":"https:\/\/www.interfama.com\/gmbh\/fr\/coffrages-de-voiles\/#breadcrumb","itemListElement":[{"@type":"ListItem","position":1,"name":"Startseite","item":"https:\/\/www.interfama.com\/gmbh\/"},{"@type":"ListItem","position":2,"name":"Coffrages de voiles"}]},{"@type":"WebSite","@id":"https:\/\/www.interfama.com\/gmbh\/it\/#website","url":"https:\/\/www.interfama.com\/gmbh\/it\/","name":"INTERFAMA GmbH","description":"Einfach Beton gestalten","potentialAction":[{"@type":"SearchAction","target":{"@type":"EntryPoint","urlTemplate":"https:\/\/www.interfama.com\/gmbh\/it\/?s={search_term_string}"},"query-input":"required name=search_term_string"}],"inLanguage":"fr-FR"}]}},"_links":{"self":[{"href":"https:\/\/www.interfama.com\/gmbh\/fr\/wp-json\/wp\/v2\/pages\/4615"}],"collection":[{"href":"https:\/\/www.interfama.com\/gmbh\/fr\/wp-json\/wp\/v2\/pages"}],"about":[{"href":"https:\/\/www.interfama.com\/gmbh\/fr\/wp-json\/wp\/v2\/types\/page"}],"author":[{"embeddable":true,"href":"https:\/\/www.interfama.com\/gmbh\/fr\/wp-json\/wp\/v2\/users\/1"}],"replies":[{"embeddable":true,"href":"https:\/\/www.interfama.com\/gmbh\/fr\/wp-json\/wp\/v2\/comments?post=4615"}],"version-history":[{"count":2,"href":"https:\/\/www.interfama.com\/gmbh\/fr\/wp-json\/wp\/v2\/pages\/4615\/revisions"}],"predecessor-version":[{"id":12096,"href":"https:\/\/www.interfama.com\/gmbh\/fr\/wp-json\/wp\/v2\/pages\/4615\/revisions\/12096"}],"wp:featuredmedia":[{"embeddable":true,"href":"https:\/\/www.interfama.com\/gmbh\/fr\/wp-json\/wp\/v2\/media\/7681"}],"wp:attachment":[{"href":"https:\/\/www.interfama.com\/gmbh\/fr\/wp-json\/wp\/v2\/media?parent=4615"}],"curies":[{"name":"wp","href":"https:\/\/api.w.org\/{rel}","templated":true}]}}