{"id":4478,"date":"2020-11-13T16:38:14","date_gmt":"2020-11-13T15:38:14","guid":{"rendered":"http:\/\/23118.web.zcom.it\/gmbh\/klettersysteme\/"},"modified":"2022-03-21T10:53:02","modified_gmt":"2022-03-21T09:53:02","slug":"systemes-de-reprise","status":"publish","type":"page","link":"https:\/\/www.interfama.com\/gmbh\/fr\/systemes-de-reprise\/","title":{"rendered":"Syst\u00e8mes de reprise"},"content":{"rendered":"<p>[et_pb_section fb_built=\u00a0\u00bb1&Prime; _builder_version=\u00a0\u00bb4.15&Prime; background_color=\u00a0\u00bbrgba(0,0,0,0)\u00a0\u00bb background_color_gradient_direction=\u00a0\u00bb1deg\u00a0\u00bb background_enable_image=\u00a0\u00bboff\u00a0\u00bb parallax=\u00a0\u00bbon\u00a0\u00bb parallax_method=\u00a0\u00bboff\u00a0\u00bb custom_margin=\u00a0\u00bb0px||0px||false|false\u00a0\u00bb custom_padding=\u00a0\u00bb0px||0px||false|false\u00a0\u00bb animation_style=\u00a0\u00bbfade\u00a0\u00bb global_colors_info=\u00a0\u00bb{}\u00a0\u00bb][et_pb_row module_id=\u00a0\u00bbsysteme\u00a0\u00bb _builder_version=\u00a0\u00bb4.15&Prime; background_enable_color=\u00a0\u00bboff\u00a0\u00bb width=\u00a0\u00bb75%\u00a0\u00bb width_tablet=\u00a0\u00bb100%\u00a0\u00bb width_phone=\u00a0\u00bb100%\u00a0\u00bb width_last_edited=\u00a0\u00bbon|phone\u00a0\u00bb custom_margin=\u00a0\u00bb||||false|false\u00a0\u00bb custom_padding=\u00a0\u00bb||||false|false\u00a0\u00bb animation_style=\u00a0\u00bbfade\u00a0\u00bb animation_direction=\u00a0\u00bbbottom\u00a0\u00bb global_colors_info=\u00a0\u00bb{}\u00a0\u00bb][et_pb_column type=\u00a0\u00bb4_4&Prime; _builder_version=\u00a0\u00bb4.15&Prime; background_color=\u00a0\u00bb#ffffff\u00a0\u00bb global_colors_info=\u00a0\u00bb{}\u00a0\u00bb][et_pb_text admin_label=\u00a0\u00bbEinleitungstext\u00a0\u00bb _builder_version=\u00a0\u00bb4.15&Prime; header_2_line_height=\u00a0\u00bb2em\u00a0\u00bb background_enable_color=\u00a0\u00bboff\u00a0\u00bb text_orientation=\u00a0\u00bbjustified\u00a0\u00bb width=\u00a0\u00bb100%\u00a0\u00bb custom_margin=\u00a0\u00bb||||false|false\u00a0\u00bb custom_padding=\u00a0\u00bb3em|4em|3em|4em|false|false\u00a0\u00bb custom_padding_tablet=\u00a0\u00bb2em|2em|2em|2em|false|false\u00a0\u00bb custom_padding_phone=\u00a0\u00bb2em|2em|2em|2em|false|false\u00a0\u00bb custom_padding_last_edited=\u00a0\u00bbon|desktop\u00a0\u00bb animation_style=\u00a0\u00bbfade\u00a0\u00bb header_2_font_size_tablet=\u00a0\u00bb25px\u00a0\u00bb header_2_font_size_phone=\u00a0\u00bb24px\u00a0\u00bb header_2_font_size_last_edited=\u00a0\u00bbon|phone\u00a0\u00bb global_colors_info=\u00a0\u00bb{}\u00a0\u00bb]<\/p>\n<h1>\u00a0<\/h1>\n<h1><strong>Production &amp; vente &#8211; Syst\u00e8mes de reprise \/ plates-formes de travail<\/strong><\/h1>\n<p>Avec les syst\u00e8mes grimpants d&rsquo;INTERFAMA, peuvent \u00eatre cr\u00e9\u00e9es des unit\u00e9s fixes en reliant les <strong><a href=\"https:\/\/www.interfama.com\/gmbh\/fr\/console-de-reprise-mrm\/\">consoles<\/a><\/strong>, les <strong>plates-formes et les coffrages<\/strong>. Une fois les coffrages d\u00e9coffr\u00e9s, <strong>ceux-ci peuvent \u00eatre lev\u00e9s rapidement<\/strong> et en <strong>toute s\u00e9curit<\/strong>\u00e9 en tant qu&rsquo;unit\u00e9 compl\u00e8te dans la section de b\u00e9tonnage suivante.<\/p>\n<p>La gamme de produits comprend des <strong><a href=\"https:\/\/www.interfama.com\/gmbh\/fr\/console-grimpante-kbk\/\">plates-formes<\/a> <\/strong>de travail classiques et \u00e9galement des syst\u00e8mes pour des exigences plus sp\u00e9cifiques. Il s&rsquo;agirait, par exemple, de plates-formes de travail \u00e9troites, adapt\u00e9es aux espaces de travail limit\u00e9s, et de syst\u00e8mes de supports, qui peuvent \u00eatre utilis\u00e9s pour supporter des coffrages de voiles \u00e0 un ou deux c\u00f4t\u00e9s.<\/p>\n<p>Les syst\u00e8mes grimpants et les plates-formes de b\u00e9tonnage garantissent un <strong>travail s\u00fbr et efficace sur le chantier, m\u00eame \u00e0 grande hauteur.<\/strong><\/p>\n<p>[\/et_pb_text][\/et_pb_column][\/et_pb_row][et_pb_row column_structure=\u00a0\u00bb1_3,1_3,1_3&Prime; make_equal=\u00a0\u00bbon\u00a0\u00bb custom_padding_last_edited=\u00a0\u00bbon|desktop\u00a0\u00bb module_id=\u00a0\u00bbsysteme\u00a0\u00bb _builder_version=\u00a0\u00bb4.15&Prime; background_color=\u00a0\u00bb#ffffff\u00a0\u00bb width=\u00a0\u00bb75%\u00a0\u00bb width_tablet=\u00a0\u00bb100%\u00a0\u00bb width_phone=\u00a0\u00bb100%\u00a0\u00bb width_last_edited=\u00a0\u00bbon|desktop\u00a0\u00bb custom_margin=\u00a0\u00bb0px||0px||false|false\u00a0\u00bb custom_padding=\u00a0\u00bb3em|4em|3em|4em|false|false\u00a0\u00bb custom_padding_tablet=\u00a0\u00bb2em|2em|0em|2em|false|false\u00a0\u00bb custom_padding_phone=\u00a0\u00bb||0em||false|false\u00a0\u00bb animation_style=\u00a0\u00bbfade\u00a0\u00bb animation_direction=\u00a0\u00bbbottom\u00a0\u00bb global_colors_info=\u00a0\u00bb{}\u00a0\u00bb][et_pb_column type=\u00a0\u00bb1_3&Prime; _builder_version=\u00a0\u00bb4.15&Prime; background_color=\u00a0\u00bb#ffffff\u00a0\u00bb global_colors_info=\u00a0\u00bb{}\u00a0\u00bb][et_pb_blurb title=\u00a0\u00bbCONSOLE DE REPRISE MRM\u00a0\u00bb image=\u00a0\u00bbhttps:\/\/www.interfama.com\/gmbh\/wp-content\/uploads\/2020\/11\/MRM.jpg\u00a0\u00bb admin_label=\u00a0\u00bbKLETTERKONSOLE MRM\u00a0\u00bb _builder_version=\u00a0\u00bb4.15&Prime; _module_preset=\u00a0\u00bbdefault\u00a0\u00bb header_level=\u00a0\u00bbh2&Prime; text_orientation=\u00a0\u00bbcenter\u00a0\u00bb animation_style=\u00a0\u00bbfade\u00a0\u00bb animation=\u00a0\u00bboff\u00a0\u00bb link_option_url=\u00a0\u00bbhttps:\/\/www.interfama.com\/gmbh\/fr\/console-de-reprise-mrm\/\u00a0\u00bb global_colors_info=\u00a0\u00bb{}\u00a0\u00bb][\/et_pb_blurb][\/et_pb_column][et_pb_column type=\u00a0\u00bb1_3&Prime; _builder_version=\u00a0\u00bb4.15&Prime; background_color=\u00a0\u00bb#ffffff\u00a0\u00bb global_colors_info=\u00a0\u00bb{}\u00a0\u00bb][et_pb_blurb title=\u00a0\u00bbCONSOLE REGLABLE MRS\u00a0\u00bb image=\u00a0\u00bbhttps:\/\/www.interfama.com\/gmbh\/wp-content\/uploads\/2020\/11\/MAXIM-11.jpg\u00a0\u00bb admin_label=\u00a0\u00bbKLETTERHALTERUNG MRS\u00a0\u00bb _builder_version=\u00a0\u00bb4.15&Prime; _module_preset=\u00a0\u00bbdefault\u00a0\u00bb header_level=\u00a0\u00bbh2&Prime; header_text_align=\u00a0\u00bbcenter\u00a0\u00bb animation_style=\u00a0\u00bbfade\u00a0\u00bb animation=\u00a0\u00bboff\u00a0\u00bb link_option_url=\u00a0\u00bbhttps:\/\/www.interfama.com\/gmbh\/fr\/console-reglable-mrs\/\u00a0\u00bb global_colors_info=\u00a0\u00bb{}\u00a0\u00bb][\/et_pb_blurb][\/et_pb_column][et_pb_column type=\u00a0\u00bb1_3&Prime; _builder_version=\u00a0\u00bb4.15&Prime; background_color=\u00a0\u00bb#ffffff\u00a0\u00bb global_colors_info=\u00a0\u00bb{}\u00a0\u00bb][et_pb_blurb title=\u00a0\u00bbCONSOLE GRIMPANTE KBK\u00a0\u00bb image=\u00a0\u00bbhttps:\/\/www.interfama.com\/gmbh\/wp-content\/uploads\/2020\/11\/KBK.jpg\u00a0\u00bb admin_label=\u00a0\u00bbKLETTERB\u00dcHNE KBK\u00a0\u00bb _builder_version=\u00a0\u00bb4.15&Prime; _module_preset=\u00a0\u00bbdefault\u00a0\u00bb header_level=\u00a0\u00bbh2&Prime; header_text_align=\u00a0\u00bbcenter\u00a0\u00bb animation_style=\u00a0\u00bbfade\u00a0\u00bb animation=\u00a0\u00bboff\u00a0\u00bb link_option_url=\u00a0\u00bbhttps:\/\/www.interfama.com\/gmbh\/fr\/console-grimpante-kbk\/\u00a0\u00bb global_colors_info=\u00a0\u00bb{}\u00a0\u00bb][\/et_pb_blurb][\/et_pb_column][\/et_pb_row][et_pb_row column_structure=\u00a0\u00bb1_3,1_3,1_3&Prime; make_equal=\u00a0\u00bbon\u00a0\u00bb custom_padding_last_edited=\u00a0\u00bbon|desktop\u00a0\u00bb module_id=\u00a0\u00bbsysteme\u00a0\u00bb _builder_version=\u00a0\u00bb4.15&Prime; background_color=\u00a0\u00bb#ffffff\u00a0\u00bb width=\u00a0\u00bb75%\u00a0\u00bb width_tablet=\u00a0\u00bb100%\u00a0\u00bb width_phone=\u00a0\u00bb100%\u00a0\u00bb width_last_edited=\u00a0\u00bbon|desktop\u00a0\u00bb custom_margin=\u00a0\u00bb0px||0px||false|false\u00a0\u00bb custom_padding=\u00a0\u00bb3em|4em|3em|4em|false|false\u00a0\u00bb custom_padding_tablet=\u00a0\u00bb2em|2em|0em|2em|false|false\u00a0\u00bb custom_padding_phone=\u00a0\u00bb||0em||false|false\u00a0\u00bb animation_style=\u00a0\u00bbfade\u00a0\u00bb animation_direction=\u00a0\u00bbbottom\u00a0\u00bb global_colors_info=\u00a0\u00bb{}\u00a0\u00bb][et_pb_column type=\u00a0\u00bb1_3&Prime; _builder_version=\u00a0\u00bb4.15&Prime; background_color=\u00a0\u00bb#ffffff\u00a0\u00bb global_colors_info=\u00a0\u00bb{}\u00a0\u00bb][et_pb_blurb title=\u00a0\u00bbCONSOLE GRIMPANTE PAT\u00a0\u00bb image=\u00a0\u00bbhttps:\/\/www.interfama.com\/gmbh\/wp-content\/uploads\/2021\/01\/PAT.jpg\u00a0\u00bb admin_label=\u00a0\u00bbKLETTERB\u00dcHNE PAT\u00a0\u00bb _builder_version=\u00a0\u00bb4.15&Prime; _module_preset=\u00a0\u00bbdefault\u00a0\u00bb header_level=\u00a0\u00bbh2&Prime; header_text_align=\u00a0\u00bbcenter\u00a0\u00bb animation_style=\u00a0\u00bbfade\u00a0\u00bb animation=\u00a0\u00bboff\u00a0\u00bb link_option_url=\u00a0\u00bbhttps:\/\/www.interfama.com\/gmbh\/fr\/console-grimpante\/\u00a0\u00bb global_colors_info=\u00a0\u00bb{}\u00a0\u00bb][\/et_pb_blurb][\/et_pb_column][et_pb_column type=\u00a0\u00bb1_3&Prime; _builder_version=\u00a0\u00bb4.15&Prime; background_color=\u00a0\u00bb#ffffff\u00a0\u00bb global_colors_info=\u00a0\u00bb{}\u00a0\u00bb][\/et_pb_column][et_pb_column type=\u00a0\u00bb1_3&Prime; _builder_version=\u00a0\u00bb4.15&Prime; background_color=\u00a0\u00bb#ffffff\u00a0\u00bb global_colors_info=\u00a0\u00bb{}\u00a0\u00bb][\/et_pb_column][\/et_pb_row][\/et_pb_section]<\/p>\n","protected":false},"excerpt":{"rendered":"<p>\u00a0 Production &amp; vente &#8211; Syst\u00e8mes de reprise \/ plates-formes de travail Avec les syst\u00e8mes grimpants d&rsquo;INTERFAMA, peuvent \u00eatre cr\u00e9\u00e9es des unit\u00e9s fixes en reliant les consoles, les plates-formes et les coffrages. Une fois les coffrages d\u00e9coffr\u00e9s, ceux-ci peuvent \u00eatre lev\u00e9s rapidement et en toute s\u00e9curit\u00e9 en tant qu&rsquo;unit\u00e9 compl\u00e8te dans la section de b\u00e9tonnage [&hellip;]<\/p>\n","protected":false},"author":1,"featured_media":4480,"parent":0,"menu_order":0,"comment_status":"closed","ping_status":"closed","template":"","meta":{"_et_pb_use_builder":"on","_et_pb_old_content":"","_et_gb_content_width":""},"yoast_head":"<!-- This site is optimized with the Yoast SEO plugin v21.7 - https:\/\/yoast.com\/wordpress\/plugins\/seo\/ -->\n<title>Syst\u00e8mes de reprise \/ Plates-formes de travail \u2714\ufe0fProduction &amp; Vente<\/title>\n<meta name=\"description\" content=\"Syst\u00e8mes de reprise \u27a1\ufe0fVente de coffrage grimpant \u27a1\ufe0fPour applications une et deux faces \u27a1\ufe0fL&#039;adaptation aux sp\u00e9cificit\u00e9s du chantier\" \/>\n<meta name=\"robots\" content=\"index, follow, max-snippet:-1, max-image-preview:large, max-video-preview:-1\" \/>\n<link rel=\"canonical\" href=\"https:\/\/www.interfama.com\/gmbh\/fr\/systemes-de-reprise\/\" \/>\n<meta property=\"og:locale\" content=\"fr_FR\" \/>\n<meta property=\"og:type\" content=\"article\" \/>\n<meta property=\"og:title\" content=\"Syst\u00e8mes de reprise \/ Plates-formes de travail \u2714\ufe0fProduction &amp; Vente\" \/>\n<meta property=\"og:description\" content=\"Syst\u00e8mes de reprise \u27a1\ufe0fVente de coffrage grimpant \u27a1\ufe0fPour applications une et deux faces \u27a1\ufe0fL&#039;adaptation aux sp\u00e9cificit\u00e9s du chantier\" \/>\n<meta property=\"og:url\" content=\"https:\/\/www.interfama.com\/gmbh\/fr\/systemes-de-reprise\/\" \/>\n<meta property=\"og:site_name\" content=\"INTERFAMA GmbH\" \/>\n<meta property=\"article:publisher\" content=\"https:\/\/www.facebook.com\/INTERFAMA\/\" \/>\n<meta property=\"article:modified_time\" content=\"2022-03-21T09:53:02+00:00\" \/>\n<meta property=\"og:image\" content=\"https:\/\/www.interfama.com\/gmbh\/wp-content\/uploads\/2020\/11\/MRM-7.jpg\" \/>\n\t<meta property=\"og:image:width\" content=\"1000\" \/>\n\t<meta property=\"og:image:height\" content=\"673\" \/>\n\t<meta property=\"og:image:type\" content=\"image\/jpeg\" \/>\n<meta name=\"twitter:card\" content=\"summary_large_image\" \/>\n<meta name=\"twitter:label1\" content=\"Dur\u00e9e de lecture estim\u00e9e\" \/>\n\t<meta name=\"twitter:data1\" content=\"4 minutes\" \/>\n<script type=\"application\/ld+json\" class=\"yoast-schema-graph\">{\"@context\":\"https:\/\/schema.org\",\"@graph\":[{\"@type\":\"WebPage\",\"@id\":\"https:\/\/www.interfama.com\/gmbh\/fr\/systemes-de-reprise\/\",\"url\":\"https:\/\/www.interfama.com\/gmbh\/fr\/systemes-de-reprise\/\",\"name\":\"Syst\u00e8mes de reprise \/ Plates-formes de travail \u2714\ufe0fProduction & Vente\",\"isPartOf\":{\"@id\":\"https:\/\/www.interfama.com\/gmbh\/it\/#website\"},\"datePublished\":\"2020-11-13T15:38:14+00:00\",\"dateModified\":\"2022-03-21T09:53:02+00:00\",\"description\":\"Syst\u00e8mes de reprise \u27a1\ufe0fVente de coffrage grimpant \u27a1\ufe0fPour applications une et deux faces \u27a1\ufe0fL'adaptation aux sp\u00e9cificit\u00e9s du chantier\",\"breadcrumb\":{\"@id\":\"https:\/\/www.interfama.com\/gmbh\/fr\/systemes-de-reprise\/#breadcrumb\"},\"inLanguage\":\"fr-FR\",\"potentialAction\":[{\"@type\":\"ReadAction\",\"target\":[\"https:\/\/www.interfama.com\/gmbh\/fr\/systemes-de-reprise\/\"]}]},{\"@type\":\"BreadcrumbList\",\"@id\":\"https:\/\/www.interfama.com\/gmbh\/fr\/systemes-de-reprise\/#breadcrumb\",\"itemListElement\":[{\"@type\":\"ListItem\",\"position\":1,\"name\":\"Startseite\",\"item\":\"https:\/\/www.interfama.com\/gmbh\/\"},{\"@type\":\"ListItem\",\"position\":2,\"name\":\"Syst\u00e8mes de reprise\"}]},{\"@type\":\"WebSite\",\"@id\":\"https:\/\/www.interfama.com\/gmbh\/it\/#website\",\"url\":\"https:\/\/www.interfama.com\/gmbh\/it\/\",\"name\":\"INTERFAMA GmbH\",\"description\":\"Einfach Beton gestalten\",\"potentialAction\":[{\"@type\":\"SearchAction\",\"target\":{\"@type\":\"EntryPoint\",\"urlTemplate\":\"https:\/\/www.interfama.com\/gmbh\/it\/?s={search_term_string}\"},\"query-input\":\"required name=search_term_string\"}],\"inLanguage\":\"fr-FR\"}]}<\/script>\n<!-- \/ Yoast SEO plugin. -->","yoast_head_json":{"title":"Syst\u00e8mes de reprise \/ Plates-formes de travail \u2714\ufe0fProduction & Vente","description":"Syst\u00e8mes de reprise \u27a1\ufe0fVente de coffrage grimpant \u27a1\ufe0fPour applications une et deux faces \u27a1\ufe0fL'adaptation aux sp\u00e9cificit\u00e9s du chantier","robots":{"index":"index","follow":"follow","max-snippet":"max-snippet:-1","max-image-preview":"max-image-preview:large","max-video-preview":"max-video-preview:-1"},"canonical":"https:\/\/www.interfama.com\/gmbh\/fr\/systemes-de-reprise\/","og_locale":"fr_FR","og_type":"article","og_title":"Syst\u00e8mes de reprise \/ Plates-formes de travail \u2714\ufe0fProduction & Vente","og_description":"Syst\u00e8mes de reprise \u27a1\ufe0fVente de coffrage grimpant \u27a1\ufe0fPour applications une et deux faces \u27a1\ufe0fL'adaptation aux sp\u00e9cificit\u00e9s du chantier","og_url":"https:\/\/www.interfama.com\/gmbh\/fr\/systemes-de-reprise\/","og_site_name":"INTERFAMA GmbH","article_publisher":"https:\/\/www.facebook.com\/INTERFAMA\/","article_modified_time":"2022-03-21T09:53:02+00:00","og_image":[{"width":1000,"height":673,"url":"https:\/\/www.interfama.com\/gmbh\/wp-content\/uploads\/2020\/11\/MRM-7.jpg","type":"image\/jpeg"}],"twitter_card":"summary_large_image","twitter_misc":{"Dur\u00e9e de lecture estim\u00e9e":"4 minutes"},"schema":{"@context":"https:\/\/schema.org","@graph":[{"@type":"WebPage","@id":"https:\/\/www.interfama.com\/gmbh\/fr\/systemes-de-reprise\/","url":"https:\/\/www.interfama.com\/gmbh\/fr\/systemes-de-reprise\/","name":"Syst\u00e8mes de reprise \/ Plates-formes de travail \u2714\ufe0fProduction & Vente","isPartOf":{"@id":"https:\/\/www.interfama.com\/gmbh\/it\/#website"},"datePublished":"2020-11-13T15:38:14+00:00","dateModified":"2022-03-21T09:53:02+00:00","description":"Syst\u00e8mes de reprise \u27a1\ufe0fVente de coffrage grimpant \u27a1\ufe0fPour applications une et deux faces \u27a1\ufe0fL'adaptation aux sp\u00e9cificit\u00e9s du chantier","breadcrumb":{"@id":"https:\/\/www.interfama.com\/gmbh\/fr\/systemes-de-reprise\/#breadcrumb"},"inLanguage":"fr-FR","potentialAction":[{"@type":"ReadAction","target":["https:\/\/www.interfama.com\/gmbh\/fr\/systemes-de-reprise\/"]}]},{"@type":"BreadcrumbList","@id":"https:\/\/www.interfama.com\/gmbh\/fr\/systemes-de-reprise\/#breadcrumb","itemListElement":[{"@type":"ListItem","position":1,"name":"Startseite","item":"https:\/\/www.interfama.com\/gmbh\/"},{"@type":"ListItem","position":2,"name":"Syst\u00e8mes de reprise"}]},{"@type":"WebSite","@id":"https:\/\/www.interfama.com\/gmbh\/it\/#website","url":"https:\/\/www.interfama.com\/gmbh\/it\/","name":"INTERFAMA GmbH","description":"Einfach Beton gestalten","potentialAction":[{"@type":"SearchAction","target":{"@type":"EntryPoint","urlTemplate":"https:\/\/www.interfama.com\/gmbh\/it\/?s={search_term_string}"},"query-input":"required name=search_term_string"}],"inLanguage":"fr-FR"}]}},"_links":{"self":[{"href":"https:\/\/www.interfama.com\/gmbh\/fr\/wp-json\/wp\/v2\/pages\/4478"}],"collection":[{"href":"https:\/\/www.interfama.com\/gmbh\/fr\/wp-json\/wp\/v2\/pages"}],"about":[{"href":"https:\/\/www.interfama.com\/gmbh\/fr\/wp-json\/wp\/v2\/types\/page"}],"author":[{"embeddable":true,"href":"https:\/\/www.interfama.com\/gmbh\/fr\/wp-json\/wp\/v2\/users\/1"}],"replies":[{"embeddable":true,"href":"https:\/\/www.interfama.com\/gmbh\/fr\/wp-json\/wp\/v2\/comments?post=4478"}],"version-history":[{"count":0,"href":"https:\/\/www.interfama.com\/gmbh\/fr\/wp-json\/wp\/v2\/pages\/4478\/revisions"}],"wp:featuredmedia":[{"embeddable":true,"href":"https:\/\/www.interfama.com\/gmbh\/fr\/wp-json\/wp\/v2\/media\/4480"}],"wp:attachment":[{"href":"https:\/\/www.interfama.com\/gmbh\/fr\/wp-json\/wp\/v2\/media?parent=4478"}],"curies":[{"name":"wp","href":"https:\/\/api.w.org\/{rel}","templated":true}]}}