{"id":4359,"date":"2020-12-03T13:49:22","date_gmt":"2020-12-03T12:49:22","guid":{"rendered":"http:\/\/23118.web.zcom.it\/gmbh\/sonstige-schalungen-zubehoer\/"},"modified":"2025-02-20T14:46:56","modified_gmt":"2025-02-20T13:46:56","slug":"autres-coffrages-equipements-pour-le-chantier","status":"publish","type":"page","link":"https:\/\/www.interfama.com\/gmbh\/fr\/autres-coffrages-equipements-pour-le-chantier\/","title":{"rendered":"Autres coffrages &#038; \u00e9quipements pour le chantier"},"content":{"rendered":"<p>[et_pb_section fb_built=\u00a0\u00bb1&Prime; _builder_version=\u00a0\u00bb4.16&Prime; background_color=\u00a0\u00bbrgba(0,0,0,0)\u00a0\u00bb background_color_gradient_direction=\u00a0\u00bb1deg\u00a0\u00bb background_enable_image=\u00a0\u00bboff\u00a0\u00bb parallax=\u00a0\u00bbon\u00a0\u00bb parallax_method=\u00a0\u00bboff\u00a0\u00bb custom_margin=\u00a0\u00bb0px||0px||false|false\u00a0\u00bb custom_padding=\u00a0\u00bb0px||0px||false|false\u00a0\u00bb animation_style=\u00a0\u00bbfade\u00a0\u00bb global_colors_info=\u00a0\u00bb{}\u00a0\u00bb][et_pb_row module_id=\u00a0\u00bbsysteme\u00a0\u00bb _builder_version=\u00a0\u00bb4.16&Prime; background_enable_color=\u00a0\u00bboff\u00a0\u00bb width=\u00a0\u00bb75%\u00a0\u00bb width_tablet=\u00a0\u00bb100%\u00a0\u00bb width_phone=\u00a0\u00bb100%\u00a0\u00bb width_last_edited=\u00a0\u00bbon|phone\u00a0\u00bb custom_margin=\u00a0\u00bb||||false|false\u00a0\u00bb custom_padding=\u00a0\u00bb||||false|false\u00a0\u00bb animation_style=\u00a0\u00bbfade\u00a0\u00bb animation_direction=\u00a0\u00bbbottom\u00a0\u00bb global_colors_info=\u00a0\u00bb{}\u00a0\u00bb][et_pb_column type=\u00a0\u00bb4_4&Prime; _builder_version=\u00a0\u00bb4.16&Prime; background_color=\u00a0\u00bb#ffffff\u00a0\u00bb global_colors_info=\u00a0\u00bb{}\u00a0\u00bb][et_pb_text admin_label=\u00a0\u00bbEinleitungstext\u00a0\u00bb _builder_version=\u00a0\u00bb4.16&Prime; header_2_line_height=\u00a0\u00bb2em\u00a0\u00bb background_enable_color=\u00a0\u00bboff\u00a0\u00bb text_orientation=\u00a0\u00bbjustified\u00a0\u00bb width=\u00a0\u00bb100%\u00a0\u00bb custom_margin=\u00a0\u00bb||||false|false\u00a0\u00bb custom_padding=\u00a0\u00bb3em|4em|3em|4em|false|false\u00a0\u00bb custom_padding_tablet=\u00a0\u00bb2em|2em|2em|2em|false|false\u00a0\u00bb custom_padding_phone=\u00a0\u00bb2em|2em|2em|2em|false|false\u00a0\u00bb custom_padding_last_edited=\u00a0\u00bbon|desktop\u00a0\u00bb animation_style=\u00a0\u00bbfade\u00a0\u00bb header_2_font_size_tablet=\u00a0\u00bb25px\u00a0\u00bb header_2_font_size_phone=\u00a0\u00bb24px\u00a0\u00bb header_2_font_size_last_edited=\u00a0\u00bbon|phone\u00a0\u00bb global_colors_info=\u00a0\u00bb{}\u00a0\u00bb]<\/p>\n<h1><strong>Autres coffrages &amp; \u00e9quipements pour le chantier &#8211; Fabrication de coffrages sp\u00e9ciaux<\/strong><\/h1>\n<p>INTERFAMA produit <strong>\u00e9galement des syst\u00e8mes de coffrage \u00e9prouv\u00e9s<\/strong>, des <strong>accessoires de coffrage<\/strong> et des <strong>coffrages sp\u00e9ciaux<\/strong> pour un travail efficace sur le chantier. Il s&rsquo;agirait, par exemple, de coffrages pour n\u00e9gatifs et<strong> <a href=\"https:\/\/www.interfama.com\/gmbh\/fr\/autres-coffrages-equipements-pour-le-chantier\/i-door\/\">portes<\/a> acc\u00e9s<\/strong>, de syst\u00e8mes de <strong>coffrage pour blocs<\/strong> de b\u00e9ton et de b\u00e9tonnage de <strong>plinths de b\u00e9ton<\/strong>.<\/p>\n<p>La gamme d\u2018INTERFAMA comprend \u00e9galement divers <strong><a href=\"https:\/\/www.interfama.com\/gmbh\/fr\/conteneurs\/\">conteneurs<\/a> d&#8217;empilage<\/strong> pour les composants du syst\u00e8me, les \u00e9l\u00e9ments et les \u00e9tais. Ceux-ci permettent une <strong>meilleure logistique<\/strong> sur le chantier, dans l&rsquo;entrep\u00f4t et pendant le transport.<\/p>\n<p>[\/et_pb_text][\/et_pb_column][\/et_pb_row][et_pb_row column_structure=\u00a0\u00bb1_3,1_3,1_3&Prime; make_equal=\u00a0\u00bbon\u00a0\u00bb custom_padding_last_edited=\u00a0\u00bbon|desktop\u00a0\u00bb module_id=\u00a0\u00bbsysteme\u00a0\u00bb _builder_version=\u00a0\u00bb4.16&Prime; background_color=\u00a0\u00bb#ffffff\u00a0\u00bb width=\u00a0\u00bb75%\u00a0\u00bb width_tablet=\u00a0\u00bb100%\u00a0\u00bb width_phone=\u00a0\u00bb100%\u00a0\u00bb width_last_edited=\u00a0\u00bbon|desktop\u00a0\u00bb custom_margin=\u00a0\u00bb0px||0px||false|false\u00a0\u00bb custom_padding=\u00a0\u00bb3em|4em|3em|4em|false|false\u00a0\u00bb custom_padding_tablet=\u00a0\u00bb2em|2em|0em|2em|false|false\u00a0\u00bb custom_padding_phone=\u00a0\u00bb||0em||false|false\u00a0\u00bb animation_style=\u00a0\u00bbfade\u00a0\u00bb animation_direction=\u00a0\u00bbbottom\u00a0\u00bb global_colors_info=\u00a0\u00bb{}\u00a0\u00bb][et_pb_column type=\u00a0\u00bb1_3&Prime; _builder_version=\u00a0\u00bb4.16&Prime; background_color=\u00a0\u00bb#ffffff\u00a0\u00bb global_colors_info=\u00a0\u00bb{}\u00a0\u00bb][et_pb_blurb title=\u00a0\u00bbI-DOOR | Coffrage pour n\u00e9gatif portes et acc\u00e8s\u00a0\u00bb image=\u00a0\u00bbhttps:\/\/www.interfama.com\/gmbh\/wp-content\/uploads\/2020\/12\/i-door.jpg\u00a0\u00bb admin_label=\u00a0\u00bbI-DOOR\u00a0\u00bb _builder_version=\u00a0\u00bb4.16&Prime; _module_preset=\u00a0\u00bbdefault\u00a0\u00bb header_level=\u00a0\u00bbh2&Prime; text_orientation=\u00a0\u00bbcenter\u00a0\u00bb animation_style=\u00a0\u00bbfade\u00a0\u00bb animation=\u00a0\u00bboff\u00a0\u00bb link_option_url=\u00a0\u00bbhttps:\/\/www.interfama.com\/gmbh\/fr\/coffrage-pour-negatif-portes-et-acces\/\u00a0\u00bb global_colors_info=\u00a0\u00bb{}\u00a0\u00bb][\/et_pb_blurb][\/et_pb_column][et_pb_column type=\u00a0\u00bb1_3&Prime; _builder_version=\u00a0\u00bb4.16&Prime; background_color=\u00a0\u00bb#ffffff\u00a0\u00bb global_colors_info=\u00a0\u00bb{}\u00a0\u00bb][et_pb_blurb title=\u00a0\u00bbI-BLOCK | Coffrages de bloc de b\u00e9ton\u00a0\u00bb image=\u00a0\u00bbhttps:\/\/www.interfama.com\/gmbh\/wp-content\/uploads\/2020\/12\/i-block.jpg\u00a0\u00bb admin_label=\u00a0\u00bbI-BLOCK\u00a0\u00bb _builder_version=\u00a0\u00bb4.16&Prime; _module_preset=\u00a0\u00bbdefault\u00a0\u00bb header_level=\u00a0\u00bbh2&Prime; text_orientation=\u00a0\u00bbcenter\u00a0\u00bb animation_style=\u00a0\u00bbfade\u00a0\u00bb animation=\u00a0\u00bboff\u00a0\u00bb link_option_url=\u00a0\u00bbhttps:\/\/www.interfama.com\/gmbh\/fr\/coffrages-de-bloc-de-beton\/\u00a0\u00bb hover_enabled=\u00a0\u00bb0&Prime; global_colors_info=\u00a0\u00bb{}\u00a0\u00bb sticky_enabled=\u00a0\u00bb0&Prime;][\/et_pb_blurb][\/et_pb_column][et_pb_column type=\u00a0\u00bb1_3&Prime; _builder_version=\u00a0\u00bb4.16&Prime; background_color=\u00a0\u00bb#ffffff\u00a0\u00bb global_colors_info=\u00a0\u00bb{}\u00a0\u00bb][et_pb_blurb title=\u00a0\u00bbBANCHETTONE | Coffrage bordure pour route\u00a0\u00bb image=\u00a0\u00bbhttps:\/\/www.interfama.com\/gmbh\/wp-content\/uploads\/2020\/12\/banchettone.jpg\u00a0\u00bb admin_label=\u00a0\u00bbBANCHETTONE\u00a0\u00bb _builder_version=\u00a0\u00bb4.16&Prime; _module_preset=\u00a0\u00bbdefault\u00a0\u00bb header_level=\u00a0\u00bbh2&Prime; text_orientation=\u00a0\u00bbcenter\u00a0\u00bb animation_style=\u00a0\u00bbfade\u00a0\u00bb animation=\u00a0\u00bboff\u00a0\u00bb link_option_url=\u00a0\u00bbhttps:\/\/www.interfama.com\/gmbh\/fr\/banchettone\/\u00a0\u00bb global_colors_info=\u00a0\u00bb{}\u00a0\u00bb][\/et_pb_blurb][\/et_pb_column][\/et_pb_row][et_pb_row column_structure=\u00a0\u00bb1_3,1_3,1_3&Prime; make_equal=\u00a0\u00bbon\u00a0\u00bb custom_padding_last_edited=\u00a0\u00bbon|desktop\u00a0\u00bb module_id=\u00a0\u00bbsysteme\u00a0\u00bb _builder_version=\u00a0\u00bb4.16&Prime; background_color=\u00a0\u00bb#ffffff\u00a0\u00bb width=\u00a0\u00bb75%\u00a0\u00bb width_tablet=\u00a0\u00bb100%\u00a0\u00bb width_phone=\u00a0\u00bb100%\u00a0\u00bb width_last_edited=\u00a0\u00bbon|desktop\u00a0\u00bb custom_margin=\u00a0\u00bb0px||0px||false|false\u00a0\u00bb custom_padding=\u00a0\u00bb3em|4em|3em|4em|false|false\u00a0\u00bb custom_padding_tablet=\u00a0\u00bb2em|2em|0em|2em|false|false\u00a0\u00bb custom_padding_phone=\u00a0\u00bb||0em||false|false\u00a0\u00bb animation_style=\u00a0\u00bbfade\u00a0\u00bb animation_direction=\u00a0\u00bbbottom\u00a0\u00bb global_colors_info=\u00a0\u00bb{}\u00a0\u00bb][et_pb_column type=\u00a0\u00bb1_3&Prime; _builder_version=\u00a0\u00bb4.16&Prime; background_color=\u00a0\u00bb#ffffff\u00a0\u00bb global_colors_info=\u00a0\u00bb{}\u00a0\u00bb][et_pb_blurb title=\u00a0\u00bbFreeFalcon | S\u00e9curit\u00e9 antichute mobile\u00a0\u00bb image=\u00a0\u00bbhttps:\/\/www.interfama.com\/gmbh\/wp-content\/uploads\/2023\/07\/FreeFalcon-1000-673.jpg\u00a0\u00bb alt=\u00a0\u00bbFreeFalcon S\u00e9curit\u00e9 antichute mobile\u00a0\u00bb admin_label=\u00a0\u00bbKELLERSCHACHT-SCHALUNG KSS\u00a0\u00bb _builder_version=\u00a0\u00bb4.17.3&Prime; _module_preset=\u00a0\u00bbdefault\u00a0\u00bb header_level=\u00a0\u00bbh2&Prime; text_orientation=\u00a0\u00bbcenter\u00a0\u00bb animation_style=\u00a0\u00bbfade\u00a0\u00bb animation=\u00a0\u00bboff\u00a0\u00bb link_option_url=\u00a0\u00bbhttps:\/\/www.interfama.com\/gmbh\/fr\/freefalcon-securite-antichute-mobile\/\u00a0\u00bb global_colors_info=\u00a0\u00bb{}\u00a0\u00bb][\/et_pb_blurb][\/et_pb_column][et_pb_column type=\u00a0\u00bb1_3&Prime; _builder_version=\u00a0\u00bb4.16&Prime; background_color=\u00a0\u00bb#ffffff\u00a0\u00bb global_colors_info=\u00a0\u00bb{}\u00a0\u00bb][et_pb_blurb title=\u00a0\u00bbCOLLIERS POUR FONDATION &#038; FERMETURE ARR\u00caT COUL\u00c9E\u00a0\u00bb image=\u00a0\u00bbhttps:\/\/www.interfama.com\/gmbh\/wp-content\/uploads\/2020\/12\/zangen.jpg\u00a0\u00bb admin_label=\u00a0\u00bbZWINGEN &#038; WINKEL\u00a0\u00bb _builder_version=\u00a0\u00bb4.16&Prime; _module_preset=\u00a0\u00bbdefault\u00a0\u00bb header_level=\u00a0\u00bbh2&Prime; text_orientation=\u00a0\u00bbcenter\u00a0\u00bb animation_style=\u00a0\u00bbfade\u00a0\u00bb animation=\u00a0\u00bboff\u00a0\u00bb link_option_url=\u00a0\u00bbhttps:\/\/www.interfama.com\/gmbh\/fr\/colliers-pour-fondation-fermeture-arret-coulee\/\u00a0\u00bb global_colors_info=\u00a0\u00bb{}\u00a0\u00bb][\/et_pb_blurb][\/et_pb_column][et_pb_column type=\u00a0\u00bb1_3&Prime; _builder_version=\u00a0\u00bb4.16&Prime; background_color=\u00a0\u00bb#ffffff\u00a0\u00bb global_colors_info=\u00a0\u00bb{}\u00a0\u00bb][et_pb_blurb title=\u00a0\u00bbCONTENEURS | Accessoires de transport \u00a0\u00bb image=\u00a0\u00bbhttps:\/\/www.interfama.com\/gmbh\/wp-content\/uploads\/2020\/12\/stapelgestelle.jpg\u00a0\u00bb admin_label=\u00a0\u00bbSTAPELGESTELLE\u00a0\u00bb _builder_version=\u00a0\u00bb4.16&Prime; _module_preset=\u00a0\u00bbdefault\u00a0\u00bb header_level=\u00a0\u00bbh2&Prime; text_orientation=\u00a0\u00bbcenter\u00a0\u00bb animation_style=\u00a0\u00bbfade\u00a0\u00bb animation=\u00a0\u00bboff\u00a0\u00bb link_option_url=\u00a0\u00bbhttps:\/\/www.interfama.com\/gmbh\/fr\/conteneurs\/\u00a0\u00bb global_colors_info=\u00a0\u00bb{}\u00a0\u00bb][\/et_pb_blurb][\/et_pb_column][\/et_pb_row][\/et_pb_section]<\/p>\n","protected":false},"excerpt":{"rendered":"<p>Autres coffrages &amp; \u00e9quipements pour le chantier &#8211; Fabrication de coffrages sp\u00e9ciaux INTERFAMA produit \u00e9galement des syst\u00e8mes de coffrage \u00e9prouv\u00e9s, des accessoires de coffrage et des coffrages sp\u00e9ciaux pour un travail efficace sur le chantier. Il s&rsquo;agirait, par exemple, de coffrages pour n\u00e9gatifs et portes acc\u00e9s, de syst\u00e8mes de coffrage pour blocs de b\u00e9ton et [&hellip;]<\/p>\n","protected":false},"author":1,"featured_media":4361,"parent":0,"menu_order":0,"comment_status":"closed","ping_status":"closed","template":"","meta":{"_et_pb_use_builder":"on","_et_pb_old_content":"","_et_gb_content_width":""},"yoast_head":"<!-- This site is optimized with the Yoast SEO plugin v21.7 - https:\/\/yoast.com\/wordpress\/plugins\/seo\/ -->\n<title>Autres coffrages &amp; \u00e9quipements pour le chantier \u27a1\ufe0f Fabrication et Vente<\/title>\n<meta name=\"description\" content=\"Coffrages &amp; \u00e9quipements pour le chantier \u2714\ufe0fPour n\u00e9gatifs et portes acc\u00e9s \u2714\ufe0fSyst\u00e8mes de coffrage pour blocs de b\u00e9ton \u2714\ufe0fB\u00e9tonnage de plinths de b\u00e9ton\" \/>\n<meta name=\"robots\" content=\"index, follow, max-snippet:-1, max-image-preview:large, max-video-preview:-1\" \/>\n<link rel=\"canonical\" href=\"https:\/\/www.interfama.com\/gmbh\/fr\/autres-coffrages-equipements-pour-le-chantier\/\" \/>\n<meta property=\"og:locale\" content=\"fr_FR\" \/>\n<meta property=\"og:type\" content=\"article\" \/>\n<meta property=\"og:title\" content=\"Autres coffrages &amp; \u00e9quipements pour le chantier \u27a1\ufe0f Fabrication et Vente\" \/>\n<meta property=\"og:description\" content=\"Coffrages &amp; \u00e9quipements pour le chantier \u2714\ufe0fPour n\u00e9gatifs et portes acc\u00e9s \u2714\ufe0fSyst\u00e8mes de coffrage pour blocs de b\u00e9ton \u2714\ufe0fB\u00e9tonnage de plinths de b\u00e9ton\" \/>\n<meta property=\"og:url\" content=\"https:\/\/www.interfama.com\/gmbh\/fr\/autres-coffrages-equipements-pour-le-chantier\/\" \/>\n<meta property=\"og:site_name\" content=\"INTERFAMA GmbH\" \/>\n<meta property=\"article:publisher\" content=\"https:\/\/www.facebook.com\/INTERFAMA\/\" \/>\n<meta property=\"article:modified_time\" content=\"2025-02-20T13:46:56+00:00\" \/>\n<meta property=\"og:image\" content=\"https:\/\/www.interfama.com\/gmbh\/wp-content\/uploads\/2020\/12\/i-block.jpg\" \/>\n\t<meta property=\"og:image:width\" content=\"600\" \/>\n\t<meta property=\"og:image:height\" content=\"400\" \/>\n\t<meta property=\"og:image:type\" content=\"image\/jpeg\" \/>\n<meta name=\"twitter:card\" content=\"summary_large_image\" \/>\n<meta name=\"twitter:label1\" content=\"Dur\u00e9e de lecture estim\u00e9e\" \/>\n\t<meta name=\"twitter:data1\" content=\"4 minutes\" \/>\n<script type=\"application\/ld+json\" class=\"yoast-schema-graph\">{\"@context\":\"https:\/\/schema.org\",\"@graph\":[{\"@type\":\"WebPage\",\"@id\":\"https:\/\/www.interfama.com\/gmbh\/fr\/autres-coffrages-equipements-pour-le-chantier\/\",\"url\":\"https:\/\/www.interfama.com\/gmbh\/fr\/autres-coffrages-equipements-pour-le-chantier\/\",\"name\":\"Autres coffrages & \u00e9quipements pour le chantier \u27a1\ufe0f Fabrication et Vente\",\"isPartOf\":{\"@id\":\"https:\/\/www.interfama.com\/gmbh\/it\/#website\"},\"datePublished\":\"2020-12-03T12:49:22+00:00\",\"dateModified\":\"2025-02-20T13:46:56+00:00\",\"description\":\"Coffrages & \u00e9quipements pour le chantier \u2714\ufe0fPour n\u00e9gatifs et portes acc\u00e9s \u2714\ufe0fSyst\u00e8mes de coffrage pour blocs de b\u00e9ton \u2714\ufe0fB\u00e9tonnage de plinths de b\u00e9ton\",\"breadcrumb\":{\"@id\":\"https:\/\/www.interfama.com\/gmbh\/fr\/autres-coffrages-equipements-pour-le-chantier\/#breadcrumb\"},\"inLanguage\":\"fr-FR\",\"potentialAction\":[{\"@type\":\"ReadAction\",\"target\":[\"https:\/\/www.interfama.com\/gmbh\/fr\/autres-coffrages-equipements-pour-le-chantier\/\"]}]},{\"@type\":\"BreadcrumbList\",\"@id\":\"https:\/\/www.interfama.com\/gmbh\/fr\/autres-coffrages-equipements-pour-le-chantier\/#breadcrumb\",\"itemListElement\":[{\"@type\":\"ListItem\",\"position\":1,\"name\":\"Startseite\",\"item\":\"https:\/\/www.interfama.com\/gmbh\/\"},{\"@type\":\"ListItem\",\"position\":2,\"name\":\"Autres coffrages &#038; \u00e9quipements pour le chantier\"}]},{\"@type\":\"WebSite\",\"@id\":\"https:\/\/www.interfama.com\/gmbh\/it\/#website\",\"url\":\"https:\/\/www.interfama.com\/gmbh\/it\/\",\"name\":\"INTERFAMA GmbH\",\"description\":\"Einfach Beton gestalten\",\"potentialAction\":[{\"@type\":\"SearchAction\",\"target\":{\"@type\":\"EntryPoint\",\"urlTemplate\":\"https:\/\/www.interfama.com\/gmbh\/it\/?s={search_term_string}\"},\"query-input\":\"required name=search_term_string\"}],\"inLanguage\":\"fr-FR\"}]}<\/script>\n<!-- \/ Yoast SEO plugin. -->","yoast_head_json":{"title":"Autres coffrages & \u00e9quipements pour le chantier \u27a1\ufe0f Fabrication et Vente","description":"Coffrages & \u00e9quipements pour le chantier \u2714\ufe0fPour n\u00e9gatifs et portes acc\u00e9s \u2714\ufe0fSyst\u00e8mes de coffrage pour blocs de b\u00e9ton \u2714\ufe0fB\u00e9tonnage de plinths de b\u00e9ton","robots":{"index":"index","follow":"follow","max-snippet":"max-snippet:-1","max-image-preview":"max-image-preview:large","max-video-preview":"max-video-preview:-1"},"canonical":"https:\/\/www.interfama.com\/gmbh\/fr\/autres-coffrages-equipements-pour-le-chantier\/","og_locale":"fr_FR","og_type":"article","og_title":"Autres coffrages & \u00e9quipements pour le chantier \u27a1\ufe0f Fabrication et Vente","og_description":"Coffrages & \u00e9quipements pour le chantier \u2714\ufe0fPour n\u00e9gatifs et portes acc\u00e9s \u2714\ufe0fSyst\u00e8mes de coffrage pour blocs de b\u00e9ton \u2714\ufe0fB\u00e9tonnage de plinths de b\u00e9ton","og_url":"https:\/\/www.interfama.com\/gmbh\/fr\/autres-coffrages-equipements-pour-le-chantier\/","og_site_name":"INTERFAMA GmbH","article_publisher":"https:\/\/www.facebook.com\/INTERFAMA\/","article_modified_time":"2025-02-20T13:46:56+00:00","og_image":[{"width":600,"height":400,"url":"https:\/\/www.interfama.com\/gmbh\/wp-content\/uploads\/2020\/12\/i-block.jpg","type":"image\/jpeg"}],"twitter_card":"summary_large_image","twitter_misc":{"Dur\u00e9e de lecture estim\u00e9e":"4 minutes"},"schema":{"@context":"https:\/\/schema.org","@graph":[{"@type":"WebPage","@id":"https:\/\/www.interfama.com\/gmbh\/fr\/autres-coffrages-equipements-pour-le-chantier\/","url":"https:\/\/www.interfama.com\/gmbh\/fr\/autres-coffrages-equipements-pour-le-chantier\/","name":"Autres coffrages & \u00e9quipements pour le chantier \u27a1\ufe0f Fabrication et Vente","isPartOf":{"@id":"https:\/\/www.interfama.com\/gmbh\/it\/#website"},"datePublished":"2020-12-03T12:49:22+00:00","dateModified":"2025-02-20T13:46:56+00:00","description":"Coffrages & \u00e9quipements pour le chantier \u2714\ufe0fPour n\u00e9gatifs et portes acc\u00e9s \u2714\ufe0fSyst\u00e8mes de coffrage pour blocs de b\u00e9ton \u2714\ufe0fB\u00e9tonnage de plinths de b\u00e9ton","breadcrumb":{"@id":"https:\/\/www.interfama.com\/gmbh\/fr\/autres-coffrages-equipements-pour-le-chantier\/#breadcrumb"},"inLanguage":"fr-FR","potentialAction":[{"@type":"ReadAction","target":["https:\/\/www.interfama.com\/gmbh\/fr\/autres-coffrages-equipements-pour-le-chantier\/"]}]},{"@type":"BreadcrumbList","@id":"https:\/\/www.interfama.com\/gmbh\/fr\/autres-coffrages-equipements-pour-le-chantier\/#breadcrumb","itemListElement":[{"@type":"ListItem","position":1,"name":"Startseite","item":"https:\/\/www.interfama.com\/gmbh\/"},{"@type":"ListItem","position":2,"name":"Autres coffrages &#038; \u00e9quipements pour le chantier"}]},{"@type":"WebSite","@id":"https:\/\/www.interfama.com\/gmbh\/it\/#website","url":"https:\/\/www.interfama.com\/gmbh\/it\/","name":"INTERFAMA GmbH","description":"Einfach Beton gestalten","potentialAction":[{"@type":"SearchAction","target":{"@type":"EntryPoint","urlTemplate":"https:\/\/www.interfama.com\/gmbh\/it\/?s={search_term_string}"},"query-input":"required name=search_term_string"}],"inLanguage":"fr-FR"}]}},"_links":{"self":[{"href":"https:\/\/www.interfama.com\/gmbh\/fr\/wp-json\/wp\/v2\/pages\/4359"}],"collection":[{"href":"https:\/\/www.interfama.com\/gmbh\/fr\/wp-json\/wp\/v2\/pages"}],"about":[{"href":"https:\/\/www.interfama.com\/gmbh\/fr\/wp-json\/wp\/v2\/types\/page"}],"author":[{"embeddable":true,"href":"https:\/\/www.interfama.com\/gmbh\/fr\/wp-json\/wp\/v2\/users\/1"}],"replies":[{"embeddable":true,"href":"https:\/\/www.interfama.com\/gmbh\/fr\/wp-json\/wp\/v2\/comments?post=4359"}],"version-history":[{"count":3,"href":"https:\/\/www.interfama.com\/gmbh\/fr\/wp-json\/wp\/v2\/pages\/4359\/revisions"}],"predecessor-version":[{"id":12545,"href":"https:\/\/www.interfama.com\/gmbh\/fr\/wp-json\/wp\/v2\/pages\/4359\/revisions\/12545"}],"wp:featuredmedia":[{"embeddable":true,"href":"https:\/\/www.interfama.com\/gmbh\/fr\/wp-json\/wp\/v2\/media\/4361"}],"wp:attachment":[{"href":"https:\/\/www.interfama.com\/gmbh\/fr\/wp-json\/wp\/v2\/media?parent=4359"}],"curies":[{"name":"wp","href":"https:\/\/api.w.org\/{rel}","templated":true}]}}