{"id":4357,"date":"2020-12-03T14:17:29","date_gmt":"2020-12-03T13:17:29","guid":{"rendered":"http:\/\/23118.web.zcom.it\/gmbh\/zwingen-winkel\/"},"modified":"2022-09-01T10:35:49","modified_gmt":"2022-09-01T08:35:49","slug":"colliers-pour-fondation-fermeture-arret-coulee","status":"publish","type":"page","link":"https:\/\/www.interfama.com\/gmbh\/fr\/colliers-pour-fondation-fermeture-arret-coulee\/","title":{"rendered":"COLLIERS POUR FONDATION &#038; FERMETURE ARR\u00caT COUL\u00c9E"},"content":{"rendered":"<p>[et_pb_section fb_built=\u00a0\u00bb1&Prime; fullwidth=\u00a0\u00bbon\u00a0\u00bb _builder_version=\u00a0\u00bb4.16&Prime; _module_preset=\u00a0\u00bbdefault\u00a0\u00bb animation_style=\u00a0\u00bbfade\u00a0\u00bb global_colors_info=\u00a0\u00bb{}\u00a0\u00bb][et_pb_fullwidth_header header_fullscreen=\u00a0\u00bbon\u00a0\u00bb _builder_version=\u00a0\u00bb4.16&Prime; _module_preset=\u00a0\u00bbdefault\u00a0\u00bb background_enable_color=\u00a0\u00bboff\u00a0\u00bb background_image=\u00a0\u00bbhttps:\/\/www.interfama.com\/gmbh\/wp-content\/uploads\/2020\/12\/head-2.jpg\u00a0\u00bb parallax=\u00a0\u00bbon\u00a0\u00bb global_colors_info=\u00a0\u00bb{}\u00a0\u00bb][\/et_pb_fullwidth_header][\/et_pb_section][et_pb_section fb_built=\u00a0\u00bb1&Prime; _builder_version=\u00a0\u00bb4.16&Prime; background_enable_color=\u00a0\u00bboff\u00a0\u00bb use_background_color_gradient=\u00a0\u00bbon\u00a0\u00bb background_color_gradient_direction=\u00a0\u00bb1deg\u00a0\u00bb background_color_gradient_stops=\u00a0\u00bb#ffffff 37%|#d6d6d6 100%\u00a0\u00bb background_color_gradient_start=\u00a0\u00bb#ffffff\u00a0\u00bb background_color_gradient_start_position=\u00a0\u00bb37%\u00a0\u00bb background_color_gradient_end=\u00a0\u00bb#d6d6d6&Prime; custom_margin=\u00a0\u00bb||||false|false\u00a0\u00bb animation_direction=\u00a0\u00bbbottom\u00a0\u00bb global_colors_info=\u00a0\u00bb{}\u00a0\u00bb][et_pb_row module_id=\u00a0\u00bbsysteme\u00a0\u00bb _builder_version=\u00a0\u00bb4.16&Prime; background_enable_color=\u00a0\u00bboff\u00a0\u00bb width=\u00a0\u00bb75%\u00a0\u00bb width_tablet=\u00a0\u00bb100%\u00a0\u00bb width_phone=\u00a0\u00bb100%\u00a0\u00bb width_last_edited=\u00a0\u00bbon|phone\u00a0\u00bb custom_margin=\u00a0\u00bb-75vh||0px||false|false\u00a0\u00bb custom_padding=\u00a0\u00bb||0px||false|false\u00a0\u00bb animation_style=\u00a0\u00bbfade\u00a0\u00bb animation_direction=\u00a0\u00bbbottom\u00a0\u00bb animation_delay=\u00a0\u00bb1000ms\u00a0\u00bb global_colors_info=\u00a0\u00bb{}\u00a0\u00bb][et_pb_column type=\u00a0\u00bb4_4&Prime; _builder_version=\u00a0\u00bb4.16&Prime; background_color=\u00a0\u00bb#ffffff\u00a0\u00bb global_colors_info=\u00a0\u00bb{}\u00a0\u00bb][et_pb_text admin_label=\u00a0\u00bbEinleitungstext\u00a0\u00bb _builder_version=\u00a0\u00bb4.16&Prime; header_2_line_height=\u00a0\u00bb2em\u00a0\u00bb background_enable_color=\u00a0\u00bboff\u00a0\u00bb width=\u00a0\u00bb100%\u00a0\u00bb custom_margin=\u00a0\u00bb||||false|false\u00a0\u00bb custom_padding=\u00a0\u00bb3em|4em|3em|4em|false|false\u00a0\u00bb custom_padding_tablet=\u00a0\u00bb2em|2em|2em|2em|false|false\u00a0\u00bb custom_padding_phone=\u00a0\u00bb2em|2em|2em|2em|false|false\u00a0\u00bb custom_padding_last_edited=\u00a0\u00bbon|desktop\u00a0\u00bb animation_style=\u00a0\u00bbfade\u00a0\u00bb header_2_font_size_tablet=\u00a0\u00bb25px\u00a0\u00bb header_2_font_size_phone=\u00a0\u00bb24px\u00a0\u00bb header_2_font_size_last_edited=\u00a0\u00bbon|phone\u00a0\u00bb global_colors_info=\u00a0\u00bb{}\u00a0\u00bb]<\/p>\n<h1>COLLIERS POUR FONDATION &amp; FERMETURE ARR\u00caT COUL\u00c9E<\/h1>\n<p>[\/et_pb_text][\/et_pb_column][\/et_pb_row][et_pb_row column_structure=\u00a0\u00bb1_3,1_3,1_3&Prime; make_equal=\u00a0\u00bbon\u00a0\u00bb custom_padding_last_edited=\u00a0\u00bbon|desktop\u00a0\u00bb module_id=\u00a0\u00bbsysteme\u00a0\u00bb _builder_version=\u00a0\u00bb4.16&Prime; background_color=\u00a0\u00bb#ffffff\u00a0\u00bb width=\u00a0\u00bb75%\u00a0\u00bb width_tablet=\u00a0\u00bb100%\u00a0\u00bb width_phone=\u00a0\u00bb100%\u00a0\u00bb width_last_edited=\u00a0\u00bbon|desktop\u00a0\u00bb custom_margin=\u00a0\u00bb0px||0px||false|false\u00a0\u00bb custom_padding=\u00a0\u00bb3em|4em|0px|4em|false|false\u00a0\u00bb custom_padding_tablet=\u00a0\u00bb2em|2em|0em|2em|false|false\u00a0\u00bb custom_padding_phone=\u00a0\u00bb||0em||false|false\u00a0\u00bb animation_style=\u00a0\u00bbfade\u00a0\u00bb animation_direction=\u00a0\u00bbbottom\u00a0\u00bb animation_delay=\u00a0\u00bb1000ms\u00a0\u00bb global_colors_info=\u00a0\u00bb{}\u00a0\u00bb][et_pb_column type=\u00a0\u00bb1_3&Prime; _builder_version=\u00a0\u00bb4.16&Prime; background_color=\u00a0\u00bb#ffffff\u00a0\u00bb global_colors_info=\u00a0\u00bb{}\u00a0\u00bb][et_pb_image src=\u00a0\u00bbhttps:\/\/www.interfama.com\/gmbh\/wp-content\/uploads\/2020\/12\/1-48.jpg\u00a0\u00bb title_text=\u00a0\u00bb1&Prime; _builder_version=\u00a0\u00bb4.16&Prime; _module_preset=\u00a0\u00bbdefault\u00a0\u00bb global_colors_info=\u00a0\u00bb{}\u00a0\u00bb][\/et_pb_image][et_pb_text _builder_version=\u00a0\u00bb4.16&Prime; _module_preset=\u00a0\u00bbdefault\u00a0\u00bb global_colors_info=\u00a0\u00bb{}\u00a0\u00bb]<\/p>\n<h2><strong>Colliers pour fondation <\/strong><\/h2>\n<p>Les colliers INTERFAMA facilitent les op\u00e9rations de coffrage des fondations traditionnelles. La version normale est r\u00e9glable tous les 2,5 cm (de 20 \u00e0 130 cm), tandis qu\u2018avec une rallonge, il est possible d\u00b4arriver \u00e0 des largeurs de 300 cm.<\/p>\n<p>[\/et_pb_text][\/et_pb_column][et_pb_column type=\u00a0\u00bb1_3&Prime; _builder_version=\u00a0\u00bb4.16&Prime; background_color=\u00a0\u00bb#ffffff\u00a0\u00bb global_colors_info=\u00a0\u00bb{}\u00a0\u00bb][et_pb_image src=\u00a0\u00bbhttps:\/\/www.interfama.com\/gmbh\/wp-content\/uploads\/2020\/12\/2-49.jpg\u00a0\u00bb title_text=\u00a0\u00bb2&Prime; _builder_version=\u00a0\u00bb4.16&Prime; _module_preset=\u00a0\u00bbdefault\u00a0\u00bb global_colors_info=\u00a0\u00bb{}\u00a0\u00bb][\/et_pb_image][et_pb_text _builder_version=\u00a0\u00bb4.16&Prime; _module_preset=\u00a0\u00bbdefault\u00a0\u00bb global_colors_info=\u00a0\u00bb{}\u00a0\u00bb]<\/p>\n<h2><strong>Fermetures d\u00b4arr\u00eat coul\u00e9e <\/strong><\/h2>\n<p>Les fermetures d\u00b4arr\u00eat coul\u00e9e servant \u00e0 coffrer les dalles pour agir en toute s\u00e9curit\u00e9. Il peut<br \/>\u00eatre utilis\u00e9 comme plan de travail avec une charge max. de 200 kg\/m\u00b2.<\/p>\n<p>[\/et_pb_text][\/et_pb_column][et_pb_column type=\u00a0\u00bb1_3&Prime; _builder_version=\u00a0\u00bb4.16&Prime; background_color=\u00a0\u00bb#ffffff\u00a0\u00bb global_colors_info=\u00a0\u00bb{}\u00a0\u00bb][et_pb_image src=\u00a0\u00bbhttps:\/\/www.interfama.com\/gmbh\/wp-content\/uploads\/2020\/12\/3-49.jpg\u00a0\u00bb title_text=\u00a0\u00bb3&Prime; _builder_version=\u00a0\u00bb4.16&Prime; _module_preset=\u00a0\u00bbdefault\u00a0\u00bb global_colors_info=\u00a0\u00bb{}\u00a0\u00bb][\/et_pb_image][et_pb_text _builder_version=\u00a0\u00bb4.16&Prime; _module_preset=\u00a0\u00bbdefault\u00a0\u00bb global_colors_info=\u00a0\u00bb{}\u00a0\u00bb]<\/p>\n<h2>Parapet provisoire de protection <\/h2>\n<p>Le parapet provisoire de protection &#8211; H. 1,10 mt. pour dalles plats en b\u00e9ton arm\u00e9 selon la norme EN13374.<\/p>\n<p>[\/et_pb_text][\/et_pb_column][\/et_pb_row][et_pb_row use_custom_gutter=\u00a0\u00bbon\u00a0\u00bb gutter_width=\u00a0\u00bb1&Prime; disabled_on=\u00a0\u00bbon|on|on\u00a0\u00bb _builder_version=\u00a0\u00bb4.17.3&Prime; _module_preset=\u00a0\u00bbdefault\u00a0\u00bb background_color=\u00a0\u00bb#ffffff\u00a0\u00bb z_index=\u00a0\u00bb500&Prime; width=\u00a0\u00bb75%\u00a0\u00bb module_alignment=\u00a0\u00bbcenter\u00a0\u00bb custom_margin=\u00a0\u00bb0px|0px|0px|0px|false|false\u00a0\u00bb custom_padding=\u00a0\u00bb75px|0px|0px|0px|false|false\u00a0\u00bb animation_style=\u00a0\u00bbfade\u00a0\u00bb animation_delay=\u00a0\u00bb1000ms\u00a0\u00bb hover_enabled=\u00a0\u00bb0&Prime; disabled=\u00a0\u00bbon\u00a0\u00bb global_colors_info=\u00a0\u00bb{}\u00a0\u00bb sticky_enabled=\u00a0\u00bb0&Prime;][et_pb_column type=\u00a0\u00bb4_4&Prime; _builder_version=\u00a0\u00bb4.16&Prime; _module_preset=\u00a0\u00bbdefault\u00a0\u00bb global_colors_info=\u00a0\u00bb{}\u00a0\u00bb][et_pb_gallery gallery_ids=\u00a0\u00bb3043,3044,3045,3046,3047,3048,3049,3050,3051,3052,3053,3054,3055,3056,3057&Prime; posts_number=\u00a0\u00bb20&Prime; show_title_and_caption=\u00a0\u00bboff\u00a0\u00bb show_pagination=\u00a0\u00bboff\u00a0\u00bb admin_label=\u00a0\u00bbFotogalerie\u00a0\u00bb _builder_version=\u00a0\u00bb4.16&Prime; _module_preset=\u00a0\u00bbdefault\u00a0\u00bb global_colors_info=\u00a0\u00bb{}\u00a0\u00bb][\/et_pb_gallery][\/et_pb_column][\/et_pb_row][et_pb_row use_custom_gutter=\u00a0\u00bbon\u00a0\u00bb gutter_width=\u00a0\u00bb1&Prime; _builder_version=\u00a0\u00bb4.17.3&Prime; _module_preset=\u00a0\u00bbdefault\u00a0\u00bb background_color=\u00a0\u00bb#ffffff\u00a0\u00bb z_index=\u00a0\u00bb500&Prime; width=\u00a0\u00bb75%\u00a0\u00bb module_alignment=\u00a0\u00bbcenter\u00a0\u00bb custom_margin=\u00a0\u00bb0px|0px|0px|0px|false|false\u00a0\u00bb custom_padding=\u00a0\u00bb75px|0px|0px|0px|false|false\u00a0\u00bb animation_style=\u00a0\u00bbfade\u00a0\u00bb animation_delay=\u00a0\u00bb1000ms\u00a0\u00bb hover_enabled=\u00a0\u00bb0&Prime; global_colors_info=\u00a0\u00bb{}\u00a0\u00bb sticky_enabled=\u00a0\u00bb0&Prime;][et_pb_column type=\u00a0\u00bb4_4&Prime; _builder_version=\u00a0\u00bb4.16&Prime; _module_preset=\u00a0\u00bbdefault\u00a0\u00bb global_colors_info=\u00a0\u00bb{}\u00a0\u00bb][et_pb_text admin_label=\u00a0\u00bb\u00dcberschriften\u00a0\u00bb _builder_version=\u00a0\u00bb4.16&Prime; custom_margin=\u00a0\u00bb||||false|false\u00a0\u00bb custom_padding=\u00a0\u00bb||||false|false\u00a0\u00bb header_2_font_size_tablet=\u00a0\u00bb25px\u00a0\u00bb header_2_font_size_phone=\u00a0\u00bb24px\u00a0\u00bb header_2_font_size_last_edited=\u00a0\u00bbon|phone\u00a0\u00bb global_colors_info=\u00a0\u00bb{}\u00a0\u00bb]<\/p>\n<h2 style=\"text-align: center;\">Informations compl\u00e9mentaires<\/h2>\n<p>[\/et_pb_text][et_pb_divider divider_weight=\u00a0\u00bb5px\u00a0\u00bb _builder_version=\u00a0\u00bb4.16&Prime; _module_preset=\u00a0\u00bbdefault\u00a0\u00bb global_colors_info=\u00a0\u00bb{}\u00a0\u00bb][\/et_pb_divider][\/et_pb_column][\/et_pb_row][et_pb_row column_structure=\u00a0\u00bb1_2,1_2&Prime; use_custom_gutter=\u00a0\u00bbon\u00a0\u00bb gutter_width=\u00a0\u00bb1&Prime; make_equal=\u00a0\u00bbon\u00a0\u00bb _builder_version=\u00a0\u00bb4.17.3&Prime; _module_preset=\u00a0\u00bbdefault\u00a0\u00bb background_color=\u00a0\u00bb#ffffff\u00a0\u00bb z_index=\u00a0\u00bb500&Prime; width=\u00a0\u00bb75%\u00a0\u00bb module_alignment=\u00a0\u00bbcenter\u00a0\u00bb custom_margin=\u00a0\u00bb0px|0px|0px|0px|false|false\u00a0\u00bb custom_padding=\u00a0\u00bb75px|0px|0px|0px|false|false\u00a0\u00bb animation_style=\u00a0\u00bbfade\u00a0\u00bb animation_delay=\u00a0\u00bb1000ms\u00a0\u00bb hover_enabled=\u00a0\u00bb0&Prime; global_colors_info=\u00a0\u00bb{}\u00a0\u00bb sticky_enabled=\u00a0\u00bb0&Prime;][et_pb_column type=\u00a0\u00bb1_2&Prime; module_class=\u00a0\u00bbds-vertical-align\u00a0\u00bb _builder_version=\u00a0\u00bb4.16&Prime; _module_preset=\u00a0\u00bbdefault\u00a0\u00bb global_colors_info=\u00a0\u00bb{}\u00a0\u00bb][et_pb_image src=\u00a0\u00bbhttps:\/\/www.interfama.com\/gmbh\/wp-content\/uploads\/2021\/04\/Titelseite-fr.jpg\u00a0\u00bb title_text=\u00a0\u00bbTitelseite-fr\u00a0\u00bb url=\u00a0\u00bbhttps:\/\/www.interfama.com\/gmbh\/wp-content\/uploads\/2021\/04\/FR.pdf#page=121&Prime; url_new_window=\u00a0\u00bbon\u00a0\u00bb align=\u00a0\u00bbright\u00a0\u00bb admin_label=\u00a0\u00bbBild Hauptkatalog\u00a0\u00bb _builder_version=\u00a0\u00bb4.16&Prime; _module_preset=\u00a0\u00bbdefault\u00a0\u00bb custom_margin=\u00a0\u00bb|60px|||false|false\u00a0\u00bb global_colors_info=\u00a0\u00bb{}\u00a0\u00bb][\/et_pb_image][\/et_pb_column][et_pb_column type=\u00a0\u00bb1_2&Prime; module_class=\u00a0\u00bbds-vertical-align\u00a0\u00bb _builder_version=\u00a0\u00bb4.16&Prime; _module_preset=\u00a0\u00bbdefault\u00a0\u00bb global_colors_info=\u00a0\u00bb{}\u00a0\u00bb][et_pb_button button_url=\u00a0\u00bbhttps:\/\/www.interfama.com\/gmbh\/wp-content\/uploads\/2021\/04\/FR.pdf#page=121&Prime; url_new_window=\u00a0\u00bbon\u00a0\u00bb button_text=\u00a0\u00bbT\u00e9l\u00e9charger le catalogue de produits\u00a0\u00bb button_alignment=\u00a0\u00bbleft\u00a0\u00bb button_alignment_tablet=\u00a0\u00bbleft\u00a0\u00bb button_alignment_phone=\u00a0\u00bbcenter\u00a0\u00bb button_alignment_last_edited=\u00a0\u00bbon|desktop\u00a0\u00bb admin_label=\u00a0\u00bbDownload Hauptkatalog\u00a0\u00bb _builder_version=\u00a0\u00bb4.16&Prime; _module_preset=\u00a0\u00bbdefault\u00a0\u00bb custom_css_main_element=\u00a0\u00bbmargin: auto;\u00a0\u00bb global_colors_info=\u00a0\u00bb{}\u00a0\u00bb][\/et_pb_button][\/et_pb_column][\/et_pb_row][\/et_pb_section]<\/p>\n","protected":false},"excerpt":{"rendered":"<p>COLLIERS POUR FONDATION &amp; FERMETURE ARR\u00caT COUL\u00c9EColliers pour fondation Les colliers INTERFAMA facilitent les op\u00e9rations de coffrage des fondations traditionnelles. La version normale est r\u00e9glable tous les 2,5 cm (de 20 \u00e0 130 cm), tandis qu\u2018avec une rallonge, il est possible d\u00b4arriver \u00e0 des largeurs de 300 cm.Fermetures d\u00b4arr\u00eat coul\u00e9e Les fermetures d\u00b4arr\u00eat coul\u00e9e servant [&hellip;]<\/p>\n","protected":false},"author":1,"featured_media":4358,"parent":0,"menu_order":0,"comment_status":"closed","ping_status":"closed","template":"","meta":{"_et_pb_use_builder":"on","_et_pb_old_content":"","_et_gb_content_width":""},"yoast_head":"<!-- This site is optimized with the Yoast SEO plugin v21.7 - https:\/\/yoast.com\/wordpress\/plugins\/seo\/ -->\n<title>COLLIERS POUR FONDATION &amp; FERMETURE ARR\u00caT COUL\u00c9E<\/title>\n<meta name=\"description\" content=\"\u27a1\ufe0fFacilitent les op\u00e9rations de coffrage \u27a1\ufe0fLes fermetures d\u00b4arr\u00eat coul\u00e9e servant \u00e0 coffrer les dalles pour agir en toute s\u00e9curit\u00e9\" \/>\n<meta name=\"robots\" content=\"index, follow, max-snippet:-1, max-image-preview:large, max-video-preview:-1\" \/>\n<link rel=\"canonical\" href=\"https:\/\/www.interfama.com\/gmbh\/fr\/colliers-pour-fondation-fermeture-arret-coulee\/\" \/>\n<meta property=\"og:locale\" content=\"fr_FR\" \/>\n<meta property=\"og:type\" content=\"article\" \/>\n<meta property=\"og:title\" content=\"COLLIERS POUR FONDATION &amp; FERMETURE ARR\u00caT COUL\u00c9E\" \/>\n<meta property=\"og:description\" content=\"\u27a1\ufe0fFacilitent les op\u00e9rations de coffrage \u27a1\ufe0fLes fermetures d\u00b4arr\u00eat coul\u00e9e servant \u00e0 coffrer les dalles pour agir en toute s\u00e9curit\u00e9\" \/>\n<meta property=\"og:url\" content=\"https:\/\/www.interfama.com\/gmbh\/fr\/colliers-pour-fondation-fermeture-arret-coulee\/\" \/>\n<meta property=\"og:site_name\" content=\"INTERFAMA GmbH\" \/>\n<meta property=\"article:publisher\" content=\"https:\/\/www.facebook.com\/INTERFAMA\/\" \/>\n<meta property=\"article:modified_time\" content=\"2022-09-01T08:35:49+00:00\" \/>\n<meta property=\"og:image\" content=\"https:\/\/www.interfama.com\/gmbh\/wp-content\/uploads\/2020\/12\/1-48.jpg\" \/>\n\t<meta property=\"og:image:width\" content=\"1000\" \/>\n\t<meta property=\"og:image:height\" content=\"673\" \/>\n\t<meta property=\"og:image:type\" content=\"image\/jpeg\" \/>\n<meta name=\"twitter:card\" content=\"summary_large_image\" \/>\n<meta name=\"twitter:label1\" content=\"Dur\u00e9e de lecture estim\u00e9e\" \/>\n\t<meta name=\"twitter:data1\" content=\"5 minutes\" \/>\n<script type=\"application\/ld+json\" class=\"yoast-schema-graph\">{\"@context\":\"https:\/\/schema.org\",\"@graph\":[{\"@type\":\"WebPage\",\"@id\":\"https:\/\/www.interfama.com\/gmbh\/fr\/colliers-pour-fondation-fermeture-arret-coulee\/\",\"url\":\"https:\/\/www.interfama.com\/gmbh\/fr\/colliers-pour-fondation-fermeture-arret-coulee\/\",\"name\":\"COLLIERS POUR FONDATION & FERMETURE ARR\u00caT COUL\u00c9E\",\"isPartOf\":{\"@id\":\"https:\/\/www.interfama.com\/gmbh\/it\/#website\"},\"datePublished\":\"2020-12-03T13:17:29+00:00\",\"dateModified\":\"2022-09-01T08:35:49+00:00\",\"description\":\"\u27a1\ufe0fFacilitent les op\u00e9rations de coffrage \u27a1\ufe0fLes fermetures d\u00b4arr\u00eat coul\u00e9e servant \u00e0 coffrer les dalles pour agir en toute s\u00e9curit\u00e9\",\"breadcrumb\":{\"@id\":\"https:\/\/www.interfama.com\/gmbh\/fr\/colliers-pour-fondation-fermeture-arret-coulee\/#breadcrumb\"},\"inLanguage\":\"fr-FR\",\"potentialAction\":[{\"@type\":\"ReadAction\",\"target\":[\"https:\/\/www.interfama.com\/gmbh\/fr\/colliers-pour-fondation-fermeture-arret-coulee\/\"]}]},{\"@type\":\"BreadcrumbList\",\"@id\":\"https:\/\/www.interfama.com\/gmbh\/fr\/colliers-pour-fondation-fermeture-arret-coulee\/#breadcrumb\",\"itemListElement\":[{\"@type\":\"ListItem\",\"position\":1,\"name\":\"Startseite\",\"item\":\"https:\/\/www.interfama.com\/gmbh\/\"},{\"@type\":\"ListItem\",\"position\":2,\"name\":\"COLLIERS POUR FONDATION &#038; FERMETURE ARR\u00caT COUL\u00c9E\"}]},{\"@type\":\"WebSite\",\"@id\":\"https:\/\/www.interfama.com\/gmbh\/it\/#website\",\"url\":\"https:\/\/www.interfama.com\/gmbh\/it\/\",\"name\":\"INTERFAMA GmbH\",\"description\":\"Einfach Beton gestalten\",\"potentialAction\":[{\"@type\":\"SearchAction\",\"target\":{\"@type\":\"EntryPoint\",\"urlTemplate\":\"https:\/\/www.interfama.com\/gmbh\/it\/?s={search_term_string}\"},\"query-input\":\"required name=search_term_string\"}],\"inLanguage\":\"fr-FR\"}]}<\/script>\n<!-- \/ Yoast SEO plugin. -->","yoast_head_json":{"title":"COLLIERS POUR FONDATION & FERMETURE ARR\u00caT COUL\u00c9E","description":"\u27a1\ufe0fFacilitent les op\u00e9rations de coffrage \u27a1\ufe0fLes fermetures d\u00b4arr\u00eat coul\u00e9e servant \u00e0 coffrer les dalles pour agir en toute s\u00e9curit\u00e9","robots":{"index":"index","follow":"follow","max-snippet":"max-snippet:-1","max-image-preview":"max-image-preview:large","max-video-preview":"max-video-preview:-1"},"canonical":"https:\/\/www.interfama.com\/gmbh\/fr\/colliers-pour-fondation-fermeture-arret-coulee\/","og_locale":"fr_FR","og_type":"article","og_title":"COLLIERS POUR FONDATION & FERMETURE ARR\u00caT COUL\u00c9E","og_description":"\u27a1\ufe0fFacilitent les op\u00e9rations de coffrage \u27a1\ufe0fLes fermetures d\u00b4arr\u00eat coul\u00e9e servant \u00e0 coffrer les dalles pour agir en toute s\u00e9curit\u00e9","og_url":"https:\/\/www.interfama.com\/gmbh\/fr\/colliers-pour-fondation-fermeture-arret-coulee\/","og_site_name":"INTERFAMA GmbH","article_publisher":"https:\/\/www.facebook.com\/INTERFAMA\/","article_modified_time":"2022-09-01T08:35:49+00:00","og_image":[{"width":1000,"height":673,"url":"https:\/\/www.interfama.com\/gmbh\/wp-content\/uploads\/2020\/12\/1-48.jpg","type":"image\/jpeg"}],"twitter_card":"summary_large_image","twitter_misc":{"Dur\u00e9e de lecture estim\u00e9e":"5 minutes"},"schema":{"@context":"https:\/\/schema.org","@graph":[{"@type":"WebPage","@id":"https:\/\/www.interfama.com\/gmbh\/fr\/colliers-pour-fondation-fermeture-arret-coulee\/","url":"https:\/\/www.interfama.com\/gmbh\/fr\/colliers-pour-fondation-fermeture-arret-coulee\/","name":"COLLIERS POUR FONDATION & FERMETURE ARR\u00caT COUL\u00c9E","isPartOf":{"@id":"https:\/\/www.interfama.com\/gmbh\/it\/#website"},"datePublished":"2020-12-03T13:17:29+00:00","dateModified":"2022-09-01T08:35:49+00:00","description":"\u27a1\ufe0fFacilitent les op\u00e9rations de coffrage \u27a1\ufe0fLes fermetures d\u00b4arr\u00eat coul\u00e9e servant \u00e0 coffrer les dalles pour agir en toute s\u00e9curit\u00e9","breadcrumb":{"@id":"https:\/\/www.interfama.com\/gmbh\/fr\/colliers-pour-fondation-fermeture-arret-coulee\/#breadcrumb"},"inLanguage":"fr-FR","potentialAction":[{"@type":"ReadAction","target":["https:\/\/www.interfama.com\/gmbh\/fr\/colliers-pour-fondation-fermeture-arret-coulee\/"]}]},{"@type":"BreadcrumbList","@id":"https:\/\/www.interfama.com\/gmbh\/fr\/colliers-pour-fondation-fermeture-arret-coulee\/#breadcrumb","itemListElement":[{"@type":"ListItem","position":1,"name":"Startseite","item":"https:\/\/www.interfama.com\/gmbh\/"},{"@type":"ListItem","position":2,"name":"COLLIERS POUR FONDATION &#038; FERMETURE ARR\u00caT COUL\u00c9E"}]},{"@type":"WebSite","@id":"https:\/\/www.interfama.com\/gmbh\/it\/#website","url":"https:\/\/www.interfama.com\/gmbh\/it\/","name":"INTERFAMA GmbH","description":"Einfach Beton gestalten","potentialAction":[{"@type":"SearchAction","target":{"@type":"EntryPoint","urlTemplate":"https:\/\/www.interfama.com\/gmbh\/it\/?s={search_term_string}"},"query-input":"required name=search_term_string"}],"inLanguage":"fr-FR"}]}},"_links":{"self":[{"href":"https:\/\/www.interfama.com\/gmbh\/fr\/wp-json\/wp\/v2\/pages\/4357"}],"collection":[{"href":"https:\/\/www.interfama.com\/gmbh\/fr\/wp-json\/wp\/v2\/pages"}],"about":[{"href":"https:\/\/www.interfama.com\/gmbh\/fr\/wp-json\/wp\/v2\/types\/page"}],"author":[{"embeddable":true,"href":"https:\/\/www.interfama.com\/gmbh\/fr\/wp-json\/wp\/v2\/users\/1"}],"replies":[{"embeddable":true,"href":"https:\/\/www.interfama.com\/gmbh\/fr\/wp-json\/wp\/v2\/comments?post=4357"}],"version-history":[{"count":0,"href":"https:\/\/www.interfama.com\/gmbh\/fr\/wp-json\/wp\/v2\/pages\/4357\/revisions"}],"wp:featuredmedia":[{"embeddable":true,"href":"https:\/\/www.interfama.com\/gmbh\/fr\/wp-json\/wp\/v2\/media\/4358"}],"wp:attachment":[{"href":"https:\/\/www.interfama.com\/gmbh\/fr\/wp-json\/wp\/v2\/media?parent=4357"}],"curies":[{"name":"wp","href":"https:\/\/api.w.org\/{rel}","templated":true}]}}